{"id":3025,"date":"2025-04-13T09:48:56","date_gmt":"2025-04-13T09:48:56","guid":{"rendered":"https:\/\/greatermiramichisc.ca\/about\/board-of-directors\/"},"modified":"2025-12-03T13:52:34","modified_gmt":"2025-12-03T13:52:34","slug":"notre-conseil-dadministration","status":"publish","type":"page","link":"https:\/\/greatermiramichisc.ca\/fr\/a-propos-de-csgm\/notre-conseil-dadministration\/","title":{"rendered":"Notre conseil d&rsquo;administration"},"content":{"rendered":"\n<h2>\n\t\t<a href=\"https:\/\/greatermiramichisc.ca\/fr\/a-propos-de-csgm\/\" title=\"\u00c0 propos de CSGM\"  target=\"_self\">\n\t\t\t\u00c0 propos de CSGM\t\t<\/a>\n\t<\/h2>\n\t<nav aria-label=\"breadcrumbs\">\n            <div class=\"breadcrumb-container theme1\">\n                <ol>\n                                    <\/ol>\n            <\/div>\n        <\/nav>    <script type=\"application\/ld+json\">\n        {\n            \"@context\": \"http:\/\/schema.org\",\n            \"@type\": \"BreadcrumbList\",\n            \"itemListElement\": [\n                            ]\n        }\n    <\/script>\n   \n    <script>\n            <\/script>\n\n<h2>\n\t\t\tNotre conseil d&rsquo;administration\t<\/h2>\n\t<p>Le conseil d&rsquo;administration du CSGM est compos\u00e9 de cinq maires et d&rsquo;un repr\u00e9sentant des districts ruraux, qui repr\u00e9sentent chacun les communaut\u00e9s de la r\u00e9gion du Grand Miramichi. Ensemble, ils apportent des points de vue diversifi\u00e9s et un engagement commun envers la collaboration r\u00e9gionale.<\/p>\n<p>Le conseil se r\u00e9unit tous les mois pour examiner les activit\u00e9s de la CSGM, discuter des politiques et prendre des d\u00e9cisions \u00e9clair\u00e9es qui favorisent la croissance et le bien-\u00eatre de la r\u00e9gion. En travaillant en \u00e9troite collaboration les uns avec les autres et avec le personnel de la CSGM, les membres du conseil contribuent \u00e0 assurer la prestation de services efficaces et adapt\u00e9s \u00e0 toutes les communaut\u00e9s que nous desservons.<\/p>\n<img decoding=\"async\" src=\"https:\/\/greatermiramichisc.ca\/wp-content\/uploads\/2025\/05\/GMSCMar12-1006-scaled-e1746643512258.jpg\" alt=\"Maire Art O'Donnell \"\/><h4>Pr\u00e9sident<\/h4><h3>Maire Art O&rsquo;Donnell <\/h3><p>Doaktown<\/p>    \n                    <a href=\"mailto:mayorartodonnell@doaktown.ca\">\n            <\/a>\n    <img decoding=\"async\" src=\"https:\/\/greatermiramichisc.ca\/wp-content\/uploads\/2025\/05\/GMSCMar12-1013-scaled-e1746643562387.jpg\" alt=\"Maire Adam Lordon \"\/><h4>Vice-pr\u00e9sidente<\/h4><h3>Maire Adam Lordon <\/h3><p>Ville de Miramichi<\/p>    \n                    <a href=\"mailto:adam.lordon@miramichi.org\">\n            <\/a>\n    <img decoding=\"async\" src=\"https:\/\/greatermiramichisc.ca\/wp-content\/uploads\/2025\/05\/GMSCMar12-1008-scaled-e1746643700424.jpg\" alt=\"Maire Ernest Robichaud \"\/><h3>Maire Ernest Robichaud <\/h3><p>Alnwick<\/p>    \n                    <a href=\"mailto:ernest.robichaud@alnwick.ca\">\n            <\/a>\n    <h3>Maire Doug Munn <\/h3><p>Rural Community of Upper Miramichi <\/p>    \n                    <a href=\"mailto:mayormrv23@outlook.com\">\n            <\/a>\n    <img decoding=\"async\" src=\"https:\/\/greatermiramichisc.ca\/wp-content\/uploads\/2025\/05\/Lynn-Gregan-scaled-e1746643751261.jpg\" alt=\"Lynn Gregan\"\/><h3>Lynn Gregan<\/h3><p>Repr\u00e9sentant du district rural<\/p>    \n                    <a href=\"mailto:lynngregan@hotmail.com\">\n            <\/a>\n<style>\n.phone a { font-size:20px; font-weight:bold;}\n.phone a i { font-size:24px; margin-right:12px; margin-top:3px;}\n    h4{\n        display: none;\n    }\n    .member-list {\n        display: flex;\n        flex-wrap: wrap;\n    }\n    .member-item {\n        width: 47%;\n        margin: 1.5%;\n        border: 1px solid #707070;\n        border-radius: 18px;\n        padding: 10px;\n        display: flex;\n    }\n    .member-img {\n        width: 35%;\n        height: 145px;\n        border: 1px solid #707070;\n        border-radius: 12px;\n        overflow: hidden;\n    }\n    .member-img img {\n        width: 100%;\n        height: 100%;\n        object-fit: cover;\n    }\n    .member-content {\n        width: 65%;\n        padding-left: 20px;\n    }\n    .member-content h3 {\n        font-size: 27px;\n        line-height: 31px;\n        font-weight: 300;\n        margin: 0;\n        color: #234E88;\n    }\n    .member-content h4 {\ntext-transform:uppercase;\n    margin: 0;\n    font-size: 14px;\n    line-height: 20px;\n    color: #00A673;\n    letter-spacing: 1.4px;\n    padding-top: 20px;\n}\n    .member-content p {\n        font-weight: bold;\n        font-size: 22px;\n        line-height: 25px;\n        margin-bottom: 20px;\n    }\n    .member-content i {\n        font-size: 34px;\n    }\n    .member-content a {\n        margin-right: 20px;\n        margin-left: 5px;\n    }\n    @media(max-width:800px) {\n        .member-item {\n            width: 100%;\n            margin-bottom: 20px;\n        }\n        .member-item {\n            display: block;\n        }\n        .member-img {\n        width: 100%;\n        height: unset;\n        min-height: 268px;\n    }\n        .member-content {\n            width: 100%;\n            padding-left: 9px;\n            padding-bottom: 11px;\n        }\n        .member-content h3 {\n            font-size: 25px;\n            line-height: 30px;\n            padding-top: 10px;\n        }\n        .member-content p {\n            font-weight: bold;\n            font-size: 19px;\n            line-height: 21px;\n            margin-bottom: 9px;\n        }\n    }\n<\/style>\n","protected":false},"excerpt":{"rendered":"<p>\u00c0 propos de CSGM Notre conseil d&rsquo;administration Le conseil d&rsquo;administration du CSGM est compos\u00e9 de cinq maires et d&rsquo;un repr\u00e9sentant des districts ruraux, qui repr\u00e9sentent chacun les communaut\u00e9s de la&hellip;<\/p>\n","protected":false},"author":1,"featured_media":0,"parent":3023,"menu_order":0,"comment_status":"closed","ping_status":"closed","template":"","meta":{"_acf_changed":false,"footnotes":""},"class_list":["post-3025","page","type-page","status-publish","hentry"],"acf":[],"yoast_head":"<!-- This site is optimized with the Yoast SEO plugin v27.4 - https:\/\/yoast.com\/product\/yoast-seo-wordpress\/ -->\n<title>Notre conseil d&#039;administration | Greater Miramichi Service Commission<\/title>\n<meta name=\"description\" content=\"Want to learn more about the Greater Miramichi Service Commission? Visit our Notre conseil d&#039;administration page to learn more!\" \/>\n<meta name=\"robots\" content=\"index, follow, max-snippet:-1, max-image-preview:large, max-video-preview:-1\" \/>\n<link rel=\"canonical\" href=\"https:\/\/greatermiramichisc.ca\/fr\/a-propos-de-csgm\/notre-conseil-dadministration\/\" \/>\n<meta property=\"og:locale\" content=\"fr_FR\" \/>\n<meta property=\"og:type\" content=\"article\" \/>\n<meta property=\"og:title\" content=\"Notre conseil d&#039;administration | Greater Miramichi Service Commission\" \/>\n<meta property=\"og:description\" content=\"Want to learn more about the Greater Miramichi Service Commission? Visit our Notre conseil d&#039;administration page to learn more!\" \/>\n<meta property=\"og:url\" content=\"https:\/\/greatermiramichisc.ca\/fr\/a-propos-de-csgm\/notre-conseil-dadministration\/\" \/>\n<meta property=\"og:site_name\" content=\"Greater Miramichi Service Commission\" \/>\n<meta property=\"article:modified_time\" content=\"2025-12-03T13:52:34+00:00\" \/>\n<meta property=\"og:image\" content=\"https:\/\/greatermiramichisc.ca\/wp-content\/uploads\/2025\/05\/GMSCMar12-1006-scaled-e1746643512258.jpg\" \/>\n<meta name=\"twitter:card\" content=\"summary_large_image\" \/>\n<meta name=\"twitter:label1\" content=\"Dur\u00e9e de lecture estim\u00e9e\" \/>\n\t<meta name=\"twitter:data1\" content=\"1 minute\" \/>\n<script type=\"application\/ld+json\" class=\"yoast-schema-graph\">{\"@context\":\"https:\\\/\\\/schema.org\",\"@graph\":[{\"@type\":\"WebPage\",\"@id\":\"https:\\\/\\\/greatermiramichisc.ca\\\/fr\\\/a-propos-de-csgm\\\/notre-conseil-dadministration\\\/\",\"url\":\"https:\\\/\\\/greatermiramichisc.ca\\\/fr\\\/a-propos-de-csgm\\\/notre-conseil-dadministration\\\/\",\"name\":\"Notre conseil d'administration | Greater Miramichi Service Commission\",\"isPartOf\":{\"@id\":\"https:\\\/\\\/greatermiramichisc.ca\\\/#website\"},\"primaryImageOfPage\":{\"@id\":\"https:\\\/\\\/greatermiramichisc.ca\\\/fr\\\/a-propos-de-csgm\\\/notre-conseil-dadministration\\\/#primaryimage\"},\"image\":{\"@id\":\"https:\\\/\\\/greatermiramichisc.ca\\\/fr\\\/a-propos-de-csgm\\\/notre-conseil-dadministration\\\/#primaryimage\"},\"thumbnailUrl\":\"https:\\\/\\\/greatermiramichisc.ca\\\/wp-content\\\/uploads\\\/2025\\\/05\\\/GMSCMar12-1006-scaled-e1746643512258.jpg\",\"datePublished\":\"2025-04-13T09:48:56+00:00\",\"dateModified\":\"2025-12-03T13:52:34+00:00\",\"description\":\"Want to learn more about the Greater Miramichi Service Commission? Visit our Notre conseil d'administration page to learn more!\",\"breadcrumb\":{\"@id\":\"https:\\\/\\\/greatermiramichisc.ca\\\/fr\\\/a-propos-de-csgm\\\/notre-conseil-dadministration\\\/#breadcrumb\"},\"inLanguage\":\"fr-FR\",\"potentialAction\":[{\"@type\":\"ReadAction\",\"target\":[\"https:\\\/\\\/greatermiramichisc.ca\\\/fr\\\/a-propos-de-csgm\\\/notre-conseil-dadministration\\\/\"]}]},{\"@type\":\"ImageObject\",\"inLanguage\":\"fr-FR\",\"@id\":\"https:\\\/\\\/greatermiramichisc.ca\\\/fr\\\/a-propos-de-csgm\\\/notre-conseil-dadministration\\\/#primaryimage\",\"url\":\"https:\\\/\\\/greatermiramichisc.ca\\\/wp-content\\\/uploads\\\/2025\\\/05\\\/GMSCMar12-1006-scaled-e1746643512258.jpg\",\"contentUrl\":\"https:\\\/\\\/greatermiramichisc.ca\\\/wp-content\\\/uploads\\\/2025\\\/05\\\/GMSCMar12-1006-scaled-e1746643512258.jpg\"},{\"@type\":\"BreadcrumbList\",\"@id\":\"https:\\\/\\\/greatermiramichisc.ca\\\/fr\\\/a-propos-de-csgm\\\/notre-conseil-dadministration\\\/#breadcrumb\",\"itemListElement\":[{\"@type\":\"ListItem\",\"position\":1,\"name\":\"Home\",\"item\":\"https:\\\/\\\/greatermiramichisc.ca\\\/fr\\\/\"},{\"@type\":\"ListItem\",\"position\":2,\"name\":\"\u00c0 propos de CSGM\",\"item\":\"https:\\\/\\\/greatermiramichisc.ca\\\/fr\\\/a-propos-de-csgm\\\/\"},{\"@type\":\"ListItem\",\"position\":3,\"name\":\"Notre conseil d&rsquo;administration\"}]},{\"@type\":\"WebSite\",\"@id\":\"https:\\\/\\\/greatermiramichisc.ca\\\/#website\",\"url\":\"https:\\\/\\\/greatermiramichisc.ca\\\/\",\"name\":\"Greater Miramichi Service Commission\",\"description\":\"Welcome to the Miramichi region.\",\"publisher\":{\"@id\":\"https:\\\/\\\/greatermiramichisc.ca\\\/#organization\"},\"alternateName\":\"GMSC\",\"potentialAction\":[{\"@type\":\"SearchAction\",\"target\":{\"@type\":\"EntryPoint\",\"urlTemplate\":\"https:\\\/\\\/greatermiramichisc.ca\\\/?s={search_term_string}\"},\"query-input\":{\"@type\":\"PropertyValueSpecification\",\"valueRequired\":true,\"valueName\":\"search_term_string\"}}],\"inLanguage\":\"fr-FR\"},{\"@type\":\"Organization\",\"@id\":\"https:\\\/\\\/greatermiramichisc.ca\\\/#organization\",\"name\":\"Greater Miramichi Service Commission\",\"alternateName\":\"GMSC\",\"url\":\"https:\\\/\\\/greatermiramichisc.ca\\\/\",\"logo\":{\"@type\":\"ImageObject\",\"inLanguage\":\"fr-FR\",\"@id\":\"https:\\\/\\\/greatermiramichisc.ca\\\/#\\\/schema\\\/logo\\\/image\\\/\",\"url\":\"https:\\\/\\\/greatermiramichisc.ca\\\/wp-content\\\/uploads\\\/2024\\\/12\\\/NAV-Logo.png\",\"contentUrl\":\"https:\\\/\\\/greatermiramichisc.ca\\\/wp-content\\\/uploads\\\/2024\\\/12\\\/NAV-Logo.png\",\"width\":1140,\"height\":345,\"caption\":\"Greater Miramichi Service Commission\"},\"image\":{\"@id\":\"https:\\\/\\\/greatermiramichisc.ca\\\/#\\\/schema\\\/logo\\\/image\\\/\"}}]}<\/script>\n<!-- \/ Yoast SEO plugin. -->","yoast_head_json":{"title":"Notre conseil d'administration | Greater Miramichi Service Commission","description":"Want to learn more about the Greater Miramichi Service Commission? Visit our Notre conseil d'administration page to learn more!","robots":{"index":"index","follow":"follow","max-snippet":"max-snippet:-1","max-image-preview":"max-image-preview:large","max-video-preview":"max-video-preview:-1"},"canonical":"https:\/\/greatermiramichisc.ca\/fr\/a-propos-de-csgm\/notre-conseil-dadministration\/","og_locale":"fr_FR","og_type":"article","og_title":"Notre conseil d'administration | Greater Miramichi Service Commission","og_description":"Want to learn more about the Greater Miramichi Service Commission? Visit our Notre conseil d'administration page to learn more!","og_url":"https:\/\/greatermiramichisc.ca\/fr\/a-propos-de-csgm\/notre-conseil-dadministration\/","og_site_name":"Greater Miramichi Service Commission","article_modified_time":"2025-12-03T13:52:34+00:00","og_image":[{"url":"https:\/\/greatermiramichisc.ca\/wp-content\/uploads\/2025\/05\/GMSCMar12-1006-scaled-e1746643512258.jpg","type":"","width":"","height":""}],"twitter_card":"summary_large_image","twitter_misc":{"Dur\u00e9e de lecture estim\u00e9e":"1 minute"},"schema":{"@context":"https:\/\/schema.org","@graph":[{"@type":"WebPage","@id":"https:\/\/greatermiramichisc.ca\/fr\/a-propos-de-csgm\/notre-conseil-dadministration\/","url":"https:\/\/greatermiramichisc.ca\/fr\/a-propos-de-csgm\/notre-conseil-dadministration\/","name":"Notre conseil d'administration | Greater Miramichi Service Commission","isPartOf":{"@id":"https:\/\/greatermiramichisc.ca\/#website"},"primaryImageOfPage":{"@id":"https:\/\/greatermiramichisc.ca\/fr\/a-propos-de-csgm\/notre-conseil-dadministration\/#primaryimage"},"image":{"@id":"https:\/\/greatermiramichisc.ca\/fr\/a-propos-de-csgm\/notre-conseil-dadministration\/#primaryimage"},"thumbnailUrl":"https:\/\/greatermiramichisc.ca\/wp-content\/uploads\/2025\/05\/GMSCMar12-1006-scaled-e1746643512258.jpg","datePublished":"2025-04-13T09:48:56+00:00","dateModified":"2025-12-03T13:52:34+00:00","description":"Want to learn more about the Greater Miramichi Service Commission? Visit our Notre conseil d'administration page to learn more!","breadcrumb":{"@id":"https:\/\/greatermiramichisc.ca\/fr\/a-propos-de-csgm\/notre-conseil-dadministration\/#breadcrumb"},"inLanguage":"fr-FR","potentialAction":[{"@type":"ReadAction","target":["https:\/\/greatermiramichisc.ca\/fr\/a-propos-de-csgm\/notre-conseil-dadministration\/"]}]},{"@type":"ImageObject","inLanguage":"fr-FR","@id":"https:\/\/greatermiramichisc.ca\/fr\/a-propos-de-csgm\/notre-conseil-dadministration\/#primaryimage","url":"https:\/\/greatermiramichisc.ca\/wp-content\/uploads\/2025\/05\/GMSCMar12-1006-scaled-e1746643512258.jpg","contentUrl":"https:\/\/greatermiramichisc.ca\/wp-content\/uploads\/2025\/05\/GMSCMar12-1006-scaled-e1746643512258.jpg"},{"@type":"BreadcrumbList","@id":"https:\/\/greatermiramichisc.ca\/fr\/a-propos-de-csgm\/notre-conseil-dadministration\/#breadcrumb","itemListElement":[{"@type":"ListItem","position":1,"name":"Home","item":"https:\/\/greatermiramichisc.ca\/fr\/"},{"@type":"ListItem","position":2,"name":"\u00c0 propos de CSGM","item":"https:\/\/greatermiramichisc.ca\/fr\/a-propos-de-csgm\/"},{"@type":"ListItem","position":3,"name":"Notre conseil d&rsquo;administration"}]},{"@type":"WebSite","@id":"https:\/\/greatermiramichisc.ca\/#website","url":"https:\/\/greatermiramichisc.ca\/","name":"Greater Miramichi Service Commission","description":"Welcome to the Miramichi region.","publisher":{"@id":"https:\/\/greatermiramichisc.ca\/#organization"},"alternateName":"GMSC","potentialAction":[{"@type":"SearchAction","target":{"@type":"EntryPoint","urlTemplate":"https:\/\/greatermiramichisc.ca\/?s={search_term_string}"},"query-input":{"@type":"PropertyValueSpecification","valueRequired":true,"valueName":"search_term_string"}}],"inLanguage":"fr-FR"},{"@type":"Organization","@id":"https:\/\/greatermiramichisc.ca\/#organization","name":"Greater Miramichi Service Commission","alternateName":"GMSC","url":"https:\/\/greatermiramichisc.ca\/","logo":{"@type":"ImageObject","inLanguage":"fr-FR","@id":"https:\/\/greatermiramichisc.ca\/#\/schema\/logo\/image\/","url":"https:\/\/greatermiramichisc.ca\/wp-content\/uploads\/2024\/12\/NAV-Logo.png","contentUrl":"https:\/\/greatermiramichisc.ca\/wp-content\/uploads\/2024\/12\/NAV-Logo.png","width":1140,"height":345,"caption":"Greater Miramichi Service Commission"},"image":{"@id":"https:\/\/greatermiramichisc.ca\/#\/schema\/logo\/image\/"}}]}},"_links":{"self":[{"href":"https:\/\/greatermiramichisc.ca\/fr\/wp-json\/wp\/v2\/pages\/3025","targetHints":{"allow":["GET"]}}],"collection":[{"href":"https:\/\/greatermiramichisc.ca\/fr\/wp-json\/wp\/v2\/pages"}],"about":[{"href":"https:\/\/greatermiramichisc.ca\/fr\/wp-json\/wp\/v2\/types\/page"}],"author":[{"embeddable":true,"href":"https:\/\/greatermiramichisc.ca\/fr\/wp-json\/wp\/v2\/users\/1"}],"replies":[{"embeddable":true,"href":"https:\/\/greatermiramichisc.ca\/fr\/wp-json\/wp\/v2\/comments?post=3025"}],"version-history":[{"count":5,"href":"https:\/\/greatermiramichisc.ca\/fr\/wp-json\/wp\/v2\/pages\/3025\/revisions"}],"predecessor-version":[{"id":6484,"href":"https:\/\/greatermiramichisc.ca\/fr\/wp-json\/wp\/v2\/pages\/3025\/revisions\/6484"}],"up":[{"embeddable":true,"href":"https:\/\/greatermiramichisc.ca\/fr\/wp-json\/wp\/v2\/pages\/3023"}],"wp:attachment":[{"href":"https:\/\/greatermiramichisc.ca\/fr\/wp-json\/wp\/v2\/media?parent=3025"}],"curies":[{"name":"wp","href":"https:\/\/api.w.org\/{rel}","templated":true}]}}