{"id":3030,"date":"2025-04-13T09:47:34","date_gmt":"2025-04-13T09:47:34","guid":{"rendered":"https:\/\/greatermiramichisc.ca\/about\/meet-the-team\/"},"modified":"2026-03-17T19:53:46","modified_gmt":"2026-03-17T19:53:46","slug":"rencontrez-notre-equipe","status":"publish","type":"page","link":"https:\/\/greatermiramichisc.ca\/fr\/a-propos-de-csgm\/rencontrez-notre-equipe\/","title":{"rendered":"Rencontrez notre \u00e9quipe"},"content":{"rendered":"\n<h2>\n\t\t<a href=\"https:\/\/greatermiramichisc.ca\/fr\/a-propos-de-csgm\/\" title=\"\u00c0 propos de CSGM\"  target=\"_self\">\n\t\t\t\u00c0 propos de CSGM\t\t<\/a>\n\t<\/h2>\n\t<nav aria-label=\"breadcrumbs\">\n            <div class=\"breadcrumb-container theme1\">\n                <ol>\n                                    <\/ol>\n            <\/div>\n        <\/nav>    <script type=\"application\/ld+json\">\n        {\n            \"@context\": \"http:\/\/schema.org\",\n            \"@type\": \"BreadcrumbList\",\n            \"itemListElement\": [\n                            ]\n        }\n    <\/script>\n   \n    <script>\n            <\/script>\n\n\n\t<p>Notre \u00e9quipe est compos\u00e9e de professionnels talentueux et diversifi\u00e9s ! On s&rsquo;engage \u00e0 contribuer \u00e0 b\u00e2tir une r\u00e9gion du Grand Miramichi plus forte et plus dynamique.<\/p>\n<img decoding=\"async\" src=\"https:\/\/greatermiramichisc.ca\/wp-content\/uploads\/2025\/05\/Roberta-McIntyre-scaled-e1746642049247.jpg\" alt=\"Roberta McIntyre \"\/><h3>Roberta McIntyre <\/h3><p>Premi\u00e8re dirigeante<\/p>    \n                    <a href=\"mailto:rmcintyre@gmsc.ca\">\n            <\/a>\n            <a href=\"mailto:506-778-5362 Ext 102\">\n\t\t\t506-778-5362 Ext 102\n            <\/a>\n    <img decoding=\"async\" src=\"https:\/\/greatermiramichisc.ca\/wp-content\/uploads\/2025\/05\/Justin-Forbes-scaled-e1746642156122.jpg\" alt=\"Justin Forbes \"\/><h3>Justin Forbes <\/h3><p>Directeur des services de d\u00e9veloppement<\/p>    \n                    <a href=\"mailto:jforbes@gmsc.ca\">\n            <\/a>\n            <a href=\"mailto:506-778-5365 Ext 103\">\n\t\t\t506-778-5365 Ext 103\n            <\/a>\n    <img decoding=\"async\" src=\"https:\/\/greatermiramichisc.ca\/wp-content\/uploads\/2025\/05\/Lindsey-Palmer-scaled-e1746642773630.jpg\" alt=\"Lindsey Palmer \"\/><h3>Lindsey Palmer <\/h3><p>Directrice des communications et du marketing<\/p>    \n                    <a href=\"mailto:lpalmer@gmsc.ca\">\n            <\/a>\n            <a href=\"mailto:506-778-1020 Ext 204\">\n\t\t\t506-778-1020 Ext 204\n            <\/a>\n    <img decoding=\"async\" src=\"https:\/\/greatermiramichisc.ca\/wp-content\/uploads\/2025\/07\/GMSC-070325-2-scaled.jpg\" alt=\"Melanie Albert\"\/><h3>Melanie Albert<\/h3><p>Assistante ex\u00e9cutif<\/p>    \n                    <a href=\"mailto:MAlbert@gmsc.ca\">\n            <\/a>\n            <a href=\"mailto:506-251-1767 Ext 111\">\n\t\t\t506-251-1767 Ext 111\n            <\/a>\n    <img decoding=\"async\" src=\"https:\/\/greatermiramichisc.ca\/wp-content\/uploads\/2025\/05\/Sylvie-Rouselle-scaled-e1746642813420.jpg\" alt=\"Sylvie Rousselle \"\/><h3>Sylvie Rousselle <\/h3><p>Directrice du d\u00e9veloppement communautaire<\/p>    \n                    <a href=\"mailto:srouselle@gmsc.ca\">\n            <\/a>\n            <a href=\"mailto:506-983-0630 Ext 205\">\n\t\t\t506-983-0630 Ext 205\n            <\/a>\n    <img decoding=\"async\" src=\"https:\/\/greatermiramichisc.ca\/wp-content\/uploads\/2025\/05\/Rodrigo-Miranada1-scaled-e1746643091331.jpg\" alt=\"Rodrigo Miranda\"\/><h3>Rodrigo Miranda<\/h3><p>Coordinateur communautaire <\/p>    \n                    <a href=\"mailto:rmiranda@gmsc.ca\">\n            <\/a>\n            <a href=\"mailto:506-983-0642 Ext 221\">\n\t\t\t506-983-0642 Ext 221\n            <\/a>\n    <img decoding=\"async\" src=\"https:\/\/greatermiramichisc.ca\/wp-content\/uploads\/2025\/07\/GMSC-070325-8-scaled.jpg\" alt=\"Paula Durelle\"\/><h3>Paula Durelle<\/h3><p>R\u00e9dacteur de subventions<\/p>    \n                    <a href=\"mailto:pdurelle@gsmc.ca\">\n            <\/a>\n            <a href=\"mailto:Ext 224\">\n\t\t\tExt 224\n            <\/a>\n    <img decoding=\"async\" src=\"https:\/\/greatermiramichisc.ca\/wp-content\/uploads\/2025\/05\/Mathieu-Goguen-scaled-e1746643137825.jpg\" alt=\"Mathieu Goguen \"\/><h3>Mathieu Goguen <\/h3><p>G\u00e9rant des Services d&rsquo;Inspection\/ Agent d&rsquo;Am\u00e9nagement<\/p>    \n                    <a href=\"mailto:mgoguen@gmsc.ca\">\n            <\/a>\n            <a href=\"mailto:506-778-5371 Ext 108\">\n\t\t\t506-778-5371 Ext 108\n            <\/a>\n    <img decoding=\"async\" src=\"https:\/\/greatermiramichisc.ca\/wp-content\/uploads\/2025\/05\/Nicholas-ODette-scaled-e1746643184970.jpg\" alt=\"Nicholas O'Dette \"\/><h3>Nicholas O&rsquo;Dette <\/h3><p>G\u00e9rant des services d&rsquo;urbanisme <\/p>    \n                    <a href=\"mailto:nodette@gmsc.ca\">\n            <\/a>\n            <a href=\"mailto:506-778-5366 Ext 106\">\n\t\t\t506-778-5366 Ext 106\n            <\/a>\n    <img decoding=\"async\" src=\"https:\/\/greatermiramichisc.ca\/wp-content\/uploads\/2025\/05\/Samantha-Larochelle-scaled-e1746643221223.jpg\" alt=\"Samantha Larochelle \"\/><h3>Samantha Larochelle <\/h3><p>Coordonnatrice des Approbations<\/p>    \n                    <a href=\"mailto:slarochelle@gmsc.ca\">\n            <\/a>\n            <a href=\"mailto:506-778-5359\">\n\t\t\t506-778-5359\n            <\/a>\n    <img decoding=\"async\" src=\"https:\/\/greatermiramichisc.ca\/wp-content\/uploads\/2025\/05\/Alex-Hanes-scaled-e1746642461689.jpg\" alt=\"Alex Hanes \"\/><h3>Alex Hanes <\/h3><p>Urbaniste<\/p>    \n                    <a href=\"mailto:ahanes@gmsc.ca\">\n            <\/a>\n            <a href=\"mailto:506-778-5371 Ext 105\">\n\t\t\t506-778-5371 Ext 105\n            <\/a>\n    <img decoding=\"async\" src=\"https:\/\/greatermiramichisc.ca\/wp-content\/uploads\/2025\/05\/Brendan-Crocker-scaled-e1746642495596.jpg\" alt=\"Brendan Crocker \"\/><h3>Brendan Crocker <\/h3><p>\u200b\u200bL&#039;inspecteur des B\u00e2timents\/ Agent d&rsquo;Am\u00e9nagement<\/p>    \n                    <a href=\"mailto:bcrocker@gmsc.ca\">\n            <\/a>\n            <a href=\"mailto:506-778-6363 Ext 109\">\n\t\t\t506-778-6363 Ext 109\n            <\/a>\n    <img decoding=\"async\" src=\"https:\/\/greatermiramichisc.ca\/wp-content\/uploads\/2025\/05\/Julien-Robichaud-scaled-e1747247737629.jpg\" alt=\"Julien Robichaud \"\/><h3>Julien Robichaud <\/h3><p>G\u00e9rant des Services d&rsquo;Inspection\/ Agent d&rsquo;Am\u00e9nagement<\/p>    \n                    <a href=\"mailto:jrobichaud@gmsc.ca\">\n            <\/a>\n            <a href=\"mailto:506-778-5370 Ext 107\">\n\t\t\t506-778-5370 Ext 107\n            <\/a>\n    <img decoding=\"async\" src=\"https:\/\/greatermiramichisc.ca\/wp-content\/uploads\/2025\/07\/GMSCJuly15-25-4-scaled.jpg\" alt=\"Yann St-Pierre\"\/><h3>Yann St-Pierre<\/h3><p>\u200b\u200bL&#039;inspecteur des B\u00e2timents<\/p>    \n            <a href=\"mailto:506-624-7293 Ext 104\">\n\t\t\t506-624-7293 Ext 104\n            <\/a>\n    <img decoding=\"async\" src=\"https:\/\/greatermiramichisc.ca\/wp-content\/uploads\/2025\/05\/Melanie-Rouselle-scaled-e1746642545291.jpg\" alt=\"M\u00e9lanie Rousselle \"\/><h3>M\u00e9lanie Rousselle <\/h3><p>Directrice d&rsquo;\u00c9coDiversion<\/p>    \n                    <a href=\"mailto:mrouselle@gmsc.ca\">\n            <\/a>\n            <a href=\"mailto:506-778-6209 Ext 202\">\n\t\t\t506-778-6209 Ext 202\n            <\/a>\n    <img decoding=\"async\" src=\"https:\/\/greatermiramichisc.ca\/wp-content\/uploads\/2025\/05\/GMSCApr23-2-scaled-e1747247642250.jpg\" alt=\"Mohamed Camara \"\/><h3>Mohamed Camara <\/h3><p>Coordinateur d&#039;EcoDiversion <\/p>    \n                    <a href=\"mailto:mcamara@gmsc.ca\">\n            <\/a>\n            <a href=\"mailto:506-983-1051 Ext 208\">\n\t\t\t506-983-1051 Ext 208\n            <\/a>\n    <img decoding=\"async\" src=\"https:\/\/greatermiramichisc.ca\/wp-content\/uploads\/2025\/05\/Edna-Moorhouse-scaled-e1746642578538.jpg\" alt=\"Edna Trevors\"\/><h3>Edna Trevors<\/h3><p>Adjointe Administrative<\/p>    \n                    <a href=\"mailto:edna@gmsc.ca\">\n            <\/a>\n            <a href=\"mailto:506 778-2278 \">\n\t\t\t506 778-2278 \n            <\/a>\n    <img decoding=\"async\" src=\"https:\/\/greatermiramichisc.ca\/wp-content\/uploads\/2025\/05\/Krista-Chase-scaled-e1746643861114.jpg\" alt=\"Krista Chase \"\/><h3>Krista Chase <\/h3><p>Directrice du D\u00e9veloppment \u00c9conomique R\u00e9gional<\/p>    \n                    <a href=\"mailto:kchase@gmsc.ca\">\n            <\/a>\n            <a href=\"mailto:506-502-7073 Ext 206\">\n\t\t\t506-502-7073 Ext 206\n            <\/a>\n    <img decoding=\"async\" src=\"https:\/\/greatermiramichisc.ca\/wp-content\/uploads\/2025\/05\/Stephanie-Toundou-scaled-e1746642674734.jpg\" alt=\"Stephanie Toundou \"\/><h3>Stephanie Toundou <\/h3><p>Coordinatrice de l&rsquo;int\u00e9gration Communautaire<\/p>    \n                    <a href=\"mailto:stoundou@gmsc.ca\">\n            <\/a>\n            <a href=\"mailto:506-502-5030 Ext 202\">\n\t\t\t506-502-5030 Ext 202\n            <\/a>\n    <img decoding=\"async\" src=\"https:\/\/greatermiramichisc.ca\/wp-content\/uploads\/2026\/03\/TRISH-TRENTER-11-scaled.jpg\" alt=\"Trish Trenter\"\/><h3>Trish Trenter<\/h3><p>Agente de croissance <\/p>    \n                    <a href=\"mailto:ttrenter@gmsc.ca\">\n            <\/a>\n            <a href=\"mailto:506-502-7223 Ext 207\">\n\t\t\t506-502-7223 Ext 207\n            <\/a>\n<style>\n.phone a { font-size:20px; font-weight:bold;}\n.phone a i { font-size:24px; margin-right:12px; margin-top:3px;}\n    h4{\n        display: none;\n    }\n    .member-list {\n        display: flex;\n        flex-wrap: wrap;\n    }\n    .member-item {\n        width: 47%;\n        margin: 1.5%;\n        border: 1px solid #707070;\n        border-radius: 18px;\n        padding: 10px;\n        display: flex;\n    }\n    .member-img {\n        width: 35%;\n        height: 145px;\n        border: 1px solid #707070;\n        border-radius: 12px;\n        overflow: hidden;\n    }\n    .member-img img {\n        width: 100%;\n        height: 100%;\n        object-fit: cover;\n    }\n    .member-content {\n        width: 65%;\n        padding-left: 20px;\n    }\n    .member-content h3 {\n        font-size: 27px;\n        line-height: 31px;\n        font-weight: 300;\n        margin: 0;\n        color: #234E88;\n    }\n    .member-content h4 {\ntext-transform:uppercase;\n    margin: 0;\n    font-size: 14px;\n    line-height: 20px;\n    color: #00A673;\n    letter-spacing: 1.4px;\n    padding-top: 20px;\n}\n    .member-content p {\n        font-weight: bold;\n        font-size: 22px;\n        line-height: 25px;\n        margin-bottom: 20px;\n    }\n    .member-content i {\n        font-size: 34px;\n    }\n    .member-content a {\n        margin-right: 20px;\n        margin-left: 5px;\n    }\n    @media(max-width:800px) {\n        .member-item {\n            width: 100%;\n            margin-bottom: 20px;\n        }\n        .member-item {\n            display: block;\n        }\n        .member-img {\n        width: 100%;\n        height: unset;\n        min-height: 268px;\n    }\n        .member-content {\n            width: 100%;\n            padding-left: 9px;\n            padding-bottom: 11px;\n        }\n        .member-content h3 {\n            font-size: 25px;\n            line-height: 30px;\n            padding-top: 10px;\n        }\n        .member-content p {\n            font-weight: bold;\n            font-size: 19px;\n            line-height: 21px;\n            margin-bottom: 9px;\n        }\n    }\n<\/style>\n","protected":false},"excerpt":{"rendered":"<p>\u00c0 propos de CSGM Notre \u00e9quipe est compos\u00e9e de professionnels talentueux et diversifi\u00e9s ! On s&rsquo;engage \u00e0 contribuer \u00e0 b\u00e2tir une r\u00e9gion du Grand Miramichi plus forte et plus dynamique.&hellip;<\/p>\n","protected":false},"author":1,"featured_media":0,"parent":3023,"menu_order":0,"comment_status":"closed","ping_status":"closed","template":"","meta":{"_acf_changed":false,"footnotes":""},"class_list":["post-3030","page","type-page","status-publish","hentry"],"acf":[],"yoast_head":"<!-- This site is optimized with the Yoast SEO plugin v27.4 - https:\/\/yoast.com\/product\/yoast-seo-wordpress\/ -->\n<title>Rencontrez notre \u00e9quipe | Greater Miramichi Service Commission<\/title>\n<meta name=\"description\" content=\"Want to learn more about the Greater Miramichi Service Commission? Visit our Rencontrez notre \u00e9quipe page to learn more!\" \/>\n<meta name=\"robots\" content=\"index, follow, max-snippet:-1, max-image-preview:large, max-video-preview:-1\" \/>\n<link rel=\"canonical\" href=\"https:\/\/greatermiramichisc.ca\/fr\/a-propos-de-csgm\/rencontrez-notre-equipe\/\" \/>\n<meta property=\"og:locale\" content=\"fr_FR\" \/>\n<meta property=\"og:type\" content=\"article\" \/>\n<meta property=\"og:title\" content=\"Rencontrez notre \u00e9quipe | Greater Miramichi Service Commission\" \/>\n<meta property=\"og:description\" content=\"Want to learn more about the Greater Miramichi Service Commission? Visit our Rencontrez notre \u00e9quipe page to learn more!\" \/>\n<meta property=\"og:url\" content=\"https:\/\/greatermiramichisc.ca\/fr\/a-propos-de-csgm\/rencontrez-notre-equipe\/\" \/>\n<meta property=\"og:site_name\" content=\"Greater Miramichi Service Commission\" \/>\n<meta property=\"article:modified_time\" content=\"2026-03-17T19:53:46+00:00\" \/>\n<meta property=\"og:image\" content=\"https:\/\/greatermiramichisc.ca\/wp-content\/uploads\/2025\/05\/Roberta-McIntyre-scaled-e1746642049247.jpg\" \/>\n<meta name=\"twitter:card\" content=\"summary_large_image\" \/>\n<meta name=\"twitter:label1\" content=\"Dur\u00e9e de lecture estim\u00e9e\" \/>\n\t<meta name=\"twitter:data1\" content=\"1 minute\" \/>\n<script type=\"application\/ld+json\" class=\"yoast-schema-graph\">{\"@context\":\"https:\\\/\\\/schema.org\",\"@graph\":[{\"@type\":\"WebPage\",\"@id\":\"https:\\\/\\\/greatermiramichisc.ca\\\/fr\\\/a-propos-de-csgm\\\/rencontrez-notre-equipe\\\/\",\"url\":\"https:\\\/\\\/greatermiramichisc.ca\\\/fr\\\/a-propos-de-csgm\\\/rencontrez-notre-equipe\\\/\",\"name\":\"Rencontrez notre \u00e9quipe | Greater Miramichi Service Commission\",\"isPartOf\":{\"@id\":\"https:\\\/\\\/greatermiramichisc.ca\\\/#website\"},\"primaryImageOfPage\":{\"@id\":\"https:\\\/\\\/greatermiramichisc.ca\\\/fr\\\/a-propos-de-csgm\\\/rencontrez-notre-equipe\\\/#primaryimage\"},\"image\":{\"@id\":\"https:\\\/\\\/greatermiramichisc.ca\\\/fr\\\/a-propos-de-csgm\\\/rencontrez-notre-equipe\\\/#primaryimage\"},\"thumbnailUrl\":\"https:\\\/\\\/greatermiramichisc.ca\\\/wp-content\\\/uploads\\\/2025\\\/05\\\/Roberta-McIntyre-scaled-e1746642049247.jpg\",\"datePublished\":\"2025-04-13T09:47:34+00:00\",\"dateModified\":\"2026-03-17T19:53:46+00:00\",\"description\":\"Want to learn more about the Greater Miramichi Service Commission? Visit our Rencontrez notre \u00e9quipe page to learn more!\",\"breadcrumb\":{\"@id\":\"https:\\\/\\\/greatermiramichisc.ca\\\/fr\\\/a-propos-de-csgm\\\/rencontrez-notre-equipe\\\/#breadcrumb\"},\"inLanguage\":\"fr-FR\",\"potentialAction\":[{\"@type\":\"ReadAction\",\"target\":[\"https:\\\/\\\/greatermiramichisc.ca\\\/fr\\\/a-propos-de-csgm\\\/rencontrez-notre-equipe\\\/\"]}]},{\"@type\":\"ImageObject\",\"inLanguage\":\"fr-FR\",\"@id\":\"https:\\\/\\\/greatermiramichisc.ca\\\/fr\\\/a-propos-de-csgm\\\/rencontrez-notre-equipe\\\/#primaryimage\",\"url\":\"https:\\\/\\\/greatermiramichisc.ca\\\/wp-content\\\/uploads\\\/2025\\\/05\\\/Roberta-McIntyre-scaled-e1746642049247.jpg\",\"contentUrl\":\"https:\\\/\\\/greatermiramichisc.ca\\\/wp-content\\\/uploads\\\/2025\\\/05\\\/Roberta-McIntyre-scaled-e1746642049247.jpg\"},{\"@type\":\"BreadcrumbList\",\"@id\":\"https:\\\/\\\/greatermiramichisc.ca\\\/fr\\\/a-propos-de-csgm\\\/rencontrez-notre-equipe\\\/#breadcrumb\",\"itemListElement\":[{\"@type\":\"ListItem\",\"position\":1,\"name\":\"Home\",\"item\":\"https:\\\/\\\/greatermiramichisc.ca\\\/fr\\\/\"},{\"@type\":\"ListItem\",\"position\":2,\"name\":\"\u00c0 propos de CSGM\",\"item\":\"https:\\\/\\\/greatermiramichisc.ca\\\/fr\\\/a-propos-de-csgm\\\/\"},{\"@type\":\"ListItem\",\"position\":3,\"name\":\"Rencontrez notre \u00e9quipe\"}]},{\"@type\":\"WebSite\",\"@id\":\"https:\\\/\\\/greatermiramichisc.ca\\\/#website\",\"url\":\"https:\\\/\\\/greatermiramichisc.ca\\\/\",\"name\":\"Greater Miramichi Service Commission\",\"description\":\"Welcome to the Miramichi region.\",\"publisher\":{\"@id\":\"https:\\\/\\\/greatermiramichisc.ca\\\/#organization\"},\"alternateName\":\"GMSC\",\"potentialAction\":[{\"@type\":\"SearchAction\",\"target\":{\"@type\":\"EntryPoint\",\"urlTemplate\":\"https:\\\/\\\/greatermiramichisc.ca\\\/?s={search_term_string}\"},\"query-input\":{\"@type\":\"PropertyValueSpecification\",\"valueRequired\":true,\"valueName\":\"search_term_string\"}}],\"inLanguage\":\"fr-FR\"},{\"@type\":\"Organization\",\"@id\":\"https:\\\/\\\/greatermiramichisc.ca\\\/#organization\",\"name\":\"Greater Miramichi Service Commission\",\"alternateName\":\"GMSC\",\"url\":\"https:\\\/\\\/greatermiramichisc.ca\\\/\",\"logo\":{\"@type\":\"ImageObject\",\"inLanguage\":\"fr-FR\",\"@id\":\"https:\\\/\\\/greatermiramichisc.ca\\\/#\\\/schema\\\/logo\\\/image\\\/\",\"url\":\"https:\\\/\\\/greatermiramichisc.ca\\\/wp-content\\\/uploads\\\/2024\\\/12\\\/NAV-Logo.png\",\"contentUrl\":\"https:\\\/\\\/greatermiramichisc.ca\\\/wp-content\\\/uploads\\\/2024\\\/12\\\/NAV-Logo.png\",\"width\":1140,\"height\":345,\"caption\":\"Greater Miramichi Service Commission\"},\"image\":{\"@id\":\"https:\\\/\\\/greatermiramichisc.ca\\\/#\\\/schema\\\/logo\\\/image\\\/\"}}]}<\/script>\n<!-- \/ Yoast SEO plugin. -->","yoast_head_json":{"title":"Rencontrez notre \u00e9quipe | Greater Miramichi Service Commission","description":"Want to learn more about the Greater Miramichi Service Commission? Visit our Rencontrez notre \u00e9quipe page to learn more!","robots":{"index":"index","follow":"follow","max-snippet":"max-snippet:-1","max-image-preview":"max-image-preview:large","max-video-preview":"max-video-preview:-1"},"canonical":"https:\/\/greatermiramichisc.ca\/fr\/a-propos-de-csgm\/rencontrez-notre-equipe\/","og_locale":"fr_FR","og_type":"article","og_title":"Rencontrez notre \u00e9quipe | Greater Miramichi Service Commission","og_description":"Want to learn more about the Greater Miramichi Service Commission? Visit our Rencontrez notre \u00e9quipe page to learn more!","og_url":"https:\/\/greatermiramichisc.ca\/fr\/a-propos-de-csgm\/rencontrez-notre-equipe\/","og_site_name":"Greater Miramichi Service Commission","article_modified_time":"2026-03-17T19:53:46+00:00","og_image":[{"url":"https:\/\/greatermiramichisc.ca\/wp-content\/uploads\/2025\/05\/Roberta-McIntyre-scaled-e1746642049247.jpg","type":"","width":"","height":""}],"twitter_card":"summary_large_image","twitter_misc":{"Dur\u00e9e de lecture estim\u00e9e":"1 minute"},"schema":{"@context":"https:\/\/schema.org","@graph":[{"@type":"WebPage","@id":"https:\/\/greatermiramichisc.ca\/fr\/a-propos-de-csgm\/rencontrez-notre-equipe\/","url":"https:\/\/greatermiramichisc.ca\/fr\/a-propos-de-csgm\/rencontrez-notre-equipe\/","name":"Rencontrez notre \u00e9quipe | Greater Miramichi Service Commission","isPartOf":{"@id":"https:\/\/greatermiramichisc.ca\/#website"},"primaryImageOfPage":{"@id":"https:\/\/greatermiramichisc.ca\/fr\/a-propos-de-csgm\/rencontrez-notre-equipe\/#primaryimage"},"image":{"@id":"https:\/\/greatermiramichisc.ca\/fr\/a-propos-de-csgm\/rencontrez-notre-equipe\/#primaryimage"},"thumbnailUrl":"https:\/\/greatermiramichisc.ca\/wp-content\/uploads\/2025\/05\/Roberta-McIntyre-scaled-e1746642049247.jpg","datePublished":"2025-04-13T09:47:34+00:00","dateModified":"2026-03-17T19:53:46+00:00","description":"Want to learn more about the Greater Miramichi Service Commission? Visit our Rencontrez notre \u00e9quipe page to learn more!","breadcrumb":{"@id":"https:\/\/greatermiramichisc.ca\/fr\/a-propos-de-csgm\/rencontrez-notre-equipe\/#breadcrumb"},"inLanguage":"fr-FR","potentialAction":[{"@type":"ReadAction","target":["https:\/\/greatermiramichisc.ca\/fr\/a-propos-de-csgm\/rencontrez-notre-equipe\/"]}]},{"@type":"ImageObject","inLanguage":"fr-FR","@id":"https:\/\/greatermiramichisc.ca\/fr\/a-propos-de-csgm\/rencontrez-notre-equipe\/#primaryimage","url":"https:\/\/greatermiramichisc.ca\/wp-content\/uploads\/2025\/05\/Roberta-McIntyre-scaled-e1746642049247.jpg","contentUrl":"https:\/\/greatermiramichisc.ca\/wp-content\/uploads\/2025\/05\/Roberta-McIntyre-scaled-e1746642049247.jpg"},{"@type":"BreadcrumbList","@id":"https:\/\/greatermiramichisc.ca\/fr\/a-propos-de-csgm\/rencontrez-notre-equipe\/#breadcrumb","itemListElement":[{"@type":"ListItem","position":1,"name":"Home","item":"https:\/\/greatermiramichisc.ca\/fr\/"},{"@type":"ListItem","position":2,"name":"\u00c0 propos de CSGM","item":"https:\/\/greatermiramichisc.ca\/fr\/a-propos-de-csgm\/"},{"@type":"ListItem","position":3,"name":"Rencontrez notre \u00e9quipe"}]},{"@type":"WebSite","@id":"https:\/\/greatermiramichisc.ca\/#website","url":"https:\/\/greatermiramichisc.ca\/","name":"Greater Miramichi Service Commission","description":"Welcome to the Miramichi region.","publisher":{"@id":"https:\/\/greatermiramichisc.ca\/#organization"},"alternateName":"GMSC","potentialAction":[{"@type":"SearchAction","target":{"@type":"EntryPoint","urlTemplate":"https:\/\/greatermiramichisc.ca\/?s={search_term_string}"},"query-input":{"@type":"PropertyValueSpecification","valueRequired":true,"valueName":"search_term_string"}}],"inLanguage":"fr-FR"},{"@type":"Organization","@id":"https:\/\/greatermiramichisc.ca\/#organization","name":"Greater Miramichi Service Commission","alternateName":"GMSC","url":"https:\/\/greatermiramichisc.ca\/","logo":{"@type":"ImageObject","inLanguage":"fr-FR","@id":"https:\/\/greatermiramichisc.ca\/#\/schema\/logo\/image\/","url":"https:\/\/greatermiramichisc.ca\/wp-content\/uploads\/2024\/12\/NAV-Logo.png","contentUrl":"https:\/\/greatermiramichisc.ca\/wp-content\/uploads\/2024\/12\/NAV-Logo.png","width":1140,"height":345,"caption":"Greater Miramichi Service Commission"},"image":{"@id":"https:\/\/greatermiramichisc.ca\/#\/schema\/logo\/image\/"}}]}},"_links":{"self":[{"href":"https:\/\/greatermiramichisc.ca\/fr\/wp-json\/wp\/v2\/pages\/3030","targetHints":{"allow":["GET"]}}],"collection":[{"href":"https:\/\/greatermiramichisc.ca\/fr\/wp-json\/wp\/v2\/pages"}],"about":[{"href":"https:\/\/greatermiramichisc.ca\/fr\/wp-json\/wp\/v2\/types\/page"}],"author":[{"embeddable":true,"href":"https:\/\/greatermiramichisc.ca\/fr\/wp-json\/wp\/v2\/users\/1"}],"replies":[{"embeddable":true,"href":"https:\/\/greatermiramichisc.ca\/fr\/wp-json\/wp\/v2\/comments?post=3030"}],"version-history":[{"count":12,"href":"https:\/\/greatermiramichisc.ca\/fr\/wp-json\/wp\/v2\/pages\/3030\/revisions"}],"predecessor-version":[{"id":7717,"href":"https:\/\/greatermiramichisc.ca\/fr\/wp-json\/wp\/v2\/pages\/3030\/revisions\/7717"}],"up":[{"embeddable":true,"href":"https:\/\/greatermiramichisc.ca\/fr\/wp-json\/wp\/v2\/pages\/3023"}],"wp:attachment":[{"href":"https:\/\/greatermiramichisc.ca\/fr\/wp-json\/wp\/v2\/media?parent=3030"}],"curies":[{"name":"wp","href":"https:\/\/api.w.org\/{rel}","templated":true}]}}