{"id":3034,"date":"2025-04-14T06:16:20","date_gmt":"2025-04-14T06:16:20","guid":{"rendered":"https:\/\/greatermiramichisc.ca\/community-development\/"},"modified":"2025-06-20T06:58:57","modified_gmt":"2025-06-20T06:58:57","slug":"developpement-communautaire","status":"publish","type":"page","link":"https:\/\/greatermiramichisc.ca\/fr\/developpement-communautaire\/","title":{"rendered":"D\u00e9veloppement Communautaire"},"content":{"rendered":"\n<h2>\n\t\t<a href=\"https:\/\/greatermiramichisc.ca\/fr\/developpement-communautaire\/\" title=\"D\u00e9veloppement Communautaire:\"  target=\"_self\">\n\t\t\tD\u00e9veloppement Communautaire:\t\t<\/a>\n\t<\/h2>\n\t<nav aria-label=\"breadcrumbs\">\n            <div class=\"breadcrumb-container theme1\">\n                <ol>\n                                    <\/ol>\n            <\/div>\n        <\/nav>    <script type=\"application\/ld+json\">\n        {\n            \"@context\": \"http:\/\/schema.org\",\n            \"@type\": \"BreadcrumbList\",\n            \"itemListElement\": [\n                            ]\n        }\n    <\/script>\n   \n    <script>\n            <\/script>\n\n<h2>\n\t\t\tD\u00e9veloppement Communautaire\t<\/h2>\n<h2>\n\t\t\tBriser les silos, cr\u00e9er des liens\t<\/h2>\n\t<p>Pour le CSGM, le d\u00e9veloppement communautaire, c&rsquo;est plus que juste soutenir les initiatives locales, c&rsquo;est aussi cr\u00e9er des r\u00e9seaux solides et connect\u00e9s qui amplifient l&rsquo;impact dans toute notre r\u00e9gion.<\/p>\n<p>En brisant les silos entre les organismes sans but lucratif, les entreprises, le gouvernement et les citoyens, on favorise la collaboration qui m\u00e8ne \u00e0 des communaut\u00e9s plus inclusives et plus r\u00e9silientes. Notre approche vise \u00e0 soutenir les personnes et les organisations qui font le travail, sans dupliquer leurs services. Au lieu de \u00e7a, on construit des ponts qui rendent les partenariats possibles.<\/p>\n\t<p>&nbsp;<\/p>\n<p>Gr\u00e2ce \u00e0 des outils comme le cadre OPT4, on guide les efforts coordonn\u00e9s, on aide \u00e0 aligner les priorit\u00e9s communautaires et on fournit des strat\u00e9gies qui facilitent la collaboration et la rendent plus efficace.<\/p>\n\t\t\t\t<a href=\"https:\/\/greatermiramichisc.ca\/wp-content\/uploads\/2025\/06\/ensemble-pour-vaincre-la-pauvrete-4-2025-2030.pdf\"  target=\"_blank\" rel=\"noopener\"  itemprop=\"url\">\n\t\t\t\t<img decoding=\"async\" src=\"https:\/\/greatermiramichisc.ca\/wp-content\/uploads\/2025\/06\/Screenshot-2025-06-17-at-12.09.01\u202fPM-300x237.png\" alt=\"Screenshot 2025-06-17 at 12.09.01\u202fPM\" itemprop=\"image\" height=\"237\" width=\"300\" title=\"Screenshot 2025-06-17 at 12.09.01\u202fPM\" onerror=\"this.style.display='none'\" loading='lazy' \/>\n\t\t\t\t<\/a>\n<h3><a href=\"https:\/\/greatermiramichisc.ca\/wp-content\/uploads\/2025\/06\/ensemble-pour-vaincre-la-pauvrete-4-2025-2030.pdf\" target=\"_blank\"  rel=\"noopener\">Voir le plan<\/a><\/h3>\t\n<h2>\n\t\t\tNos objectifs :\t<\/h2>\n\t<ul>\n<li><strong>Cr\u00e9er des opportunit\u00e9s de r\u00e9seautage<\/strong> significatives qui rassemblent des repr\u00e9sentants des quatre secteurs cl\u00e9s (organisations \u00e0 but non lucratif, entreprises, tous les niveaux de gouvernement et membres de la communaut\u00e9) afin de partager des connaissances, d&rsquo;aligner les efforts et d&rsquo;\u00e9tablir la confiance.<\/li>\n<li><strong>\u00c9laborer des plans r\u00e9gionaux<\/strong> qui fournissent une voie claire \u00e0 suivre, garantissant que les r\u00e9seaux locaux travaillent \u00e0 la r\u00e9alisation d&rsquo;objectifs communs et de r\u00e9sultats mesurables.<\/li>\n<li><strong>Encourager et soutenir<\/strong> un mouvement collaboratif qui renforce les capacit\u00e9s communautaires, consolide le leadership local et garantit le succ\u00e8s \u00e0 long terme des initiatives gr\u00e2ce \u00e0 la continuit\u00e9 et \u00e0 la connexion.<\/li>\n<li><strong>Mener des initiatives<\/strong> de cartographie des atouts afin d&rsquo;identifier les forces, les services et les ressources d\u00e9j\u00e0 pr\u00e9sents dans nos communaut\u00e9s, jetant ainsi les bases d&rsquo;un d\u00e9veloppement plus strat\u00e9gique et men\u00e9 par la communaut\u00e9.<\/li>\n<\/ul>\n<p>Ensemble, nous construisons les fondations d&rsquo;une croissance, d&rsquo;une r\u00e9silience et d&rsquo;un succ\u00e8s collectif \u00e0 long terme.<\/p>\n\t\t\t<a href=\"https:\/\/greatermiramichisc.ca\/fr\/developpement-communautaire\/transports-regionaux\/\" target=\"_self\">\n\t\t\t\t\t\t\tTransports r\u00e9gionaux\n\t\t\t<\/a>\n\t\t\t<a href=\"https:\/\/greatermiramichisc.ca\/fr\/developpement-communautaire\/ressources-communautaires\/\" target=\"_self\">\n\t\t\t\t\t\t\tRessources communautaires\n\t\t\t<\/a>\n\t\t\t<a href=\"https:\/\/greatermiramichisc.ca\/fr\/housing-authority\/aide-generale-au-logement\/\" target=\"_self\">\n\t\t\t\t\t\t\tAide g\u00e9n\u00e9rale au logement\n\t\t\t<\/a>\n\n","protected":false},"excerpt":{"rendered":"<p>D\u00e9veloppement Communautaire: D\u00e9veloppement Communautaire Briser les silos, cr\u00e9er des liens Pour le CSGM, le d\u00e9veloppement communautaire, c&rsquo;est plus que juste soutenir les initiatives locales, c&rsquo;est aussi cr\u00e9er des r\u00e9seaux solides&hellip;<\/p>\n","protected":false},"author":1,"featured_media":0,"parent":0,"menu_order":0,"comment_status":"closed","ping_status":"closed","template":"","meta":{"_acf_changed":false,"footnotes":""},"class_list":["post-3034","page","type-page","status-publish","hentry"],"acf":[],"yoast_head":"<!-- This site is optimized with the Yoast SEO plugin v27.4 - https:\/\/yoast.com\/product\/yoast-seo-wordpress\/ -->\n<title>D\u00e9veloppement Communautaire | Greater Miramichi Service Commission<\/title>\n<meta name=\"description\" content=\"Want to learn more about the Greater Miramichi Service Commission? Visit our D\u00e9veloppement Communautaire page to learn more!\" \/>\n<meta name=\"robots\" content=\"index, follow, max-snippet:-1, max-image-preview:large, max-video-preview:-1\" \/>\n<link rel=\"canonical\" href=\"https:\/\/greatermiramichisc.ca\/fr\/developpement-communautaire\/\" \/>\n<meta property=\"og:locale\" content=\"fr_FR\" \/>\n<meta property=\"og:type\" content=\"article\" \/>\n<meta property=\"og:title\" content=\"D\u00e9veloppement Communautaire | Greater Miramichi Service Commission\" \/>\n<meta property=\"og:description\" content=\"Want to learn more about the Greater Miramichi Service Commission? Visit our D\u00e9veloppement Communautaire page to learn more!\" \/>\n<meta property=\"og:url\" content=\"https:\/\/greatermiramichisc.ca\/fr\/developpement-communautaire\/\" \/>\n<meta property=\"og:site_name\" content=\"Greater Miramichi Service Commission\" \/>\n<meta property=\"article:modified_time\" content=\"2025-06-20T06:58:57+00:00\" \/>\n<meta property=\"og:image\" content=\"https:\/\/greatermiramichisc.ca\/wp-content\/uploads\/2025\/04\/RegionalStrategyVid.png\" \/>\n\t<meta property=\"og:image:width\" content=\"1020\" \/>\n\t<meta property=\"og:image:height\" content=\"574\" \/>\n\t<meta property=\"og:image:type\" content=\"image\/png\" \/>\n<meta name=\"twitter:card\" content=\"summary_large_image\" \/>\n<meta name=\"twitter:label1\" content=\"Dur\u00e9e de lecture estim\u00e9e\" \/>\n\t<meta name=\"twitter:data1\" content=\"2 minutes\" \/>\n<script type=\"application\/ld+json\" class=\"yoast-schema-graph\">{\"@context\":\"https:\\\/\\\/schema.org\",\"@graph\":[{\"@type\":\"WebPage\",\"@id\":\"https:\\\/\\\/greatermiramichisc.ca\\\/fr\\\/developpement-communautaire\\\/\",\"url\":\"https:\\\/\\\/greatermiramichisc.ca\\\/fr\\\/developpement-communautaire\\\/\",\"name\":\"D\u00e9veloppement Communautaire | Greater Miramichi Service Commission\",\"isPartOf\":{\"@id\":\"https:\\\/\\\/greatermiramichisc.ca\\\/#website\"},\"datePublished\":\"2025-04-14T06:16:20+00:00\",\"dateModified\":\"2025-06-20T06:58:57+00:00\",\"description\":\"Want to learn more about the Greater Miramichi Service Commission? Visit our D\u00e9veloppement Communautaire page to learn more!\",\"breadcrumb\":{\"@id\":\"https:\\\/\\\/greatermiramichisc.ca\\\/fr\\\/developpement-communautaire\\\/#breadcrumb\"},\"inLanguage\":\"fr-FR\",\"potentialAction\":[{\"@type\":\"ReadAction\",\"target\":[\"https:\\\/\\\/greatermiramichisc.ca\\\/fr\\\/developpement-communautaire\\\/\"]}]},{\"@type\":\"BreadcrumbList\",\"@id\":\"https:\\\/\\\/greatermiramichisc.ca\\\/fr\\\/developpement-communautaire\\\/#breadcrumb\",\"itemListElement\":[{\"@type\":\"ListItem\",\"position\":1,\"name\":\"Home\",\"item\":\"https:\\\/\\\/greatermiramichisc.ca\\\/fr\\\/\"},{\"@type\":\"ListItem\",\"position\":2,\"name\":\"D\u00e9veloppement Communautaire\"}]},{\"@type\":\"WebSite\",\"@id\":\"https:\\\/\\\/greatermiramichisc.ca\\\/#website\",\"url\":\"https:\\\/\\\/greatermiramichisc.ca\\\/\",\"name\":\"Greater Miramichi Service Commission\",\"description\":\"Welcome to the Miramichi region.\",\"publisher\":{\"@id\":\"https:\\\/\\\/greatermiramichisc.ca\\\/#organization\"},\"alternateName\":\"GMSC\",\"potentialAction\":[{\"@type\":\"SearchAction\",\"target\":{\"@type\":\"EntryPoint\",\"urlTemplate\":\"https:\\\/\\\/greatermiramichisc.ca\\\/?s={search_term_string}\"},\"query-input\":{\"@type\":\"PropertyValueSpecification\",\"valueRequired\":true,\"valueName\":\"search_term_string\"}}],\"inLanguage\":\"fr-FR\"},{\"@type\":\"Organization\",\"@id\":\"https:\\\/\\\/greatermiramichisc.ca\\\/#organization\",\"name\":\"Greater Miramichi Service Commission\",\"alternateName\":\"GMSC\",\"url\":\"https:\\\/\\\/greatermiramichisc.ca\\\/\",\"logo\":{\"@type\":\"ImageObject\",\"inLanguage\":\"fr-FR\",\"@id\":\"https:\\\/\\\/greatermiramichisc.ca\\\/#\\\/schema\\\/logo\\\/image\\\/\",\"url\":\"https:\\\/\\\/greatermiramichisc.ca\\\/wp-content\\\/uploads\\\/2024\\\/12\\\/NAV-Logo.png\",\"contentUrl\":\"https:\\\/\\\/greatermiramichisc.ca\\\/wp-content\\\/uploads\\\/2024\\\/12\\\/NAV-Logo.png\",\"width\":1140,\"height\":345,\"caption\":\"Greater Miramichi Service Commission\"},\"image\":{\"@id\":\"https:\\\/\\\/greatermiramichisc.ca\\\/#\\\/schema\\\/logo\\\/image\\\/\"}}]}<\/script>\n<!-- \/ Yoast SEO plugin. -->","yoast_head_json":{"title":"D\u00e9veloppement Communautaire | Greater Miramichi Service Commission","description":"Want to learn more about the Greater Miramichi Service Commission? Visit our D\u00e9veloppement Communautaire page to learn more!","robots":{"index":"index","follow":"follow","max-snippet":"max-snippet:-1","max-image-preview":"max-image-preview:large","max-video-preview":"max-video-preview:-1"},"canonical":"https:\/\/greatermiramichisc.ca\/fr\/developpement-communautaire\/","og_locale":"fr_FR","og_type":"article","og_title":"D\u00e9veloppement Communautaire | Greater Miramichi Service Commission","og_description":"Want to learn more about the Greater Miramichi Service Commission? Visit our D\u00e9veloppement Communautaire page to learn more!","og_url":"https:\/\/greatermiramichisc.ca\/fr\/developpement-communautaire\/","og_site_name":"Greater Miramichi Service Commission","article_modified_time":"2025-06-20T06:58:57+00:00","og_image":[{"width":1020,"height":574,"url":"https:\/\/greatermiramichisc.ca\/wp-content\/uploads\/2025\/04\/RegionalStrategyVid.png","type":"image\/png"}],"twitter_card":"summary_large_image","twitter_misc":{"Dur\u00e9e de lecture estim\u00e9e":"2 minutes"},"schema":{"@context":"https:\/\/schema.org","@graph":[{"@type":"WebPage","@id":"https:\/\/greatermiramichisc.ca\/fr\/developpement-communautaire\/","url":"https:\/\/greatermiramichisc.ca\/fr\/developpement-communautaire\/","name":"D\u00e9veloppement Communautaire | Greater Miramichi Service Commission","isPartOf":{"@id":"https:\/\/greatermiramichisc.ca\/#website"},"datePublished":"2025-04-14T06:16:20+00:00","dateModified":"2025-06-20T06:58:57+00:00","description":"Want to learn more about the Greater Miramichi Service Commission? Visit our D\u00e9veloppement Communautaire page to learn more!","breadcrumb":{"@id":"https:\/\/greatermiramichisc.ca\/fr\/developpement-communautaire\/#breadcrumb"},"inLanguage":"fr-FR","potentialAction":[{"@type":"ReadAction","target":["https:\/\/greatermiramichisc.ca\/fr\/developpement-communautaire\/"]}]},{"@type":"BreadcrumbList","@id":"https:\/\/greatermiramichisc.ca\/fr\/developpement-communautaire\/#breadcrumb","itemListElement":[{"@type":"ListItem","position":1,"name":"Home","item":"https:\/\/greatermiramichisc.ca\/fr\/"},{"@type":"ListItem","position":2,"name":"D\u00e9veloppement Communautaire"}]},{"@type":"WebSite","@id":"https:\/\/greatermiramichisc.ca\/#website","url":"https:\/\/greatermiramichisc.ca\/","name":"Greater Miramichi Service Commission","description":"Welcome to the Miramichi region.","publisher":{"@id":"https:\/\/greatermiramichisc.ca\/#organization"},"alternateName":"GMSC","potentialAction":[{"@type":"SearchAction","target":{"@type":"EntryPoint","urlTemplate":"https:\/\/greatermiramichisc.ca\/?s={search_term_string}"},"query-input":{"@type":"PropertyValueSpecification","valueRequired":true,"valueName":"search_term_string"}}],"inLanguage":"fr-FR"},{"@type":"Organization","@id":"https:\/\/greatermiramichisc.ca\/#organization","name":"Greater Miramichi Service Commission","alternateName":"GMSC","url":"https:\/\/greatermiramichisc.ca\/","logo":{"@type":"ImageObject","inLanguage":"fr-FR","@id":"https:\/\/greatermiramichisc.ca\/#\/schema\/logo\/image\/","url":"https:\/\/greatermiramichisc.ca\/wp-content\/uploads\/2024\/12\/NAV-Logo.png","contentUrl":"https:\/\/greatermiramichisc.ca\/wp-content\/uploads\/2024\/12\/NAV-Logo.png","width":1140,"height":345,"caption":"Greater Miramichi Service Commission"},"image":{"@id":"https:\/\/greatermiramichisc.ca\/#\/schema\/logo\/image\/"}}]}},"_links":{"self":[{"href":"https:\/\/greatermiramichisc.ca\/fr\/wp-json\/wp\/v2\/pages\/3034","targetHints":{"allow":["GET"]}}],"collection":[{"href":"https:\/\/greatermiramichisc.ca\/fr\/wp-json\/wp\/v2\/pages"}],"about":[{"href":"https:\/\/greatermiramichisc.ca\/fr\/wp-json\/wp\/v2\/types\/page"}],"author":[{"embeddable":true,"href":"https:\/\/greatermiramichisc.ca\/fr\/wp-json\/wp\/v2\/users\/1"}],"replies":[{"embeddable":true,"href":"https:\/\/greatermiramichisc.ca\/fr\/wp-json\/wp\/v2\/comments?post=3034"}],"version-history":[{"count":4,"href":"https:\/\/greatermiramichisc.ca\/fr\/wp-json\/wp\/v2\/pages\/3034\/revisions"}],"predecessor-version":[{"id":3901,"href":"https:\/\/greatermiramichisc.ca\/fr\/wp-json\/wp\/v2\/pages\/3034\/revisions\/3901"}],"wp:attachment":[{"href":"https:\/\/greatermiramichisc.ca\/fr\/wp-json\/wp\/v2\/media?parent=3034"}],"curies":[{"name":"wp","href":"https:\/\/api.w.org\/{rel}","templated":true}]}}