{"id":3036,"date":"2025-04-22T06:31:23","date_gmt":"2025-04-22T06:31:23","guid":{"rendered":"https:\/\/greatermiramichisc.ca\/community-development\/community-resources\/"},"modified":"2025-06-20T06:59:53","modified_gmt":"2025-06-20T06:59:53","slug":"ressources-communautaires","status":"publish","type":"page","link":"https:\/\/greatermiramichisc.ca\/fr\/developpement-communautaire\/ressources-communautaires\/","title":{"rendered":"Ressources communautaires"},"content":{"rendered":"\n<h2>\n\t\t<a href=\"https:\/\/greatermiramichisc.ca\/fr\/developpement-communautaire\/\" title=\"D\u00e9veloppement Communautaire:\"  target=\"_self\">\n\t\t\tD\u00e9veloppement Communautaire:\t\t<\/a>\n\t<\/h2>\n\t<nav aria-label=\"breadcrumbs\">\n            <div class=\"breadcrumb-container theme1\">\n                <ol>\n                                    <\/ol>\n            <\/div>\n        <\/nav>    <script type=\"application\/ld+json\">\n        {\n            \"@context\": \"http:\/\/schema.org\",\n            \"@type\": \"BreadcrumbList\",\n            \"itemListElement\": [\n                            ]\n        }\n    <\/script>\n   \n    <script>\n            <\/script>\n\n<h2>\n\t\t\tRessources communautaires\t<\/h2>\n\t<p>Tu viens d&rsquo;arriver dans la communaut\u00e9 ou tu cherches juste un coup de main ? Le CSGM te met en contact avec plein de services fiables dans la r\u00e9gion du Grand Miramichi, que ce soit pour la sant\u00e9 mentale, le logement, l&rsquo;aide juridique ou les programmes locaux. Jette un \u0153il aux outils et ressources ci-dessous pour trouver le soutien dont toi ou quelqu&rsquo;un que tu connais a besoin.<\/p>\n<p>Pour plus de ressources dans notre communaut\u00e9, va sur notre page <a href=\"https:\/\/greatermiramichisc.ca\/fr\/vivez-ici\/\"><strong>Vivez ici<\/strong><\/a>.<\/p>\n<h2>\n\t\t\tL&rsquo;arbre \u00e0 solutions &#8211; Miramichi\t<\/h2>\n\t<p>Cr\u00e9\u00e9 par le programme le maillon, l&rsquo;arbr\u00e9 \u00e0 solutions les gens de Miramichi \u00e0 trouver les ressources essentielles dans leur communaut\u00e9. Disponible en PDF \u00e0 t\u00e9l\u00e9charger et en outil interactif en ligne, il aide les gens \u00e0 trouver rapidement les services dont ils ont besoin, comme :<\/p>\n<ul>\n<li><strong>Sant\u00e9 mentale et addictions<\/strong> &#8211; Aide en cas de crise, counseling et ressources sur la consommation de substances<\/li>\n<li><strong>Violence et maltraitance<\/strong> &#8211; Aide aux personnes victimes de violence domestique, d&rsquo;intimidation ou de harc\u00e8lement<\/li>\n<li><strong>Besoins fondamentaux<\/strong> &#8211; S\u00e9curit\u00e9 alimentaire, logement, aide financi\u00e8re et services d&#8217;emploi<\/li>\n<li><strong>Sant\u00e9 et aide juridique<\/strong> &#8211; Soins m\u00e9dicaux, services de sant\u00e9 sexuelle et aide juridique<\/li>\n<\/ul>\n\t\t\t<a href=\"https:\/\/greatermiramichisc.ca\/wp-content\/uploads\/2025\/06\/ht-fr-MIRAMICHI_2025-1.pdf\" target=\"_blank\" rel=\"noopener\">\n\t\t\t\t\t\t\tT\u00e9l\u00e9charger l&rsquo;arbre \u00e0 solutions\n\t\t\t\t\t<\/a>\n\t\t\t<a href=\"https:\/\/www2.gnb.ca\/content\/gnb\/fr\/corporate\/promo\/programme-maillon.html\" target=\"_blank\" rel=\"noopener\">\n\t\t\t\t\t\t\tExplorer la version interactive\n\t\t\t\t\t<\/a>\n<h2>\n\t\t\tBesoin d&rsquo;aide rapidement ? Appelez le 211 &#8211; Votre lien avec les services communautaires\t<\/h2>\n\t<p>Quand la vie devient difficile, trouver de l&rsquo;aide ne devrait pas l&rsquo;\u00eatre. En appelant le 211, vous aurez acc\u00e8s gratuitement et en toute confidentialit\u00e9 \u00e0 un large \u00e9ventail de programmes et de services locaux au Nouveau-Brunswick, disponibles 24 heures sur 24, 7 jours sur 7, dans plusieurs langues. Gr\u00e2ce au 211, vous pouvez trouver :<\/p>\n<ul>\n<li>Banques alimentaires et programmes de repas<\/li>\n<li>Logement d&rsquo;urgence et aide au loyer<\/li>\n<li>Du soutien en sant\u00e9 mentale et des services d&rsquo;urgence<\/li>\n<li>Des services pour les personnes \u00e2g\u00e9es, y compris le transport et les soins \u00e0 domicile<\/li>\n<\/ul>\n<h2>\n\t\t\tD\u00e9couvrez la Source\t<\/h2>\n\t<p>D\u00e9couvrez la Source est une initiative locale qui met en avant les programmes, les services et les opportunit\u00e9s dans la r\u00e9gion du Grand Miramichi. Gr\u00e2ce \u00e0 des vid\u00e9os faciles \u00e0 regarder, elle aide les gens \u00e0 d\u00e9couvrir des liens pr\u00e9cieux dans leur communaut\u00e9 et \u00e0 rester au courant de ce qui se passe pr\u00e8s de chez eux.<\/p>\n\t\t\t<a href=\"https:\/\/www.youtube.com\/channel\/UCySMug6_OopvIYzYzRbAQbA\" target=\"_blank\" rel=\"noopener\">\n\t\t\t\t\t\t\tExplorer les vid\u00e9os\n\t\t\t\t\t<\/a>\n<h2>\n\t\t\tSoutien en sant\u00e9 mentale &#8211; Appelez ou envoyez un texte au 988\t<\/h2>\n\t<p>Si vous ou quelqu&rsquo;un que vous connaissez avez des probl\u00e8mes de sant\u00e9 mentale ou des pens\u00e9es suicidaires, le 988 est le num\u00e9ro d&rsquo;urgence pour la pr\u00e9vention du suicide au Canada, disponible 24 heures sur 24\/7<\/p>\n<ul>\n<li>Appelez ou envoyez un texte \u00e0 tout moment pour obtenir une aide imm\u00e9diate.<\/li>\n<li>Service gratuit et enti\u00e8rement confidentiel.<\/li>\n<li>Personnel compos\u00e9 d&rsquo;intervenants qualifi\u00e9s pr\u00eats \u00e0 vous \u00e9couter et \u00e0 vous aider.<\/li>\n<\/ul>\n<p>De l&rsquo;aide est toujours disponible. Contactez-nous d\u00e8s maintenant.<\/p>\n\n","protected":false},"excerpt":{"rendered":"<p>D\u00e9veloppement Communautaire: Ressources communautaires Tu viens d&rsquo;arriver dans la communaut\u00e9 ou tu cherches juste un coup de main ? Le CSGM te met en contact avec plein de services fiables&hellip;<\/p>\n","protected":false},"author":1,"featured_media":0,"parent":3034,"menu_order":0,"comment_status":"closed","ping_status":"closed","template":"","meta":{"_acf_changed":false,"footnotes":""},"class_list":["post-3036","page","type-page","status-publish","hentry"],"acf":[],"yoast_head":"<!-- This site is optimized with the Yoast SEO plugin v27.4 - https:\/\/yoast.com\/product\/yoast-seo-wordpress\/ -->\n<title>Ressources communautaires | Greater Miramichi Service Commission<\/title>\n<meta name=\"description\" content=\"Want to learn more about the Greater Miramichi Service Commission? Visit our Ressources communautaires page to learn more!\" \/>\n<meta name=\"robots\" content=\"index, follow, max-snippet:-1, max-image-preview:large, max-video-preview:-1\" \/>\n<link rel=\"canonical\" href=\"https:\/\/greatermiramichisc.ca\/fr\/developpement-communautaire\/ressources-communautaires\/\" \/>\n<meta property=\"og:locale\" content=\"fr_FR\" \/>\n<meta property=\"og:type\" content=\"article\" \/>\n<meta property=\"og:title\" content=\"Ressources communautaires | Greater Miramichi Service Commission\" \/>\n<meta property=\"og:description\" content=\"Want to learn more about the Greater Miramichi Service Commission? Visit our Ressources communautaires page to learn more!\" \/>\n<meta property=\"og:url\" content=\"https:\/\/greatermiramichisc.ca\/fr\/developpement-communautaire\/ressources-communautaires\/\" \/>\n<meta property=\"og:site_name\" content=\"Greater Miramichi Service Commission\" \/>\n<meta property=\"article:modified_time\" content=\"2025-06-20T06:59:53+00:00\" \/>\n<meta property=\"og:image\" content=\"https:\/\/greatermiramichisc.ca\/wp-content\/uploads\/2025\/04\/RegionalStrategyVid.png\" \/>\n\t<meta property=\"og:image:width\" content=\"1020\" \/>\n\t<meta property=\"og:image:height\" content=\"574\" \/>\n\t<meta property=\"og:image:type\" content=\"image\/png\" \/>\n<meta name=\"twitter:card\" content=\"summary_large_image\" \/>\n<meta name=\"twitter:label1\" content=\"Dur\u00e9e de lecture estim\u00e9e\" \/>\n\t<meta name=\"twitter:data1\" content=\"2 minutes\" \/>\n<script type=\"application\/ld+json\" class=\"yoast-schema-graph\">{\"@context\":\"https:\\\/\\\/schema.org\",\"@graph\":[{\"@type\":\"WebPage\",\"@id\":\"https:\\\/\\\/greatermiramichisc.ca\\\/fr\\\/developpement-communautaire\\\/ressources-communautaires\\\/\",\"url\":\"https:\\\/\\\/greatermiramichisc.ca\\\/fr\\\/developpement-communautaire\\\/ressources-communautaires\\\/\",\"name\":\"Ressources communautaires | Greater Miramichi Service Commission\",\"isPartOf\":{\"@id\":\"https:\\\/\\\/greatermiramichisc.ca\\\/#website\"},\"datePublished\":\"2025-04-22T06:31:23+00:00\",\"dateModified\":\"2025-06-20T06:59:53+00:00\",\"description\":\"Want to learn more about the Greater Miramichi Service Commission? Visit our Ressources communautaires page to learn more!\",\"breadcrumb\":{\"@id\":\"https:\\\/\\\/greatermiramichisc.ca\\\/fr\\\/developpement-communautaire\\\/ressources-communautaires\\\/#breadcrumb\"},\"inLanguage\":\"fr-FR\",\"potentialAction\":[{\"@type\":\"ReadAction\",\"target\":[\"https:\\\/\\\/greatermiramichisc.ca\\\/fr\\\/developpement-communautaire\\\/ressources-communautaires\\\/\"]}]},{\"@type\":\"BreadcrumbList\",\"@id\":\"https:\\\/\\\/greatermiramichisc.ca\\\/fr\\\/developpement-communautaire\\\/ressources-communautaires\\\/#breadcrumb\",\"itemListElement\":[{\"@type\":\"ListItem\",\"position\":1,\"name\":\"Home\",\"item\":\"https:\\\/\\\/greatermiramichisc.ca\\\/fr\\\/\"},{\"@type\":\"ListItem\",\"position\":2,\"name\":\"D\u00e9veloppement Communautaire\",\"item\":\"https:\\\/\\\/greatermiramichisc.ca\\\/fr\\\/developpement-communautaire\\\/\"},{\"@type\":\"ListItem\",\"position\":3,\"name\":\"Ressources communautaires\"}]},{\"@type\":\"WebSite\",\"@id\":\"https:\\\/\\\/greatermiramichisc.ca\\\/#website\",\"url\":\"https:\\\/\\\/greatermiramichisc.ca\\\/\",\"name\":\"Greater Miramichi Service Commission\",\"description\":\"Welcome to the Miramichi region.\",\"publisher\":{\"@id\":\"https:\\\/\\\/greatermiramichisc.ca\\\/#organization\"},\"alternateName\":\"GMSC\",\"potentialAction\":[{\"@type\":\"SearchAction\",\"target\":{\"@type\":\"EntryPoint\",\"urlTemplate\":\"https:\\\/\\\/greatermiramichisc.ca\\\/?s={search_term_string}\"},\"query-input\":{\"@type\":\"PropertyValueSpecification\",\"valueRequired\":true,\"valueName\":\"search_term_string\"}}],\"inLanguage\":\"fr-FR\"},{\"@type\":\"Organization\",\"@id\":\"https:\\\/\\\/greatermiramichisc.ca\\\/#organization\",\"name\":\"Greater Miramichi Service Commission\",\"alternateName\":\"GMSC\",\"url\":\"https:\\\/\\\/greatermiramichisc.ca\\\/\",\"logo\":{\"@type\":\"ImageObject\",\"inLanguage\":\"fr-FR\",\"@id\":\"https:\\\/\\\/greatermiramichisc.ca\\\/#\\\/schema\\\/logo\\\/image\\\/\",\"url\":\"https:\\\/\\\/greatermiramichisc.ca\\\/wp-content\\\/uploads\\\/2024\\\/12\\\/NAV-Logo.png\",\"contentUrl\":\"https:\\\/\\\/greatermiramichisc.ca\\\/wp-content\\\/uploads\\\/2024\\\/12\\\/NAV-Logo.png\",\"width\":1140,\"height\":345,\"caption\":\"Greater Miramichi Service Commission\"},\"image\":{\"@id\":\"https:\\\/\\\/greatermiramichisc.ca\\\/#\\\/schema\\\/logo\\\/image\\\/\"}}]}<\/script>\n<!-- \/ Yoast SEO plugin. -->","yoast_head_json":{"title":"Ressources communautaires | Greater Miramichi Service Commission","description":"Want to learn more about the Greater Miramichi Service Commission? Visit our Ressources communautaires page to learn more!","robots":{"index":"index","follow":"follow","max-snippet":"max-snippet:-1","max-image-preview":"max-image-preview:large","max-video-preview":"max-video-preview:-1"},"canonical":"https:\/\/greatermiramichisc.ca\/fr\/developpement-communautaire\/ressources-communautaires\/","og_locale":"fr_FR","og_type":"article","og_title":"Ressources communautaires | Greater Miramichi Service Commission","og_description":"Want to learn more about the Greater Miramichi Service Commission? Visit our Ressources communautaires page to learn more!","og_url":"https:\/\/greatermiramichisc.ca\/fr\/developpement-communautaire\/ressources-communautaires\/","og_site_name":"Greater Miramichi Service Commission","article_modified_time":"2025-06-20T06:59:53+00:00","og_image":[{"width":1020,"height":574,"url":"https:\/\/greatermiramichisc.ca\/wp-content\/uploads\/2025\/04\/RegionalStrategyVid.png","type":"image\/png"}],"twitter_card":"summary_large_image","twitter_misc":{"Dur\u00e9e de lecture estim\u00e9e":"2 minutes"},"schema":{"@context":"https:\/\/schema.org","@graph":[{"@type":"WebPage","@id":"https:\/\/greatermiramichisc.ca\/fr\/developpement-communautaire\/ressources-communautaires\/","url":"https:\/\/greatermiramichisc.ca\/fr\/developpement-communautaire\/ressources-communautaires\/","name":"Ressources communautaires | Greater Miramichi Service Commission","isPartOf":{"@id":"https:\/\/greatermiramichisc.ca\/#website"},"datePublished":"2025-04-22T06:31:23+00:00","dateModified":"2025-06-20T06:59:53+00:00","description":"Want to learn more about the Greater Miramichi Service Commission? Visit our Ressources communautaires page to learn more!","breadcrumb":{"@id":"https:\/\/greatermiramichisc.ca\/fr\/developpement-communautaire\/ressources-communautaires\/#breadcrumb"},"inLanguage":"fr-FR","potentialAction":[{"@type":"ReadAction","target":["https:\/\/greatermiramichisc.ca\/fr\/developpement-communautaire\/ressources-communautaires\/"]}]},{"@type":"BreadcrumbList","@id":"https:\/\/greatermiramichisc.ca\/fr\/developpement-communautaire\/ressources-communautaires\/#breadcrumb","itemListElement":[{"@type":"ListItem","position":1,"name":"Home","item":"https:\/\/greatermiramichisc.ca\/fr\/"},{"@type":"ListItem","position":2,"name":"D\u00e9veloppement Communautaire","item":"https:\/\/greatermiramichisc.ca\/fr\/developpement-communautaire\/"},{"@type":"ListItem","position":3,"name":"Ressources communautaires"}]},{"@type":"WebSite","@id":"https:\/\/greatermiramichisc.ca\/#website","url":"https:\/\/greatermiramichisc.ca\/","name":"Greater Miramichi Service Commission","description":"Welcome to the Miramichi region.","publisher":{"@id":"https:\/\/greatermiramichisc.ca\/#organization"},"alternateName":"GMSC","potentialAction":[{"@type":"SearchAction","target":{"@type":"EntryPoint","urlTemplate":"https:\/\/greatermiramichisc.ca\/?s={search_term_string}"},"query-input":{"@type":"PropertyValueSpecification","valueRequired":true,"valueName":"search_term_string"}}],"inLanguage":"fr-FR"},{"@type":"Organization","@id":"https:\/\/greatermiramichisc.ca\/#organization","name":"Greater Miramichi Service Commission","alternateName":"GMSC","url":"https:\/\/greatermiramichisc.ca\/","logo":{"@type":"ImageObject","inLanguage":"fr-FR","@id":"https:\/\/greatermiramichisc.ca\/#\/schema\/logo\/image\/","url":"https:\/\/greatermiramichisc.ca\/wp-content\/uploads\/2024\/12\/NAV-Logo.png","contentUrl":"https:\/\/greatermiramichisc.ca\/wp-content\/uploads\/2024\/12\/NAV-Logo.png","width":1140,"height":345,"caption":"Greater Miramichi Service Commission"},"image":{"@id":"https:\/\/greatermiramichisc.ca\/#\/schema\/logo\/image\/"}}]}},"_links":{"self":[{"href":"https:\/\/greatermiramichisc.ca\/fr\/wp-json\/wp\/v2\/pages\/3036","targetHints":{"allow":["GET"]}}],"collection":[{"href":"https:\/\/greatermiramichisc.ca\/fr\/wp-json\/wp\/v2\/pages"}],"about":[{"href":"https:\/\/greatermiramichisc.ca\/fr\/wp-json\/wp\/v2\/types\/page"}],"author":[{"embeddable":true,"href":"https:\/\/greatermiramichisc.ca\/fr\/wp-json\/wp\/v2\/users\/1"}],"replies":[{"embeddable":true,"href":"https:\/\/greatermiramichisc.ca\/fr\/wp-json\/wp\/v2\/comments?post=3036"}],"version-history":[{"count":3,"href":"https:\/\/greatermiramichisc.ca\/fr\/wp-json\/wp\/v2\/pages\/3036\/revisions"}],"predecessor-version":[{"id":3908,"href":"https:\/\/greatermiramichisc.ca\/fr\/wp-json\/wp\/v2\/pages\/3036\/revisions\/3908"}],"up":[{"embeddable":true,"href":"https:\/\/greatermiramichisc.ca\/fr\/wp-json\/wp\/v2\/pages\/3034"}],"wp:attachment":[{"href":"https:\/\/greatermiramichisc.ca\/fr\/wp-json\/wp\/v2\/media?parent=3036"}],"curies":[{"name":"wp","href":"https:\/\/api.w.org\/{rel}","templated":true}]}}