{"id":3042,"date":"2025-04-22T07:30:06","date_gmt":"2025-04-22T07:30:06","guid":{"rendered":"https:\/\/greatermiramichisc.ca\/community-development\/housing-projects\/help-with-housing-projects\/"},"modified":"2025-06-20T07:03:35","modified_gmt":"2025-06-20T07:03:35","slug":"besoin-daide-pour-un-projet-de-logement","status":"publish","type":"page","link":"https:\/\/greatermiramichisc.ca\/fr\/developpement-communautaire\/projets-de-logement\/besoin-daide-pour-un-projet-de-logement\/","title":{"rendered":"Besoin d&rsquo;aide pour un projet de logement"},"content":{"rendered":"\n<h2>\n\t\t<a href=\"https:\/\/greatermiramichisc.ca\/fr\/developpement-communautaire\/\" title=\"D\u00e9veloppement Communautaire:\"  target=\"_self\">\n\t\t\tD\u00e9veloppement Communautaire:\t\t<\/a>\n\t<\/h2>\n\t<nav aria-label=\"breadcrumbs\">\n            <div class=\"breadcrumb-container theme1\">\n                <ol>\n                                    <\/ol>\n            <\/div>\n        <\/nav>    <script type=\"application\/ld+json\">\n        {\n            \"@context\": \"http:\/\/schema.org\",\n            \"@type\": \"BreadcrumbList\",\n            \"itemListElement\": [\n                            ]\n        }\n    <\/script>\n   \n    <script>\n            <\/script>\n\n\n<h2>\n\t\t\tY a-t-il de l&rsquo;argent pour financer ma construction ?\t<\/h2>\n\t<p>Oui ! Il existe plein de subventions, de pr\u00eats et de programmes de financement pour t&rsquo;aider \u00e0 monter ton projet de logement abordable, que tu en sois \u00e0 l&rsquo;\u00e9tape de l&rsquo;id\u00e9e ou pr\u00eat \u00e0 te lancer.<\/p>\n\t\t\t<a href=\"https:\/\/greatermiramichisc.ca\/wp-content\/uploads\/2025\/05\/Funding-Programs-Incentives-Inventory.xlsx\" target=\"_self\">\n\t\t\t\t\t\t\tVoir l&rsquo;inventaire\n\t\t\t\t\t<\/a>\n\t\t\t<a href=\"https:\/\/greatermiramichisc.ca\/fr\/services-damenagement\/choisissez-votre-projet\/\" target=\"_self\">\n\t\t\t\t\t\t\tChoisis votre projet\n\t\t\t\t\t<\/a>\n\t\t\t\t\t<a href=\"#\"  id=\"fl-accordion--label-0\" tabindex=\"0\" aria-controls=\"fl-accordion--panel-0\">Ressources nationales et provinciales<\/a>\n\t\t\t\t\t\t\t\t\t\t\t<a href=\"#\" id=\"fl-accordion--icon-0\"  tabindex=\"0\"><i title=\"D\u00e9plier\">D\u00e9plier<\/i><\/a>\n\t\t\t\t\t<p>D\u00e9couvrez d&rsquo;autres outils et informations fournis par des experts en logement et des organismes gouvernementaux :<\/p>\n<ul>\n<li><a href=\"https:\/\/logement-infrastructure.canada.ca\/housing-logement\/housing-plan-report-rapport-plan-logement-fra.html\" target=\"_blank\" rel=\"noopener\">Plan canadien pour le logement &#8211; Aper\u00e7u de la strat\u00e9gie f\u00e9d\u00e9rale<\/a><\/li>\n<li><a href=\"https:\/\/logement-infrastructure.canada.ca\/housing-logement\/ptch-csd\/reports-rapports\/prog-nhs-june-2024-juin-snl-fra.html\" target=\"_blank\" rel=\"noopener\">Rapport d&rsquo;\u00e9tape sur la Strat\u00e9gie nationale sur le logement &#8211; Juin 2024<\/a><\/li>\n<li><a href=\"https:\/\/greatermiramichisc.ca\/wp-content\/uploads\/2025\/06\/logement-pour-tous.pdf\" target=\"_blank\" rel=\"noopener\">Housing for All (Plan du Nouveau-Brunswick)<\/a><\/li>\n<li><a href=\"https:\/\/centre.support\/fr\/\" target=\"_blank\" rel=\"noopener\">Centre de transformation du logement social<\/a><\/li>\n<li><a href=\"https:\/\/www.cataloguedelogements.cmhc-schl.gc.ca\/?_gl=1*o5dgy7*_ga*MjAwODAwNzY2NC4xNzQ3ODM1NzY2*_ga_4KXN90LM06*czE3NTAyNjkyODQkbzIkZzAkdDE3NTAyNjkyODQkajYwJGwwJGgw\" target=\"_blank\" rel=\"noopener\">CMHC (Soci\u00e9t\u00e9 canadienne d&rsquo;hypoth\u00e8ques et de logement)<\/a><\/li>\n<\/ul>\n<h2>\n\t\t\tBesoin d&rsquo;aide pour trouver un terrain \u00e0 d\u00e9velopper ?\t<\/h2>\n\t<p>On peut t&rsquo;aider \u00e0 trouver un terrain qui correspond \u00e0 votre projet. Que vous cherchiez un terrain municipal ou priv\u00e9, on peut vous orienter dans la bonne direction.<\/p>\n\t\t\t<a href=\"mailto:%20lbursey@gmsc.ca\" target=\"_blank\" rel=\"noopener\">\n\t\t\t\t\t\t\tContacter notre \u00e9quipe\n\t\t\t\t\t<\/a>\n\n","protected":false},"excerpt":{"rendered":"<p>D\u00e9veloppement Communautaire: Y a-t-il de l&rsquo;argent pour financer ma construction ? Oui ! Il existe plein de subventions, de pr\u00eats et de programmes de financement pour t&rsquo;aider \u00e0 monter ton&hellip;<\/p>\n","protected":false},"author":1,"featured_media":0,"parent":3039,"menu_order":0,"comment_status":"closed","ping_status":"closed","template":"","meta":{"_acf_changed":false,"footnotes":""},"class_list":["post-3042","page","type-page","status-publish","hentry"],"acf":[],"yoast_head":"<!-- This site is optimized with the Yoast SEO plugin v27.4 - https:\/\/yoast.com\/product\/yoast-seo-wordpress\/ -->\n<title>Besoin d&#039;aide pour un projet de logement | Greater Miramichi Service Commission<\/title>\n<meta name=\"description\" content=\"Want to learn more about the Greater Miramichi Service Commission? Visit our Besoin d&#039;aide pour un projet de logement page to learn more!\" \/>\n<meta name=\"robots\" content=\"index, follow, max-snippet:-1, max-image-preview:large, max-video-preview:-1\" \/>\n<link rel=\"canonical\" href=\"https:\/\/greatermiramichisc.ca\/fr\/developpement-communautaire\/projets-de-logement\/besoin-daide-pour-un-projet-de-logement\/\" \/>\n<meta property=\"og:locale\" content=\"fr_FR\" \/>\n<meta property=\"og:type\" content=\"article\" \/>\n<meta property=\"og:title\" content=\"Besoin d&#039;aide pour un projet de logement | Greater Miramichi Service Commission\" \/>\n<meta property=\"og:description\" content=\"Want to learn more about the Greater Miramichi Service Commission? Visit our Besoin d&#039;aide pour un projet de logement page to learn more!\" \/>\n<meta property=\"og:url\" content=\"https:\/\/greatermiramichisc.ca\/fr\/developpement-communautaire\/projets-de-logement\/besoin-daide-pour-un-projet-de-logement\/\" \/>\n<meta property=\"og:site_name\" content=\"Greater Miramichi Service Commission\" \/>\n<meta property=\"article:modified_time\" content=\"2025-06-20T07:03:35+00:00\" \/>\n<meta property=\"og:image\" content=\"https:\/\/greatermiramichisc.ca\/wp-content\/uploads\/2025\/04\/RegionalStrategyVid.png\" \/>\n\t<meta property=\"og:image:width\" content=\"1020\" \/>\n\t<meta property=\"og:image:height\" content=\"574\" \/>\n\t<meta property=\"og:image:type\" content=\"image\/png\" \/>\n<meta name=\"twitter:card\" content=\"summary_large_image\" \/>\n<meta name=\"twitter:label1\" content=\"Dur\u00e9e de lecture estim\u00e9e\" \/>\n\t<meta name=\"twitter:data1\" content=\"1 minute\" \/>\n<script type=\"application\/ld+json\" class=\"yoast-schema-graph\">{\"@context\":\"https:\\\/\\\/schema.org\",\"@graph\":[{\"@type\":\"WebPage\",\"@id\":\"https:\\\/\\\/greatermiramichisc.ca\\\/fr\\\/developpement-communautaire\\\/projets-de-logement\\\/besoin-daide-pour-un-projet-de-logement\\\/\",\"url\":\"https:\\\/\\\/greatermiramichisc.ca\\\/fr\\\/developpement-communautaire\\\/projets-de-logement\\\/besoin-daide-pour-un-projet-de-logement\\\/\",\"name\":\"Besoin d'aide pour un projet de logement | Greater Miramichi Service Commission\",\"isPartOf\":{\"@id\":\"https:\\\/\\\/greatermiramichisc.ca\\\/#website\"},\"datePublished\":\"2025-04-22T07:30:06+00:00\",\"dateModified\":\"2025-06-20T07:03:35+00:00\",\"description\":\"Want to learn more about the Greater Miramichi Service Commission? Visit our Besoin d'aide pour un projet de logement page to learn more!\",\"breadcrumb\":{\"@id\":\"https:\\\/\\\/greatermiramichisc.ca\\\/fr\\\/developpement-communautaire\\\/projets-de-logement\\\/besoin-daide-pour-un-projet-de-logement\\\/#breadcrumb\"},\"inLanguage\":\"fr-FR\",\"potentialAction\":[{\"@type\":\"ReadAction\",\"target\":[\"https:\\\/\\\/greatermiramichisc.ca\\\/fr\\\/developpement-communautaire\\\/projets-de-logement\\\/besoin-daide-pour-un-projet-de-logement\\\/\"]}]},{\"@type\":\"BreadcrumbList\",\"@id\":\"https:\\\/\\\/greatermiramichisc.ca\\\/fr\\\/developpement-communautaire\\\/projets-de-logement\\\/besoin-daide-pour-un-projet-de-logement\\\/#breadcrumb\",\"itemListElement\":[{\"@type\":\"ListItem\",\"position\":1,\"name\":\"Home\",\"item\":\"https:\\\/\\\/greatermiramichisc.ca\\\/fr\\\/\"},{\"@type\":\"ListItem\",\"position\":2,\"name\":\"D\u00e9veloppement Communautaire\",\"item\":\"https:\\\/\\\/greatermiramichisc.ca\\\/fr\\\/developpement-communautaire\\\/\"},{\"@type\":\"ListItem\",\"position\":3,\"name\":\"Projets de logement\",\"item\":\"https:\\\/\\\/greatermiramichisc.ca\\\/fr\\\/developpement-communautaire\\\/projets-de-logement\\\/\"},{\"@type\":\"ListItem\",\"position\":4,\"name\":\"Besoin d&#8217;aide pour un projet de logement\"}]},{\"@type\":\"WebSite\",\"@id\":\"https:\\\/\\\/greatermiramichisc.ca\\\/#website\",\"url\":\"https:\\\/\\\/greatermiramichisc.ca\\\/\",\"name\":\"Greater Miramichi Service Commission\",\"description\":\"Welcome to the Miramichi region.\",\"publisher\":{\"@id\":\"https:\\\/\\\/greatermiramichisc.ca\\\/#organization\"},\"alternateName\":\"GMSC\",\"potentialAction\":[{\"@type\":\"SearchAction\",\"target\":{\"@type\":\"EntryPoint\",\"urlTemplate\":\"https:\\\/\\\/greatermiramichisc.ca\\\/?s={search_term_string}\"},\"query-input\":{\"@type\":\"PropertyValueSpecification\",\"valueRequired\":true,\"valueName\":\"search_term_string\"}}],\"inLanguage\":\"fr-FR\"},{\"@type\":\"Organization\",\"@id\":\"https:\\\/\\\/greatermiramichisc.ca\\\/#organization\",\"name\":\"Greater Miramichi Service Commission\",\"alternateName\":\"GMSC\",\"url\":\"https:\\\/\\\/greatermiramichisc.ca\\\/\",\"logo\":{\"@type\":\"ImageObject\",\"inLanguage\":\"fr-FR\",\"@id\":\"https:\\\/\\\/greatermiramichisc.ca\\\/#\\\/schema\\\/logo\\\/image\\\/\",\"url\":\"https:\\\/\\\/greatermiramichisc.ca\\\/wp-content\\\/uploads\\\/2024\\\/12\\\/NAV-Logo.png\",\"contentUrl\":\"https:\\\/\\\/greatermiramichisc.ca\\\/wp-content\\\/uploads\\\/2024\\\/12\\\/NAV-Logo.png\",\"width\":1140,\"height\":345,\"caption\":\"Greater Miramichi Service Commission\"},\"image\":{\"@id\":\"https:\\\/\\\/greatermiramichisc.ca\\\/#\\\/schema\\\/logo\\\/image\\\/\"}}]}<\/script>\n<!-- \/ Yoast SEO plugin. -->","yoast_head_json":{"title":"Besoin d'aide pour un projet de logement | Greater Miramichi Service Commission","description":"Want to learn more about the Greater Miramichi Service Commission? Visit our Besoin d'aide pour un projet de logement page to learn more!","robots":{"index":"index","follow":"follow","max-snippet":"max-snippet:-1","max-image-preview":"max-image-preview:large","max-video-preview":"max-video-preview:-1"},"canonical":"https:\/\/greatermiramichisc.ca\/fr\/developpement-communautaire\/projets-de-logement\/besoin-daide-pour-un-projet-de-logement\/","og_locale":"fr_FR","og_type":"article","og_title":"Besoin d'aide pour un projet de logement | Greater Miramichi Service Commission","og_description":"Want to learn more about the Greater Miramichi Service Commission? Visit our Besoin d'aide pour un projet de logement page to learn more!","og_url":"https:\/\/greatermiramichisc.ca\/fr\/developpement-communautaire\/projets-de-logement\/besoin-daide-pour-un-projet-de-logement\/","og_site_name":"Greater Miramichi Service Commission","article_modified_time":"2025-06-20T07:03:35+00:00","og_image":[{"width":1020,"height":574,"url":"https:\/\/greatermiramichisc.ca\/wp-content\/uploads\/2025\/04\/RegionalStrategyVid.png","type":"image\/png"}],"twitter_card":"summary_large_image","twitter_misc":{"Dur\u00e9e de lecture estim\u00e9e":"1 minute"},"schema":{"@context":"https:\/\/schema.org","@graph":[{"@type":"WebPage","@id":"https:\/\/greatermiramichisc.ca\/fr\/developpement-communautaire\/projets-de-logement\/besoin-daide-pour-un-projet-de-logement\/","url":"https:\/\/greatermiramichisc.ca\/fr\/developpement-communautaire\/projets-de-logement\/besoin-daide-pour-un-projet-de-logement\/","name":"Besoin d'aide pour un projet de logement | Greater Miramichi Service Commission","isPartOf":{"@id":"https:\/\/greatermiramichisc.ca\/#website"},"datePublished":"2025-04-22T07:30:06+00:00","dateModified":"2025-06-20T07:03:35+00:00","description":"Want to learn more about the Greater Miramichi Service Commission? Visit our Besoin d'aide pour un projet de logement page to learn more!","breadcrumb":{"@id":"https:\/\/greatermiramichisc.ca\/fr\/developpement-communautaire\/projets-de-logement\/besoin-daide-pour-un-projet-de-logement\/#breadcrumb"},"inLanguage":"fr-FR","potentialAction":[{"@type":"ReadAction","target":["https:\/\/greatermiramichisc.ca\/fr\/developpement-communautaire\/projets-de-logement\/besoin-daide-pour-un-projet-de-logement\/"]}]},{"@type":"BreadcrumbList","@id":"https:\/\/greatermiramichisc.ca\/fr\/developpement-communautaire\/projets-de-logement\/besoin-daide-pour-un-projet-de-logement\/#breadcrumb","itemListElement":[{"@type":"ListItem","position":1,"name":"Home","item":"https:\/\/greatermiramichisc.ca\/fr\/"},{"@type":"ListItem","position":2,"name":"D\u00e9veloppement Communautaire","item":"https:\/\/greatermiramichisc.ca\/fr\/developpement-communautaire\/"},{"@type":"ListItem","position":3,"name":"Projets de logement","item":"https:\/\/greatermiramichisc.ca\/fr\/developpement-communautaire\/projets-de-logement\/"},{"@type":"ListItem","position":4,"name":"Besoin d&#8217;aide pour un projet de logement"}]},{"@type":"WebSite","@id":"https:\/\/greatermiramichisc.ca\/#website","url":"https:\/\/greatermiramichisc.ca\/","name":"Greater Miramichi Service Commission","description":"Welcome to the Miramichi region.","publisher":{"@id":"https:\/\/greatermiramichisc.ca\/#organization"},"alternateName":"GMSC","potentialAction":[{"@type":"SearchAction","target":{"@type":"EntryPoint","urlTemplate":"https:\/\/greatermiramichisc.ca\/?s={search_term_string}"},"query-input":{"@type":"PropertyValueSpecification","valueRequired":true,"valueName":"search_term_string"}}],"inLanguage":"fr-FR"},{"@type":"Organization","@id":"https:\/\/greatermiramichisc.ca\/#organization","name":"Greater Miramichi Service Commission","alternateName":"GMSC","url":"https:\/\/greatermiramichisc.ca\/","logo":{"@type":"ImageObject","inLanguage":"fr-FR","@id":"https:\/\/greatermiramichisc.ca\/#\/schema\/logo\/image\/","url":"https:\/\/greatermiramichisc.ca\/wp-content\/uploads\/2024\/12\/NAV-Logo.png","contentUrl":"https:\/\/greatermiramichisc.ca\/wp-content\/uploads\/2024\/12\/NAV-Logo.png","width":1140,"height":345,"caption":"Greater Miramichi Service Commission"},"image":{"@id":"https:\/\/greatermiramichisc.ca\/#\/schema\/logo\/image\/"}}]}},"_links":{"self":[{"href":"https:\/\/greatermiramichisc.ca\/fr\/wp-json\/wp\/v2\/pages\/3042","targetHints":{"allow":["GET"]}}],"collection":[{"href":"https:\/\/greatermiramichisc.ca\/fr\/wp-json\/wp\/v2\/pages"}],"about":[{"href":"https:\/\/greatermiramichisc.ca\/fr\/wp-json\/wp\/v2\/types\/page"}],"author":[{"embeddable":true,"href":"https:\/\/greatermiramichisc.ca\/fr\/wp-json\/wp\/v2\/users\/1"}],"replies":[{"embeddable":true,"href":"https:\/\/greatermiramichisc.ca\/fr\/wp-json\/wp\/v2\/comments?post=3042"}],"version-history":[{"count":3,"href":"https:\/\/greatermiramichisc.ca\/fr\/wp-json\/wp\/v2\/pages\/3042\/revisions"}],"predecessor-version":[{"id":3915,"href":"https:\/\/greatermiramichisc.ca\/fr\/wp-json\/wp\/v2\/pages\/3042\/revisions\/3915"}],"up":[{"embeddable":true,"href":"https:\/\/greatermiramichisc.ca\/fr\/wp-json\/wp\/v2\/pages\/3039"}],"wp:attachment":[{"href":"https:\/\/greatermiramichisc.ca\/fr\/wp-json\/wp\/v2\/media?parent=3042"}],"curies":[{"name":"wp","href":"https:\/\/api.w.org\/{rel}","templated":true}]}}