{"id":3047,"date":"2025-05-15T19:20:49","date_gmt":"2025-05-15T19:20:49","guid":{"rendered":"https:\/\/greatermiramichisc.ca\/community-development\/our-partners\/safety-employment-community-resilience\/"},"modified":"2025-06-20T07:00:30","modified_gmt":"2025-06-20T07:00:30","slug":"securite-emploi-et-resilience-communautaire","status":"publish","type":"page","link":"https:\/\/greatermiramichisc.ca\/fr\/developpement-communautaire\/nos-partenaires\/securite-emploi-et-resilience-communautaire\/","title":{"rendered":"S\u00e9curit\u00e9, emploi et r\u00e9silience communautaire"},"content":{"rendered":"\n<h2>\n\t\t<a href=\"https:\/\/greatermiramichisc.ca\/fr\/developpement-communautaire\/\" title=\"D\u00e9veloppement Communautaire:\"  target=\"_self\">\n\t\t\tD\u00e9veloppement Communautaire:\t\t<\/a>\n\t<\/h2>\n\t<nav aria-label=\"breadcrumbs\">\n            <div class=\"breadcrumb-container theme1\">\n                <ol>\n                                    <\/ol>\n            <\/div>\n        <\/nav>    <script type=\"application\/ld+json\">\n        {\n            \"@context\": \"http:\/\/schema.org\",\n            \"@type\": \"BreadcrumbList\",\n            \"itemListElement\": [\n                            ]\n        }\n    <\/script>\n   \n    <script>\n            <\/script>\n\n\n\t\t\t\t\t<a href=\"#\"  id=\"fl-accordion--label-0\" tabindex=\"0\" aria-controls=\"fl-accordion--panel-0\">\u00c9CHEC AU CRIME N.-B.<\/a>\n\t\t\t\t\t\t\t\t\t\t\t<a href=\"#\" id=\"fl-accordion--icon-0\"  tabindex=\"0\"><i title=\"D\u00e9plier\">D\u00e9plier<\/i><\/a>\n\t\t\t\t\t<p>Ligne d&rsquo;appel anonyme pour aider \u00e0 pr\u00e9venir la criminalit\u00e9.<\/p>\n<p><a href=\"https:\/\/crimenb.ca\/?lang=fr\" target=\"_blank\" rel=\"noopener\"><strong>https:\/\/crimenb.ca\/?lang=fr<\/strong><\/a><\/p>\n\t\t\t\t\t<a href=\"#\"  id=\"fl-accordion--label-1\" tabindex=\"0\" aria-controls=\"fl-accordion--panel-1\">Miramichi Ground Search &amp; Rescue <\/a>\n\t\t\t\t\t\t\t\t\t\t\t<a href=\"#\" id=\"fl-accordion--icon-1\"  tabindex=\"0\"><i title=\"D\u00e9plier\">D\u00e9plier<\/i><\/a>\n\t\t\t\t\t<p>Organisation b\u00e9n\u00e9vole de recherche et de sauvetage.<\/p>\n<strong><a href=\"http:\/\/mgsar.ca\/\" target=\"_blank\" rel=\"noopener\">http:\/\/mgsar.ca\/<br \/>\nFacebook<\/a><\/strong>\n\t\t\t\t\t<a href=\"#\"  id=\"fl-accordion--label-2\" tabindex=\"0\" aria-controls=\"fl-accordion--panel-2\">Miramichi Transition House <\/a>\n\t\t\t\t\t\t\t\t\t\t\t<a href=\"#\" id=\"fl-accordion--icon-2\"  tabindex=\"0\"><i title=\"D\u00e9plier\">D\u00e9plier<\/i><\/a>\n\t\t\t\t\t<p>Refuge d&rsquo;urgence s\u00e9curis\u00e9 pour les femmes et les enfants.<\/p>\n<strong><a href=\"https:\/\/www.emergencycentreforwomen.com\/\" target=\"_blank\" rel=\"noopener\">https:\/\/www.emergencycentreforwomen.com\/<br \/>\nFacebook<\/a><\/strong>\n\t\t\t\t\t<a href=\"#\"  id=\"fl-accordion--label-3\" tabindex=\"0\" aria-controls=\"fl-accordion--panel-3\">Justice et s\u00e9curit\u00e9 publique NB<\/a>\n\t\t\t\t\t\t\t\t\t\t\t<a href=\"#\" id=\"fl-accordion--icon-3\"  tabindex=\"0\"><i title=\"D\u00e9plier\">D\u00e9plier<\/i><\/a>\n\t\t\t\t\t<p>Services charg\u00e9s de l&rsquo;application de la loi, services d&rsquo;urgence et programmes de justice.<\/p>\n<p><a href=\"http:\/\/gnb.ca\" target=\"_blank\" rel=\"noopener\"><strong>http:\/\/gnb.ca\/<\/strong><\/a><\/p>\n\t\t\t\t\t<a href=\"#\"  id=\"fl-accordion--label-4\" tabindex=\"0\" aria-controls=\"fl-accordion--panel-4\">TravailNB<\/a>\n\t\t\t\t\t\t\t\t\t\t\t<a href=\"#\" id=\"fl-accordion--icon-4\"  tabindex=\"0\"><i title=\"D\u00e9plier\">D\u00e9plier<\/i><\/a>\n\t\t\t\t\t<p>Aide \u00e0 la carri\u00e8re, programmes de formation et services d&#8217;emploi.<\/p>\n<p><a href=\"https:\/\/travailnb.ca\/?_ga=2.169683556.492684811.1750253254-1238270785.1747753267\" target=\"_blank\" rel=\"noopener\"><strong>En savoir plus<\/strong><\/a><\/p>\n\t\t\t\t\t<a href=\"#\"  id=\"fl-accordion--label-5\" tabindex=\"0\" aria-controls=\"fl-accordion--panel-5\">D\u00e9veloppeur communautaire Horizon<\/a>\n\t\t\t\t\t\t\t\t\t\t\t<a href=\"#\" id=\"fl-accordion--icon-5\"  tabindex=\"0\"><i title=\"D\u00e9plier\">D\u00e9plier<\/i><\/a>\n\t\t\t\t\tAm\u00e9lioration de la sant\u00e9 communautaire gr\u00e2ce \u00e0 la sensibilisation et au d\u00e9veloppement.<br \/>\n\n<p><a href=\"https:\/\/horizonnb.ca\/fr\/accueil\/\" target=\"_blank\" rel=\"noopener\"><strong>https:\/\/horizonnb.ca\/fr\/accueil\/<\/strong><\/a><\/p>\n\n","protected":false},"excerpt":{"rendered":"<p>D\u00e9veloppement Communautaire: \u00c9CHEC AU CRIME N.-B. D\u00e9plier Ligne d&rsquo;appel anonyme pour aider \u00e0 pr\u00e9venir la criminalit\u00e9. https:\/\/crimenb.ca\/?lang=fr Miramichi Ground Search &amp; Rescue D\u00e9plier Organisation b\u00e9n\u00e9vole de recherche et de sauvetage.&hellip;<\/p>\n","protected":false},"author":1,"featured_media":0,"parent":3043,"menu_order":0,"comment_status":"closed","ping_status":"closed","template":"","meta":{"_acf_changed":false,"footnotes":""},"class_list":["post-3047","page","type-page","status-publish","hentry"],"acf":[],"yoast_head":"<!-- This site is optimized with the Yoast SEO plugin v27.4 - https:\/\/yoast.com\/product\/yoast-seo-wordpress\/ -->\n<title>S\u00e9curit\u00e9, emploi et r\u00e9silience communautaire | Greater Miramichi Service Commission<\/title>\n<meta name=\"description\" content=\"Want to learn more about the Greater Miramichi Service Commission? Visit our S\u00e9curit\u00e9, emploi et r\u00e9silience communautaire page to learn more!\" \/>\n<meta name=\"robots\" content=\"index, follow, max-snippet:-1, max-image-preview:large, max-video-preview:-1\" \/>\n<link rel=\"canonical\" href=\"https:\/\/greatermiramichisc.ca\/fr\/developpement-communautaire\/nos-partenaires\/securite-emploi-et-resilience-communautaire\/\" \/>\n<meta property=\"og:locale\" content=\"fr_FR\" \/>\n<meta property=\"og:type\" content=\"article\" \/>\n<meta property=\"og:title\" content=\"S\u00e9curit\u00e9, emploi et r\u00e9silience communautaire | Greater Miramichi Service Commission\" \/>\n<meta property=\"og:description\" content=\"Want to learn more about the Greater Miramichi Service Commission? Visit our S\u00e9curit\u00e9, emploi et r\u00e9silience communautaire page to learn more!\" \/>\n<meta property=\"og:url\" content=\"https:\/\/greatermiramichisc.ca\/fr\/developpement-communautaire\/nos-partenaires\/securite-emploi-et-resilience-communautaire\/\" \/>\n<meta property=\"og:site_name\" content=\"Greater Miramichi Service Commission\" \/>\n<meta property=\"article:modified_time\" content=\"2025-06-20T07:00:30+00:00\" \/>\n<meta property=\"og:image\" content=\"https:\/\/greatermiramichisc.ca\/wp-content\/uploads\/2025\/04\/RegionalStrategyVid.png\" \/>\n\t<meta property=\"og:image:width\" content=\"1020\" \/>\n\t<meta property=\"og:image:height\" content=\"574\" \/>\n\t<meta property=\"og:image:type\" content=\"image\/png\" \/>\n<meta name=\"twitter:card\" content=\"summary_large_image\" \/>\n<meta name=\"twitter:label1\" content=\"Dur\u00e9e de lecture estim\u00e9e\" \/>\n\t<meta name=\"twitter:data1\" content=\"1 minute\" \/>\n<script type=\"application\/ld+json\" class=\"yoast-schema-graph\">{\"@context\":\"https:\\\/\\\/schema.org\",\"@graph\":[{\"@type\":\"WebPage\",\"@id\":\"https:\\\/\\\/greatermiramichisc.ca\\\/fr\\\/developpement-communautaire\\\/nos-partenaires\\\/securite-emploi-et-resilience-communautaire\\\/\",\"url\":\"https:\\\/\\\/greatermiramichisc.ca\\\/fr\\\/developpement-communautaire\\\/nos-partenaires\\\/securite-emploi-et-resilience-communautaire\\\/\",\"name\":\"S\u00e9curit\u00e9, emploi et r\u00e9silience communautaire | Greater Miramichi Service Commission\",\"isPartOf\":{\"@id\":\"https:\\\/\\\/greatermiramichisc.ca\\\/#website\"},\"datePublished\":\"2025-05-15T19:20:49+00:00\",\"dateModified\":\"2025-06-20T07:00:30+00:00\",\"description\":\"Want to learn more about the Greater Miramichi Service Commission? Visit our S\u00e9curit\u00e9, emploi et r\u00e9silience communautaire page to learn more!\",\"breadcrumb\":{\"@id\":\"https:\\\/\\\/greatermiramichisc.ca\\\/fr\\\/developpement-communautaire\\\/nos-partenaires\\\/securite-emploi-et-resilience-communautaire\\\/#breadcrumb\"},\"inLanguage\":\"fr-FR\",\"potentialAction\":[{\"@type\":\"ReadAction\",\"target\":[\"https:\\\/\\\/greatermiramichisc.ca\\\/fr\\\/developpement-communautaire\\\/nos-partenaires\\\/securite-emploi-et-resilience-communautaire\\\/\"]}]},{\"@type\":\"BreadcrumbList\",\"@id\":\"https:\\\/\\\/greatermiramichisc.ca\\\/fr\\\/developpement-communautaire\\\/nos-partenaires\\\/securite-emploi-et-resilience-communautaire\\\/#breadcrumb\",\"itemListElement\":[{\"@type\":\"ListItem\",\"position\":1,\"name\":\"Home\",\"item\":\"https:\\\/\\\/greatermiramichisc.ca\\\/fr\\\/\"},{\"@type\":\"ListItem\",\"position\":2,\"name\":\"D\u00e9veloppement Communautaire\",\"item\":\"https:\\\/\\\/greatermiramichisc.ca\\\/fr\\\/developpement-communautaire\\\/\"},{\"@type\":\"ListItem\",\"position\":3,\"name\":\"Nos partenaires\",\"item\":\"https:\\\/\\\/greatermiramichisc.ca\\\/fr\\\/developpement-communautaire\\\/nos-partenaires\\\/\"},{\"@type\":\"ListItem\",\"position\":4,\"name\":\"S\u00e9curit\u00e9, emploi et r\u00e9silience communautaire\"}]},{\"@type\":\"WebSite\",\"@id\":\"https:\\\/\\\/greatermiramichisc.ca\\\/#website\",\"url\":\"https:\\\/\\\/greatermiramichisc.ca\\\/\",\"name\":\"Greater Miramichi Service Commission\",\"description\":\"Welcome to the Miramichi region.\",\"publisher\":{\"@id\":\"https:\\\/\\\/greatermiramichisc.ca\\\/#organization\"},\"alternateName\":\"GMSC\",\"potentialAction\":[{\"@type\":\"SearchAction\",\"target\":{\"@type\":\"EntryPoint\",\"urlTemplate\":\"https:\\\/\\\/greatermiramichisc.ca\\\/?s={search_term_string}\"},\"query-input\":{\"@type\":\"PropertyValueSpecification\",\"valueRequired\":true,\"valueName\":\"search_term_string\"}}],\"inLanguage\":\"fr-FR\"},{\"@type\":\"Organization\",\"@id\":\"https:\\\/\\\/greatermiramichisc.ca\\\/#organization\",\"name\":\"Greater Miramichi Service Commission\",\"alternateName\":\"GMSC\",\"url\":\"https:\\\/\\\/greatermiramichisc.ca\\\/\",\"logo\":{\"@type\":\"ImageObject\",\"inLanguage\":\"fr-FR\",\"@id\":\"https:\\\/\\\/greatermiramichisc.ca\\\/#\\\/schema\\\/logo\\\/image\\\/\",\"url\":\"https:\\\/\\\/greatermiramichisc.ca\\\/wp-content\\\/uploads\\\/2024\\\/12\\\/NAV-Logo.png\",\"contentUrl\":\"https:\\\/\\\/greatermiramichisc.ca\\\/wp-content\\\/uploads\\\/2024\\\/12\\\/NAV-Logo.png\",\"width\":1140,\"height\":345,\"caption\":\"Greater Miramichi Service Commission\"},\"image\":{\"@id\":\"https:\\\/\\\/greatermiramichisc.ca\\\/#\\\/schema\\\/logo\\\/image\\\/\"}}]}<\/script>\n<!-- \/ Yoast SEO plugin. -->","yoast_head_json":{"title":"S\u00e9curit\u00e9, emploi et r\u00e9silience communautaire | Greater Miramichi Service Commission","description":"Want to learn more about the Greater Miramichi Service Commission? Visit our S\u00e9curit\u00e9, emploi et r\u00e9silience communautaire page to learn more!","robots":{"index":"index","follow":"follow","max-snippet":"max-snippet:-1","max-image-preview":"max-image-preview:large","max-video-preview":"max-video-preview:-1"},"canonical":"https:\/\/greatermiramichisc.ca\/fr\/developpement-communautaire\/nos-partenaires\/securite-emploi-et-resilience-communautaire\/","og_locale":"fr_FR","og_type":"article","og_title":"S\u00e9curit\u00e9, emploi et r\u00e9silience communautaire | Greater Miramichi Service Commission","og_description":"Want to learn more about the Greater Miramichi Service Commission? Visit our S\u00e9curit\u00e9, emploi et r\u00e9silience communautaire page to learn more!","og_url":"https:\/\/greatermiramichisc.ca\/fr\/developpement-communautaire\/nos-partenaires\/securite-emploi-et-resilience-communautaire\/","og_site_name":"Greater Miramichi Service Commission","article_modified_time":"2025-06-20T07:00:30+00:00","og_image":[{"width":1020,"height":574,"url":"https:\/\/greatermiramichisc.ca\/wp-content\/uploads\/2025\/04\/RegionalStrategyVid.png","type":"image\/png"}],"twitter_card":"summary_large_image","twitter_misc":{"Dur\u00e9e de lecture estim\u00e9e":"1 minute"},"schema":{"@context":"https:\/\/schema.org","@graph":[{"@type":"WebPage","@id":"https:\/\/greatermiramichisc.ca\/fr\/developpement-communautaire\/nos-partenaires\/securite-emploi-et-resilience-communautaire\/","url":"https:\/\/greatermiramichisc.ca\/fr\/developpement-communautaire\/nos-partenaires\/securite-emploi-et-resilience-communautaire\/","name":"S\u00e9curit\u00e9, emploi et r\u00e9silience communautaire | Greater Miramichi Service Commission","isPartOf":{"@id":"https:\/\/greatermiramichisc.ca\/#website"},"datePublished":"2025-05-15T19:20:49+00:00","dateModified":"2025-06-20T07:00:30+00:00","description":"Want to learn more about the Greater Miramichi Service Commission? Visit our S\u00e9curit\u00e9, emploi et r\u00e9silience communautaire page to learn more!","breadcrumb":{"@id":"https:\/\/greatermiramichisc.ca\/fr\/developpement-communautaire\/nos-partenaires\/securite-emploi-et-resilience-communautaire\/#breadcrumb"},"inLanguage":"fr-FR","potentialAction":[{"@type":"ReadAction","target":["https:\/\/greatermiramichisc.ca\/fr\/developpement-communautaire\/nos-partenaires\/securite-emploi-et-resilience-communautaire\/"]}]},{"@type":"BreadcrumbList","@id":"https:\/\/greatermiramichisc.ca\/fr\/developpement-communautaire\/nos-partenaires\/securite-emploi-et-resilience-communautaire\/#breadcrumb","itemListElement":[{"@type":"ListItem","position":1,"name":"Home","item":"https:\/\/greatermiramichisc.ca\/fr\/"},{"@type":"ListItem","position":2,"name":"D\u00e9veloppement Communautaire","item":"https:\/\/greatermiramichisc.ca\/fr\/developpement-communautaire\/"},{"@type":"ListItem","position":3,"name":"Nos partenaires","item":"https:\/\/greatermiramichisc.ca\/fr\/developpement-communautaire\/nos-partenaires\/"},{"@type":"ListItem","position":4,"name":"S\u00e9curit\u00e9, emploi et r\u00e9silience communautaire"}]},{"@type":"WebSite","@id":"https:\/\/greatermiramichisc.ca\/#website","url":"https:\/\/greatermiramichisc.ca\/","name":"Greater Miramichi Service Commission","description":"Welcome to the Miramichi region.","publisher":{"@id":"https:\/\/greatermiramichisc.ca\/#organization"},"alternateName":"GMSC","potentialAction":[{"@type":"SearchAction","target":{"@type":"EntryPoint","urlTemplate":"https:\/\/greatermiramichisc.ca\/?s={search_term_string}"},"query-input":{"@type":"PropertyValueSpecification","valueRequired":true,"valueName":"search_term_string"}}],"inLanguage":"fr-FR"},{"@type":"Organization","@id":"https:\/\/greatermiramichisc.ca\/#organization","name":"Greater Miramichi Service Commission","alternateName":"GMSC","url":"https:\/\/greatermiramichisc.ca\/","logo":{"@type":"ImageObject","inLanguage":"fr-FR","@id":"https:\/\/greatermiramichisc.ca\/#\/schema\/logo\/image\/","url":"https:\/\/greatermiramichisc.ca\/wp-content\/uploads\/2024\/12\/NAV-Logo.png","contentUrl":"https:\/\/greatermiramichisc.ca\/wp-content\/uploads\/2024\/12\/NAV-Logo.png","width":1140,"height":345,"caption":"Greater Miramichi Service Commission"},"image":{"@id":"https:\/\/greatermiramichisc.ca\/#\/schema\/logo\/image\/"}}]}},"_links":{"self":[{"href":"https:\/\/greatermiramichisc.ca\/fr\/wp-json\/wp\/v2\/pages\/3047","targetHints":{"allow":["GET"]}}],"collection":[{"href":"https:\/\/greatermiramichisc.ca\/fr\/wp-json\/wp\/v2\/pages"}],"about":[{"href":"https:\/\/greatermiramichisc.ca\/fr\/wp-json\/wp\/v2\/types\/page"}],"author":[{"embeddable":true,"href":"https:\/\/greatermiramichisc.ca\/fr\/wp-json\/wp\/v2\/users\/1"}],"replies":[{"embeddable":true,"href":"https:\/\/greatermiramichisc.ca\/fr\/wp-json\/wp\/v2\/comments?post=3047"}],"version-history":[{"count":3,"href":"https:\/\/greatermiramichisc.ca\/fr\/wp-json\/wp\/v2\/pages\/3047\/revisions"}],"predecessor-version":[{"id":3913,"href":"https:\/\/greatermiramichisc.ca\/fr\/wp-json\/wp\/v2\/pages\/3047\/revisions\/3913"}],"up":[{"embeddable":true,"href":"https:\/\/greatermiramichisc.ca\/fr\/wp-json\/wp\/v2\/pages\/3043"}],"wp:attachment":[{"href":"https:\/\/greatermiramichisc.ca\/fr\/wp-json\/wp\/v2\/media?parent=3047"}],"curies":[{"name":"wp","href":"https:\/\/api.w.org\/{rel}","templated":true}]}}