{"id":3050,"date":"2025-05-15T15:31:19","date_gmt":"2025-05-15T15:31:19","guid":{"rendered":"https:\/\/greatermiramichisc.ca\/community-development\/urban-rural-rides\/"},"modified":"2025-08-26T14:33:16","modified_gmt":"2025-08-26T14:33:16","slug":"mirconnexfr","status":"publish","type":"page","link":"https:\/\/greatermiramichisc.ca\/fr\/developpement-communautaire\/mirconnexfr\/","title":{"rendered":"MirConnex"},"content":{"rendered":"\r\n<h2>\r\n\t\t<a href=\"https:\/\/greatermiramichisc.ca\/fr\/developpement-communautaire\/\" title=\"D\u00e9veloppement Communautaire:\"  target=\"_self\">\r\n\t\t\tD\u00e9veloppement Communautaire:\t\t<\/a>\r\n\t<\/h2>\r\n\t<nav aria-label=\"breadcrumbs\">\n            <div class=\"breadcrumb-container theme1\">\n                <ol>\n                                    <\/ol>\n            <\/div>\n        <\/nav>    <script type=\"application\/ld+json\">\n        {\n            \"@context\": \"http:\/\/schema.org\",\n            \"@type\": \"BreadcrumbList\",\n            \"itemListElement\": [\n                            ]\n        }\n    <\/script>\n   \n    <script>\n            <\/script>\n\r\n\r\n\t<p>Transport Urbain\/Rural propose un service de transport porte-\u00e0-porte aux gens qui ont peu ou pas acc\u00e8s aux transports en commun, surtout dans les zones rurales ou mal desservies. Ce service, assur\u00e9 par des chauffeurs b\u00e9n\u00e9voles avec leur propre voiture, aide les gens \u00e0 se rendre \u00e0 des endroits importants comme les rendez-vous m\u00e9dicaux, les supermarch\u00e9s ou les services communautaires.<\/p>\r\n<p>Le programme aide les gens qui ont peu de moyens et qui n&rsquo;ont pas d&rsquo;autres moyens de transport. Les trajets doivent \u00eatre r\u00e9serv\u00e9s \u00e0 l&rsquo;avance et sont disponibles pendant les heures normales de bureau, selon la disponibilit\u00e9 des chauffeurs. Les b\u00e9n\u00e9voles sont rembours\u00e9s pour leurs frais de d\u00e9placement et les clients paient un tarif abordable bas\u00e9 sur un bar\u00e8me fixe.<\/p>\r\n<h2>\r\n\t\t\tNos objectifs\t<\/h2>\r\n\t<ul>\r\n<li>Offrir un service de transport s\u00fbr, inclusif et abordable.<\/li>\r\n<li>Aider les gens qui n&rsquo;ont pas acc\u00e8s \u00e0 d&rsquo;autres moyens de transport.<\/li>\r\n<\/ul>\r\n<h2>\r\n\t\t\tPartenaires de service\t<\/h2>\r\n\t<p>Ce programme \u00e0 but non lucratif est un partenariat entre le <a href=\"https:\/\/inclusionnorthumberland.ca\/\" target=\"_blank\" rel=\"noopener\"><strong>Northumberland Community Inclusion Network<\/strong><\/a> et la Commission de service du Grand Miramichi, avec le soutien de la <a href=\"https:\/\/www2.gnb.ca\/content\/gnb\/fr\/ministeres\/sies.html\" target=\"_blank\" rel=\"noopener\"><strong>Soci\u00e9t\u00e9 d&rsquo;inclusion \u00e9conomique et sociale (SIES)<\/strong><\/a> par le biais de la subvention pour le transport communautaire.<\/p>\r\n<h2>\r\n\t\t\tJoignez-vous \u00e0 nous\t<\/h2>\r\n\t<p>Vous avez un v\u00e9hicule et quelques heures \u00e0 donner ? Vous pouvez aider \u00e0 changer des vies, un trajet \u00e0 la fois.<\/p>\r\n<ul>\r\n<li>Faites du b\u00e9n\u00e9volat selon votre horaire<\/li>\r\n<li>Le kilom\u00e9trage est rembours\u00e9<\/li>\r\n<li>Votre s\u00e9curit\u00e9 et celle de nos passagers sont notre priorit\u00e9 absolue<\/li>\r\n<\/ul>\r\n<p>Aucun engagement \u00e0 long terme. Juste un impact significatif.<\/p>\r\n<p><strong>Rejoignez notre \u00e9quipe de chauffeurs b\u00e9n\u00e9voles attentionn\u00e9s d\u00e8s aujourd&rsquo;hui !<\/strong><\/p>\r\n\t\t\t<a href=\"https:\/\/urbanruralrides.ca\/fr\/accueil\/\" target=\"_blank\" rel=\"noopener\">\r\n\t\t\t\t\t\t\tEn savoir plus sur le programme \r\n\t\t\t\t\t<\/a>\r\n\r\n","protected":false},"excerpt":{"rendered":"<p>D\u00e9veloppement Communautaire: Transport Urbain\/Rural propose un service de transport porte-\u00e0-porte aux gens qui ont peu ou pas acc\u00e8s aux transports en commun, surtout dans les zones rurales ou mal desservies.&hellip;<\/p>\n","protected":false},"author":1,"featured_media":0,"parent":3034,"menu_order":0,"comment_status":"closed","ping_status":"closed","template":"","meta":{"_acf_changed":false,"footnotes":""},"class_list":["post-3050","page","type-page","status-publish","hentry"],"acf":[],"yoast_head":"<!-- This site is optimized with the Yoast SEO plugin v27.4 - https:\/\/yoast.com\/product\/yoast-seo-wordpress\/ -->\n<title>MirConnex | Greater Miramichi Service Commission<\/title>\n<meta name=\"description\" content=\"Want to learn more about the Greater Miramichi Service Commission? Visit our MirConnex page to learn more!\" \/>\n<meta name=\"robots\" content=\"index, follow, max-snippet:-1, max-image-preview:large, max-video-preview:-1\" \/>\n<link rel=\"canonical\" href=\"https:\/\/greatermiramichisc.ca\/fr\/developpement-communautaire\/mirconnexfr\/\" \/>\n<meta property=\"og:locale\" content=\"fr_FR\" \/>\n<meta property=\"og:type\" content=\"article\" \/>\n<meta property=\"og:title\" content=\"MirConnex | Greater Miramichi Service Commission\" \/>\n<meta property=\"og:description\" content=\"Want to learn more about the Greater Miramichi Service Commission? Visit our MirConnex page to learn more!\" \/>\n<meta property=\"og:url\" content=\"https:\/\/greatermiramichisc.ca\/fr\/developpement-communautaire\/mirconnexfr\/\" \/>\n<meta property=\"og:site_name\" content=\"Greater Miramichi Service Commission\" \/>\n<meta property=\"article:modified_time\" content=\"2025-08-26T14:33:16+00:00\" \/>\n<meta property=\"og:image\" content=\"https:\/\/greatermiramichisc.ca\/wp-content\/uploads\/2025\/04\/RegionalStrategyVid.png\" \/>\n\t<meta property=\"og:image:width\" content=\"1020\" \/>\n\t<meta property=\"og:image:height\" content=\"574\" \/>\n\t<meta property=\"og:image:type\" content=\"image\/png\" \/>\n<meta name=\"twitter:card\" content=\"summary_large_image\" \/>\n<meta name=\"twitter:label1\" content=\"Dur\u00e9e de lecture estim\u00e9e\" \/>\n\t<meta name=\"twitter:data1\" content=\"1 minute\" \/>\n<script type=\"application\/ld+json\" class=\"yoast-schema-graph\">{\"@context\":\"https:\\\/\\\/schema.org\",\"@graph\":[{\"@type\":\"WebPage\",\"@id\":\"https:\\\/\\\/greatermiramichisc.ca\\\/fr\\\/developpement-communautaire\\\/mirconnexfr\\\/\",\"url\":\"https:\\\/\\\/greatermiramichisc.ca\\\/fr\\\/developpement-communautaire\\\/mirconnexfr\\\/\",\"name\":\"MirConnex | Greater Miramichi Service Commission\",\"isPartOf\":{\"@id\":\"https:\\\/\\\/greatermiramichisc.ca\\\/#website\"},\"datePublished\":\"2025-05-15T15:31:19+00:00\",\"dateModified\":\"2025-08-26T14:33:16+00:00\",\"description\":\"Want to learn more about the Greater Miramichi Service Commission? Visit our MirConnex page to learn more!\",\"breadcrumb\":{\"@id\":\"https:\\\/\\\/greatermiramichisc.ca\\\/fr\\\/developpement-communautaire\\\/mirconnexfr\\\/#breadcrumb\"},\"inLanguage\":\"fr-FR\",\"potentialAction\":[{\"@type\":\"ReadAction\",\"target\":[\"https:\\\/\\\/greatermiramichisc.ca\\\/fr\\\/developpement-communautaire\\\/mirconnexfr\\\/\"]}]},{\"@type\":\"BreadcrumbList\",\"@id\":\"https:\\\/\\\/greatermiramichisc.ca\\\/fr\\\/developpement-communautaire\\\/mirconnexfr\\\/#breadcrumb\",\"itemListElement\":[{\"@type\":\"ListItem\",\"position\":1,\"name\":\"Home\",\"item\":\"https:\\\/\\\/greatermiramichisc.ca\\\/fr\\\/\"},{\"@type\":\"ListItem\",\"position\":2,\"name\":\"D\u00e9veloppement Communautaire\",\"item\":\"https:\\\/\\\/greatermiramichisc.ca\\\/fr\\\/developpement-communautaire\\\/\"},{\"@type\":\"ListItem\",\"position\":3,\"name\":\"MirConnex\"}]},{\"@type\":\"WebSite\",\"@id\":\"https:\\\/\\\/greatermiramichisc.ca\\\/#website\",\"url\":\"https:\\\/\\\/greatermiramichisc.ca\\\/\",\"name\":\"Greater Miramichi Service Commission\",\"description\":\"Welcome to the Miramichi region.\",\"publisher\":{\"@id\":\"https:\\\/\\\/greatermiramichisc.ca\\\/#organization\"},\"alternateName\":\"GMSC\",\"potentialAction\":[{\"@type\":\"SearchAction\",\"target\":{\"@type\":\"EntryPoint\",\"urlTemplate\":\"https:\\\/\\\/greatermiramichisc.ca\\\/?s={search_term_string}\"},\"query-input\":{\"@type\":\"PropertyValueSpecification\",\"valueRequired\":true,\"valueName\":\"search_term_string\"}}],\"inLanguage\":\"fr-FR\"},{\"@type\":\"Organization\",\"@id\":\"https:\\\/\\\/greatermiramichisc.ca\\\/#organization\",\"name\":\"Greater Miramichi Service Commission\",\"alternateName\":\"GMSC\",\"url\":\"https:\\\/\\\/greatermiramichisc.ca\\\/\",\"logo\":{\"@type\":\"ImageObject\",\"inLanguage\":\"fr-FR\",\"@id\":\"https:\\\/\\\/greatermiramichisc.ca\\\/#\\\/schema\\\/logo\\\/image\\\/\",\"url\":\"https:\\\/\\\/greatermiramichisc.ca\\\/wp-content\\\/uploads\\\/2024\\\/12\\\/NAV-Logo.png\",\"contentUrl\":\"https:\\\/\\\/greatermiramichisc.ca\\\/wp-content\\\/uploads\\\/2024\\\/12\\\/NAV-Logo.png\",\"width\":1140,\"height\":345,\"caption\":\"Greater Miramichi Service Commission\"},\"image\":{\"@id\":\"https:\\\/\\\/greatermiramichisc.ca\\\/#\\\/schema\\\/logo\\\/image\\\/\"}}]}<\/script>\n<!-- \/ Yoast SEO plugin. -->","yoast_head_json":{"title":"MirConnex | Greater Miramichi Service Commission","description":"Want to learn more about the Greater Miramichi Service Commission? Visit our MirConnex page to learn more!","robots":{"index":"index","follow":"follow","max-snippet":"max-snippet:-1","max-image-preview":"max-image-preview:large","max-video-preview":"max-video-preview:-1"},"canonical":"https:\/\/greatermiramichisc.ca\/fr\/developpement-communautaire\/mirconnexfr\/","og_locale":"fr_FR","og_type":"article","og_title":"MirConnex | Greater Miramichi Service Commission","og_description":"Want to learn more about the Greater Miramichi Service Commission? Visit our MirConnex page to learn more!","og_url":"https:\/\/greatermiramichisc.ca\/fr\/developpement-communautaire\/mirconnexfr\/","og_site_name":"Greater Miramichi Service Commission","article_modified_time":"2025-08-26T14:33:16+00:00","og_image":[{"width":1020,"height":574,"url":"https:\/\/greatermiramichisc.ca\/wp-content\/uploads\/2025\/04\/RegionalStrategyVid.png","type":"image\/png"}],"twitter_card":"summary_large_image","twitter_misc":{"Dur\u00e9e de lecture estim\u00e9e":"1 minute"},"schema":{"@context":"https:\/\/schema.org","@graph":[{"@type":"WebPage","@id":"https:\/\/greatermiramichisc.ca\/fr\/developpement-communautaire\/mirconnexfr\/","url":"https:\/\/greatermiramichisc.ca\/fr\/developpement-communautaire\/mirconnexfr\/","name":"MirConnex | Greater Miramichi Service Commission","isPartOf":{"@id":"https:\/\/greatermiramichisc.ca\/#website"},"datePublished":"2025-05-15T15:31:19+00:00","dateModified":"2025-08-26T14:33:16+00:00","description":"Want to learn more about the Greater Miramichi Service Commission? Visit our MirConnex page to learn more!","breadcrumb":{"@id":"https:\/\/greatermiramichisc.ca\/fr\/developpement-communautaire\/mirconnexfr\/#breadcrumb"},"inLanguage":"fr-FR","potentialAction":[{"@type":"ReadAction","target":["https:\/\/greatermiramichisc.ca\/fr\/developpement-communautaire\/mirconnexfr\/"]}]},{"@type":"BreadcrumbList","@id":"https:\/\/greatermiramichisc.ca\/fr\/developpement-communautaire\/mirconnexfr\/#breadcrumb","itemListElement":[{"@type":"ListItem","position":1,"name":"Home","item":"https:\/\/greatermiramichisc.ca\/fr\/"},{"@type":"ListItem","position":2,"name":"D\u00e9veloppement Communautaire","item":"https:\/\/greatermiramichisc.ca\/fr\/developpement-communautaire\/"},{"@type":"ListItem","position":3,"name":"MirConnex"}]},{"@type":"WebSite","@id":"https:\/\/greatermiramichisc.ca\/#website","url":"https:\/\/greatermiramichisc.ca\/","name":"Greater Miramichi Service Commission","description":"Welcome to the Miramichi region.","publisher":{"@id":"https:\/\/greatermiramichisc.ca\/#organization"},"alternateName":"GMSC","potentialAction":[{"@type":"SearchAction","target":{"@type":"EntryPoint","urlTemplate":"https:\/\/greatermiramichisc.ca\/?s={search_term_string}"},"query-input":{"@type":"PropertyValueSpecification","valueRequired":true,"valueName":"search_term_string"}}],"inLanguage":"fr-FR"},{"@type":"Organization","@id":"https:\/\/greatermiramichisc.ca\/#organization","name":"Greater Miramichi Service Commission","alternateName":"GMSC","url":"https:\/\/greatermiramichisc.ca\/","logo":{"@type":"ImageObject","inLanguage":"fr-FR","@id":"https:\/\/greatermiramichisc.ca\/#\/schema\/logo\/image\/","url":"https:\/\/greatermiramichisc.ca\/wp-content\/uploads\/2024\/12\/NAV-Logo.png","contentUrl":"https:\/\/greatermiramichisc.ca\/wp-content\/uploads\/2024\/12\/NAV-Logo.png","width":1140,"height":345,"caption":"Greater Miramichi Service Commission"},"image":{"@id":"https:\/\/greatermiramichisc.ca\/#\/schema\/logo\/image\/"}}]}},"_links":{"self":[{"href":"https:\/\/greatermiramichisc.ca\/fr\/wp-json\/wp\/v2\/pages\/3050","targetHints":{"allow":["GET"]}}],"collection":[{"href":"https:\/\/greatermiramichisc.ca\/fr\/wp-json\/wp\/v2\/pages"}],"about":[{"href":"https:\/\/greatermiramichisc.ca\/fr\/wp-json\/wp\/v2\/types\/page"}],"author":[{"embeddable":true,"href":"https:\/\/greatermiramichisc.ca\/fr\/wp-json\/wp\/v2\/users\/1"}],"replies":[{"embeddable":true,"href":"https:\/\/greatermiramichisc.ca\/fr\/wp-json\/wp\/v2\/comments?post=3050"}],"version-history":[{"count":4,"href":"https:\/\/greatermiramichisc.ca\/fr\/wp-json\/wp\/v2\/pages\/3050\/revisions"}],"predecessor-version":[{"id":5102,"href":"https:\/\/greatermiramichisc.ca\/fr\/wp-json\/wp\/v2\/pages\/3050\/revisions\/5102"}],"up":[{"embeddable":true,"href":"https:\/\/greatermiramichisc.ca\/fr\/wp-json\/wp\/v2\/pages\/3034"}],"wp:attachment":[{"href":"https:\/\/greatermiramichisc.ca\/fr\/wp-json\/wp\/v2\/media?parent=3050"}],"curies":[{"name":"wp","href":"https:\/\/api.w.org\/{rel}","templated":true}]}}