{"id":3052,"date":"2025-04-13T09:09:06","date_gmt":"2025-04-13T09:09:06","guid":{"rendered":"https:\/\/greatermiramichisc.ca\/development\/building-inspection-services\/"},"modified":"2025-06-23T17:42:55","modified_gmt":"2025-06-23T17:42:55","slug":"services-dinspection-des-batiments","status":"publish","type":"page","link":"https:\/\/greatermiramichisc.ca\/fr\/services-damenagement\/services-dinspection-des-batiments\/","title":{"rendered":"Services d\u2019inspection des b\u00e2timents"},"content":{"rendered":"\n<h2>\n\t\t<a href=\"https:\/\/greatermiramichisc.ca\/fr\/services-damenagement\/\" title=\"Services d&#039;am\u00e9nagement:\"  target=\"_self\">\n\t\t\tServices d&rsquo;am\u00e9nagement:\t\t<\/a>\n\t<\/h2>\n\t<nav aria-label=\"breadcrumbs\">\n            <div class=\"breadcrumb-container theme1\">\n                <ol>\n                                    <\/ol>\n            <\/div>\n        <\/nav>    <script type=\"application\/ld+json\">\n        {\n            \"@context\": \"http:\/\/schema.org\",\n            \"@type\": \"BreadcrumbList\",\n            \"itemListElement\": [\n                            ]\n        }\n    <\/script>\n   \n    <script>\n            <\/script>\n\n<h2>\n\t\t\tServices d&rsquo;inspection des b\u00e2timents\t<\/h2>\n\t<p>Tu pr\u00e9vois des travaux de construction ou de r\u00e9novation? Notre \u00e9quipe est l\u00e0 pour s&rsquo;assurer que tout se passe bien, que tout respecte les r\u00e8gles et que tu sois satisfait du r\u00e9sultat. La Commission de servcies du Grand Miramichi offre des services d&rsquo;inspection professionnelle des b\u00e2timents pour t&rsquo;aider \u00e0 chaque \u00e9tape, de l&rsquo;obtention des permis \u00e0 l&rsquo;approbation finale.<\/p>\n<h2>\n\t\t\tNos inspecteurs en b\u00e2timent certifi\u00e9s (reconnus par la NBBOA) offrent :\t<\/h2>\n\t<ul>\n<li>Des conseils sur les demandes de permis et les r\u00e8glements en mati\u00e8re de construction.<\/li>\n<li>L&rsquo;examen et la d\u00e9livrance des permis de construire\/d&rsquo;am\u00e9nagement.<\/li>\n<li>Des inspections pour tous les projets relevant du Code national du b\u00e2timent.<\/li>\n<li>Des inspections obligatoires sont requises \u00e0 chaque phase de la construction.<\/li>\n<\/ul>\n\t<p>Demande une inspection en remplissant le formulaire ci-dessous ou en appelant le 506-778-5359 (du lundi au vendredi, de 8 h \u00e0 16 h). Les messages vocaux sont consult\u00e9s quotidiennement.<\/p>\n\t<iframe\n      id=\"JotFormIFrame-251733229518257\"\n      title=\"French - Building Inspection Services\"\n      onload=\"window.parent.scrollTo(0,0)\"\n      allowtransparency=\"true\"\n      allow=\"geolocation; microphone; camera; fullscreen; payment\"\n      src=\"https:\/\/form.jotform.com\/251733229518257\"\n      frameborder=\"0\"\n      scrolling=\"no\"><br \/>\n    <\/iframe><br \/>\n    <br \/>\n    \n<h2>\n\t\t\tBesoin de plus d&rsquo;informations ?\t<\/h2>\n\t\t\t<a href=\"https:\/\/greatermiramichisc.ca\/fr\/about\/contactez-nous\/\" target=\"_self\">\n\t\t\t\t\t\t\tContactez-nous\n\t\t\t\t\t<\/a>\n\n","protected":false},"excerpt":{"rendered":"<p>Services d&rsquo;am\u00e9nagement: Services d&rsquo;inspection des b\u00e2timents Tu pr\u00e9vois des travaux de construction ou de r\u00e9novation? Notre \u00e9quipe est l\u00e0 pour s&rsquo;assurer que tout se passe bien, que tout respecte les&hellip;<\/p>\n","protected":false},"author":1,"featured_media":0,"parent":3051,"menu_order":0,"comment_status":"closed","ping_status":"closed","template":"","meta":{"_acf_changed":false,"footnotes":""},"class_list":["post-3052","page","type-page","status-publish","hentry"],"acf":[],"yoast_head":"<!-- This site is optimized with the Yoast SEO plugin v27.4 - https:\/\/yoast.com\/product\/yoast-seo-wordpress\/ -->\n<title>Services d\u2019inspection des b\u00e2timents | Greater Miramichi Service Commission<\/title>\n<meta name=\"description\" content=\"Want to learn more about the Greater Miramichi Service Commission? Visit our Services d\u2019inspection des b\u00e2timents page to learn more!\" \/>\n<meta name=\"robots\" content=\"index, follow, max-snippet:-1, max-image-preview:large, max-video-preview:-1\" \/>\n<link rel=\"canonical\" href=\"https:\/\/greatermiramichisc.ca\/fr\/services-damenagement\/services-dinspection-des-batiments\/\" \/>\n<meta property=\"og:locale\" content=\"fr_FR\" \/>\n<meta property=\"og:type\" content=\"article\" \/>\n<meta property=\"og:title\" content=\"Services d\u2019inspection des b\u00e2timents | Greater Miramichi Service Commission\" \/>\n<meta property=\"og:description\" content=\"Want to learn more about the Greater Miramichi Service Commission? Visit our Services d\u2019inspection des b\u00e2timents page to learn more!\" \/>\n<meta property=\"og:url\" content=\"https:\/\/greatermiramichisc.ca\/fr\/services-damenagement\/services-dinspection-des-batiments\/\" \/>\n<meta property=\"og:site_name\" content=\"Greater Miramichi Service Commission\" \/>\n<meta property=\"article:modified_time\" content=\"2025-06-23T17:42:55+00:00\" \/>\n<meta property=\"og:image\" content=\"https:\/\/greatermiramichisc.ca\/wp-content\/uploads\/2025\/04\/RegionalStrategyVid.png\" \/>\n\t<meta property=\"og:image:width\" content=\"1020\" \/>\n\t<meta property=\"og:image:height\" content=\"574\" \/>\n\t<meta property=\"og:image:type\" content=\"image\/png\" \/>\n<meta name=\"twitter:card\" content=\"summary_large_image\" \/>\n<meta name=\"twitter:label1\" content=\"Dur\u00e9e de lecture estim\u00e9e\" \/>\n\t<meta name=\"twitter:data1\" content=\"1 minute\" \/>\n<script type=\"application\/ld+json\" class=\"yoast-schema-graph\">{\"@context\":\"https:\\\/\\\/schema.org\",\"@graph\":[{\"@type\":\"WebPage\",\"@id\":\"https:\\\/\\\/greatermiramichisc.ca\\\/fr\\\/services-damenagement\\\/services-dinspection-des-batiments\\\/\",\"url\":\"https:\\\/\\\/greatermiramichisc.ca\\\/fr\\\/services-damenagement\\\/services-dinspection-des-batiments\\\/\",\"name\":\"Services d\u2019inspection des b\u00e2timents | Greater Miramichi Service Commission\",\"isPartOf\":{\"@id\":\"https:\\\/\\\/greatermiramichisc.ca\\\/#website\"},\"datePublished\":\"2025-04-13T09:09:06+00:00\",\"dateModified\":\"2025-06-23T17:42:55+00:00\",\"description\":\"Want to learn more about the Greater Miramichi Service Commission? Visit our Services d\u2019inspection des b\u00e2timents page to learn more!\",\"breadcrumb\":{\"@id\":\"https:\\\/\\\/greatermiramichisc.ca\\\/fr\\\/services-damenagement\\\/services-dinspection-des-batiments\\\/#breadcrumb\"},\"inLanguage\":\"fr-FR\",\"potentialAction\":[{\"@type\":\"ReadAction\",\"target\":[\"https:\\\/\\\/greatermiramichisc.ca\\\/fr\\\/services-damenagement\\\/services-dinspection-des-batiments\\\/\"]}]},{\"@type\":\"BreadcrumbList\",\"@id\":\"https:\\\/\\\/greatermiramichisc.ca\\\/fr\\\/services-damenagement\\\/services-dinspection-des-batiments\\\/#breadcrumb\",\"itemListElement\":[{\"@type\":\"ListItem\",\"position\":1,\"name\":\"Home\",\"item\":\"https:\\\/\\\/greatermiramichisc.ca\\\/fr\\\/\"},{\"@type\":\"ListItem\",\"position\":2,\"name\":\"Services d&rsquo;am\u00e9nagement\",\"item\":\"https:\\\/\\\/greatermiramichisc.ca\\\/fr\\\/services-damenagement\\\/\"},{\"@type\":\"ListItem\",\"position\":3,\"name\":\"Services d\u2019inspection des b\u00e2timents\"}]},{\"@type\":\"WebSite\",\"@id\":\"https:\\\/\\\/greatermiramichisc.ca\\\/#website\",\"url\":\"https:\\\/\\\/greatermiramichisc.ca\\\/\",\"name\":\"Greater Miramichi Service Commission\",\"description\":\"Welcome to the Miramichi region.\",\"publisher\":{\"@id\":\"https:\\\/\\\/greatermiramichisc.ca\\\/#organization\"},\"alternateName\":\"GMSC\",\"potentialAction\":[{\"@type\":\"SearchAction\",\"target\":{\"@type\":\"EntryPoint\",\"urlTemplate\":\"https:\\\/\\\/greatermiramichisc.ca\\\/?s={search_term_string}\"},\"query-input\":{\"@type\":\"PropertyValueSpecification\",\"valueRequired\":true,\"valueName\":\"search_term_string\"}}],\"inLanguage\":\"fr-FR\"},{\"@type\":\"Organization\",\"@id\":\"https:\\\/\\\/greatermiramichisc.ca\\\/#organization\",\"name\":\"Greater Miramichi Service Commission\",\"alternateName\":\"GMSC\",\"url\":\"https:\\\/\\\/greatermiramichisc.ca\\\/\",\"logo\":{\"@type\":\"ImageObject\",\"inLanguage\":\"fr-FR\",\"@id\":\"https:\\\/\\\/greatermiramichisc.ca\\\/#\\\/schema\\\/logo\\\/image\\\/\",\"url\":\"https:\\\/\\\/greatermiramichisc.ca\\\/wp-content\\\/uploads\\\/2024\\\/12\\\/NAV-Logo.png\",\"contentUrl\":\"https:\\\/\\\/greatermiramichisc.ca\\\/wp-content\\\/uploads\\\/2024\\\/12\\\/NAV-Logo.png\",\"width\":1140,\"height\":345,\"caption\":\"Greater Miramichi Service Commission\"},\"image\":{\"@id\":\"https:\\\/\\\/greatermiramichisc.ca\\\/#\\\/schema\\\/logo\\\/image\\\/\"}}]}<\/script>\n<!-- \/ Yoast SEO plugin. -->","yoast_head_json":{"title":"Services d\u2019inspection des b\u00e2timents | Greater Miramichi Service Commission","description":"Want to learn more about the Greater Miramichi Service Commission? Visit our Services d\u2019inspection des b\u00e2timents page to learn more!","robots":{"index":"index","follow":"follow","max-snippet":"max-snippet:-1","max-image-preview":"max-image-preview:large","max-video-preview":"max-video-preview:-1"},"canonical":"https:\/\/greatermiramichisc.ca\/fr\/services-damenagement\/services-dinspection-des-batiments\/","og_locale":"fr_FR","og_type":"article","og_title":"Services d\u2019inspection des b\u00e2timents | Greater Miramichi Service Commission","og_description":"Want to learn more about the Greater Miramichi Service Commission? Visit our Services d\u2019inspection des b\u00e2timents page to learn more!","og_url":"https:\/\/greatermiramichisc.ca\/fr\/services-damenagement\/services-dinspection-des-batiments\/","og_site_name":"Greater Miramichi Service Commission","article_modified_time":"2025-06-23T17:42:55+00:00","og_image":[{"width":1020,"height":574,"url":"https:\/\/greatermiramichisc.ca\/wp-content\/uploads\/2025\/04\/RegionalStrategyVid.png","type":"image\/png"}],"twitter_card":"summary_large_image","twitter_misc":{"Dur\u00e9e de lecture estim\u00e9e":"1 minute"},"schema":{"@context":"https:\/\/schema.org","@graph":[{"@type":"WebPage","@id":"https:\/\/greatermiramichisc.ca\/fr\/services-damenagement\/services-dinspection-des-batiments\/","url":"https:\/\/greatermiramichisc.ca\/fr\/services-damenagement\/services-dinspection-des-batiments\/","name":"Services d\u2019inspection des b\u00e2timents | Greater Miramichi Service Commission","isPartOf":{"@id":"https:\/\/greatermiramichisc.ca\/#website"},"datePublished":"2025-04-13T09:09:06+00:00","dateModified":"2025-06-23T17:42:55+00:00","description":"Want to learn more about the Greater Miramichi Service Commission? Visit our Services d\u2019inspection des b\u00e2timents page to learn more!","breadcrumb":{"@id":"https:\/\/greatermiramichisc.ca\/fr\/services-damenagement\/services-dinspection-des-batiments\/#breadcrumb"},"inLanguage":"fr-FR","potentialAction":[{"@type":"ReadAction","target":["https:\/\/greatermiramichisc.ca\/fr\/services-damenagement\/services-dinspection-des-batiments\/"]}]},{"@type":"BreadcrumbList","@id":"https:\/\/greatermiramichisc.ca\/fr\/services-damenagement\/services-dinspection-des-batiments\/#breadcrumb","itemListElement":[{"@type":"ListItem","position":1,"name":"Home","item":"https:\/\/greatermiramichisc.ca\/fr\/"},{"@type":"ListItem","position":2,"name":"Services d&rsquo;am\u00e9nagement","item":"https:\/\/greatermiramichisc.ca\/fr\/services-damenagement\/"},{"@type":"ListItem","position":3,"name":"Services d\u2019inspection des b\u00e2timents"}]},{"@type":"WebSite","@id":"https:\/\/greatermiramichisc.ca\/#website","url":"https:\/\/greatermiramichisc.ca\/","name":"Greater Miramichi Service Commission","description":"Welcome to the Miramichi region.","publisher":{"@id":"https:\/\/greatermiramichisc.ca\/#organization"},"alternateName":"GMSC","potentialAction":[{"@type":"SearchAction","target":{"@type":"EntryPoint","urlTemplate":"https:\/\/greatermiramichisc.ca\/?s={search_term_string}"},"query-input":{"@type":"PropertyValueSpecification","valueRequired":true,"valueName":"search_term_string"}}],"inLanguage":"fr-FR"},{"@type":"Organization","@id":"https:\/\/greatermiramichisc.ca\/#organization","name":"Greater Miramichi Service Commission","alternateName":"GMSC","url":"https:\/\/greatermiramichisc.ca\/","logo":{"@type":"ImageObject","inLanguage":"fr-FR","@id":"https:\/\/greatermiramichisc.ca\/#\/schema\/logo\/image\/","url":"https:\/\/greatermiramichisc.ca\/wp-content\/uploads\/2024\/12\/NAV-Logo.png","contentUrl":"https:\/\/greatermiramichisc.ca\/wp-content\/uploads\/2024\/12\/NAV-Logo.png","width":1140,"height":345,"caption":"Greater Miramichi Service Commission"},"image":{"@id":"https:\/\/greatermiramichisc.ca\/#\/schema\/logo\/image\/"}}]}},"_links":{"self":[{"href":"https:\/\/greatermiramichisc.ca\/fr\/wp-json\/wp\/v2\/pages\/3052","targetHints":{"allow":["GET"]}}],"collection":[{"href":"https:\/\/greatermiramichisc.ca\/fr\/wp-json\/wp\/v2\/pages"}],"about":[{"href":"https:\/\/greatermiramichisc.ca\/fr\/wp-json\/wp\/v2\/types\/page"}],"author":[{"embeddable":true,"href":"https:\/\/greatermiramichisc.ca\/fr\/wp-json\/wp\/v2\/users\/1"}],"replies":[{"embeddable":true,"href":"https:\/\/greatermiramichisc.ca\/fr\/wp-json\/wp\/v2\/comments?post=3052"}],"version-history":[{"count":4,"href":"https:\/\/greatermiramichisc.ca\/fr\/wp-json\/wp\/v2\/pages\/3052\/revisions"}],"predecessor-version":[{"id":4006,"href":"https:\/\/greatermiramichisc.ca\/fr\/wp-json\/wp\/v2\/pages\/3052\/revisions\/4006"}],"up":[{"embeddable":true,"href":"https:\/\/greatermiramichisc.ca\/fr\/wp-json\/wp\/v2\/pages\/3051"}],"wp:attachment":[{"href":"https:\/\/greatermiramichisc.ca\/fr\/wp-json\/wp\/v2\/media?parent=3052"}],"curies":[{"name":"wp","href":"https:\/\/api.w.org\/{rel}","templated":true}]}}