{"id":3054,"date":"2025-04-13T08:09:23","date_gmt":"2025-04-13T08:09:23","guid":{"rendered":"https:\/\/greatermiramichisc.ca\/development\/commercial-multi-unit\/"},"modified":"2025-12-12T13:09:39","modified_gmt":"2025-12-12T13:09:39","slug":"commercial-et-multilogement","status":"publish","type":"page","link":"https:\/\/greatermiramichisc.ca\/fr\/services-damenagement\/commercial-et-multilogement\/","title":{"rendered":"Commercial et multilogement"},"content":{"rendered":"\n<h2>\n\t\t<a href=\"https:\/\/greatermiramichisc.ca\/fr\/services-damenagement\/\" title=\"Services d&#039;am\u00e9nagement:\"  target=\"_self\">\n\t\t\tServices d&rsquo;am\u00e9nagement:\t\t<\/a>\n\t<\/h2>\n\t<nav aria-label=\"breadcrumbs\">\n            <div class=\"breadcrumb-container theme1\">\n                <ol>\n                                    <\/ol>\n            <\/div>\n        <\/nav>    <script type=\"application\/ld+json\">\n        {\n            \"@context\": \"http:\/\/schema.org\",\n            \"@type\": \"BreadcrumbList\",\n            \"itemListElement\": [\n                            ]\n        }\n    <\/script>\n   \n    <script>\n            <\/script>\n\n<h2>\n\t\t\tCommercial et multilogement\t<\/h2>\n<h2>\n\t\t\tConstruire un local commercial\t<\/h2>\n\tTu veux lancer une nouvelle entreprise ou d\u00e9velopper une entreprise existante ?<br \/>\nOn est l\u00e0 pour t&rsquo;aider. Commence ton projet en explorant les ressources ci-dessous.\n<h2>\n\t\t\tConvertir une habitation r\u00e9sidentielle en b\u00e2timent commercial\t<\/h2>\n\t<p>Pour changer l&rsquo;usage d&rsquo;un b\u00e2timent r\u00e9sidentiel en b\u00e2timent commercial.<\/p>\n<h2>\n\t\t\tNouvelles constructions et ajouts (b\u00e2timents de partie 3)\t<\/h2>\n\t<p>Pour les occupations importantes class\u00e9es comme rassemblements, soins ou d\u00e9tention, et les occupations industrielles \u00e0 haut risque.<\/p>\n<h2>\n\t\t\tNouvelles constructions et ajouts (b\u00e2timents de partie 9)\t<\/h2>\n\t<p>Pour les occupations importantes class\u00e9es comme r\u00e9sidentielles, commerciales et services personnels, marchandes, et les occupations industrielles \u00e0 risque moyen et faible.<\/p>\n<h2>\n\t\t\tRessources:\t<\/h2>\n\t\t\t\t\t<a href=\"#\"  id=\"fl-accordion--label-0\" tabindex=\"0\" aria-controls=\"fl-accordion--panel-0\">Liste de contr\u00f4le et exigences <\/a>\n\t\t\t\t\t\t\t\t\t\t\t<a href=\"#\" id=\"fl-accordion--icon-0\"  tabindex=\"0\"><i title=\"D\u00e9plier\">D\u00e9plier<\/i><\/a>\n\t\t\t\t\t<ul>\n<li><a href=\"https:\/\/greatermiramichisc.ca\/wp-content\/uploads\/2025\/06\/C7-Ame\u0301nagementcommercial-Partie3.pdf\" target=\"_blank\" rel=\"noopener\">D\u00e9veloppement commercial <\/a>(Partie 3)<\/li>\n<li aria-level=\"2\"><a href=\"https:\/\/greatermiramichisc.ca\/wp-content\/uploads\/2025\/06\/C6-Ame\u0301nagementcommercial-Partie9-1.pdf\" target=\"_blank\" rel=\"noopener\">D\u00e9veloppement commercial <\/a>(Partie 9)<\/li>\n<li aria-level=\"2\"><a href=\"https:\/\/greatermiramichisc.ca\/wp-content\/uploads\/2025\/05\/ResidentialBuilding-DevelopmentSitePlanRequirements.pdf\" target=\"_blank\" rel=\"noopener\">Exigences relatives au plan d&rsquo;am\u00e9nagement d&rsquo;un site de construction r\u00e9sidentielle<\/a><\/li>\n<li aria-level=\"2\"><a href=\"https:\/\/greatermiramichisc.ca\/wp-content\/uploads\/2025\/05\/ResponsibilityofPermitHolderENFR.pdf\" target=\"_blank\" rel=\"noopener\">Responsabilit\u00e9 du titulaire du permis EN &amp; FR<\/a><\/li>\n<\/ul>\n\t\t\t\t\t<a href=\"#\"  id=\"fl-accordion--label-1\" tabindex=\"0\" aria-controls=\"fl-accordion--panel-1\">Formulaires<\/a>\n\t\t\t\t\t\t\t\t\t\t\t<a href=\"#\" id=\"fl-accordion--icon-1\"  tabindex=\"0\"><i title=\"D\u00e9plier\">D\u00e9plier<\/i><\/a>\n\t\t\t\t\t<p>V\u00e9rifiez, remplissez et joignez les formulaires \u00e0 votre demande :<\/p>\n<ul>\n<li><a href=\"https:\/\/greatermiramichisc.ca\/wp-content\/uploads\/2025\/06\/F1-Formulaire-de-demande-generale-Mars-2023.pdf\" target=\"_blank\" rel=\"noopener\">Formulaire de demande<\/a><\/li>\n<li><a href=\"https:\/\/greatermiramichisc.ca\/wp-content\/uploads\/2025\/06\/B4-Engagementenmatie\u0300redexamensurleterrain-Apr2024.pdf\" target=\"_blank\" rel=\"noopener\">Engagement de l&rsquo;architecte ou de l&rsquo;ing\u00e9nieur \u00e0 effectuer une inspection sur place<\/a><\/li>\n<li><a href=\"https:\/\/greatermiramichisc.ca\/wp-content\/uploads\/2025\/06\/B3-Confirmationdengagementdelapartduproprie\u0301taire-Avr2024.pdf\" target=\"_blank\" rel=\"noopener\">Confirmation de l&rsquo;engagement<\/a><\/li>\n<li><a href=\"https:\/\/scribehow.com\/viewer\/Creating_a_Cloud_Permit_Application_Online__X9v4FLJNQC-S5v94GV9ZIA\" target=\"_blank\" rel=\"noopener\">Cr\u00e9ation d&rsquo;une demande de permis en ligne<\/a><\/li>\n<li><a href=\"https:\/\/greatermiramichisc.ca\/wp-content\/uploads\/2025\/12\/B5-Confirmation-dexamen-de-la-construction-sur-le-terrain-Mai-202560-1.pdf\">B5-Confirmation d&rsquo;examen de la construction sur le terrain<\/a><\/li>\n<li><a href=\"https:\/\/greatermiramichisc.ca\/wp-content\/uploads\/2025\/12\/B6-Matrice-de-re\u0301vision-CNB-2020-Fr-Mai-202585-1.pdf\">B6-Matrice de re\u0301vision CNB 2020<\/a><\/li>\n<\/ul>\n\t\t\t\t\t<a href=\"#\"  id=\"fl-accordion--label-2\" tabindex=\"0\" aria-controls=\"fl-accordion--panel-2\">Exemples<\/a>\n\t\t\t\t\t\t\t\t\t\t\t<a href=\"#\" id=\"fl-accordion--icon-2\"  tabindex=\"0\"><i title=\"D\u00e9plier\">D\u00e9plier<\/i><\/a>\n\t\t\t\t\t<p>\u00c0 titre informatif seulement :<\/p>\n<ul>\n<li aria-level=\"2\"><a href=\"https:\/\/greatermiramichisc.ca\/wp-content\/uploads\/2025\/06\/1BuildingBasics.pdf\" target=\"_blank\" rel=\"noopener\">Notions de base sur la construction<\/a><\/li>\n<li aria-level=\"2\"><a href=\"https:\/\/greatermiramichisc.ca\/wp-content\/uploads\/2025\/05\/D8-ExampleCommercialSitePlan.pdf\" target=\"_blank\" rel=\"noopener\">Plan d&rsquo;am\u00e9nagement d&rsquo;un site commercial<\/a><\/li>\n<\/ul>\n\n","protected":false},"excerpt":{"rendered":"<p>Services d&rsquo;am\u00e9nagement: Commercial et multilogement Construire un local commercial Tu veux lancer une nouvelle entreprise ou d\u00e9velopper une entreprise existante ? On est l\u00e0 pour t&rsquo;aider. Commence ton projet en&hellip;<\/p>\n","protected":false},"author":1,"featured_media":0,"parent":3051,"menu_order":0,"comment_status":"closed","ping_status":"closed","template":"","meta":{"_acf_changed":false,"footnotes":""},"class_list":["post-3054","page","type-page","status-publish","hentry"],"acf":[],"yoast_head":"<!-- This site is optimized with the Yoast SEO plugin v27.4 - https:\/\/yoast.com\/product\/yoast-seo-wordpress\/ -->\n<title>Commercial et multilogement | Greater Miramichi Service Commission<\/title>\n<meta name=\"description\" content=\"Want to learn more about the Greater Miramichi Service Commission? Visit our Commercial et multilogement page to learn more!\" \/>\n<meta name=\"robots\" content=\"index, follow, max-snippet:-1, max-image-preview:large, max-video-preview:-1\" \/>\n<link rel=\"canonical\" href=\"https:\/\/greatermiramichisc.ca\/fr\/services-damenagement\/commercial-et-multilogement\/\" \/>\n<meta property=\"og:locale\" content=\"fr_FR\" \/>\n<meta property=\"og:type\" content=\"article\" \/>\n<meta property=\"og:title\" content=\"Commercial et multilogement | Greater Miramichi Service Commission\" \/>\n<meta property=\"og:description\" content=\"Want to learn more about the Greater Miramichi Service Commission? Visit our Commercial et multilogement page to learn more!\" \/>\n<meta property=\"og:url\" content=\"https:\/\/greatermiramichisc.ca\/fr\/services-damenagement\/commercial-et-multilogement\/\" \/>\n<meta property=\"og:site_name\" content=\"Greater Miramichi Service Commission\" \/>\n<meta property=\"article:modified_time\" content=\"2025-12-12T13:09:39+00:00\" \/>\n<meta property=\"og:image\" content=\"https:\/\/greatermiramichisc.ca\/wp-content\/uploads\/2025\/04\/RegionalStrategyVid.png\" \/>\n\t<meta property=\"og:image:width\" content=\"1020\" \/>\n\t<meta property=\"og:image:height\" content=\"574\" \/>\n\t<meta property=\"og:image:type\" content=\"image\/png\" \/>\n<meta name=\"twitter:card\" content=\"summary_large_image\" \/>\n<meta name=\"twitter:label1\" content=\"Dur\u00e9e de lecture estim\u00e9e\" \/>\n\t<meta name=\"twitter:data1\" content=\"1 minute\" \/>\n<script type=\"application\/ld+json\" class=\"yoast-schema-graph\">{\"@context\":\"https:\\\/\\\/schema.org\",\"@graph\":[{\"@type\":\"WebPage\",\"@id\":\"https:\\\/\\\/greatermiramichisc.ca\\\/fr\\\/services-damenagement\\\/commercial-et-multilogement\\\/\",\"url\":\"https:\\\/\\\/greatermiramichisc.ca\\\/fr\\\/services-damenagement\\\/commercial-et-multilogement\\\/\",\"name\":\"Commercial et multilogement | Greater Miramichi Service Commission\",\"isPartOf\":{\"@id\":\"https:\\\/\\\/greatermiramichisc.ca\\\/#website\"},\"datePublished\":\"2025-04-13T08:09:23+00:00\",\"dateModified\":\"2025-12-12T13:09:39+00:00\",\"description\":\"Want to learn more about the Greater Miramichi Service Commission? Visit our Commercial et multilogement page to learn more!\",\"breadcrumb\":{\"@id\":\"https:\\\/\\\/greatermiramichisc.ca\\\/fr\\\/services-damenagement\\\/commercial-et-multilogement\\\/#breadcrumb\"},\"inLanguage\":\"fr-FR\",\"potentialAction\":[{\"@type\":\"ReadAction\",\"target\":[\"https:\\\/\\\/greatermiramichisc.ca\\\/fr\\\/services-damenagement\\\/commercial-et-multilogement\\\/\"]}]},{\"@type\":\"BreadcrumbList\",\"@id\":\"https:\\\/\\\/greatermiramichisc.ca\\\/fr\\\/services-damenagement\\\/commercial-et-multilogement\\\/#breadcrumb\",\"itemListElement\":[{\"@type\":\"ListItem\",\"position\":1,\"name\":\"Home\",\"item\":\"https:\\\/\\\/greatermiramichisc.ca\\\/fr\\\/\"},{\"@type\":\"ListItem\",\"position\":2,\"name\":\"Services d&rsquo;am\u00e9nagement\",\"item\":\"https:\\\/\\\/greatermiramichisc.ca\\\/fr\\\/services-damenagement\\\/\"},{\"@type\":\"ListItem\",\"position\":3,\"name\":\"Commercial et multilogement\"}]},{\"@type\":\"WebSite\",\"@id\":\"https:\\\/\\\/greatermiramichisc.ca\\\/#website\",\"url\":\"https:\\\/\\\/greatermiramichisc.ca\\\/\",\"name\":\"Greater Miramichi Service Commission\",\"description\":\"Welcome to the Miramichi region.\",\"publisher\":{\"@id\":\"https:\\\/\\\/greatermiramichisc.ca\\\/#organization\"},\"alternateName\":\"GMSC\",\"potentialAction\":[{\"@type\":\"SearchAction\",\"target\":{\"@type\":\"EntryPoint\",\"urlTemplate\":\"https:\\\/\\\/greatermiramichisc.ca\\\/?s={search_term_string}\"},\"query-input\":{\"@type\":\"PropertyValueSpecification\",\"valueRequired\":true,\"valueName\":\"search_term_string\"}}],\"inLanguage\":\"fr-FR\"},{\"@type\":\"Organization\",\"@id\":\"https:\\\/\\\/greatermiramichisc.ca\\\/#organization\",\"name\":\"Greater Miramichi Service Commission\",\"alternateName\":\"GMSC\",\"url\":\"https:\\\/\\\/greatermiramichisc.ca\\\/\",\"logo\":{\"@type\":\"ImageObject\",\"inLanguage\":\"fr-FR\",\"@id\":\"https:\\\/\\\/greatermiramichisc.ca\\\/#\\\/schema\\\/logo\\\/image\\\/\",\"url\":\"https:\\\/\\\/greatermiramichisc.ca\\\/wp-content\\\/uploads\\\/2024\\\/12\\\/NAV-Logo.png\",\"contentUrl\":\"https:\\\/\\\/greatermiramichisc.ca\\\/wp-content\\\/uploads\\\/2024\\\/12\\\/NAV-Logo.png\",\"width\":1140,\"height\":345,\"caption\":\"Greater Miramichi Service Commission\"},\"image\":{\"@id\":\"https:\\\/\\\/greatermiramichisc.ca\\\/#\\\/schema\\\/logo\\\/image\\\/\"}}]}<\/script>\n<!-- \/ Yoast SEO plugin. -->","yoast_head_json":{"title":"Commercial et multilogement | Greater Miramichi Service Commission","description":"Want to learn more about the Greater Miramichi Service Commission? Visit our Commercial et multilogement page to learn more!","robots":{"index":"index","follow":"follow","max-snippet":"max-snippet:-1","max-image-preview":"max-image-preview:large","max-video-preview":"max-video-preview:-1"},"canonical":"https:\/\/greatermiramichisc.ca\/fr\/services-damenagement\/commercial-et-multilogement\/","og_locale":"fr_FR","og_type":"article","og_title":"Commercial et multilogement | Greater Miramichi Service Commission","og_description":"Want to learn more about the Greater Miramichi Service Commission? Visit our Commercial et multilogement page to learn more!","og_url":"https:\/\/greatermiramichisc.ca\/fr\/services-damenagement\/commercial-et-multilogement\/","og_site_name":"Greater Miramichi Service Commission","article_modified_time":"2025-12-12T13:09:39+00:00","og_image":[{"width":1020,"height":574,"url":"https:\/\/greatermiramichisc.ca\/wp-content\/uploads\/2025\/04\/RegionalStrategyVid.png","type":"image\/png"}],"twitter_card":"summary_large_image","twitter_misc":{"Dur\u00e9e de lecture estim\u00e9e":"1 minute"},"schema":{"@context":"https:\/\/schema.org","@graph":[{"@type":"WebPage","@id":"https:\/\/greatermiramichisc.ca\/fr\/services-damenagement\/commercial-et-multilogement\/","url":"https:\/\/greatermiramichisc.ca\/fr\/services-damenagement\/commercial-et-multilogement\/","name":"Commercial et multilogement | Greater Miramichi Service Commission","isPartOf":{"@id":"https:\/\/greatermiramichisc.ca\/#website"},"datePublished":"2025-04-13T08:09:23+00:00","dateModified":"2025-12-12T13:09:39+00:00","description":"Want to learn more about the Greater Miramichi Service Commission? Visit our Commercial et multilogement page to learn more!","breadcrumb":{"@id":"https:\/\/greatermiramichisc.ca\/fr\/services-damenagement\/commercial-et-multilogement\/#breadcrumb"},"inLanguage":"fr-FR","potentialAction":[{"@type":"ReadAction","target":["https:\/\/greatermiramichisc.ca\/fr\/services-damenagement\/commercial-et-multilogement\/"]}]},{"@type":"BreadcrumbList","@id":"https:\/\/greatermiramichisc.ca\/fr\/services-damenagement\/commercial-et-multilogement\/#breadcrumb","itemListElement":[{"@type":"ListItem","position":1,"name":"Home","item":"https:\/\/greatermiramichisc.ca\/fr\/"},{"@type":"ListItem","position":2,"name":"Services d&rsquo;am\u00e9nagement","item":"https:\/\/greatermiramichisc.ca\/fr\/services-damenagement\/"},{"@type":"ListItem","position":3,"name":"Commercial et multilogement"}]},{"@type":"WebSite","@id":"https:\/\/greatermiramichisc.ca\/#website","url":"https:\/\/greatermiramichisc.ca\/","name":"Greater Miramichi Service Commission","description":"Welcome to the Miramichi region.","publisher":{"@id":"https:\/\/greatermiramichisc.ca\/#organization"},"alternateName":"GMSC","potentialAction":[{"@type":"SearchAction","target":{"@type":"EntryPoint","urlTemplate":"https:\/\/greatermiramichisc.ca\/?s={search_term_string}"},"query-input":{"@type":"PropertyValueSpecification","valueRequired":true,"valueName":"search_term_string"}}],"inLanguage":"fr-FR"},{"@type":"Organization","@id":"https:\/\/greatermiramichisc.ca\/#organization","name":"Greater Miramichi Service Commission","alternateName":"GMSC","url":"https:\/\/greatermiramichisc.ca\/","logo":{"@type":"ImageObject","inLanguage":"fr-FR","@id":"https:\/\/greatermiramichisc.ca\/#\/schema\/logo\/image\/","url":"https:\/\/greatermiramichisc.ca\/wp-content\/uploads\/2024\/12\/NAV-Logo.png","contentUrl":"https:\/\/greatermiramichisc.ca\/wp-content\/uploads\/2024\/12\/NAV-Logo.png","width":1140,"height":345,"caption":"Greater Miramichi Service Commission"},"image":{"@id":"https:\/\/greatermiramichisc.ca\/#\/schema\/logo\/image\/"}}]}},"_links":{"self":[{"href":"https:\/\/greatermiramichisc.ca\/fr\/wp-json\/wp\/v2\/pages\/3054","targetHints":{"allow":["GET"]}}],"collection":[{"href":"https:\/\/greatermiramichisc.ca\/fr\/wp-json\/wp\/v2\/pages"}],"about":[{"href":"https:\/\/greatermiramichisc.ca\/fr\/wp-json\/wp\/v2\/types\/page"}],"author":[{"embeddable":true,"href":"https:\/\/greatermiramichisc.ca\/fr\/wp-json\/wp\/v2\/users\/1"}],"replies":[{"embeddable":true,"href":"https:\/\/greatermiramichisc.ca\/fr\/wp-json\/wp\/v2\/comments?post=3054"}],"version-history":[{"count":11,"href":"https:\/\/greatermiramichisc.ca\/fr\/wp-json\/wp\/v2\/pages\/3054\/revisions"}],"predecessor-version":[{"id":6686,"href":"https:\/\/greatermiramichisc.ca\/fr\/wp-json\/wp\/v2\/pages\/3054\/revisions\/6686"}],"up":[{"embeddable":true,"href":"https:\/\/greatermiramichisc.ca\/fr\/wp-json\/wp\/v2\/pages\/3051"}],"wp:attachment":[{"href":"https:\/\/greatermiramichisc.ca\/fr\/wp-json\/wp\/v2\/media?parent=3054"}],"curies":[{"name":"wp","href":"https:\/\/api.w.org\/{rel}","templated":true}]}}