{"id":3062,"date":"2025-04-13T08:09:50","date_gmt":"2025-04-13T08:09:50","guid":{"rendered":"https:\/\/greatermiramichisc.ca\/development\/online-permit-application\/build-or-renovate-a-house\/"},"modified":"2025-06-20T06:10:12","modified_gmt":"2025-06-20T06:10:12","slug":"construire-ou-renover-une-maison","status":"publish","type":"page","link":"https:\/\/greatermiramichisc.ca\/fr\/services-damenagement\/applications-en-ligne\/construire-ou-renover-une-maison\/","title":{"rendered":"Construire ou r\u00e9nover une maison"},"content":{"rendered":"\n<h2>\n\t\t<a href=\"https:\/\/greatermiramichisc.ca\/fr\/services-damenagement\/\" title=\"Services d&#039;am\u00e9nagement:\"  target=\"_self\">\n\t\t\tServices d&rsquo;am\u00e9nagement:\t\t<\/a>\n\t<\/h2>\n\t<nav aria-label=\"breadcrumbs\">\n            <div class=\"breadcrumb-container theme1\">\n                <ol>\n                                    <\/ol>\n            <\/div>\n        <\/nav>    <script type=\"application\/ld+json\">\n        {\n            \"@context\": \"http:\/\/schema.org\",\n            \"@type\": \"BreadcrumbList\",\n            \"itemListElement\": [\n                            ]\n        }\n    <\/script>\n   \n    <script>\n            <\/script>\n\n\n\tTu veux construire une nouvelle maison ou faire des r\u00e9novations ?<br \/>\nConsulte les ressources ci-dessous pour plus d&rsquo;infos.\n<h2>\n\t\t\tAjouts et r\u00e9novations r\u00e9sidentiels\t<\/h2>\n\t<p>Pour les ajouts et les modifications apport\u00e9s aux maisons individuelles, jumel\u00e9es et semi-mitoyennes.<\/p>\n<h2>\n\t\t\tRessources:\t<\/h2>\n\t\t\t\t\t<a href=\"#\"  id=\"fl-accordion--label-0\" tabindex=\"0\" aria-controls=\"fl-accordion--panel-0\">Liste de contr\u00f4le et exigences<\/a>\n\t\t\t\t\t\t\t\t\t\t\t<a href=\"#\" id=\"fl-accordion--icon-0\"  tabindex=\"0\"><i title=\"D\u00e9plier\">D\u00e9plier<\/i><\/a>\n\t\t\t\t\t<ul>\n<li><a href=\"https:\/\/greatermiramichisc.ca\/wp-content\/uploads\/2025\/06\/C3-Re\u0301novationa\u0300unehabitationunioubi-familiale.pdf\" target=\"_blank\" rel=\"noopener\">R\u00e9novation \u00e0 une habitation uni ou bi-familiale<\/a><\/li>\n<\/ul>\n\t\t\t\t\t<a href=\"#\"  id=\"fl-accordion--label-1\" tabindex=\"0\" aria-controls=\"fl-accordion--panel-1\">Formulaires<\/a>\n\t\t\t\t\t\t\t\t\t\t\t<a href=\"#\" id=\"fl-accordion--icon-1\"  tabindex=\"0\"><i title=\"D\u00e9plier\">D\u00e9plier<\/i><\/a>\n\t\t\t\t\t<p>V\u00e9rifie, remplis et joins les formulaires \u00e0 ta candidature :<\/p>\n<ul>\n<li><a id=\"yui_3_17_2_1_1749838598027_320\" href=\"https:\/\/greatermiramichisc.ca\/wp-content\/uploads\/2025\/06\/F1-Formulaire-de-demande-generale-Mars-2023.pdf\" target=\"_blank\" rel=\"noopener\">Formulaire de demande g\u00e9n\u00e9rale<\/a><\/li>\n<li><a href=\"https:\/\/scribehow.com\/viewer\/Creating_a_Cloud_Permit_Application_Online__X9v4FLJNQC-S5v94GV9ZIA\" target=\"_blank\" rel=\"noopener\">Soumettre une demande de permis en ligne via le syst\u00e8me Cloud<\/a><\/li>\n<\/ul>\n\t\t\t\t\t<a href=\"#\"  id=\"fl-accordion--label-2\" tabindex=\"0\" aria-controls=\"fl-accordion--panel-2\">Exemples<\/a>\n\t\t\t\t\t\t\t\t\t\t\t<a href=\"#\" id=\"fl-accordion--icon-2\"  tabindex=\"0\"><i title=\"D\u00e9plier\">D\u00e9plier<\/i><\/a>\n\t\t\t\t\t<p>\u00c0 titre d&rsquo;information seulement :<\/p>\n<ul>\n<li><a href=\"https:\/\/greatermiramichisc.ca\/wp-content\/uploads\/2025\/06\/D1-ExampleSitePlan-FR.pdf\" target=\"_blank\" rel=\"noopener\">Exemple de plan d&rsquo;implantation<\/a><\/li>\n<li><a href=\"https:\/\/greatermiramichisc.ca\/wp-content\/uploads\/2025\/06\/D2-ExampleFoundationPlan-FR.pdf\" target=\"_blank\" rel=\"noopener\">Foundation Plan<\/a><\/li>\n<li><a href=\"https:\/\/greatermiramichisc.ca\/wp-content\/uploads\/2025\/06\/D3-ExampleFloorPlan-fr.pdf\" target=\"_blank\" rel=\"noopener\">Exemple de plan d&rsquo;\u00e9tage<\/a><\/li>\n<\/ul>\n\n","protected":false},"excerpt":{"rendered":"<p>Services d&rsquo;am\u00e9nagement: Tu veux construire une nouvelle maison ou faire des r\u00e9novations ? Consulte les ressources ci-dessous pour plus d&rsquo;infos. Ajouts et r\u00e9novations r\u00e9sidentiels Pour les ajouts et les modifications&hellip;<\/p>\n","protected":false},"author":1,"featured_media":0,"parent":3059,"menu_order":0,"comment_status":"closed","ping_status":"closed","template":"","meta":{"_acf_changed":false,"footnotes":""},"class_list":["post-3062","page","type-page","status-publish","hentry"],"acf":[],"yoast_head":"<!-- This site is optimized with the Yoast SEO plugin v27.4 - https:\/\/yoast.com\/product\/yoast-seo-wordpress\/ -->\n<title>Construire ou r\u00e9nover une maison | Greater Miramichi Service Commission<\/title>\n<meta name=\"description\" content=\"Want to learn more about the Greater Miramichi Service Commission? Visit our Construire ou r\u00e9nover une maison page to learn more!\" \/>\n<meta name=\"robots\" content=\"index, follow, max-snippet:-1, max-image-preview:large, max-video-preview:-1\" \/>\n<link rel=\"canonical\" href=\"https:\/\/greatermiramichisc.ca\/fr\/services-damenagement\/applications-en-ligne\/construire-ou-renover-une-maison\/\" \/>\n<meta property=\"og:locale\" content=\"fr_FR\" \/>\n<meta property=\"og:type\" content=\"article\" \/>\n<meta property=\"og:title\" content=\"Construire ou r\u00e9nover une maison | Greater Miramichi Service Commission\" \/>\n<meta property=\"og:description\" content=\"Want to learn more about the Greater Miramichi Service Commission? Visit our Construire ou r\u00e9nover une maison page to learn more!\" \/>\n<meta property=\"og:url\" content=\"https:\/\/greatermiramichisc.ca\/fr\/services-damenagement\/applications-en-ligne\/construire-ou-renover-une-maison\/\" \/>\n<meta property=\"og:site_name\" content=\"Greater Miramichi Service Commission\" \/>\n<meta property=\"article:modified_time\" content=\"2025-06-20T06:10:12+00:00\" \/>\n<meta property=\"og:image\" content=\"https:\/\/greatermiramichisc.ca\/wp-content\/uploads\/2025\/04\/RegionalStrategyVid.png\" \/>\n\t<meta property=\"og:image:width\" content=\"1020\" \/>\n\t<meta property=\"og:image:height\" content=\"574\" \/>\n\t<meta property=\"og:image:type\" content=\"image\/png\" \/>\n<meta name=\"twitter:card\" content=\"summary_large_image\" \/>\n<meta name=\"twitter:label1\" content=\"Dur\u00e9e de lecture estim\u00e9e\" \/>\n\t<meta name=\"twitter:data1\" content=\"1 minute\" \/>\n<script type=\"application\/ld+json\" class=\"yoast-schema-graph\">{\"@context\":\"https:\\\/\\\/schema.org\",\"@graph\":[{\"@type\":\"WebPage\",\"@id\":\"https:\\\/\\\/greatermiramichisc.ca\\\/fr\\\/services-damenagement\\\/applications-en-ligne\\\/construire-ou-renover-une-maison\\\/\",\"url\":\"https:\\\/\\\/greatermiramichisc.ca\\\/fr\\\/services-damenagement\\\/applications-en-ligne\\\/construire-ou-renover-une-maison\\\/\",\"name\":\"Construire ou r\u00e9nover une maison | Greater Miramichi Service Commission\",\"isPartOf\":{\"@id\":\"https:\\\/\\\/greatermiramichisc.ca\\\/#website\"},\"datePublished\":\"2025-04-13T08:09:50+00:00\",\"dateModified\":\"2025-06-20T06:10:12+00:00\",\"description\":\"Want to learn more about the Greater Miramichi Service Commission? Visit our Construire ou r\u00e9nover une maison page to learn more!\",\"breadcrumb\":{\"@id\":\"https:\\\/\\\/greatermiramichisc.ca\\\/fr\\\/services-damenagement\\\/applications-en-ligne\\\/construire-ou-renover-une-maison\\\/#breadcrumb\"},\"inLanguage\":\"fr-FR\",\"potentialAction\":[{\"@type\":\"ReadAction\",\"target\":[\"https:\\\/\\\/greatermiramichisc.ca\\\/fr\\\/services-damenagement\\\/applications-en-ligne\\\/construire-ou-renover-une-maison\\\/\"]}]},{\"@type\":\"BreadcrumbList\",\"@id\":\"https:\\\/\\\/greatermiramichisc.ca\\\/fr\\\/services-damenagement\\\/applications-en-ligne\\\/construire-ou-renover-une-maison\\\/#breadcrumb\",\"itemListElement\":[{\"@type\":\"ListItem\",\"position\":1,\"name\":\"Home\",\"item\":\"https:\\\/\\\/greatermiramichisc.ca\\\/fr\\\/\"},{\"@type\":\"ListItem\",\"position\":2,\"name\":\"Services d&rsquo;am\u00e9nagement\",\"item\":\"https:\\\/\\\/greatermiramichisc.ca\\\/fr\\\/services-damenagement\\\/\"},{\"@type\":\"ListItem\",\"position\":3,\"name\":\"Applications en ligne\",\"item\":\"https:\\\/\\\/greatermiramichisc.ca\\\/fr\\\/services-damenagement\\\/applications-en-ligne\\\/\"},{\"@type\":\"ListItem\",\"position\":4,\"name\":\"Construire ou r\u00e9nover une maison\"}]},{\"@type\":\"WebSite\",\"@id\":\"https:\\\/\\\/greatermiramichisc.ca\\\/#website\",\"url\":\"https:\\\/\\\/greatermiramichisc.ca\\\/\",\"name\":\"Greater Miramichi Service Commission\",\"description\":\"Welcome to the Miramichi region.\",\"publisher\":{\"@id\":\"https:\\\/\\\/greatermiramichisc.ca\\\/#organization\"},\"alternateName\":\"GMSC\",\"potentialAction\":[{\"@type\":\"SearchAction\",\"target\":{\"@type\":\"EntryPoint\",\"urlTemplate\":\"https:\\\/\\\/greatermiramichisc.ca\\\/?s={search_term_string}\"},\"query-input\":{\"@type\":\"PropertyValueSpecification\",\"valueRequired\":true,\"valueName\":\"search_term_string\"}}],\"inLanguage\":\"fr-FR\"},{\"@type\":\"Organization\",\"@id\":\"https:\\\/\\\/greatermiramichisc.ca\\\/#organization\",\"name\":\"Greater Miramichi Service Commission\",\"alternateName\":\"GMSC\",\"url\":\"https:\\\/\\\/greatermiramichisc.ca\\\/\",\"logo\":{\"@type\":\"ImageObject\",\"inLanguage\":\"fr-FR\",\"@id\":\"https:\\\/\\\/greatermiramichisc.ca\\\/#\\\/schema\\\/logo\\\/image\\\/\",\"url\":\"https:\\\/\\\/greatermiramichisc.ca\\\/wp-content\\\/uploads\\\/2024\\\/12\\\/NAV-Logo.png\",\"contentUrl\":\"https:\\\/\\\/greatermiramichisc.ca\\\/wp-content\\\/uploads\\\/2024\\\/12\\\/NAV-Logo.png\",\"width\":1140,\"height\":345,\"caption\":\"Greater Miramichi Service Commission\"},\"image\":{\"@id\":\"https:\\\/\\\/greatermiramichisc.ca\\\/#\\\/schema\\\/logo\\\/image\\\/\"}}]}<\/script>\n<!-- \/ Yoast SEO plugin. -->","yoast_head_json":{"title":"Construire ou r\u00e9nover une maison | Greater Miramichi Service Commission","description":"Want to learn more about the Greater Miramichi Service Commission? Visit our Construire ou r\u00e9nover une maison page to learn more!","robots":{"index":"index","follow":"follow","max-snippet":"max-snippet:-1","max-image-preview":"max-image-preview:large","max-video-preview":"max-video-preview:-1"},"canonical":"https:\/\/greatermiramichisc.ca\/fr\/services-damenagement\/applications-en-ligne\/construire-ou-renover-une-maison\/","og_locale":"fr_FR","og_type":"article","og_title":"Construire ou r\u00e9nover une maison | Greater Miramichi Service Commission","og_description":"Want to learn more about the Greater Miramichi Service Commission? Visit our Construire ou r\u00e9nover une maison page to learn more!","og_url":"https:\/\/greatermiramichisc.ca\/fr\/services-damenagement\/applications-en-ligne\/construire-ou-renover-une-maison\/","og_site_name":"Greater Miramichi Service Commission","article_modified_time":"2025-06-20T06:10:12+00:00","og_image":[{"width":1020,"height":574,"url":"https:\/\/greatermiramichisc.ca\/wp-content\/uploads\/2025\/04\/RegionalStrategyVid.png","type":"image\/png"}],"twitter_card":"summary_large_image","twitter_misc":{"Dur\u00e9e de lecture estim\u00e9e":"1 minute"},"schema":{"@context":"https:\/\/schema.org","@graph":[{"@type":"WebPage","@id":"https:\/\/greatermiramichisc.ca\/fr\/services-damenagement\/applications-en-ligne\/construire-ou-renover-une-maison\/","url":"https:\/\/greatermiramichisc.ca\/fr\/services-damenagement\/applications-en-ligne\/construire-ou-renover-une-maison\/","name":"Construire ou r\u00e9nover une maison | Greater Miramichi Service Commission","isPartOf":{"@id":"https:\/\/greatermiramichisc.ca\/#website"},"datePublished":"2025-04-13T08:09:50+00:00","dateModified":"2025-06-20T06:10:12+00:00","description":"Want to learn more about the Greater Miramichi Service Commission? Visit our Construire ou r\u00e9nover une maison page to learn more!","breadcrumb":{"@id":"https:\/\/greatermiramichisc.ca\/fr\/services-damenagement\/applications-en-ligne\/construire-ou-renover-une-maison\/#breadcrumb"},"inLanguage":"fr-FR","potentialAction":[{"@type":"ReadAction","target":["https:\/\/greatermiramichisc.ca\/fr\/services-damenagement\/applications-en-ligne\/construire-ou-renover-une-maison\/"]}]},{"@type":"BreadcrumbList","@id":"https:\/\/greatermiramichisc.ca\/fr\/services-damenagement\/applications-en-ligne\/construire-ou-renover-une-maison\/#breadcrumb","itemListElement":[{"@type":"ListItem","position":1,"name":"Home","item":"https:\/\/greatermiramichisc.ca\/fr\/"},{"@type":"ListItem","position":2,"name":"Services d&rsquo;am\u00e9nagement","item":"https:\/\/greatermiramichisc.ca\/fr\/services-damenagement\/"},{"@type":"ListItem","position":3,"name":"Applications en ligne","item":"https:\/\/greatermiramichisc.ca\/fr\/services-damenagement\/applications-en-ligne\/"},{"@type":"ListItem","position":4,"name":"Construire ou r\u00e9nover une maison"}]},{"@type":"WebSite","@id":"https:\/\/greatermiramichisc.ca\/#website","url":"https:\/\/greatermiramichisc.ca\/","name":"Greater Miramichi Service Commission","description":"Welcome to the Miramichi region.","publisher":{"@id":"https:\/\/greatermiramichisc.ca\/#organization"},"alternateName":"GMSC","potentialAction":[{"@type":"SearchAction","target":{"@type":"EntryPoint","urlTemplate":"https:\/\/greatermiramichisc.ca\/?s={search_term_string}"},"query-input":{"@type":"PropertyValueSpecification","valueRequired":true,"valueName":"search_term_string"}}],"inLanguage":"fr-FR"},{"@type":"Organization","@id":"https:\/\/greatermiramichisc.ca\/#organization","name":"Greater Miramichi Service Commission","alternateName":"GMSC","url":"https:\/\/greatermiramichisc.ca\/","logo":{"@type":"ImageObject","inLanguage":"fr-FR","@id":"https:\/\/greatermiramichisc.ca\/#\/schema\/logo\/image\/","url":"https:\/\/greatermiramichisc.ca\/wp-content\/uploads\/2024\/12\/NAV-Logo.png","contentUrl":"https:\/\/greatermiramichisc.ca\/wp-content\/uploads\/2024\/12\/NAV-Logo.png","width":1140,"height":345,"caption":"Greater Miramichi Service Commission"},"image":{"@id":"https:\/\/greatermiramichisc.ca\/#\/schema\/logo\/image\/"}}]}},"_links":{"self":[{"href":"https:\/\/greatermiramichisc.ca\/fr\/wp-json\/wp\/v2\/pages\/3062","targetHints":{"allow":["GET"]}}],"collection":[{"href":"https:\/\/greatermiramichisc.ca\/fr\/wp-json\/wp\/v2\/pages"}],"about":[{"href":"https:\/\/greatermiramichisc.ca\/fr\/wp-json\/wp\/v2\/types\/page"}],"author":[{"embeddable":true,"href":"https:\/\/greatermiramichisc.ca\/fr\/wp-json\/wp\/v2\/users\/1"}],"replies":[{"embeddable":true,"href":"https:\/\/greatermiramichisc.ca\/fr\/wp-json\/wp\/v2\/comments?post=3062"}],"version-history":[{"count":5,"href":"https:\/\/greatermiramichisc.ca\/fr\/wp-json\/wp\/v2\/pages\/3062\/revisions"}],"predecessor-version":[{"id":3880,"href":"https:\/\/greatermiramichisc.ca\/fr\/wp-json\/wp\/v2\/pages\/3062\/revisions\/3880"}],"up":[{"embeddable":true,"href":"https:\/\/greatermiramichisc.ca\/fr\/wp-json\/wp\/v2\/pages\/3059"}],"wp:attachment":[{"href":"https:\/\/greatermiramichisc.ca\/fr\/wp-json\/wp\/v2\/media?parent=3062"}],"curies":[{"name":"wp","href":"https:\/\/api.w.org\/{rel}","templated":true}]}}