{"id":3068,"date":"2025-04-13T09:02:24","date_gmt":"2025-04-13T09:02:24","guid":{"rendered":"https:\/\/greatermiramichisc.ca\/development\/zoning-maps-bylaws-regulations\/miramichi\/"},"modified":"2025-10-23T12:24:40","modified_gmt":"2025-10-23T12:24:40","slug":"ville-de-miramichi","status":"publish","type":"page","link":"https:\/\/greatermiramichisc.ca\/fr\/services-damenagement\/cartes-de-zonage-arretes-municipaux-reglements\/ville-de-miramichi\/","title":{"rendered":"Ville de Miramichi"},"content":{"rendered":"\n<h2>\n\t\t<a href=\"https:\/\/greatermiramichisc.ca\/fr\/services-damenagement\/\" title=\"Services d&#039;am\u00e9nagement:\"  target=\"_self\">\n\t\t\tServices d&rsquo;am\u00e9nagement:\t\t<\/a>\n\t<\/h2>\n\t<nav aria-label=\"breadcrumbs\">\n            <div class=\"breadcrumb-container theme1\">\n                <ol>\n                                    <\/ol>\n            <\/div>\n        <\/nav>    <script type=\"application\/ld+json\">\n        {\n            \"@context\": \"http:\/\/schema.org\",\n            \"@type\": \"BreadcrumbList\",\n            \"itemListElement\": [\n                            ]\n        }\n    <\/script>\n   \n    <script>\n            <\/script>\n\n\n\t<strong>Site Web :<\/strong><br \/>\nhttps:\/\/www.miramichi.org\/\n<strong>H\u00f4tel de ville<\/strong><br \/>\n41, rue Henry, Miramichi Place\n<strong>T\u00e9l\u00e9phone : <\/strong><br \/>\n506-623-2200\n\t\t\t\t\t<a href=\"#\"  id=\"fl-accordion--label-0\" tabindex=\"0\" aria-controls=\"fl-accordion--panel-0\">R\u00c8GLEMENTS<\/a>\n\t\t\t\t\t\t\t\t\t\t\t<a href=\"#\" id=\"fl-accordion--icon-0\"  tabindex=\"0\"><i title=\"D\u00e9plier\">D\u00e9plier<\/i><\/a>\n\t\t\t\t\t<ul>\n<li aria-level=\"1\"><a href=\"http:\/\/Plan Municipal (r\u00e9glement n\u00b0 109)\">Plan municipal r\u00e9glement n\u00b0 109)<\/a><\/li>\n<li aria-level=\"1\"><a href=\"https:\/\/greatermiramichisc.ca\/wp-content\/uploads\/2025\/06\/Plan-BL109-13-1.pdf\" target=\"_blank\" rel=\"noopener\">Modification du plan municipal (r\u00e8glement n\u00b0 109-13)<\/a><\/li>\n<li aria-level=\"1\"><a href=\"https:\/\/greatermiramichisc.ca\/wp-content\/uploads\/2025\/06\/CityofMiramichiBL110-1.pdf\" target=\"_blank\" rel=\"noopener\"><\/a><a href=\"https:\/\/greatermiramichisc.ca\/wp-content\/uploads\/2025\/10\/Zoning-BL110-101420-FR-2.pdf\">R\u00e8glement de zonage (r\u00e8glement n\u00b0 110)<\/a><\/li>\n<li aria-level=\"1\"><a href=\"https:\/\/greatermiramichisc.ca\/wp-content\/uploads\/2025\/06\/Zoning-BL110-21-1.pdf\" target=\"_blank\" rel=\"noopener\">Modification du r\u00e8glement de zonage (r\u00e8glement n\u00b0 110-21)<\/a><\/li>\n<li aria-level=\"1\"><a href=\"https:\/\/greatermiramichisc.ca\/wp-content\/uploads\/2025\/06\/By-lawNo.126-1.pdf\" target=\"_blank\" rel=\"noopener\">R\u00e8glement de construction (r\u00e8glement n\u00b0 126)<\/a><\/li>\n<li aria-level=\"1\"><a href=\"https:\/\/greatermiramichisc.ca\/wp-content\/uploads\/2025\/06\/By-lawNo.127-1.pdf\" target=\"_blank\" rel=\"noopener\">R\u00e8glement de lotissement (r\u00e8glement n\u00b0 127)<\/a><\/li>\n<\/ul>\n\t\t\t\t\t<a href=\"#\"  id=\"fl-accordion--label-1\" tabindex=\"0\" aria-controls=\"fl-accordion--panel-1\">PLAN DE ZONAGE<\/a>\n\t\t\t\t\t\t\t\t\t\t\t<a href=\"#\" id=\"fl-accordion--icon-1\"  tabindex=\"0\"><i title=\"D\u00e9plier\">D\u00e9plier<\/i><\/a>\n\t\t\t\t\t<ul>\n<li><a href=\"https:\/\/greatermiramichisc.ca\/wp-content\/uploads\/2025\/06\/CityofMiramichiSc.AtoBL110.pdf\" target=\"_blank\" rel=\"noopener\">Plan de zonage, annexe A<\/a><\/li>\n<\/ul>\n\t\t\t\t\t<a href=\"#\"  id=\"fl-accordion--label-2\" tabindex=\"0\" aria-controls=\"fl-accordion--panel-2\">PLANS DU PLAN<\/a>\n\t\t\t\t\t\t\t\t\t\t\t<a href=\"#\" id=\"fl-accordion--icon-2\"  tabindex=\"0\"><i title=\"D\u00e9plier\">D\u00e9plier<\/i><\/a>\n\t\t\t\t\t<ul>\n<li aria-level=\"1\"><a href=\"https:\/\/greatermiramichisc.ca\/wp-content\/uploads\/2025\/06\/FutureLandUseMapSc.AtoBL109-1.pdf\" target=\"_blank\" rel=\"noopener\">Plan d&rsquo;affectation future des sols, annexe A<\/a><\/li>\n<li aria-level=\"1\"><a href=\"https:\/\/greatermiramichisc.ca\/wp-content\/uploads\/2025\/06\/ResidentialHierarchyDesignationsSc.BtoBL109-1.pdf\" target=\"_blank\" rel=\"noopener\">Hi\u00e9rarchie et d\u00e9signations r\u00e9sidentielles, annexe B<\/a><\/li>\n<li aria-level=\"1\"><a href=\"https:\/\/greatermiramichisc.ca\/wp-content\/uploads\/2025\/06\/CommercialHierarchyDesignationsSc.CtoBL109-1.pdf\" target=\"_blank\" rel=\"noopener\">Hi\u00e9rarchie et d\u00e9signations commerciales, annexe C<\/a><\/li>\n<li aria-level=\"1\"><a href=\"https:\/\/greatermiramichisc.ca\/wp-content\/uploads\/2025\/06\/RoadHierarchyDesignationsSc.DtoBL109-1.pdf\" target=\"_blank\" rel=\"noopener\">Hi\u00e9rarchie et d\u00e9signations routi\u00e8res, annexe D<\/a><\/li>\n<\/ul>\n\t\t\t\t\t<a href=\"#\"  id=\"fl-accordion--label-3\" tabindex=\"0\" aria-controls=\"fl-accordion--panel-3\">MODIFICATIONS<\/a>\n\t\t\t\t\t\t\t\t\t\t\t<a href=\"#\" id=\"fl-accordion--icon-3\"  tabindex=\"0\"><i title=\"D\u00e9plier\">D\u00e9plier<\/i><\/a>\n\t\t\t\t\t<p>Pour les changements aux r\u00e8glements, jetez un \u0153il au site <a href=\"https:\/\/www.miramichi.org\/\" target=\"_blank\" rel=\"noopener\"><strong>Web de la ville de Miramichi<\/strong><\/a> .<\/p>\n\n","protected":false},"excerpt":{"rendered":"<p>Services d&rsquo;am\u00e9nagement: Site Web : https:\/\/www.miramichi.org\/ H\u00f4tel de ville 41, rue Henry, Miramichi Place T\u00e9l\u00e9phone : 506-623-2200 R\u00c8GLEMENTS D\u00e9plier Plan municipal r\u00e9glement n\u00b0 109) Modification du plan municipal (r\u00e8glement n\u00b0&hellip;<\/p>\n","protected":false},"author":1,"featured_media":0,"parent":3065,"menu_order":0,"comment_status":"closed","ping_status":"closed","template":"","meta":{"_acf_changed":false,"footnotes":""},"class_list":["post-3068","page","type-page","status-publish","hentry"],"acf":[],"yoast_head":"<!-- This site is optimized with the Yoast SEO plugin v27.4 - https:\/\/yoast.com\/product\/yoast-seo-wordpress\/ -->\n<title>Ville de Miramichi | Greater Miramichi Service Commission<\/title>\n<meta name=\"description\" content=\"Want to learn more about the Greater Miramichi Service Commission? Visit our Ville de Miramichi page to learn more!\" \/>\n<meta name=\"robots\" content=\"index, follow, max-snippet:-1, max-image-preview:large, max-video-preview:-1\" \/>\n<link rel=\"canonical\" href=\"https:\/\/greatermiramichisc.ca\/fr\/services-damenagement\/cartes-de-zonage-arretes-municipaux-reglements\/ville-de-miramichi\/\" \/>\n<meta property=\"og:locale\" content=\"fr_FR\" \/>\n<meta property=\"og:type\" content=\"article\" \/>\n<meta property=\"og:title\" content=\"Ville de Miramichi | Greater Miramichi Service Commission\" \/>\n<meta property=\"og:description\" content=\"Want to learn more about the Greater Miramichi Service Commission? Visit our Ville de Miramichi page to learn more!\" \/>\n<meta property=\"og:url\" content=\"https:\/\/greatermiramichisc.ca\/fr\/services-damenagement\/cartes-de-zonage-arretes-municipaux-reglements\/ville-de-miramichi\/\" \/>\n<meta property=\"og:site_name\" content=\"Greater Miramichi Service Commission\" \/>\n<meta property=\"article:modified_time\" content=\"2025-10-23T12:24:40+00:00\" \/>\n<meta property=\"og:image\" content=\"https:\/\/greatermiramichisc.ca\/wp-content\/uploads\/2025\/04\/RegionalStrategyVid.png\" \/>\n\t<meta property=\"og:image:width\" content=\"1020\" \/>\n\t<meta property=\"og:image:height\" content=\"574\" \/>\n\t<meta property=\"og:image:type\" content=\"image\/png\" \/>\n<meta name=\"twitter:card\" content=\"summary_large_image\" \/>\n<meta name=\"twitter:label1\" content=\"Dur\u00e9e de lecture estim\u00e9e\" \/>\n\t<meta name=\"twitter:data1\" content=\"1 minute\" \/>\n<script type=\"application\/ld+json\" class=\"yoast-schema-graph\">{\"@context\":\"https:\\\/\\\/schema.org\",\"@graph\":[{\"@type\":\"WebPage\",\"@id\":\"https:\\\/\\\/greatermiramichisc.ca\\\/fr\\\/services-damenagement\\\/cartes-de-zonage-arretes-municipaux-reglements\\\/ville-de-miramichi\\\/\",\"url\":\"https:\\\/\\\/greatermiramichisc.ca\\\/fr\\\/services-damenagement\\\/cartes-de-zonage-arretes-municipaux-reglements\\\/ville-de-miramichi\\\/\",\"name\":\"Ville de Miramichi | Greater Miramichi Service Commission\",\"isPartOf\":{\"@id\":\"https:\\\/\\\/greatermiramichisc.ca\\\/#website\"},\"datePublished\":\"2025-04-13T09:02:24+00:00\",\"dateModified\":\"2025-10-23T12:24:40+00:00\",\"description\":\"Want to learn more about the Greater Miramichi Service Commission? Visit our Ville de Miramichi page to learn more!\",\"breadcrumb\":{\"@id\":\"https:\\\/\\\/greatermiramichisc.ca\\\/fr\\\/services-damenagement\\\/cartes-de-zonage-arretes-municipaux-reglements\\\/ville-de-miramichi\\\/#breadcrumb\"},\"inLanguage\":\"fr-FR\",\"potentialAction\":[{\"@type\":\"ReadAction\",\"target\":[\"https:\\\/\\\/greatermiramichisc.ca\\\/fr\\\/services-damenagement\\\/cartes-de-zonage-arretes-municipaux-reglements\\\/ville-de-miramichi\\\/\"]}]},{\"@type\":\"BreadcrumbList\",\"@id\":\"https:\\\/\\\/greatermiramichisc.ca\\\/fr\\\/services-damenagement\\\/cartes-de-zonage-arretes-municipaux-reglements\\\/ville-de-miramichi\\\/#breadcrumb\",\"itemListElement\":[{\"@type\":\"ListItem\",\"position\":1,\"name\":\"Home\",\"item\":\"https:\\\/\\\/greatermiramichisc.ca\\\/fr\\\/\"},{\"@type\":\"ListItem\",\"position\":2,\"name\":\"Services d&rsquo;am\u00e9nagement\",\"item\":\"https:\\\/\\\/greatermiramichisc.ca\\\/fr\\\/services-damenagement\\\/\"},{\"@type\":\"ListItem\",\"position\":3,\"name\":\"Cartes de zonage, arr\u00eat\u00e9s municipaux, r\u00e8glements\",\"item\":\"https:\\\/\\\/greatermiramichisc.ca\\\/fr\\\/services-damenagement\\\/cartes-de-zonage-arretes-municipaux-reglements\\\/\"},{\"@type\":\"ListItem\",\"position\":4,\"name\":\"Ville de Miramichi\"}]},{\"@type\":\"WebSite\",\"@id\":\"https:\\\/\\\/greatermiramichisc.ca\\\/#website\",\"url\":\"https:\\\/\\\/greatermiramichisc.ca\\\/\",\"name\":\"Greater Miramichi Service Commission\",\"description\":\"Welcome to the Miramichi region.\",\"publisher\":{\"@id\":\"https:\\\/\\\/greatermiramichisc.ca\\\/#organization\"},\"alternateName\":\"GMSC\",\"potentialAction\":[{\"@type\":\"SearchAction\",\"target\":{\"@type\":\"EntryPoint\",\"urlTemplate\":\"https:\\\/\\\/greatermiramichisc.ca\\\/?s={search_term_string}\"},\"query-input\":{\"@type\":\"PropertyValueSpecification\",\"valueRequired\":true,\"valueName\":\"search_term_string\"}}],\"inLanguage\":\"fr-FR\"},{\"@type\":\"Organization\",\"@id\":\"https:\\\/\\\/greatermiramichisc.ca\\\/#organization\",\"name\":\"Greater Miramichi Service Commission\",\"alternateName\":\"GMSC\",\"url\":\"https:\\\/\\\/greatermiramichisc.ca\\\/\",\"logo\":{\"@type\":\"ImageObject\",\"inLanguage\":\"fr-FR\",\"@id\":\"https:\\\/\\\/greatermiramichisc.ca\\\/#\\\/schema\\\/logo\\\/image\\\/\",\"url\":\"https:\\\/\\\/greatermiramichisc.ca\\\/wp-content\\\/uploads\\\/2024\\\/12\\\/NAV-Logo.png\",\"contentUrl\":\"https:\\\/\\\/greatermiramichisc.ca\\\/wp-content\\\/uploads\\\/2024\\\/12\\\/NAV-Logo.png\",\"width\":1140,\"height\":345,\"caption\":\"Greater Miramichi Service Commission\"},\"image\":{\"@id\":\"https:\\\/\\\/greatermiramichisc.ca\\\/#\\\/schema\\\/logo\\\/image\\\/\"}}]}<\/script>\n<!-- \/ Yoast SEO plugin. -->","yoast_head_json":{"title":"Ville de Miramichi | Greater Miramichi Service Commission","description":"Want to learn more about the Greater Miramichi Service Commission? Visit our Ville de Miramichi page to learn more!","robots":{"index":"index","follow":"follow","max-snippet":"max-snippet:-1","max-image-preview":"max-image-preview:large","max-video-preview":"max-video-preview:-1"},"canonical":"https:\/\/greatermiramichisc.ca\/fr\/services-damenagement\/cartes-de-zonage-arretes-municipaux-reglements\/ville-de-miramichi\/","og_locale":"fr_FR","og_type":"article","og_title":"Ville de Miramichi | Greater Miramichi Service Commission","og_description":"Want to learn more about the Greater Miramichi Service Commission? Visit our Ville de Miramichi page to learn more!","og_url":"https:\/\/greatermiramichisc.ca\/fr\/services-damenagement\/cartes-de-zonage-arretes-municipaux-reglements\/ville-de-miramichi\/","og_site_name":"Greater Miramichi Service Commission","article_modified_time":"2025-10-23T12:24:40+00:00","og_image":[{"width":1020,"height":574,"url":"https:\/\/greatermiramichisc.ca\/wp-content\/uploads\/2025\/04\/RegionalStrategyVid.png","type":"image\/png"}],"twitter_card":"summary_large_image","twitter_misc":{"Dur\u00e9e de lecture estim\u00e9e":"1 minute"},"schema":{"@context":"https:\/\/schema.org","@graph":[{"@type":"WebPage","@id":"https:\/\/greatermiramichisc.ca\/fr\/services-damenagement\/cartes-de-zonage-arretes-municipaux-reglements\/ville-de-miramichi\/","url":"https:\/\/greatermiramichisc.ca\/fr\/services-damenagement\/cartes-de-zonage-arretes-municipaux-reglements\/ville-de-miramichi\/","name":"Ville de Miramichi | Greater Miramichi Service Commission","isPartOf":{"@id":"https:\/\/greatermiramichisc.ca\/#website"},"datePublished":"2025-04-13T09:02:24+00:00","dateModified":"2025-10-23T12:24:40+00:00","description":"Want to learn more about the Greater Miramichi Service Commission? Visit our Ville de Miramichi page to learn more!","breadcrumb":{"@id":"https:\/\/greatermiramichisc.ca\/fr\/services-damenagement\/cartes-de-zonage-arretes-municipaux-reglements\/ville-de-miramichi\/#breadcrumb"},"inLanguage":"fr-FR","potentialAction":[{"@type":"ReadAction","target":["https:\/\/greatermiramichisc.ca\/fr\/services-damenagement\/cartes-de-zonage-arretes-municipaux-reglements\/ville-de-miramichi\/"]}]},{"@type":"BreadcrumbList","@id":"https:\/\/greatermiramichisc.ca\/fr\/services-damenagement\/cartes-de-zonage-arretes-municipaux-reglements\/ville-de-miramichi\/#breadcrumb","itemListElement":[{"@type":"ListItem","position":1,"name":"Home","item":"https:\/\/greatermiramichisc.ca\/fr\/"},{"@type":"ListItem","position":2,"name":"Services d&rsquo;am\u00e9nagement","item":"https:\/\/greatermiramichisc.ca\/fr\/services-damenagement\/"},{"@type":"ListItem","position":3,"name":"Cartes de zonage, arr\u00eat\u00e9s municipaux, r\u00e8glements","item":"https:\/\/greatermiramichisc.ca\/fr\/services-damenagement\/cartes-de-zonage-arretes-municipaux-reglements\/"},{"@type":"ListItem","position":4,"name":"Ville de Miramichi"}]},{"@type":"WebSite","@id":"https:\/\/greatermiramichisc.ca\/#website","url":"https:\/\/greatermiramichisc.ca\/","name":"Greater Miramichi Service Commission","description":"Welcome to the Miramichi region.","publisher":{"@id":"https:\/\/greatermiramichisc.ca\/#organization"},"alternateName":"GMSC","potentialAction":[{"@type":"SearchAction","target":{"@type":"EntryPoint","urlTemplate":"https:\/\/greatermiramichisc.ca\/?s={search_term_string}"},"query-input":{"@type":"PropertyValueSpecification","valueRequired":true,"valueName":"search_term_string"}}],"inLanguage":"fr-FR"},{"@type":"Organization","@id":"https:\/\/greatermiramichisc.ca\/#organization","name":"Greater Miramichi Service Commission","alternateName":"GMSC","url":"https:\/\/greatermiramichisc.ca\/","logo":{"@type":"ImageObject","inLanguage":"fr-FR","@id":"https:\/\/greatermiramichisc.ca\/#\/schema\/logo\/image\/","url":"https:\/\/greatermiramichisc.ca\/wp-content\/uploads\/2024\/12\/NAV-Logo.png","contentUrl":"https:\/\/greatermiramichisc.ca\/wp-content\/uploads\/2024\/12\/NAV-Logo.png","width":1140,"height":345,"caption":"Greater Miramichi Service Commission"},"image":{"@id":"https:\/\/greatermiramichisc.ca\/#\/schema\/logo\/image\/"}}]}},"_links":{"self":[{"href":"https:\/\/greatermiramichisc.ca\/fr\/wp-json\/wp\/v2\/pages\/3068","targetHints":{"allow":["GET"]}}],"collection":[{"href":"https:\/\/greatermiramichisc.ca\/fr\/wp-json\/wp\/v2\/pages"}],"about":[{"href":"https:\/\/greatermiramichisc.ca\/fr\/wp-json\/wp\/v2\/types\/page"}],"author":[{"embeddable":true,"href":"https:\/\/greatermiramichisc.ca\/fr\/wp-json\/wp\/v2\/users\/1"}],"replies":[{"embeddable":true,"href":"https:\/\/greatermiramichisc.ca\/fr\/wp-json\/wp\/v2\/comments?post=3068"}],"version-history":[{"count":5,"href":"https:\/\/greatermiramichisc.ca\/fr\/wp-json\/wp\/v2\/pages\/3068\/revisions"}],"predecessor-version":[{"id":5840,"href":"https:\/\/greatermiramichisc.ca\/fr\/wp-json\/wp\/v2\/pages\/3068\/revisions\/5840"}],"up":[{"embeddable":true,"href":"https:\/\/greatermiramichisc.ca\/fr\/wp-json\/wp\/v2\/pages\/3065"}],"wp:attachment":[{"href":"https:\/\/greatermiramichisc.ca\/fr\/wp-json\/wp\/v2\/media?parent=3068"}],"curies":[{"name":"wp","href":"https:\/\/api.w.org\/{rel}","templated":true}]}}