{"id":3071,"date":"2025-04-14T04:41:00","date_gmt":"2025-04-14T04:41:00","guid":{"rendered":"https:\/\/greatermiramichisc.ca\/ecodiversion\/collection-schedule\/"},"modified":"2026-01-12T16:10:56","modified_gmt":"2026-01-12T16:10:56","slug":"calendrier-de-collecte","status":"publish","type":"page","link":"https:\/\/greatermiramichisc.ca\/fr\/ecodiversion\/calendrier-de-collecte\/","title":{"rendered":"Calendrier de collecte"},"content":{"rendered":"\n<h2>\n\t\t<a href=\"https:\/\/greatermiramichisc.ca\/fr\/ecodiversion\/\" title=\"Ecodiversion\"  target=\"_self\">\n\t\t\tEcodiversion\t\t<\/a>\n\t<\/h2>\n\t<nav aria-label=\"breadcrumbs\">\n            <div class=\"breadcrumb-container theme1\">\n                <ol>\n                                    <\/ol>\n            <\/div>\n        <\/nav>    <script type=\"application\/ld+json\">\n        {\n            \"@context\": \"http:\/\/schema.org\",\n            \"@type\": \"BreadcrumbList\",\n            \"itemListElement\": [\n                            ]\n        }\n    <\/script>\n   \n    <script>\n            <\/script>\n\n\n<h2>\n\t\t\tVous ne connaissez pas votre horaire de collecte ?\t<\/h2>\n\t<iframe loading=\"lazy\" src=\"https:\/\/app.my-waste.mobi\/CA\/NB\/GMRSC_FR?resize\" width=\"100%\" height=\"700\" frameborder=\"0\"><\/iframe><br \/>\n\n<h2>\n\t\t\tR\u00e9gion A\t<\/h2>\n<h2>\n\t\t\tVille de Miramichi\t<\/h2>\n\t<ul>\n<li>Nelson Chatham<\/li>\n<li>Paroisse de Chatham<\/li>\n<li>Loggieville<\/li>\n<li>Nelson<\/li>\n<li>Chatham Head<\/li>\n<li>Douglasfield<\/li>\n<\/ul>\n<h2>\n\t\t\tVall\u00e9e de la rivi\u00e8re Miramichi\t<\/h2>\n\t<ul>\n<li>Village de Blackville<\/li>\n<li>Une partie de Blackville (LSD)<\/li>\n<li>Partie de Reneous<br \/>\nQuarryville de North Esk<\/li>\n<li>Partie de South Esk<\/li>\n<li>Derby<\/li>\n<li>Sunny Corner<\/li>\n<li>Partie de Nelson<\/li>\n<\/ul>\n<h2>\n\t\t\tR\u00e9gion rurale du Grand Miramichi\t<\/h2>\n\t<ul>\n<li>Black River-Hardwicke<\/li>\n<li>Chatham (LSD)<\/li>\n<li>Glenelg<\/li>\n<li>St. Margarets<\/li>\n<li>Partie de Hardwicke<\/li>\n<\/ul>\n<h2>\n\t\t\tCommunaut\u00e9 rurale de Upper Miramichi\t<\/h2>\n\t\t\t<a href=\"https:\/\/greatermiramichisc.ca\/wp-content\/uploads\/2026\/01\/Region-B-Schedule-2026.gif\" target=\"_blank\" rel=\"noopener\">\n\t\t\t\t\t\t\tT\u00e9l\u00e9charger l&rsquo;horaire complet\n\t\t\t\t\t<\/a>\n<h2>\n\t\t\tR\u00e9gion B\t<\/h2>\n<h2>\n\t\t\tVille de Miramichi\t<\/h2>\n\t<ul>\n<li>Partie de Newcastle (LSD)<\/li>\n<li>Newcastle<\/li>\n<li>Nordin<\/li>\n<li>Douglastown<\/li>\n<li>Ferry Rd.<\/li>\n<\/ul>\n<h2>\n\t\t\tPremi\u00e8re nation Metepenagiag \t<\/h2>\n<h2>\n\t\t\tPremi\u00e8re nation Natoaganeg \t<\/h2>\n<h2>\n\t\t\tPremi\u00e8re nation Esgeno\u00f4petitj \t<\/h2>\n<h2>\n\t\t\tR\u00e9gion rurale du Grand Miramichi\t<\/h2>\n\t<ul>\n<li>Curventon<\/li>\n<li>Ferry Road-Russelville<\/li>\n<li>Lower Newcastle<\/li>\n<li>Bellefond<\/li>\n<li>Beaverbrook<\/li>\n<li>Chaplin Island Road<\/li>\n<li>Chelmsford<\/li>\n<li>Doyles Brook<\/li>\n<li>Hilltop<\/li>\n<li>Little Bartibog<\/li>\n<li>McKinleyville<\/li>\n<li>Sevogle<\/li>\n<li>Trout Brook<\/li>\n<\/ul>\n<h2>\n\t\t\tAlnwick\t<\/h2>\n\t<ul>\n<li>Lagac\u00e9ville<\/li>\n<li>Lavillette<\/li>\n<li>Allainville<\/li>\n<li>Fairsle<\/li>\n<li>Tabusintac<\/li>\n<li>Oak Point-Bartibog Bridge<\/li>\n<li>Barryville-New Jersey<\/li>\n<\/ul>\n\t\t\t<a href=\"https:\/\/greatermiramichisc.ca\/wp-content\/uploads\/2026\/01\/Region-A-Schedule-2026.gif\" target=\"_blank\" rel=\"noopener\">\n\t\t\t\t\t\t\tT\u00e9l\u00e9charger l&rsquo;horaire complet\n\t\t\t\t\t<\/a>\n<h2>\n\t\t\tPour obtenir des renseignements sur la collecte des ordures et les ramassages sp\u00e9ciaux (par exemple : les objets encombrants, les \u00e9lectrom\u00e9nagers), veuillez communiquer avec votre municipalit\u00e9 :\t<\/h2>\n\t\t\t\t\t<a href=\"#\"  id=\"fl-accordion--label-0\" tabindex=\"0\" aria-controls=\"fl-accordion--panel-0\">Contacts pour la collecte municipale<\/a>\n\t\t\t\t\t\t\t\t\t\t\t<a href=\"#\" id=\"fl-accordion--icon-0\"  tabindex=\"0\"><i title=\"D\u00e9plier\">D\u00e9plier<\/i><\/a>\n\t\t\t\t\t<p>Pour plus d&rsquo;infos sur la collecte des ordures, les ramassages sp\u00e9ciaux (comme les gros objets ou les appareils \u00e9lectrom\u00e9nagers) et les services de recyclage, contacte ta municipalit\u00e9 :<\/p>\n<ul>\n<li>Ville de Miramichi:(506) 623-2020<\/li>\n<li>Village de Blackville : (506) 843-6337<\/li>\n<li>Village de Doaktown : (506) 365-7970<\/li>\n<li>Communaut\u00e9 rurale d&rsquo;Upper Miramichi : (506) 369-981<\/li>\n<li>Alnwick : (506) 330-0366<\/li>\n<\/ul>\n\t\t\t\t\t<a href=\"#\"  id=\"fl-accordion--label-1\" tabindex=\"0\" aria-controls=\"fl-accordion--panel-1\">Premi\u00e8res Nations<\/a>\n\t\t\t\t\t\t\t\t\t\t\t<a href=\"#\" id=\"fl-accordion--icon-1\"  tabindex=\"0\"><i title=\"D\u00e9plier\">D\u00e9plier<\/i><\/a>\n\t\t\t\t\t<p>Les ordures m\u00e9nag\u00e8res sont ramass\u00e9es en bordure de rue, tandis que la collecte des articles encombrants et des appareils \u00e9lectrom\u00e9nagers est effectu\u00e9e \u00e0 certaines dates. Pour plus de d\u00e9tails, veuillez contacter le bureau de votre bande locale.<\/p>\n<ul>\n<li>Esgeno\u00f4petitj (Burnt Church) : (506) 776-1200<\/li>\n<li>Natoaganeg (Eel Ground): (506) 627-4600<\/li>\n<li>Metepenagiag (Red Bank) : (506) 836-6111<\/li>\n<\/ul>\n\t\t\t\t\t<a href=\"#\"  id=\"fl-accordion--label-2\" tabindex=\"0\" aria-controls=\"fl-accordion--panel-2\">Op\u00e9rateurs de collecte des d\u00e9chets<\/a>\n\t\t\t\t\t\t\t\t\t\t\t<a href=\"#\" id=\"fl-accordion--icon-2\"  tabindex=\"0\"><i title=\"D\u00e9plier\">D\u00e9plier<\/i><\/a>\n\t\t\t\t\t<ul>\n<li><strong>Joe&rsquo;s Garbage<\/strong> -Village de Doaktown, Upper Miramichi, vall\u00e9e de la rivi\u00e8re Miramichi<\/li>\n<li><strong>Fero<\/strong> <strong>&#8211;<\/strong> Ville de Miramichi, Alnwick, district rural de la r\u00e9gion du Grand Miramichi (r\u00e9gion B)<\/li>\n<li><strong>Gaudet Garbage &#8211;<\/strong> District rural de la r\u00e9gion du Grand Miramichi (r\u00e9gion A), Natoaganeg, Metepenagiag<\/li>\n<li><strong>New Dawn &#8211; <\/strong>Esgeno\u00f4petit<\/li>\n<\/ul>\n<p>Joe&rsquo;s Garbage: (506) 622-8021<\/p>\n<p>Fero Waste &amp; Recycling Inc.: (506)773-3376<\/p>\n<p>Gaudet Garbage: (506) 623-8226<\/p>\n<p>New Dawn: (506) 779-5010<\/p>\n<p>&nbsp;<\/p>\n<p>&nbsp;<\/p>\n\t\t\t\t\t<a href=\"#\"  id=\"fl-accordion--label-3\" tabindex=\"0\" aria-controls=\"fl-accordion--panel-3\">Frais de d\u00e9versement<\/a>\n\t\t\t\t\t\t\t\t\t\t\t<a href=\"#\" id=\"fl-accordion--icon-3\"  tabindex=\"0\"><i title=\"D\u00e9plier\">D\u00e9plier<\/i><\/a>\n\t\t\t\t\t<ul>\n<li>D\u00e9chets ordinaires : 100,00 $ par tonne m\u00e9trique<\/li>\n<li>D\u00e9chets de construction et de d\u00e9molition : 52,00 $ par tonne m\u00e9trique<\/li>\n<li>Amiante non friable : 70,00 $ par m\u00e8tre cube (frais minimum : 500 $)<\/li>\n<li>Mati\u00e8res recyclables : 40,00 $ par tonne m\u00e9trique<\/li>\n<\/ul>\n\t\t\t<a href=\"https:\/\/greatermiramichisc.ca\/wp-content\/uploads\/2025\/06\/LSD-PICKUP-SCHEDULE-2019.jpg\" target=\"_blank\" rel=\"noopener\">\n\t\t\t\t\t\t\tCalendrier LSD\n\t\t\t\t\t<\/a>\n<h2>\n\t\t\tRecyclage\t<\/h2>\n\t<p>Notre programme de recyclage est d\u00e9sormais g\u00e9r\u00e9 par Circular Materials, l&rsquo;administrateur du programme de recyclage et un organisme \u00e0 but non lucratif engag\u00e9 \u00e0 mettre en place un syst\u00e8me de recyclage efficace et performant au Nouveau-Brunswick.<\/p>\n\t\t\t<a href=\"https:\/\/www.circularmaterials.ca\/fr\/resident-provinces\/new-brunswick\/\" target=\"_self\">\n\t\t\t\t\t\t\tEn savoir plus\n\t\t\t\t\t<\/a>\n<h2>\n\t\t\tSite de gestion des mati\u00e8res r\u00e9siduelles de Red Pine\t<\/h2>\n\t<p>1300, route 360, Allardville, N.-B.<\/p>\n<strong>Heures d&rsquo;ouverture :<\/strong><br \/>\nDu lundi au vendredi &#8211; de 8 h \u00e0 16 h 3\n<p>Samedi &#8211; 8h00 \u00e0 11h30<\/p>\n<p>&nbsp;<\/p>\n\t\t\t<a href=\"https:\/\/greatermiramichisc.ca\/ecodiversion\/purchase-supplies\/\" target=\"_self\">\n\t\t\t\t\t\t\tBoutique en ligne EcoDiversion\n\t\t\t\t\t<\/a>\n\n","protected":false},"excerpt":{"rendered":"<p>Ecodiversion Vous ne connaissez pas votre horaire de collecte ? R\u00e9gion A Ville de Miramichi Nelson Chatham Paroisse de Chatham Loggieville Nelson Chatham Head Douglasfield Vall\u00e9e de la rivi\u00e8re Miramichi&hellip;<\/p>\n","protected":false},"author":1,"featured_media":0,"parent":3070,"menu_order":0,"comment_status":"closed","ping_status":"closed","template":"","meta":{"_acf_changed":false,"footnotes":""},"class_list":["post-3071","page","type-page","status-publish","hentry"],"acf":[],"yoast_head":"<!-- This site is optimized with the Yoast SEO plugin v27.4 - https:\/\/yoast.com\/product\/yoast-seo-wordpress\/ -->\n<title>Calendrier de collecte | Greater Miramichi Service Commission<\/title>\n<meta name=\"description\" content=\"Want to learn more about the Greater Miramichi Service Commission? Visit our Calendrier de collecte page to learn more!\" \/>\n<meta name=\"robots\" content=\"index, follow, max-snippet:-1, max-image-preview:large, max-video-preview:-1\" \/>\n<link rel=\"canonical\" href=\"https:\/\/greatermiramichisc.ca\/fr\/ecodiversion\/calendrier-de-collecte\/\" \/>\n<meta property=\"og:locale\" content=\"fr_FR\" \/>\n<meta property=\"og:type\" content=\"article\" \/>\n<meta property=\"og:title\" content=\"Calendrier de collecte | Greater Miramichi Service Commission\" \/>\n<meta property=\"og:description\" content=\"Want to learn more about the Greater Miramichi Service Commission? Visit our Calendrier de collecte page to learn more!\" \/>\n<meta property=\"og:url\" content=\"https:\/\/greatermiramichisc.ca\/fr\/ecodiversion\/calendrier-de-collecte\/\" \/>\n<meta property=\"og:site_name\" content=\"Greater Miramichi Service Commission\" \/>\n<meta property=\"article:modified_time\" content=\"2026-01-12T16:10:56+00:00\" \/>\n<meta property=\"og:image\" content=\"https:\/\/greatermiramichisc.ca\/wp-content\/uploads\/2025\/04\/RegionalStrategyVid.png\" \/>\n\t<meta property=\"og:image:width\" content=\"1020\" \/>\n\t<meta property=\"og:image:height\" content=\"574\" \/>\n\t<meta property=\"og:image:type\" content=\"image\/png\" \/>\n<meta name=\"twitter:card\" content=\"summary_large_image\" \/>\n<meta name=\"twitter:label1\" content=\"Dur\u00e9e de lecture estim\u00e9e\" \/>\n\t<meta name=\"twitter:data1\" content=\"2 minutes\" \/>\n<script type=\"application\/ld+json\" class=\"yoast-schema-graph\">{\"@context\":\"https:\\\/\\\/schema.org\",\"@graph\":[{\"@type\":\"WebPage\",\"@id\":\"https:\\\/\\\/greatermiramichisc.ca\\\/fr\\\/ecodiversion\\\/calendrier-de-collecte\\\/\",\"url\":\"https:\\\/\\\/greatermiramichisc.ca\\\/fr\\\/ecodiversion\\\/calendrier-de-collecte\\\/\",\"name\":\"Calendrier de collecte | Greater Miramichi Service Commission\",\"isPartOf\":{\"@id\":\"https:\\\/\\\/greatermiramichisc.ca\\\/#website\"},\"datePublished\":\"2025-04-14T04:41:00+00:00\",\"dateModified\":\"2026-01-12T16:10:56+00:00\",\"description\":\"Want to learn more about the Greater Miramichi Service Commission? Visit our Calendrier de collecte page to learn more!\",\"breadcrumb\":{\"@id\":\"https:\\\/\\\/greatermiramichisc.ca\\\/fr\\\/ecodiversion\\\/calendrier-de-collecte\\\/#breadcrumb\"},\"inLanguage\":\"fr-FR\",\"potentialAction\":[{\"@type\":\"ReadAction\",\"target\":[\"https:\\\/\\\/greatermiramichisc.ca\\\/fr\\\/ecodiversion\\\/calendrier-de-collecte\\\/\"]}]},{\"@type\":\"BreadcrumbList\",\"@id\":\"https:\\\/\\\/greatermiramichisc.ca\\\/fr\\\/ecodiversion\\\/calendrier-de-collecte\\\/#breadcrumb\",\"itemListElement\":[{\"@type\":\"ListItem\",\"position\":1,\"name\":\"Home\",\"item\":\"https:\\\/\\\/greatermiramichisc.ca\\\/fr\\\/\"},{\"@type\":\"ListItem\",\"position\":2,\"name\":\"EcoDiversion\",\"item\":\"https:\\\/\\\/greatermiramichisc.ca\\\/fr\\\/ecodiversion\\\/\"},{\"@type\":\"ListItem\",\"position\":3,\"name\":\"Calendrier de collecte\"}]},{\"@type\":\"WebSite\",\"@id\":\"https:\\\/\\\/greatermiramichisc.ca\\\/#website\",\"url\":\"https:\\\/\\\/greatermiramichisc.ca\\\/\",\"name\":\"Greater Miramichi Service Commission\",\"description\":\"Welcome to the Miramichi region.\",\"publisher\":{\"@id\":\"https:\\\/\\\/greatermiramichisc.ca\\\/#organization\"},\"alternateName\":\"GMSC\",\"potentialAction\":[{\"@type\":\"SearchAction\",\"target\":{\"@type\":\"EntryPoint\",\"urlTemplate\":\"https:\\\/\\\/greatermiramichisc.ca\\\/?s={search_term_string}\"},\"query-input\":{\"@type\":\"PropertyValueSpecification\",\"valueRequired\":true,\"valueName\":\"search_term_string\"}}],\"inLanguage\":\"fr-FR\"},{\"@type\":\"Organization\",\"@id\":\"https:\\\/\\\/greatermiramichisc.ca\\\/#organization\",\"name\":\"Greater Miramichi Service Commission\",\"alternateName\":\"GMSC\",\"url\":\"https:\\\/\\\/greatermiramichisc.ca\\\/\",\"logo\":{\"@type\":\"ImageObject\",\"inLanguage\":\"fr-FR\",\"@id\":\"https:\\\/\\\/greatermiramichisc.ca\\\/#\\\/schema\\\/logo\\\/image\\\/\",\"url\":\"https:\\\/\\\/greatermiramichisc.ca\\\/wp-content\\\/uploads\\\/2024\\\/12\\\/NAV-Logo.png\",\"contentUrl\":\"https:\\\/\\\/greatermiramichisc.ca\\\/wp-content\\\/uploads\\\/2024\\\/12\\\/NAV-Logo.png\",\"width\":1140,\"height\":345,\"caption\":\"Greater Miramichi Service Commission\"},\"image\":{\"@id\":\"https:\\\/\\\/greatermiramichisc.ca\\\/#\\\/schema\\\/logo\\\/image\\\/\"}}]}<\/script>\n<!-- \/ Yoast SEO plugin. -->","yoast_head_json":{"title":"Calendrier de collecte | Greater Miramichi Service Commission","description":"Want to learn more about the Greater Miramichi Service Commission? Visit our Calendrier de collecte page to learn more!","robots":{"index":"index","follow":"follow","max-snippet":"max-snippet:-1","max-image-preview":"max-image-preview:large","max-video-preview":"max-video-preview:-1"},"canonical":"https:\/\/greatermiramichisc.ca\/fr\/ecodiversion\/calendrier-de-collecte\/","og_locale":"fr_FR","og_type":"article","og_title":"Calendrier de collecte | Greater Miramichi Service Commission","og_description":"Want to learn more about the Greater Miramichi Service Commission? Visit our Calendrier de collecte page to learn more!","og_url":"https:\/\/greatermiramichisc.ca\/fr\/ecodiversion\/calendrier-de-collecte\/","og_site_name":"Greater Miramichi Service Commission","article_modified_time":"2026-01-12T16:10:56+00:00","og_image":[{"width":1020,"height":574,"url":"https:\/\/greatermiramichisc.ca\/wp-content\/uploads\/2025\/04\/RegionalStrategyVid.png","type":"image\/png"}],"twitter_card":"summary_large_image","twitter_misc":{"Dur\u00e9e de lecture estim\u00e9e":"2 minutes"},"schema":{"@context":"https:\/\/schema.org","@graph":[{"@type":"WebPage","@id":"https:\/\/greatermiramichisc.ca\/fr\/ecodiversion\/calendrier-de-collecte\/","url":"https:\/\/greatermiramichisc.ca\/fr\/ecodiversion\/calendrier-de-collecte\/","name":"Calendrier de collecte | Greater Miramichi Service Commission","isPartOf":{"@id":"https:\/\/greatermiramichisc.ca\/#website"},"datePublished":"2025-04-14T04:41:00+00:00","dateModified":"2026-01-12T16:10:56+00:00","description":"Want to learn more about the Greater Miramichi Service Commission? Visit our Calendrier de collecte page to learn more!","breadcrumb":{"@id":"https:\/\/greatermiramichisc.ca\/fr\/ecodiversion\/calendrier-de-collecte\/#breadcrumb"},"inLanguage":"fr-FR","potentialAction":[{"@type":"ReadAction","target":["https:\/\/greatermiramichisc.ca\/fr\/ecodiversion\/calendrier-de-collecte\/"]}]},{"@type":"BreadcrumbList","@id":"https:\/\/greatermiramichisc.ca\/fr\/ecodiversion\/calendrier-de-collecte\/#breadcrumb","itemListElement":[{"@type":"ListItem","position":1,"name":"Home","item":"https:\/\/greatermiramichisc.ca\/fr\/"},{"@type":"ListItem","position":2,"name":"EcoDiversion","item":"https:\/\/greatermiramichisc.ca\/fr\/ecodiversion\/"},{"@type":"ListItem","position":3,"name":"Calendrier de collecte"}]},{"@type":"WebSite","@id":"https:\/\/greatermiramichisc.ca\/#website","url":"https:\/\/greatermiramichisc.ca\/","name":"Greater Miramichi Service Commission","description":"Welcome to the Miramichi region.","publisher":{"@id":"https:\/\/greatermiramichisc.ca\/#organization"},"alternateName":"GMSC","potentialAction":[{"@type":"SearchAction","target":{"@type":"EntryPoint","urlTemplate":"https:\/\/greatermiramichisc.ca\/?s={search_term_string}"},"query-input":{"@type":"PropertyValueSpecification","valueRequired":true,"valueName":"search_term_string"}}],"inLanguage":"fr-FR"},{"@type":"Organization","@id":"https:\/\/greatermiramichisc.ca\/#organization","name":"Greater Miramichi Service Commission","alternateName":"GMSC","url":"https:\/\/greatermiramichisc.ca\/","logo":{"@type":"ImageObject","inLanguage":"fr-FR","@id":"https:\/\/greatermiramichisc.ca\/#\/schema\/logo\/image\/","url":"https:\/\/greatermiramichisc.ca\/wp-content\/uploads\/2024\/12\/NAV-Logo.png","contentUrl":"https:\/\/greatermiramichisc.ca\/wp-content\/uploads\/2024\/12\/NAV-Logo.png","width":1140,"height":345,"caption":"Greater Miramichi Service Commission"},"image":{"@id":"https:\/\/greatermiramichisc.ca\/#\/schema\/logo\/image\/"}}]}},"_links":{"self":[{"href":"https:\/\/greatermiramichisc.ca\/fr\/wp-json\/wp\/v2\/pages\/3071","targetHints":{"allow":["GET"]}}],"collection":[{"href":"https:\/\/greatermiramichisc.ca\/fr\/wp-json\/wp\/v2\/pages"}],"about":[{"href":"https:\/\/greatermiramichisc.ca\/fr\/wp-json\/wp\/v2\/types\/page"}],"author":[{"embeddable":true,"href":"https:\/\/greatermiramichisc.ca\/fr\/wp-json\/wp\/v2\/users\/1"}],"replies":[{"embeddable":true,"href":"https:\/\/greatermiramichisc.ca\/fr\/wp-json\/wp\/v2\/comments?post=3071"}],"version-history":[{"count":8,"href":"https:\/\/greatermiramichisc.ca\/fr\/wp-json\/wp\/v2\/pages\/3071\/revisions"}],"predecessor-version":[{"id":6900,"href":"https:\/\/greatermiramichisc.ca\/fr\/wp-json\/wp\/v2\/pages\/3071\/revisions\/6900"}],"up":[{"embeddable":true,"href":"https:\/\/greatermiramichisc.ca\/fr\/wp-json\/wp\/v2\/pages\/3070"}],"wp:attachment":[{"href":"https:\/\/greatermiramichisc.ca\/fr\/wp-json\/wp\/v2\/media?parent=3071"}],"curies":[{"name":"wp","href":"https:\/\/api.w.org\/{rel}","templated":true}]}}