{"id":3072,"date":"2025-04-14T04:45:07","date_gmt":"2025-04-14T04:45:07","guid":{"rendered":"https:\/\/greatermiramichisc.ca\/ecodiversion\/composting-resources\/"},"modified":"2025-06-20T17:36:52","modified_gmt":"2025-06-20T17:36:52","slug":"ressources-sur-le-compostage","status":"publish","type":"page","link":"https:\/\/greatermiramichisc.ca\/fr\/ecodiversion\/ressources-sur-le-compostage\/","title":{"rendered":"Ressources sur le compostage"},"content":{"rendered":"\n<h2>\n\t\t<a href=\"https:\/\/greatermiramichisc.ca\/fr\/ecodiversion\/\" title=\"Ecodiversion\"  target=\"_self\">\n\t\t\tEcodiversion\t\t<\/a>\n\t<\/h2>\n\t<nav aria-label=\"breadcrumbs\">\n            <div class=\"breadcrumb-container theme1\">\n                <ol>\n                                    <\/ol>\n            <\/div>\n        <\/nav>    <script type=\"application\/ld+json\">\n        {\n            \"@context\": \"http:\/\/schema.org\",\n            \"@type\": \"BreadcrumbList\",\n            \"itemListElement\": [\n                            ]\n        }\n    <\/script>\n   \n    <script>\n            <\/script>\n\n\n<h2>\n\t\t\tLaissez Dame Nature faire le travail!\t<\/h2>\n\t<p>Le compostage est la mani\u00e8re dont Dame Nature s&rsquo;occupe de ses ordures. Les feuilles tomb\u00e9es, les fruits, et les branches d&rsquo;arbres mortes se d\u00e9composent tous naturellement, produisant un sol riche appel\u00e9 humus qui nourrit les plantes.<\/p>\n<p>Tout comme Dame Nature, nous pouvons nous occuper de nos ordures organiques et ce, dans notre propre cours! Les choses comme les pelures de fruits et de l\u00e9gumes, les moulures de caf\u00e9 et les filtres, les sacs de th\u00e9, les coquilles d&rsquo;\u0153uf et le gazon coup\u00e9 constituent presque le tiers des ordures que nous d\u00e9posons en bordure de route \u00e0 chaque semaine. Ceux-ci peuvent facilement \u00eatre transform\u00e9s \u00ab\u00a0d&rsquo;ordures\u00a0\u00bb en \u00ab\u00a0mine d&rsquo;or\u00a0\u00bb dans un compost de cours arri\u00e8re. Vous avez pay\u00e9 pour le fruit en entier &#8211; pourquoi en jeter le tiers?<\/p>\n<p>Que vous fabriquiez le v\u00f4tre ou que vous en achetiez un \u00e0 votre quincaillerie du coin, cela ne prend que quelques minutes pour mettre vos ordures de cuisine dans un r\u00e9cipient de plastique et le verser dans votre composteur de jardin. Cette petite promenade quotidienne peut faire toute la diff\u00e9rence &#8211; en diminuant la quantit\u00e9 d&rsquo;ordures que vous exp\u00e9diez au site d&rsquo;enfouissement, vous aidez \u00e0 prot\u00e9ger notre environnement et la beaut\u00e9 naturelle pour les g\u00e9n\u00e9rations \u00e0 venir. Vous produisez \u00e9galement un conditionneur du sol de qualit\u00e9 que vous pourrez partager avec tous vos voisins jardiniers. Et la marche est aussi bonne pour vous!<\/p>\n\t<p><em>Il importe \u00e0 tous de pratiquer le compostage. R\u00e9duire les d\u00e9chets jusqu&rsquo;\u00e0 30 pour cent est vital \u00e0 la protection de notre environnement. Chaque petit morceau compte et tout cela s&rsquo;additionne. Faisons chacun notre part et compostons!<\/em><\/p>\n\t<p>De Backyard Magic : The Composting Handbook<\/p>\n\t\t\t<a href=\"https:\/\/greatermiramichisc.ca\/fr\/ecodiversion\/ressources-sur-le-compostage\/pour-commencer\/\" target=\"_self\">\n\t\t\t\t\t\t\tPour commencer\n\t\t\t<\/a>\n\t\t\t<a href=\"https:\/\/greatermiramichisc.ca\/fr\/ecodiversion\/ressources-sur-le-compostage\/que-composter\/\" target=\"_self\">\n\t\t\t\t\t\t\tQue composter ?\n\t\t\t<\/a>\n<h2>\n\t\t\tQu&rsquo;est-ce qu&rsquo;est le compostage? \t<\/h2>\n\t<p>Tout ce qui a v\u00e9cu se d\u00e9composera \u00e9ventuellement. Le compostage est simplement le processus naturel de pourriture en action. Des milliers de micro-organismes qui vivent naturellement dans le sol se nourrissent de tas de d\u00e9chets organiques humides, les d\u00e9composant et produisant de la chaleur en cours de route. Quand la temp\u00e9rature monte, d&rsquo;autres organismes d\u00e9composeurs comme les champignons, les bact\u00e9ries et les insectes poursuivent le processus de d\u00e9gradation.<\/p>\n<p>Lorsque tous les mat\u00e9riaux facilement d\u00e9composables ont \u00e9t\u00e9 consomm\u00e9s, la temp\u00e9rature descend et les fourmis et les vers de terre peuvent venir, ce qui signifie que le compost est pr\u00eat \u00e0 \u00eatre utilis\u00e9. Le compost fini id\u00e9al devrait \u00eatre un humus fonc\u00e9, s&rsquo;\u00e9miettant comme de la terre o\u00f9 aucune des mati\u00e8res originales ne sont visibles. Cela devrait sentir comme de la terre fra\u00eechement retourn\u00e9e ou comme le sol de la for\u00eat au printemps.<\/p>\n<h2>\n\t\t\tB\u00e9n\u00e9fices du compost\t<\/h2>\n\t<ul>\n<li>Lib\u00e8re graduellement des nutriments n\u00e9cessaires \u00e0 la croissance des plantes.<\/li>\n<li>Les insectes et les maladies font moins de dommages o\u00f9 le sol est enrichi de compost.<\/li>\n<li>Le compost fonc\u00e9 attire les rayons du soleil pour r\u00e9chauffer le sol, allongeant la saison de croissance.<\/li>\n<li>Le compost ajout\u00e9 au sol agit comme une \u00e9ponge, absorbant l&rsquo;exc\u00e8s d&rsquo;eau durant les pluies et la lib\u00e9rant pendant les s\u00e9cheresses.<\/li>\n<li>Le compost am\u00e9liore la structure des terres sablonneuses et argiles, les prot\u00e9geant de la s\u00e9cheresse et l&rsquo;\u00e9rosion.<\/li>\n<\/ul>\n<h2>\n\t\t\tLa recette de compost\t<\/h2>\n\t<p>Comme chacun de nous, les organismes actifs dans votre compost ont besoin de trois choses pour survivre : de l&rsquo;air, de l&rsquo;eau et de la nourriture.<\/p>\n<strong>Air<\/strong><br \/>\nAfin qu&rsquo;ils ex\u00e9cutent leur travail rapidement et efficacement, les microorganismes de votre tas ont besoin d&rsquo;un approvisionnement ad\u00e9quat en oxyg\u00e8ne. Sans cela, des organismes ana\u00e9robiques (des organismes n&rsquo;ayant pas besoin d&rsquo;oxyg\u00e8ne) peuvent prendre le dessus de votre tas, d\u00e9gageant une tr\u00e8s mauvaise odeur. Tourner votre tas de temps \u00e0 autre assurera qu&rsquo;il obtienne l&rsquo;air dont il a besoin.\n<strong>Eau<\/strong><br \/>\nEn r\u00e8gle g\u00e9n\u00e9rale, votre tas devrait \u00eatre aussi humide qu&rsquo;une \u00e9ponge d\u00e9tremp\u00e9e &#8211; mouill\u00e9 au toucher, mais ne rel\u00e2chant pas d&rsquo;eau lorsque compress\u00e9e.\n<strong>Nourriture<\/strong><br \/>\nNourrissez les organismes de votre tas avec un r\u00e9gime \u00e9quilibr\u00e9 autant riche en carbone qu&rsquo;en nitrog\u00e8ne. Une partie de \u00ab\u00a0bruns\u00a0\u00bb pour une partie de \u00ab\u00a0verts\u00a0\u00bb devrait suffire. Les \u00ab\u00a0bruns\u00a0\u00bb ont tendance \u00e0 \u00eatre du mat\u00e9riau forestier comme des feuilles d&rsquo;automne, du papier journal d\u00e9chiquet\u00e9 et des \u00e9pis de ma\u00efs, qui sont riches en carbone. Les \u00ab\u00a0verts\u00a0\u00bb sont riches en nitrog\u00e8ne et incluent les d\u00e9chets de jardin comme les coupures de gazon et les mauvaises herbes, les restes de nourriture et le fumier.\n\t\t\t<a href=\"https:\/\/greatermiramichisc.ca\/fr\/ecodiversion\/acheter-des-fournitures\/\" target=\"_self\">\n\t\t\t\t\t\t\tAcheter des fournitures\n\t\t\t\t\t<\/a>\n\t\t<meta itemprop=\"url\" content=\"https:\/\/greatermiramichisc.ca\/wp-content\/uploads\/2025\/05\/Journey-4.mp4\" \/><div style=\"width: 640px;\" class=\"wp-video\"><video class=\"wp-video-shortcode\" id=\"video-3072-1\" width=\"640\" height=\"360\" preload=\"metadata\" controls=\"controls\"><source type=\"video\/mp4\" src=\"https:\/\/greatermiramichisc.ca\/wp-content\/uploads\/2025\/05\/Journey-4.mp4?_=1\" \/><source type=\"video\/mp4\" src=\"https:\/\/greatermiramichisc.ca\/wp-content\/uploads\/2025\/05\/Journey-4.mp4?_=1\" \/><a href=\"https:\/\/greatermiramichisc.ca\/wp-content\/uploads\/2025\/05\/Journey-4.mp4\">https:\/\/greatermiramichisc.ca\/wp-content\/uploads\/2025\/05\/Journey-4.mp4<\/a><\/video><\/div>\t\n\t\t\t\t\t<a href=\"#\"  id=\"fl-accordion--label-0\" tabindex=\"0\" aria-controls=\"fl-accordion--panel-0\">Ressources<\/a>\n\t\t\t\t\t\t\t\t\t\t\t<a href=\"#\" id=\"fl-accordion--icon-0\"  tabindex=\"0\"><i title=\"D\u00e9plier\">D\u00e9plier<\/i><\/a>\n\t\t\t\t\t<ul>\n<li><a href=\"https:\/\/greatermiramichisc.ca\/fr\/composting-101-3\/\" target=\"_blank\" rel=\"noopener\">Composting 101<\/a><\/li>\n<\/ul>\n\n","protected":false},"excerpt":{"rendered":"<p>Ecodiversion Laissez Dame Nature faire le travail! Le compostage est la mani\u00e8re dont Dame Nature s&rsquo;occupe de ses ordures. Les feuilles tomb\u00e9es, les fruits, et les branches d&rsquo;arbres mortes se&hellip;<\/p>\n","protected":false},"author":1,"featured_media":0,"parent":3070,"menu_order":0,"comment_status":"closed","ping_status":"closed","template":"","meta":{"_acf_changed":false,"footnotes":""},"class_list":["post-3072","page","type-page","status-publish","hentry"],"acf":[],"yoast_head":"<!-- This site is optimized with the Yoast SEO plugin v27.4 - https:\/\/yoast.com\/product\/yoast-seo-wordpress\/ -->\n<title>Ressources sur le compostage | Greater Miramichi Service Commission<\/title>\n<meta name=\"description\" content=\"Want to learn more about the Greater Miramichi Service Commission? Visit our Ressources sur le compostage page to learn more!\" \/>\n<meta name=\"robots\" content=\"index, follow, max-snippet:-1, max-image-preview:large, max-video-preview:-1\" \/>\n<link rel=\"canonical\" href=\"https:\/\/greatermiramichisc.ca\/fr\/ecodiversion\/ressources-sur-le-compostage\/\" \/>\n<meta property=\"og:locale\" content=\"fr_FR\" \/>\n<meta property=\"og:type\" content=\"article\" \/>\n<meta property=\"og:title\" content=\"Ressources sur le compostage | Greater Miramichi Service Commission\" \/>\n<meta property=\"og:description\" content=\"Want to learn more about the Greater Miramichi Service Commission? Visit our Ressources sur le compostage page to learn more!\" \/>\n<meta property=\"og:url\" content=\"https:\/\/greatermiramichisc.ca\/fr\/ecodiversion\/ressources-sur-le-compostage\/\" \/>\n<meta property=\"og:site_name\" content=\"Greater Miramichi Service Commission\" \/>\n<meta property=\"article:modified_time\" content=\"2025-06-20T17:36:52+00:00\" \/>\n<meta property=\"og:image\" content=\"https:\/\/greatermiramichisc.ca\/wp-content\/uploads\/2025\/04\/RegionalStrategyVid.png\" \/>\n\t<meta property=\"og:image:width\" content=\"1020\" \/>\n\t<meta property=\"og:image:height\" content=\"574\" \/>\n\t<meta property=\"og:image:type\" content=\"image\/png\" \/>\n<meta name=\"twitter:card\" content=\"summary_large_image\" \/>\n<meta name=\"twitter:label1\" content=\"Dur\u00e9e de lecture estim\u00e9e\" \/>\n\t<meta name=\"twitter:data1\" content=\"4 minutes\" \/>\n<script type=\"application\/ld+json\" class=\"yoast-schema-graph\">{\"@context\":\"https:\\\/\\\/schema.org\",\"@graph\":[{\"@type\":\"WebPage\",\"@id\":\"https:\\\/\\\/greatermiramichisc.ca\\\/fr\\\/ecodiversion\\\/ressources-sur-le-compostage\\\/\",\"url\":\"https:\\\/\\\/greatermiramichisc.ca\\\/fr\\\/ecodiversion\\\/ressources-sur-le-compostage\\\/\",\"name\":\"Ressources sur le compostage | Greater Miramichi Service Commission\",\"isPartOf\":{\"@id\":\"https:\\\/\\\/greatermiramichisc.ca\\\/#website\"},\"datePublished\":\"2025-04-14T04:45:07+00:00\",\"dateModified\":\"2025-06-20T17:36:52+00:00\",\"description\":\"Want to learn more about the Greater Miramichi Service Commission? Visit our Ressources sur le compostage page to learn more!\",\"breadcrumb\":{\"@id\":\"https:\\\/\\\/greatermiramichisc.ca\\\/fr\\\/ecodiversion\\\/ressources-sur-le-compostage\\\/#breadcrumb\"},\"inLanguage\":\"fr-FR\",\"potentialAction\":[{\"@type\":\"ReadAction\",\"target\":[\"https:\\\/\\\/greatermiramichisc.ca\\\/fr\\\/ecodiversion\\\/ressources-sur-le-compostage\\\/\"]}]},{\"@type\":\"BreadcrumbList\",\"@id\":\"https:\\\/\\\/greatermiramichisc.ca\\\/fr\\\/ecodiversion\\\/ressources-sur-le-compostage\\\/#breadcrumb\",\"itemListElement\":[{\"@type\":\"ListItem\",\"position\":1,\"name\":\"Home\",\"item\":\"https:\\\/\\\/greatermiramichisc.ca\\\/fr\\\/\"},{\"@type\":\"ListItem\",\"position\":2,\"name\":\"EcoDiversion\",\"item\":\"https:\\\/\\\/greatermiramichisc.ca\\\/fr\\\/ecodiversion\\\/\"},{\"@type\":\"ListItem\",\"position\":3,\"name\":\"Ressources sur le compostage\"}]},{\"@type\":\"WebSite\",\"@id\":\"https:\\\/\\\/greatermiramichisc.ca\\\/#website\",\"url\":\"https:\\\/\\\/greatermiramichisc.ca\\\/\",\"name\":\"Greater Miramichi Service Commission\",\"description\":\"Welcome to the Miramichi region.\",\"publisher\":{\"@id\":\"https:\\\/\\\/greatermiramichisc.ca\\\/#organization\"},\"alternateName\":\"GMSC\",\"potentialAction\":[{\"@type\":\"SearchAction\",\"target\":{\"@type\":\"EntryPoint\",\"urlTemplate\":\"https:\\\/\\\/greatermiramichisc.ca\\\/?s={search_term_string}\"},\"query-input\":{\"@type\":\"PropertyValueSpecification\",\"valueRequired\":true,\"valueName\":\"search_term_string\"}}],\"inLanguage\":\"fr-FR\"},{\"@type\":\"Organization\",\"@id\":\"https:\\\/\\\/greatermiramichisc.ca\\\/#organization\",\"name\":\"Greater Miramichi Service Commission\",\"alternateName\":\"GMSC\",\"url\":\"https:\\\/\\\/greatermiramichisc.ca\\\/\",\"logo\":{\"@type\":\"ImageObject\",\"inLanguage\":\"fr-FR\",\"@id\":\"https:\\\/\\\/greatermiramichisc.ca\\\/#\\\/schema\\\/logo\\\/image\\\/\",\"url\":\"https:\\\/\\\/greatermiramichisc.ca\\\/wp-content\\\/uploads\\\/2024\\\/12\\\/NAV-Logo.png\",\"contentUrl\":\"https:\\\/\\\/greatermiramichisc.ca\\\/wp-content\\\/uploads\\\/2024\\\/12\\\/NAV-Logo.png\",\"width\":1140,\"height\":345,\"caption\":\"Greater Miramichi Service Commission\"},\"image\":{\"@id\":\"https:\\\/\\\/greatermiramichisc.ca\\\/#\\\/schema\\\/logo\\\/image\\\/\"}}]}<\/script>\n<!-- \/ Yoast SEO plugin. -->","yoast_head_json":{"title":"Ressources sur le compostage | Greater Miramichi Service Commission","description":"Want to learn more about the Greater Miramichi Service Commission? Visit our Ressources sur le compostage page to learn more!","robots":{"index":"index","follow":"follow","max-snippet":"max-snippet:-1","max-image-preview":"max-image-preview:large","max-video-preview":"max-video-preview:-1"},"canonical":"https:\/\/greatermiramichisc.ca\/fr\/ecodiversion\/ressources-sur-le-compostage\/","og_locale":"fr_FR","og_type":"article","og_title":"Ressources sur le compostage | Greater Miramichi Service Commission","og_description":"Want to learn more about the Greater Miramichi Service Commission? Visit our Ressources sur le compostage page to learn more!","og_url":"https:\/\/greatermiramichisc.ca\/fr\/ecodiversion\/ressources-sur-le-compostage\/","og_site_name":"Greater Miramichi Service Commission","article_modified_time":"2025-06-20T17:36:52+00:00","og_image":[{"width":1020,"height":574,"url":"https:\/\/greatermiramichisc.ca\/wp-content\/uploads\/2025\/04\/RegionalStrategyVid.png","type":"image\/png"}],"twitter_card":"summary_large_image","twitter_misc":{"Dur\u00e9e de lecture estim\u00e9e":"4 minutes"},"schema":{"@context":"https:\/\/schema.org","@graph":[{"@type":"WebPage","@id":"https:\/\/greatermiramichisc.ca\/fr\/ecodiversion\/ressources-sur-le-compostage\/","url":"https:\/\/greatermiramichisc.ca\/fr\/ecodiversion\/ressources-sur-le-compostage\/","name":"Ressources sur le compostage | Greater Miramichi Service Commission","isPartOf":{"@id":"https:\/\/greatermiramichisc.ca\/#website"},"datePublished":"2025-04-14T04:45:07+00:00","dateModified":"2025-06-20T17:36:52+00:00","description":"Want to learn more about the Greater Miramichi Service Commission? Visit our Ressources sur le compostage page to learn more!","breadcrumb":{"@id":"https:\/\/greatermiramichisc.ca\/fr\/ecodiversion\/ressources-sur-le-compostage\/#breadcrumb"},"inLanguage":"fr-FR","potentialAction":[{"@type":"ReadAction","target":["https:\/\/greatermiramichisc.ca\/fr\/ecodiversion\/ressources-sur-le-compostage\/"]}]},{"@type":"BreadcrumbList","@id":"https:\/\/greatermiramichisc.ca\/fr\/ecodiversion\/ressources-sur-le-compostage\/#breadcrumb","itemListElement":[{"@type":"ListItem","position":1,"name":"Home","item":"https:\/\/greatermiramichisc.ca\/fr\/"},{"@type":"ListItem","position":2,"name":"EcoDiversion","item":"https:\/\/greatermiramichisc.ca\/fr\/ecodiversion\/"},{"@type":"ListItem","position":3,"name":"Ressources sur le compostage"}]},{"@type":"WebSite","@id":"https:\/\/greatermiramichisc.ca\/#website","url":"https:\/\/greatermiramichisc.ca\/","name":"Greater Miramichi Service Commission","description":"Welcome to the Miramichi region.","publisher":{"@id":"https:\/\/greatermiramichisc.ca\/#organization"},"alternateName":"GMSC","potentialAction":[{"@type":"SearchAction","target":{"@type":"EntryPoint","urlTemplate":"https:\/\/greatermiramichisc.ca\/?s={search_term_string}"},"query-input":{"@type":"PropertyValueSpecification","valueRequired":true,"valueName":"search_term_string"}}],"inLanguage":"fr-FR"},{"@type":"Organization","@id":"https:\/\/greatermiramichisc.ca\/#organization","name":"Greater Miramichi Service Commission","alternateName":"GMSC","url":"https:\/\/greatermiramichisc.ca\/","logo":{"@type":"ImageObject","inLanguage":"fr-FR","@id":"https:\/\/greatermiramichisc.ca\/#\/schema\/logo\/image\/","url":"https:\/\/greatermiramichisc.ca\/wp-content\/uploads\/2024\/12\/NAV-Logo.png","contentUrl":"https:\/\/greatermiramichisc.ca\/wp-content\/uploads\/2024\/12\/NAV-Logo.png","width":1140,"height":345,"caption":"Greater Miramichi Service Commission"},"image":{"@id":"https:\/\/greatermiramichisc.ca\/#\/schema\/logo\/image\/"}}]}},"_links":{"self":[{"href":"https:\/\/greatermiramichisc.ca\/fr\/wp-json\/wp\/v2\/pages\/3072","targetHints":{"allow":["GET"]}}],"collection":[{"href":"https:\/\/greatermiramichisc.ca\/fr\/wp-json\/wp\/v2\/pages"}],"about":[{"href":"https:\/\/greatermiramichisc.ca\/fr\/wp-json\/wp\/v2\/types\/page"}],"author":[{"embeddable":true,"href":"https:\/\/greatermiramichisc.ca\/fr\/wp-json\/wp\/v2\/users\/1"}],"replies":[{"embeddable":true,"href":"https:\/\/greatermiramichisc.ca\/fr\/wp-json\/wp\/v2\/comments?post=3072"}],"version-history":[{"count":6,"href":"https:\/\/greatermiramichisc.ca\/fr\/wp-json\/wp\/v2\/pages\/3072\/revisions"}],"predecessor-version":[{"id":3963,"href":"https:\/\/greatermiramichisc.ca\/fr\/wp-json\/wp\/v2\/pages\/3072\/revisions\/3963"}],"up":[{"embeddable":true,"href":"https:\/\/greatermiramichisc.ca\/fr\/wp-json\/wp\/v2\/pages\/3070"}],"wp:attachment":[{"href":"https:\/\/greatermiramichisc.ca\/fr\/wp-json\/wp\/v2\/media?parent=3072"}],"curies":[{"name":"wp","href":"https:\/\/api.w.org\/{rel}","templated":true}]}}