{"id":3074,"date":"2025-04-14T04:55:48","date_gmt":"2025-04-14T04:55:48","guid":{"rendered":"https:\/\/greatermiramichisc.ca\/ecodiversion\/composting-resources\/what-to-compost\/"},"modified":"2025-06-20T06:50:22","modified_gmt":"2025-06-20T06:50:22","slug":"que-composter","status":"publish","type":"page","link":"https:\/\/greatermiramichisc.ca\/fr\/ecodiversion\/ressources-sur-le-compostage\/que-composter\/","title":{"rendered":"Que composter ?"},"content":{"rendered":"\n<h2>\n\t\t<a href=\"https:\/\/greatermiramichisc.ca\/fr\/ecodiversion\/\" title=\"Ecodiversion\"  target=\"_self\">\n\t\t\tEcodiversion\t\t<\/a>\n\t<\/h2>\n\t<nav aria-label=\"breadcrumbs\">\n            <div class=\"breadcrumb-container theme1\">\n                <ol>\n                                    <\/ol>\n            <\/div>\n        <\/nav>    <script type=\"application\/ld+json\">\n        {\n            \"@context\": \"http:\/\/schema.org\",\n            \"@type\": \"BreadcrumbList\",\n            \"itemListElement\": [\n                            ]\n        }\n    <\/script>\n   \n    <script>\n            <\/script>\n\n\n\t<p>En gros, pour faire du compost, il faut m\u00e9langer des ingr\u00e9dients verts et des ingr\u00e9dients bruns. D\u00e9couvrez ci-dessous des exemples et des instructions d\u00e9taill\u00e9es sur la fa\u00e7on dont ces types d&rsquo;ingr\u00e9dients se compl\u00e8tent.<\/p>\n<h2>\n\t\t\tVert\t<\/h2>\n\t<ul>\n<li aria-level=\"1\">Farine d&rsquo;os<\/li>\n<li aria-level=\"1\">Marc de caf\u00e9<\/li>\n<li aria-level=\"1\">Cosses d&rsquo;\u0153ufs<\/li>\n<li aria-level=\"1\">Plumes<\/li>\n<li aria-level=\"1\">Fleurs<\/li>\n<li aria-level=\"1\">Fruits et \u00e9corces de fruits<\/li>\n<li aria-level=\"1\">Herbe coup\u00e9e (fra\u00eeche)<\/li>\n<li aria-level=\"1\">Cheveux<\/li>\n<li aria-level=\"1\">Fumier<\/li>\n<li aria-level=\"1\">Feuilles de th\u00e9<\/li>\n<li aria-level=\"1\">L\u00e9gumes et \u00e9corces<\/li>\n<li aria-level=\"1\">Mauvaises herbes<\/li>\n<\/ul>\n<h2>\n\t\t\tBrun\t<\/h2>\n\t<ul>\n<li aria-level=\"1\">Filtres \u00e0 caf\u00e9<\/li>\n<li aria-level=\"1\">\u00c9pis de ma\u00efs<\/li>\n<li aria-level=\"1\">Herbe coup\u00e9e (s\u00e9ch\u00e9e)<\/li>\n<li aria-level=\"1\">Foin<\/li>\n<li aria-level=\"1\">Feuilles (mortes)<\/li>\n<li aria-level=\"1\">Papier (d\u00e9chiquet\u00e9)<\/li>\n<li aria-level=\"1\">Tourbe<\/li>\n<li aria-level=\"1\">Aiguilles de pin<\/li>\n<li aria-level=\"1\">Sciure de bois<\/li>\n<li aria-level=\"1\">Paille<\/li>\n<li aria-level=\"1\">Sachets de th\u00e9<\/li>\n<li aria-level=\"1\">Copeaux de bois<\/li>\n<\/ul>\n<h2>\n\t\t\t\u00c9vitez d&rsquo;utiliser les \u00e9l\u00e9ments suivants&#8230;\t<\/h2>\n\t<ul>\n<li aria-level=\"1\">Les d\u00e9chets d&rsquo;animaux domestiques peuvent contenir des bact\u00e9ries extr\u00eamement nocives.<\/li>\n<li aria-level=\"1\">La viande, le poisson, les graisses et les produits laitiers en d\u00e9composition sont susceptibles de d\u00e9gager une odeur et d&rsquo;attirer des animaux \u00e0 quatre pattes.<\/li>\n<li aria-level=\"1\">Les mat\u00e9riaux contamin\u00e9s par des herbicides ou des pesticides ne doivent jamais \u00eatre utilis\u00e9s.<\/li>\n<li aria-level=\"1\">Les plantes infest\u00e9es d&rsquo;insectes ou malades peuvent persister dans le compost.<\/li>\n<li aria-level=\"1\">Les mauvaises herbes avec des graines matures et les plantes avec un syst\u00e8me racinaire persistant peuvent ne pas \u00eatre d\u00e9truites par la chaleur du compost.<\/li>\n<li aria-level=\"1\">Les feuilles de rhubarbe et de noyer contiennent des toxines pour les insectes ou d&rsquo;autres plantes, c&rsquo;est pourquoi beaucoup choisissent de ne pas les composter.<\/li>\n<\/ul>\n<h2>\n\t\t\tCe que tu peux faire pour aider\t<\/h2>\n<h2>\n\t\t\t\u00c0 la maison\t<\/h2>\n\t<ul>\n<li aria-level=\"1\">Utilise un composteur dans ton jardin : transforme les restes de fruits et l\u00e9gumes, le marc de caf\u00e9 et les d\u00e9chets de jardin en engrais naturel.<\/li>\n<li aria-level=\"1\">R\u00e9duis le gaspillage alimentaire : planifie tes repas, conserve correctement les aliments et fais preuve de cr\u00e9ativit\u00e9 avec les restes.<\/li>\n<li aria-level=\"1\">Recycle intelligemment : ne mets pas les d\u00e9chets alimentaires et le papier souill\u00e9 dans ton bac de recyclage.<\/li>\n<\/ul>\n<h2>\n\t\t\tConseils pour le compostage dans ton jardin\t<\/h2>\n\t<p><em>Astuce : essayez de m\u00e9langer les mati\u00e8res vertes et brunes dans des proportions \u00e9gales.<\/em><\/p>\n\t<p><strong>L\u00e9gumes verts (riches en azote)<\/strong><\/p>\n<ul>\n<li>Restes de fruits et l\u00e9gumes<\/li>\n<li>Marc de caf\u00e9, coquilles d&rsquo;\u0153ufs<\/li>\n<li>Herbe fra\u00eechement coup\u00e9e<\/li>\n<li>D\u00e9chets de jardinage et mauvaises herbes<\/li>\n<\/ul>\n\t<p><strong>Mati\u00e8res brunes (riches en carbone)<\/strong><\/p>\n<ul>\n<li>Feuilles s\u00e8ches, paille, foin<\/li>\n<li>Papier d\u00e9chiquet\u00e9, carton<\/li>\n<li>Sciure, copeaux de bois<\/li>\n<li>Filtres \u00e0 caf\u00e9, sachets de th\u00e9<\/li>\n<\/ul>\n\t<p>Avec un peu d&rsquo;effort, le compostage \u00e0 la maison aide l&rsquo;environnement et donne un coup de pouce naturel \u00e0 votre jardin.<\/p>\n\t\t\t<a href=\"https:\/\/greatermiramichisc.ca\/fr\/ecodiversion\/acheter-des-fournitures\/\" target=\"_self\">\n\t\t\t\t\t\t\tAcheter des fournitures\n\t\t\t\t\t<\/a>\n\n","protected":false},"excerpt":{"rendered":"<p>Ecodiversion En gros, pour faire du compost, il faut m\u00e9langer des ingr\u00e9dients verts et des ingr\u00e9dients bruns. D\u00e9couvrez ci-dessous des exemples et des instructions d\u00e9taill\u00e9es sur la fa\u00e7on dont ces&hellip;<\/p>\n","protected":false},"author":1,"featured_media":0,"parent":3072,"menu_order":0,"comment_status":"closed","ping_status":"closed","template":"","meta":{"_acf_changed":false,"footnotes":""},"class_list":["post-3074","page","type-page","status-publish","hentry"],"acf":[],"yoast_head":"<!-- This site is optimized with the Yoast SEO plugin v27.4 - https:\/\/yoast.com\/product\/yoast-seo-wordpress\/ -->\n<title>Que composter ? | Greater Miramichi Service Commission<\/title>\n<meta name=\"description\" content=\"Want to learn more about the Greater Miramichi Service Commission? Visit our Que composter ? page to learn more!\" \/>\n<meta name=\"robots\" content=\"index, follow, max-snippet:-1, max-image-preview:large, max-video-preview:-1\" \/>\n<link rel=\"canonical\" href=\"https:\/\/greatermiramichisc.ca\/fr\/ecodiversion\/ressources-sur-le-compostage\/que-composter\/\" \/>\n<meta property=\"og:locale\" content=\"fr_FR\" \/>\n<meta property=\"og:type\" content=\"article\" \/>\n<meta property=\"og:title\" content=\"Que composter ? | Greater Miramichi Service Commission\" \/>\n<meta property=\"og:description\" content=\"Want to learn more about the Greater Miramichi Service Commission? Visit our Que composter ? page to learn more!\" \/>\n<meta property=\"og:url\" content=\"https:\/\/greatermiramichisc.ca\/fr\/ecodiversion\/ressources-sur-le-compostage\/que-composter\/\" \/>\n<meta property=\"og:site_name\" content=\"Greater Miramichi Service Commission\" \/>\n<meta property=\"article:modified_time\" content=\"2025-06-20T06:50:22+00:00\" \/>\n<meta property=\"og:image\" content=\"https:\/\/greatermiramichisc.ca\/wp-content\/uploads\/2025\/04\/RegionalStrategyVid.png\" \/>\n\t<meta property=\"og:image:width\" content=\"1020\" \/>\n\t<meta property=\"og:image:height\" content=\"574\" \/>\n\t<meta property=\"og:image:type\" content=\"image\/png\" \/>\n<meta name=\"twitter:card\" content=\"summary_large_image\" \/>\n<meta name=\"twitter:label1\" content=\"Dur\u00e9e de lecture estim\u00e9e\" \/>\n\t<meta name=\"twitter:data1\" content=\"2 minutes\" \/>\n<script type=\"application\/ld+json\" class=\"yoast-schema-graph\">{\"@context\":\"https:\\\/\\\/schema.org\",\"@graph\":[{\"@type\":\"WebPage\",\"@id\":\"https:\\\/\\\/greatermiramichisc.ca\\\/fr\\\/ecodiversion\\\/ressources-sur-le-compostage\\\/que-composter\\\/\",\"url\":\"https:\\\/\\\/greatermiramichisc.ca\\\/fr\\\/ecodiversion\\\/ressources-sur-le-compostage\\\/que-composter\\\/\",\"name\":\"Que composter ? | Greater Miramichi Service Commission\",\"isPartOf\":{\"@id\":\"https:\\\/\\\/greatermiramichisc.ca\\\/#website\"},\"datePublished\":\"2025-04-14T04:55:48+00:00\",\"dateModified\":\"2025-06-20T06:50:22+00:00\",\"description\":\"Want to learn more about the Greater Miramichi Service Commission? Visit our Que composter ? page to learn more!\",\"breadcrumb\":{\"@id\":\"https:\\\/\\\/greatermiramichisc.ca\\\/fr\\\/ecodiversion\\\/ressources-sur-le-compostage\\\/que-composter\\\/#breadcrumb\"},\"inLanguage\":\"fr-FR\",\"potentialAction\":[{\"@type\":\"ReadAction\",\"target\":[\"https:\\\/\\\/greatermiramichisc.ca\\\/fr\\\/ecodiversion\\\/ressources-sur-le-compostage\\\/que-composter\\\/\"]}]},{\"@type\":\"BreadcrumbList\",\"@id\":\"https:\\\/\\\/greatermiramichisc.ca\\\/fr\\\/ecodiversion\\\/ressources-sur-le-compostage\\\/que-composter\\\/#breadcrumb\",\"itemListElement\":[{\"@type\":\"ListItem\",\"position\":1,\"name\":\"Home\",\"item\":\"https:\\\/\\\/greatermiramichisc.ca\\\/fr\\\/\"},{\"@type\":\"ListItem\",\"position\":2,\"name\":\"EcoDiversion\",\"item\":\"https:\\\/\\\/greatermiramichisc.ca\\\/fr\\\/ecodiversion\\\/\"},{\"@type\":\"ListItem\",\"position\":3,\"name\":\"Ressources sur le compostage\",\"item\":\"https:\\\/\\\/greatermiramichisc.ca\\\/fr\\\/ecodiversion\\\/ressources-sur-le-compostage\\\/\"},{\"@type\":\"ListItem\",\"position\":4,\"name\":\"Que composter ?\"}]},{\"@type\":\"WebSite\",\"@id\":\"https:\\\/\\\/greatermiramichisc.ca\\\/#website\",\"url\":\"https:\\\/\\\/greatermiramichisc.ca\\\/\",\"name\":\"Greater Miramichi Service Commission\",\"description\":\"Welcome to the Miramichi region.\",\"publisher\":{\"@id\":\"https:\\\/\\\/greatermiramichisc.ca\\\/#organization\"},\"alternateName\":\"GMSC\",\"potentialAction\":[{\"@type\":\"SearchAction\",\"target\":{\"@type\":\"EntryPoint\",\"urlTemplate\":\"https:\\\/\\\/greatermiramichisc.ca\\\/?s={search_term_string}\"},\"query-input\":{\"@type\":\"PropertyValueSpecification\",\"valueRequired\":true,\"valueName\":\"search_term_string\"}}],\"inLanguage\":\"fr-FR\"},{\"@type\":\"Organization\",\"@id\":\"https:\\\/\\\/greatermiramichisc.ca\\\/#organization\",\"name\":\"Greater Miramichi Service Commission\",\"alternateName\":\"GMSC\",\"url\":\"https:\\\/\\\/greatermiramichisc.ca\\\/\",\"logo\":{\"@type\":\"ImageObject\",\"inLanguage\":\"fr-FR\",\"@id\":\"https:\\\/\\\/greatermiramichisc.ca\\\/#\\\/schema\\\/logo\\\/image\\\/\",\"url\":\"https:\\\/\\\/greatermiramichisc.ca\\\/wp-content\\\/uploads\\\/2024\\\/12\\\/NAV-Logo.png\",\"contentUrl\":\"https:\\\/\\\/greatermiramichisc.ca\\\/wp-content\\\/uploads\\\/2024\\\/12\\\/NAV-Logo.png\",\"width\":1140,\"height\":345,\"caption\":\"Greater Miramichi Service Commission\"},\"image\":{\"@id\":\"https:\\\/\\\/greatermiramichisc.ca\\\/#\\\/schema\\\/logo\\\/image\\\/\"}}]}<\/script>\n<!-- \/ Yoast SEO plugin. -->","yoast_head_json":{"title":"Que composter ? | Greater Miramichi Service Commission","description":"Want to learn more about the Greater Miramichi Service Commission? Visit our Que composter ? page to learn more!","robots":{"index":"index","follow":"follow","max-snippet":"max-snippet:-1","max-image-preview":"max-image-preview:large","max-video-preview":"max-video-preview:-1"},"canonical":"https:\/\/greatermiramichisc.ca\/fr\/ecodiversion\/ressources-sur-le-compostage\/que-composter\/","og_locale":"fr_FR","og_type":"article","og_title":"Que composter ? | Greater Miramichi Service Commission","og_description":"Want to learn more about the Greater Miramichi Service Commission? Visit our Que composter ? page to learn more!","og_url":"https:\/\/greatermiramichisc.ca\/fr\/ecodiversion\/ressources-sur-le-compostage\/que-composter\/","og_site_name":"Greater Miramichi Service Commission","article_modified_time":"2025-06-20T06:50:22+00:00","og_image":[{"width":1020,"height":574,"url":"https:\/\/greatermiramichisc.ca\/wp-content\/uploads\/2025\/04\/RegionalStrategyVid.png","type":"image\/png"}],"twitter_card":"summary_large_image","twitter_misc":{"Dur\u00e9e de lecture estim\u00e9e":"2 minutes"},"schema":{"@context":"https:\/\/schema.org","@graph":[{"@type":"WebPage","@id":"https:\/\/greatermiramichisc.ca\/fr\/ecodiversion\/ressources-sur-le-compostage\/que-composter\/","url":"https:\/\/greatermiramichisc.ca\/fr\/ecodiversion\/ressources-sur-le-compostage\/que-composter\/","name":"Que composter ? | Greater Miramichi Service Commission","isPartOf":{"@id":"https:\/\/greatermiramichisc.ca\/#website"},"datePublished":"2025-04-14T04:55:48+00:00","dateModified":"2025-06-20T06:50:22+00:00","description":"Want to learn more about the Greater Miramichi Service Commission? Visit our Que composter ? page to learn more!","breadcrumb":{"@id":"https:\/\/greatermiramichisc.ca\/fr\/ecodiversion\/ressources-sur-le-compostage\/que-composter\/#breadcrumb"},"inLanguage":"fr-FR","potentialAction":[{"@type":"ReadAction","target":["https:\/\/greatermiramichisc.ca\/fr\/ecodiversion\/ressources-sur-le-compostage\/que-composter\/"]}]},{"@type":"BreadcrumbList","@id":"https:\/\/greatermiramichisc.ca\/fr\/ecodiversion\/ressources-sur-le-compostage\/que-composter\/#breadcrumb","itemListElement":[{"@type":"ListItem","position":1,"name":"Home","item":"https:\/\/greatermiramichisc.ca\/fr\/"},{"@type":"ListItem","position":2,"name":"EcoDiversion","item":"https:\/\/greatermiramichisc.ca\/fr\/ecodiversion\/"},{"@type":"ListItem","position":3,"name":"Ressources sur le compostage","item":"https:\/\/greatermiramichisc.ca\/fr\/ecodiversion\/ressources-sur-le-compostage\/"},{"@type":"ListItem","position":4,"name":"Que composter ?"}]},{"@type":"WebSite","@id":"https:\/\/greatermiramichisc.ca\/#website","url":"https:\/\/greatermiramichisc.ca\/","name":"Greater Miramichi Service Commission","description":"Welcome to the Miramichi region.","publisher":{"@id":"https:\/\/greatermiramichisc.ca\/#organization"},"alternateName":"GMSC","potentialAction":[{"@type":"SearchAction","target":{"@type":"EntryPoint","urlTemplate":"https:\/\/greatermiramichisc.ca\/?s={search_term_string}"},"query-input":{"@type":"PropertyValueSpecification","valueRequired":true,"valueName":"search_term_string"}}],"inLanguage":"fr-FR"},{"@type":"Organization","@id":"https:\/\/greatermiramichisc.ca\/#organization","name":"Greater Miramichi Service Commission","alternateName":"GMSC","url":"https:\/\/greatermiramichisc.ca\/","logo":{"@type":"ImageObject","inLanguage":"fr-FR","@id":"https:\/\/greatermiramichisc.ca\/#\/schema\/logo\/image\/","url":"https:\/\/greatermiramichisc.ca\/wp-content\/uploads\/2024\/12\/NAV-Logo.png","contentUrl":"https:\/\/greatermiramichisc.ca\/wp-content\/uploads\/2024\/12\/NAV-Logo.png","width":1140,"height":345,"caption":"Greater Miramichi Service Commission"},"image":{"@id":"https:\/\/greatermiramichisc.ca\/#\/schema\/logo\/image\/"}}]}},"_links":{"self":[{"href":"https:\/\/greatermiramichisc.ca\/fr\/wp-json\/wp\/v2\/pages\/3074","targetHints":{"allow":["GET"]}}],"collection":[{"href":"https:\/\/greatermiramichisc.ca\/fr\/wp-json\/wp\/v2\/pages"}],"about":[{"href":"https:\/\/greatermiramichisc.ca\/fr\/wp-json\/wp\/v2\/types\/page"}],"author":[{"embeddable":true,"href":"https:\/\/greatermiramichisc.ca\/fr\/wp-json\/wp\/v2\/users\/1"}],"replies":[{"embeddable":true,"href":"https:\/\/greatermiramichisc.ca\/fr\/wp-json\/wp\/v2\/comments?post=3074"}],"version-history":[{"count":3,"href":"https:\/\/greatermiramichisc.ca\/fr\/wp-json\/wp\/v2\/pages\/3074\/revisions"}],"predecessor-version":[{"id":3900,"href":"https:\/\/greatermiramichisc.ca\/fr\/wp-json\/wp\/v2\/pages\/3074\/revisions\/3900"}],"up":[{"embeddable":true,"href":"https:\/\/greatermiramichisc.ca\/fr\/wp-json\/wp\/v2\/pages\/3072"}],"wp:attachment":[{"href":"https:\/\/greatermiramichisc.ca\/fr\/wp-json\/wp\/v2\/media?parent=3074"}],"curies":[{"name":"wp","href":"https:\/\/api.w.org\/{rel}","templated":true}]}}