{"id":3075,"date":"2025-04-14T04:41:29","date_gmt":"2025-04-14T04:41:29","guid":{"rendered":"https:\/\/greatermiramichisc.ca\/ecodiversion\/electronics-recycling\/"},"modified":"2025-10-01T11:15:31","modified_gmt":"2025-10-01T11:15:31","slug":"recyclage-des-batteries","status":"publish","type":"page","link":"https:\/\/greatermiramichisc.ca\/fr\/ecodiversion\/recyclage-des-batteries\/","title":{"rendered":"Recyclage des batteries"},"content":{"rendered":"\n<h2>\n\t\t<a href=\"https:\/\/greatermiramichisc.ca\/fr\/ecodiversion\/\" title=\"Ecodiversion\"  target=\"_self\">\n\t\t\tEcodiversion\t\t<\/a>\n\t<\/h2>\n\t<nav aria-label=\"breadcrumbs\">\n            <div class=\"breadcrumb-container theme1\">\n                <ol>\n                                    <\/ol>\n            <\/div>\n        <\/nav>    <script type=\"application\/ld+json\">\n        {\n            \"@context\": \"http:\/\/schema.org\",\n            \"@type\": \"BreadcrumbList\",\n            \"itemListElement\": [\n                            ]\n        }\n    <\/script>\n   \n    <script>\n            <\/script>\n\n<h2>\n\t\t\tRecyclage des batteries\t<\/h2>\n<h2>\n\t\t\t\u00c9vitez de jeter les d\u00e9chets dangereux dans les d\u00e9charges : recyclez vos piles et vos vieux t\u00e9l\u00e9phones portables de mani\u00e8re responsable !\t<\/h2>\n\t<p>La Commission de services du Grand Miramichi est fi\u00e8re de soutenir un programme de recyclage des piles et des t\u00e9l\u00e9phones cellulaires pour qu&rsquo;on s&rsquo;en d\u00e9barrasse de fa\u00e7on s\u00fbre et durable. Ces objets du quotidien peuvent sembler petits, mais quand on les jette pas correctement, ils peuvent lib\u00e9rer des substances toxiques qui nuisent \u00e0 l&rsquo;environnement. En les recyclant, tu aides \u00e0 prot\u00e9ger notre sol, notre eau et notre faune, une pile \u00e0 la fois. Ensemble, donnons le coup d&rsquo;envoi \u00e0 un avenir plus propre et plus vert !<\/p>\n\t\t\t\t\t<a href=\"#\"  id=\"fl-accordion--label-0\" tabindex=\"0\" aria-controls=\"fl-accordion--panel-0\">Pourquoi recycler les piles et les t\u00e9l\u00e9phones portables ?<\/a>\n\t\t\t\t\t\t\t\t\t\t\t<a href=\"#\" id=\"fl-accordion--icon-0\"  tabindex=\"0\"><i title=\"D\u00e9plier\">D\u00e9plier<\/i><\/a>\n\t\t\t\t\t<ul>\n<li aria-level=\"1\"><strong>Prot\u00e9ger l&rsquo;environnement :<\/strong> emp\u00eacher les substances toxiques de nuire \u00e0 la faune et aux \u00e9cosyst\u00e8mes.<\/li>\n<li aria-level=\"1\"><strong>Am\u00e9liorer la s\u00e9curit\u00e9 :<\/strong> r\u00e9duire les risques d&rsquo;incendie gr\u00e2ce \u00e0 un recyclage responsable.<\/li>\n<li aria-level=\"1\"><strong>Soutenir le d\u00e9veloppement durable :<\/strong> les mat\u00e9riaux recycl\u00e9s sont utilis\u00e9s dans de nouveaux produits tels que les piles, les ustensiles de cuisine et les clubs de golf.<\/li>\n<\/ul>\n\t\t\t\t\t<a href=\"#\"  id=\"fl-accordion--label-1\" tabindex=\"0\" aria-controls=\"fl-accordion--panel-1\">Que pouvez-vous recycler ?<\/a>\n\t\t\t\t\t\t\t\t\t\t\t<a href=\"#\" id=\"fl-accordion--icon-1\"  tabindex=\"0\"><i title=\"D\u00e9plier\">D\u00e9plier<\/i><\/a>\n\t\t\t\t\t<ul>\n<li aria-level=\"1\"><strong>Piles rechargeables :<\/strong> pr\u00e9sentes dans les outils \u00e9lectriques, les ordinateurs portables, les t\u00e9l\u00e9phones portables et les appareils photo.<\/li>\n<li aria-level=\"1\"><strong>Piles \u00e0 usage unique :<\/strong> on les trouve dans les t\u00e9l\u00e9commandes, les montres, les jouets et les appareils auditifs.<\/li>\n<li aria-level=\"1\"><strong>T\u00e9l\u00e9phones portables :<\/strong> assurez-vous que toutes les donn\u00e9es ont \u00e9t\u00e9 supprim\u00e9es avant de les recycler ; tous les mat\u00e9riaux sont trait\u00e9s de mani\u00e8re responsable.<\/li>\n<\/ul>\n\t\t\t\t\t<a href=\"#\"  id=\"fl-accordion--label-2\" tabindex=\"0\" aria-controls=\"fl-accordion--panel-2\">Conseils pour le recyclage des batteries<\/a>\n\t\t\t\t\t\t\t\t\t\t\t<a href=\"#\" id=\"fl-accordion--icon-2\"  tabindex=\"0\"><i title=\"D\u00e9plier\">D\u00e9plier<\/i><\/a>\n\t\t\t\t\t<ol>\n<li aria-level=\"1\"><strong>Sac ou ruban adh\u00e9sif :<\/strong> utilisez un sac en plastique transparent ou du ruban adh\u00e9sif avant de les stocker.<\/li>\n<li aria-level=\"1\"><strong>Conservez-les au frais :<\/strong> stockez-les dans un r\u00e9cipient en plastique sec, \u00e0 l&rsquo;abri de la chaleur.<\/li>\n<li aria-level=\"1\"><strong>Recycle dans les 6 mois<\/strong> &#8211; Utilise notre carte des points de collecte de piles et de t\u00e9l\u00e9phones portables ci-dessous pour trouver un site de d\u00e9p\u00f4t.<\/li>\n<li aria-level=\"1\"><strong>Fais passer le mot<\/strong> &#8211; Encourage les autres \u00e0 recycler de mani\u00e8re responsable !<\/li>\n<li aria-level=\"1\"><strong>Conservez-les au frais :<\/strong> stockez-les dans un r\u00e9cipient en plastique sec, \u00e0 l&rsquo;abri de la chaleur.<\/li>\n<\/ol>\n\t<p>Chaque batterie recycl\u00e9e compte. Consultez notre carte des points de collecte de batteries et de t\u00e9l\u00e9phones portables pour trouver celui qui vous convient le mieux :<\/p>\n\t<iframe loading=\"lazy\" src=\"https:\/\/www.arcgis.com\/apps\/dashboards\/a06bfa2f1004456f99836a2188353201\" width=\"100%\" height=\"575px\"><\/iframe>\n\t\t<iframe loading=\"lazy\" width=\"560\" height=\"315\" src=\"https:\/\/www.youtube.com\/embed\/GV6bvJEon74?si=wMn6EjIU-w5ZmiCe\" title=\"YouTube video player\" frameborder=\"0\" allow=\"accelerometer; autoplay; clipboard-write; encrypted-media; gyroscope; picture-in-picture; web-share\" referrerpolicy=\"strict-origin-when-cross-origin\" allowfullscreen><\/iframe>\t\n\n","protected":false},"excerpt":{"rendered":"<p>Ecodiversion Recyclage des batteries \u00c9vitez de jeter les d\u00e9chets dangereux dans les d\u00e9charges : recyclez vos piles et vos vieux t\u00e9l\u00e9phones portables de mani\u00e8re responsable ! La Commission de services&hellip;<\/p>\n","protected":false},"author":1,"featured_media":0,"parent":3070,"menu_order":0,"comment_status":"closed","ping_status":"closed","template":"","meta":{"_acf_changed":false,"footnotes":""},"class_list":["post-3075","page","type-page","status-publish","hentry"],"acf":[],"yoast_head":"<!-- This site is optimized with the Yoast SEO plugin v27.4 - https:\/\/yoast.com\/product\/yoast-seo-wordpress\/ -->\n<title>Recyclage des batteries | Greater Miramichi Service Commission<\/title>\n<meta name=\"description\" content=\"Want to learn more about the Greater Miramichi Service Commission? Visit our Recyclage des batteries page to learn more!\" \/>\n<meta name=\"robots\" content=\"index, follow, max-snippet:-1, max-image-preview:large, max-video-preview:-1\" \/>\n<link rel=\"canonical\" href=\"https:\/\/greatermiramichisc.ca\/fr\/ecodiversion\/recyclage-des-batteries\/\" \/>\n<meta property=\"og:locale\" content=\"fr_FR\" \/>\n<meta property=\"og:type\" content=\"article\" \/>\n<meta property=\"og:title\" content=\"Recyclage des batteries | Greater Miramichi Service Commission\" \/>\n<meta property=\"og:description\" content=\"Want to learn more about the Greater Miramichi Service Commission? Visit our Recyclage des batteries page to learn more!\" \/>\n<meta property=\"og:url\" content=\"https:\/\/greatermiramichisc.ca\/fr\/ecodiversion\/recyclage-des-batteries\/\" \/>\n<meta property=\"og:site_name\" content=\"Greater Miramichi Service Commission\" \/>\n<meta property=\"article:modified_time\" content=\"2025-10-01T11:15:31+00:00\" \/>\n<meta property=\"og:image\" content=\"https:\/\/greatermiramichisc.ca\/wp-content\/uploads\/2025\/04\/RegionalStrategyVid.png\" \/>\n\t<meta property=\"og:image:width\" content=\"1020\" \/>\n\t<meta property=\"og:image:height\" content=\"574\" \/>\n\t<meta property=\"og:image:type\" content=\"image\/png\" \/>\n<meta name=\"twitter:card\" content=\"summary_large_image\" \/>\n<meta name=\"twitter:label1\" content=\"Dur\u00e9e de lecture estim\u00e9e\" \/>\n\t<meta name=\"twitter:data1\" content=\"2 minutes\" \/>\n<script type=\"application\/ld+json\" class=\"yoast-schema-graph\">{\"@context\":\"https:\\\/\\\/schema.org\",\"@graph\":[{\"@type\":\"WebPage\",\"@id\":\"https:\\\/\\\/greatermiramichisc.ca\\\/fr\\\/ecodiversion\\\/recyclage-des-batteries\\\/\",\"url\":\"https:\\\/\\\/greatermiramichisc.ca\\\/fr\\\/ecodiversion\\\/recyclage-des-batteries\\\/\",\"name\":\"Recyclage des batteries | Greater Miramichi Service Commission\",\"isPartOf\":{\"@id\":\"https:\\\/\\\/greatermiramichisc.ca\\\/#website\"},\"datePublished\":\"2025-04-14T04:41:29+00:00\",\"dateModified\":\"2025-10-01T11:15:31+00:00\",\"description\":\"Want to learn more about the Greater Miramichi Service Commission? Visit our Recyclage des batteries page to learn more!\",\"breadcrumb\":{\"@id\":\"https:\\\/\\\/greatermiramichisc.ca\\\/fr\\\/ecodiversion\\\/recyclage-des-batteries\\\/#breadcrumb\"},\"inLanguage\":\"fr-FR\",\"potentialAction\":[{\"@type\":\"ReadAction\",\"target\":[\"https:\\\/\\\/greatermiramichisc.ca\\\/fr\\\/ecodiversion\\\/recyclage-des-batteries\\\/\"]}]},{\"@type\":\"BreadcrumbList\",\"@id\":\"https:\\\/\\\/greatermiramichisc.ca\\\/fr\\\/ecodiversion\\\/recyclage-des-batteries\\\/#breadcrumb\",\"itemListElement\":[{\"@type\":\"ListItem\",\"position\":1,\"name\":\"Home\",\"item\":\"https:\\\/\\\/greatermiramichisc.ca\\\/fr\\\/\"},{\"@type\":\"ListItem\",\"position\":2,\"name\":\"EcoDiversion\",\"item\":\"https:\\\/\\\/greatermiramichisc.ca\\\/fr\\\/ecodiversion\\\/\"},{\"@type\":\"ListItem\",\"position\":3,\"name\":\"Recyclage des batteries\"}]},{\"@type\":\"WebSite\",\"@id\":\"https:\\\/\\\/greatermiramichisc.ca\\\/#website\",\"url\":\"https:\\\/\\\/greatermiramichisc.ca\\\/\",\"name\":\"Greater Miramichi Service Commission\",\"description\":\"Welcome to the Miramichi region.\",\"publisher\":{\"@id\":\"https:\\\/\\\/greatermiramichisc.ca\\\/#organization\"},\"alternateName\":\"GMSC\",\"potentialAction\":[{\"@type\":\"SearchAction\",\"target\":{\"@type\":\"EntryPoint\",\"urlTemplate\":\"https:\\\/\\\/greatermiramichisc.ca\\\/?s={search_term_string}\"},\"query-input\":{\"@type\":\"PropertyValueSpecification\",\"valueRequired\":true,\"valueName\":\"search_term_string\"}}],\"inLanguage\":\"fr-FR\"},{\"@type\":\"Organization\",\"@id\":\"https:\\\/\\\/greatermiramichisc.ca\\\/#organization\",\"name\":\"Greater Miramichi Service Commission\",\"alternateName\":\"GMSC\",\"url\":\"https:\\\/\\\/greatermiramichisc.ca\\\/\",\"logo\":{\"@type\":\"ImageObject\",\"inLanguage\":\"fr-FR\",\"@id\":\"https:\\\/\\\/greatermiramichisc.ca\\\/#\\\/schema\\\/logo\\\/image\\\/\",\"url\":\"https:\\\/\\\/greatermiramichisc.ca\\\/wp-content\\\/uploads\\\/2024\\\/12\\\/NAV-Logo.png\",\"contentUrl\":\"https:\\\/\\\/greatermiramichisc.ca\\\/wp-content\\\/uploads\\\/2024\\\/12\\\/NAV-Logo.png\",\"width\":1140,\"height\":345,\"caption\":\"Greater Miramichi Service Commission\"},\"image\":{\"@id\":\"https:\\\/\\\/greatermiramichisc.ca\\\/#\\\/schema\\\/logo\\\/image\\\/\"}}]}<\/script>\n<!-- \/ Yoast SEO plugin. -->","yoast_head_json":{"title":"Recyclage des batteries | Greater Miramichi Service Commission","description":"Want to learn more about the Greater Miramichi Service Commission? Visit our Recyclage des batteries page to learn more!","robots":{"index":"index","follow":"follow","max-snippet":"max-snippet:-1","max-image-preview":"max-image-preview:large","max-video-preview":"max-video-preview:-1"},"canonical":"https:\/\/greatermiramichisc.ca\/fr\/ecodiversion\/recyclage-des-batteries\/","og_locale":"fr_FR","og_type":"article","og_title":"Recyclage des batteries | Greater Miramichi Service Commission","og_description":"Want to learn more about the Greater Miramichi Service Commission? Visit our Recyclage des batteries page to learn more!","og_url":"https:\/\/greatermiramichisc.ca\/fr\/ecodiversion\/recyclage-des-batteries\/","og_site_name":"Greater Miramichi Service Commission","article_modified_time":"2025-10-01T11:15:31+00:00","og_image":[{"width":1020,"height":574,"url":"https:\/\/greatermiramichisc.ca\/wp-content\/uploads\/2025\/04\/RegionalStrategyVid.png","type":"image\/png"}],"twitter_card":"summary_large_image","twitter_misc":{"Dur\u00e9e de lecture estim\u00e9e":"2 minutes"},"schema":{"@context":"https:\/\/schema.org","@graph":[{"@type":"WebPage","@id":"https:\/\/greatermiramichisc.ca\/fr\/ecodiversion\/recyclage-des-batteries\/","url":"https:\/\/greatermiramichisc.ca\/fr\/ecodiversion\/recyclage-des-batteries\/","name":"Recyclage des batteries | Greater Miramichi Service Commission","isPartOf":{"@id":"https:\/\/greatermiramichisc.ca\/#website"},"datePublished":"2025-04-14T04:41:29+00:00","dateModified":"2025-10-01T11:15:31+00:00","description":"Want to learn more about the Greater Miramichi Service Commission? Visit our Recyclage des batteries page to learn more!","breadcrumb":{"@id":"https:\/\/greatermiramichisc.ca\/fr\/ecodiversion\/recyclage-des-batteries\/#breadcrumb"},"inLanguage":"fr-FR","potentialAction":[{"@type":"ReadAction","target":["https:\/\/greatermiramichisc.ca\/fr\/ecodiversion\/recyclage-des-batteries\/"]}]},{"@type":"BreadcrumbList","@id":"https:\/\/greatermiramichisc.ca\/fr\/ecodiversion\/recyclage-des-batteries\/#breadcrumb","itemListElement":[{"@type":"ListItem","position":1,"name":"Home","item":"https:\/\/greatermiramichisc.ca\/fr\/"},{"@type":"ListItem","position":2,"name":"EcoDiversion","item":"https:\/\/greatermiramichisc.ca\/fr\/ecodiversion\/"},{"@type":"ListItem","position":3,"name":"Recyclage des batteries"}]},{"@type":"WebSite","@id":"https:\/\/greatermiramichisc.ca\/#website","url":"https:\/\/greatermiramichisc.ca\/","name":"Greater Miramichi Service Commission","description":"Welcome to the Miramichi region.","publisher":{"@id":"https:\/\/greatermiramichisc.ca\/#organization"},"alternateName":"GMSC","potentialAction":[{"@type":"SearchAction","target":{"@type":"EntryPoint","urlTemplate":"https:\/\/greatermiramichisc.ca\/?s={search_term_string}"},"query-input":{"@type":"PropertyValueSpecification","valueRequired":true,"valueName":"search_term_string"}}],"inLanguage":"fr-FR"},{"@type":"Organization","@id":"https:\/\/greatermiramichisc.ca\/#organization","name":"Greater Miramichi Service Commission","alternateName":"GMSC","url":"https:\/\/greatermiramichisc.ca\/","logo":{"@type":"ImageObject","inLanguage":"fr-FR","@id":"https:\/\/greatermiramichisc.ca\/#\/schema\/logo\/image\/","url":"https:\/\/greatermiramichisc.ca\/wp-content\/uploads\/2024\/12\/NAV-Logo.png","contentUrl":"https:\/\/greatermiramichisc.ca\/wp-content\/uploads\/2024\/12\/NAV-Logo.png","width":1140,"height":345,"caption":"Greater Miramichi Service Commission"},"image":{"@id":"https:\/\/greatermiramichisc.ca\/#\/schema\/logo\/image\/"}}]}},"_links":{"self":[{"href":"https:\/\/greatermiramichisc.ca\/fr\/wp-json\/wp\/v2\/pages\/3075","targetHints":{"allow":["GET"]}}],"collection":[{"href":"https:\/\/greatermiramichisc.ca\/fr\/wp-json\/wp\/v2\/pages"}],"about":[{"href":"https:\/\/greatermiramichisc.ca\/fr\/wp-json\/wp\/v2\/types\/page"}],"author":[{"embeddable":true,"href":"https:\/\/greatermiramichisc.ca\/fr\/wp-json\/wp\/v2\/users\/1"}],"replies":[{"embeddable":true,"href":"https:\/\/greatermiramichisc.ca\/fr\/wp-json\/wp\/v2\/comments?post=3075"}],"version-history":[{"count":7,"href":"https:\/\/greatermiramichisc.ca\/fr\/wp-json\/wp\/v2\/pages\/3075\/revisions"}],"predecessor-version":[{"id":5665,"href":"https:\/\/greatermiramichisc.ca\/fr\/wp-json\/wp\/v2\/pages\/3075\/revisions\/5665"}],"up":[{"embeddable":true,"href":"https:\/\/greatermiramichisc.ca\/fr\/wp-json\/wp\/v2\/pages\/3070"}],"wp:attachment":[{"href":"https:\/\/greatermiramichisc.ca\/fr\/wp-json\/wp\/v2\/media?parent=3075"}],"curies":[{"name":"wp","href":"https:\/\/api.w.org\/{rel}","templated":true}]}}