{"id":3076,"date":"2025-04-14T04:46:14","date_gmt":"2025-04-14T04:46:14","guid":{"rendered":"https:\/\/greatermiramichisc.ca\/ecodiversion\/hazardous-waste\/"},"modified":"2026-04-16T13:44:48","modified_gmt":"2026-04-16T13:44:48","slug":"dechets-dangereux","status":"publish","type":"page","link":"https:\/\/greatermiramichisc.ca\/fr\/ecodiversion\/dechets-dangereux\/","title":{"rendered":"D\u00e9chets dangereux"},"content":{"rendered":"\n<h2>\n\t\t<a href=\"https:\/\/greatermiramichisc.ca\/fr\/ecodiversion\/\" title=\"Ecodiversion\"  target=\"_self\">\n\t\t\tEcodiversion\t\t<\/a>\n\t<\/h2>\n\t<nav aria-label=\"breadcrumbs\">\n            <div class=\"breadcrumb-container theme1\">\n                <ol>\n                                    <\/ol>\n            <\/div>\n        <\/nav>    <script type=\"application\/ld+json\">\n        {\n            \"@context\": \"http:\/\/schema.org\",\n            \"@type\": \"BreadcrumbList\",\n            \"itemListElement\": [\n                            ]\n        }\n    <\/script>\n   \n    <script>\n            <\/script>\n\n\n\t<p>Les d\u00e9chets m\u00e9nagers dangereux (DMD) sont des restes de produits m\u00e9nagers qui contiennent des produits chimiques pouvant \u00eatre dangereux pour la sant\u00e9 ou l&rsquo;environnement s&rsquo;ils ne sont pas manipul\u00e9s ou \u00e9limin\u00e9s correctement. Ces produits sont souvent toxiques, corrosifs, inflammables ou r\u00e9actifs, et ne doivent jamais \u00eatre jet\u00e9s dans les \u00e9gouts, \u00e0 la poubelle ou dans la nature<\/p>\n<p><b>D\u00e9chets domestiques dangereux courants :<\/b><\/p>\n<p>Cherche les trucs avec des mots comme \u00ab Danger \u00bb, \u00ab Poison \u00bb, \u00ab Attention \u00bb ou \u00ab Avertissement \u00bb et des symboles comme :<\/p>\n\n<figure itemscope itemtype=\"https:\/\/schema.org\/ImageObject\">\n\t\t\t\t<img decoding=\"async\" src=\"https:\/\/greatermiramichisc.ca\/wp-content\/uploads\/2025\/05\/Screenshot-2025-05-09-at-10.14.34\u202fAM.png\" alt=\"Screenshot 2025-05-09 at 10.14.34\u202fAM\" height=\"157\" width=\"755\" title=\"Screenshot 2025-05-09 at 10.14.34\u202fAM\" onerror=\"this.style.display='none'\" loading=\"lazy\" \/>\n\t<\/figure>\n\t\t<iframe loading=\"lazy\" src=\"https:\/\/player.vimeo.com\/video\/1119091979?badge=0&amp;autopause=0&amp;player_id=0&amp;app_id=58479\" width=\"1920\" height=\"1080\" frameborder=\"0\" allow=\"autoplay; fullscreen; picture-in-picture; clipboard-write; encrypted-media; web-share\" referrerpolicy=\"strict-origin-when-cross-origin\" title=\"ECO DIVERSION-HOUSEHOLD HAZARDOUS WASTE-30 SEC FRE\"><\/iframe>\t\n\t<p>Exemples de d\u00e9chets m\u00e9nagers dangereux :<\/p>\n<ul>\n<li>Peinture et diluants pour peinture<\/li>\n<li>Liquides automobiles (par exemple, huile moteur, antigel, liquide de frein)<\/li>\n<li>Piles domestiques (alcalines, au lithium, rechargeables)<\/li>\n<li>A\u00e9rosols (nettoyants, d\u00e9sodorisants, insecticides)<\/li>\n<li>Produits d&rsquo;entretien m\u00e9nager (eau de Javel, d\u00e9boucheurs, produits \u00e0 base d&rsquo;ammoniaque)<\/li>\n<li>Produits de soins personnels (dissolvant pour vernis \u00e0 ongles, teinture pour cheveux, certains cosm\u00e9tiques)<\/li>\n<li>Pesticides et herbicides<\/li>\n<li>Solvants, colles et adh\u00e9sifs<\/li>\n<li>Articles contenant du mercure (thermom\u00e8tres, ampoules fluocompactes)<\/li>\n<\/ul>\n<p>M\u00eame de petites quantit\u00e9s de d\u00e9chets dangereux peuvent polluer notre eau, nuire \u00e0 la faune et cr\u00e9er des risques pour la sant\u00e9. Une manipulation s\u00fbre et une \u00e9limination ad\u00e9quate contribuent \u00e0 prot\u00e9ger nos maisons, nos communaut\u00e9s et nos \u00e9cosyst\u00e8mes.<\/p>\n<h2>\n\t\t\tTu veux te d\u00e9barrasser de tes d\u00e9chets dangereux ?\t<\/h2>\n\t<p>Chaque ann\u00e9e, le CSGM organise des collectes de d\u00e9chets dangereux au printemps et \u00e0 l&rsquo;automne. Ces collectes permettent aux gens de la communaut\u00e9 de se d\u00e9barrasser de leurs d\u00e9chets dangereux en toute s\u00e9curit\u00e9.<\/p>\n<p>Inscrivez-vous pour recevoir des mises \u00e0 jour, contactez -nous : Si t&rsquo;as des questions, besoin d&rsquo;aide ou si tu veux en savoir plus sur nos services, n&rsquo;h\u00e9site pas \u00e0 nous contacter. Notre \u00e9quipe est l\u00e0 pour t&rsquo;aider et te r\u00e9pondra dans les plus brefs d\u00e9lais.<\/p>\n<h2>\n\t\t\t\u00c9v\u00e9nements \u00e0 venir\t<\/h2>\n\t<p>23 Mai<\/p>\n<p>360 Newcastle Blvd<\/p>\n<p>8h-12h<\/p>\n\t\t\t<a href=\"https:\/\/greatermiramichisc.ca\/wp-content\/uploads\/2025\/05\/Spring_HHW_2025_E.pdf\"  target=\"_blank\" rel=\"noopener\"    rel=\"noopener\">\n\t\t\t\t\t\t\t En savoir plus\n\t\t\t\t\t<\/a>\n\t\t\t<a href=\"https:\/\/greatermiramichisc.ca\/fr\/news-updates\/bulletins-dinformation\/\"  target=\"_self\">\n\t\t\t\t\t\t\tInscrivez-vous pour recevoir des mises \u00e0 jour\n\t\t\t\t\t<\/a>\n\n","protected":false},"excerpt":{"rendered":"<p>Ecodiversion Les d\u00e9chets m\u00e9nagers dangereux (DMD) sont des restes de produits m\u00e9nagers qui contiennent des produits chimiques pouvant \u00eatre dangereux pour la sant\u00e9 ou l&rsquo;environnement s&rsquo;ils ne sont pas manipul\u00e9s&hellip;<\/p>\n","protected":false},"author":1,"featured_media":0,"parent":3070,"menu_order":0,"comment_status":"closed","ping_status":"closed","template":"","meta":{"_acf_changed":false,"footnotes":""},"class_list":["post-3076","page","type-page","status-publish","hentry"],"acf":[],"yoast_head":"<!-- This site is optimized with the Yoast SEO plugin v27.4 - https:\/\/yoast.com\/product\/yoast-seo-wordpress\/ -->\n<title>D\u00e9chets dangereux | Greater Miramichi Service Commission<\/title>\n<meta name=\"description\" content=\"Want to learn more about the Greater Miramichi Service Commission? Visit our D\u00e9chets dangereux page to learn more!\" \/>\n<meta name=\"robots\" content=\"index, follow, max-snippet:-1, max-image-preview:large, max-video-preview:-1\" \/>\n<link rel=\"canonical\" href=\"https:\/\/greatermiramichisc.ca\/fr\/ecodiversion\/dechets-dangereux\/\" \/>\n<meta property=\"og:locale\" content=\"fr_FR\" \/>\n<meta property=\"og:type\" content=\"article\" \/>\n<meta property=\"og:title\" content=\"D\u00e9chets dangereux | Greater Miramichi Service Commission\" \/>\n<meta property=\"og:description\" content=\"Want to learn more about the Greater Miramichi Service Commission? Visit our D\u00e9chets dangereux page to learn more!\" \/>\n<meta property=\"og:url\" content=\"https:\/\/greatermiramichisc.ca\/fr\/ecodiversion\/dechets-dangereux\/\" \/>\n<meta property=\"og:site_name\" content=\"Greater Miramichi Service Commission\" \/>\n<meta property=\"article:modified_time\" content=\"2026-04-16T13:44:48+00:00\" \/>\n<meta property=\"og:image\" content=\"https:\/\/greatermiramichisc.ca\/wp-content\/uploads\/2025\/04\/RegionalStrategyVid.png\" \/>\n\t<meta property=\"og:image:width\" content=\"1020\" \/>\n\t<meta property=\"og:image:height\" content=\"574\" \/>\n\t<meta property=\"og:image:type\" content=\"image\/png\" \/>\n<meta name=\"twitter:card\" content=\"summary_large_image\" \/>\n<meta name=\"twitter:label1\" content=\"Dur\u00e9e de lecture estim\u00e9e\" \/>\n\t<meta name=\"twitter:data1\" content=\"2 minutes\" \/>\n<script type=\"application\/ld+json\" class=\"yoast-schema-graph\">{\"@context\":\"https:\\\/\\\/schema.org\",\"@graph\":[{\"@type\":\"WebPage\",\"@id\":\"https:\\\/\\\/greatermiramichisc.ca\\\/fr\\\/ecodiversion\\\/dechets-dangereux\\\/\",\"url\":\"https:\\\/\\\/greatermiramichisc.ca\\\/fr\\\/ecodiversion\\\/dechets-dangereux\\\/\",\"name\":\"D\u00e9chets dangereux | Greater Miramichi Service Commission\",\"isPartOf\":{\"@id\":\"https:\\\/\\\/greatermiramichisc.ca\\\/#website\"},\"datePublished\":\"2025-04-14T04:46:14+00:00\",\"dateModified\":\"2026-04-16T13:44:48+00:00\",\"description\":\"Want to learn more about the Greater Miramichi Service Commission? Visit our D\u00e9chets dangereux page to learn more!\",\"breadcrumb\":{\"@id\":\"https:\\\/\\\/greatermiramichisc.ca\\\/fr\\\/ecodiversion\\\/dechets-dangereux\\\/#breadcrumb\"},\"inLanguage\":\"fr-FR\",\"potentialAction\":[{\"@type\":\"ReadAction\",\"target\":[\"https:\\\/\\\/greatermiramichisc.ca\\\/fr\\\/ecodiversion\\\/dechets-dangereux\\\/\"]}]},{\"@type\":\"BreadcrumbList\",\"@id\":\"https:\\\/\\\/greatermiramichisc.ca\\\/fr\\\/ecodiversion\\\/dechets-dangereux\\\/#breadcrumb\",\"itemListElement\":[{\"@type\":\"ListItem\",\"position\":1,\"name\":\"Home\",\"item\":\"https:\\\/\\\/greatermiramichisc.ca\\\/fr\\\/\"},{\"@type\":\"ListItem\",\"position\":2,\"name\":\"EcoDiversion\",\"item\":\"https:\\\/\\\/greatermiramichisc.ca\\\/fr\\\/ecodiversion\\\/\"},{\"@type\":\"ListItem\",\"position\":3,\"name\":\"D\u00e9chets dangereux\"}]},{\"@type\":\"WebSite\",\"@id\":\"https:\\\/\\\/greatermiramichisc.ca\\\/#website\",\"url\":\"https:\\\/\\\/greatermiramichisc.ca\\\/\",\"name\":\"Greater Miramichi Service Commission\",\"description\":\"Welcome to the Miramichi region.\",\"publisher\":{\"@id\":\"https:\\\/\\\/greatermiramichisc.ca\\\/#organization\"},\"alternateName\":\"GMSC\",\"potentialAction\":[{\"@type\":\"SearchAction\",\"target\":{\"@type\":\"EntryPoint\",\"urlTemplate\":\"https:\\\/\\\/greatermiramichisc.ca\\\/?s={search_term_string}\"},\"query-input\":{\"@type\":\"PropertyValueSpecification\",\"valueRequired\":true,\"valueName\":\"search_term_string\"}}],\"inLanguage\":\"fr-FR\"},{\"@type\":\"Organization\",\"@id\":\"https:\\\/\\\/greatermiramichisc.ca\\\/#organization\",\"name\":\"Greater Miramichi Service Commission\",\"alternateName\":\"GMSC\",\"url\":\"https:\\\/\\\/greatermiramichisc.ca\\\/\",\"logo\":{\"@type\":\"ImageObject\",\"inLanguage\":\"fr-FR\",\"@id\":\"https:\\\/\\\/greatermiramichisc.ca\\\/#\\\/schema\\\/logo\\\/image\\\/\",\"url\":\"https:\\\/\\\/greatermiramichisc.ca\\\/wp-content\\\/uploads\\\/2024\\\/12\\\/NAV-Logo.png\",\"contentUrl\":\"https:\\\/\\\/greatermiramichisc.ca\\\/wp-content\\\/uploads\\\/2024\\\/12\\\/NAV-Logo.png\",\"width\":1140,\"height\":345,\"caption\":\"Greater Miramichi Service Commission\"},\"image\":{\"@id\":\"https:\\\/\\\/greatermiramichisc.ca\\\/#\\\/schema\\\/logo\\\/image\\\/\"}}]}<\/script>\n<!-- \/ Yoast SEO plugin. -->","yoast_head_json":{"title":"D\u00e9chets dangereux | Greater Miramichi Service Commission","description":"Want to learn more about the Greater Miramichi Service Commission? Visit our D\u00e9chets dangereux page to learn more!","robots":{"index":"index","follow":"follow","max-snippet":"max-snippet:-1","max-image-preview":"max-image-preview:large","max-video-preview":"max-video-preview:-1"},"canonical":"https:\/\/greatermiramichisc.ca\/fr\/ecodiversion\/dechets-dangereux\/","og_locale":"fr_FR","og_type":"article","og_title":"D\u00e9chets dangereux | Greater Miramichi Service Commission","og_description":"Want to learn more about the Greater Miramichi Service Commission? Visit our D\u00e9chets dangereux page to learn more!","og_url":"https:\/\/greatermiramichisc.ca\/fr\/ecodiversion\/dechets-dangereux\/","og_site_name":"Greater Miramichi Service Commission","article_modified_time":"2026-04-16T13:44:48+00:00","og_image":[{"width":1020,"height":574,"url":"https:\/\/greatermiramichisc.ca\/wp-content\/uploads\/2025\/04\/RegionalStrategyVid.png","type":"image\/png"}],"twitter_card":"summary_large_image","twitter_misc":{"Dur\u00e9e de lecture estim\u00e9e":"2 minutes"},"schema":{"@context":"https:\/\/schema.org","@graph":[{"@type":"WebPage","@id":"https:\/\/greatermiramichisc.ca\/fr\/ecodiversion\/dechets-dangereux\/","url":"https:\/\/greatermiramichisc.ca\/fr\/ecodiversion\/dechets-dangereux\/","name":"D\u00e9chets dangereux | Greater Miramichi Service Commission","isPartOf":{"@id":"https:\/\/greatermiramichisc.ca\/#website"},"datePublished":"2025-04-14T04:46:14+00:00","dateModified":"2026-04-16T13:44:48+00:00","description":"Want to learn more about the Greater Miramichi Service Commission? Visit our D\u00e9chets dangereux page to learn more!","breadcrumb":{"@id":"https:\/\/greatermiramichisc.ca\/fr\/ecodiversion\/dechets-dangereux\/#breadcrumb"},"inLanguage":"fr-FR","potentialAction":[{"@type":"ReadAction","target":["https:\/\/greatermiramichisc.ca\/fr\/ecodiversion\/dechets-dangereux\/"]}]},{"@type":"BreadcrumbList","@id":"https:\/\/greatermiramichisc.ca\/fr\/ecodiversion\/dechets-dangereux\/#breadcrumb","itemListElement":[{"@type":"ListItem","position":1,"name":"Home","item":"https:\/\/greatermiramichisc.ca\/fr\/"},{"@type":"ListItem","position":2,"name":"EcoDiversion","item":"https:\/\/greatermiramichisc.ca\/fr\/ecodiversion\/"},{"@type":"ListItem","position":3,"name":"D\u00e9chets dangereux"}]},{"@type":"WebSite","@id":"https:\/\/greatermiramichisc.ca\/#website","url":"https:\/\/greatermiramichisc.ca\/","name":"Greater Miramichi Service Commission","description":"Welcome to the Miramichi region.","publisher":{"@id":"https:\/\/greatermiramichisc.ca\/#organization"},"alternateName":"GMSC","potentialAction":[{"@type":"SearchAction","target":{"@type":"EntryPoint","urlTemplate":"https:\/\/greatermiramichisc.ca\/?s={search_term_string}"},"query-input":{"@type":"PropertyValueSpecification","valueRequired":true,"valueName":"search_term_string"}}],"inLanguage":"fr-FR"},{"@type":"Organization","@id":"https:\/\/greatermiramichisc.ca\/#organization","name":"Greater Miramichi Service Commission","alternateName":"GMSC","url":"https:\/\/greatermiramichisc.ca\/","logo":{"@type":"ImageObject","inLanguage":"fr-FR","@id":"https:\/\/greatermiramichisc.ca\/#\/schema\/logo\/image\/","url":"https:\/\/greatermiramichisc.ca\/wp-content\/uploads\/2024\/12\/NAV-Logo.png","contentUrl":"https:\/\/greatermiramichisc.ca\/wp-content\/uploads\/2024\/12\/NAV-Logo.png","width":1140,"height":345,"caption":"Greater Miramichi Service Commission"},"image":{"@id":"https:\/\/greatermiramichisc.ca\/#\/schema\/logo\/image\/"}}]}},"_links":{"self":[{"href":"https:\/\/greatermiramichisc.ca\/fr\/wp-json\/wp\/v2\/pages\/3076","targetHints":{"allow":["GET"]}}],"collection":[{"href":"https:\/\/greatermiramichisc.ca\/fr\/wp-json\/wp\/v2\/pages"}],"about":[{"href":"https:\/\/greatermiramichisc.ca\/fr\/wp-json\/wp\/v2\/types\/page"}],"author":[{"embeddable":true,"href":"https:\/\/greatermiramichisc.ca\/fr\/wp-json\/wp\/v2\/users\/1"}],"replies":[{"embeddable":true,"href":"https:\/\/greatermiramichisc.ca\/fr\/wp-json\/wp\/v2\/comments?post=3076"}],"version-history":[{"count":10,"href":"https:\/\/greatermiramichisc.ca\/fr\/wp-json\/wp\/v2\/pages\/3076\/revisions"}],"predecessor-version":[{"id":8029,"href":"https:\/\/greatermiramichisc.ca\/fr\/wp-json\/wp\/v2\/pages\/3076\/revisions\/8029"}],"up":[{"embeddable":true,"href":"https:\/\/greatermiramichisc.ca\/fr\/wp-json\/wp\/v2\/pages\/3070"}],"wp:attachment":[{"href":"https:\/\/greatermiramichisc.ca\/fr\/wp-json\/wp\/v2\/media?parent=3076"}],"curies":[{"name":"wp","href":"https:\/\/api.w.org\/{rel}","templated":true}]}}