{"id":3081,"date":"2025-04-14T05:35:03","date_gmt":"2025-04-14T05:35:03","guid":{"rendered":"https:\/\/greatermiramichisc.ca\/events\/annual-appreciation-event\/"},"modified":"2025-06-23T08:53:20","modified_gmt":"2025-06-23T08:53:20","slug":"evenement-annuel-dappreciation","status":"publish","type":"page","link":"https:\/\/greatermiramichisc.ca\/fr\/evenements\/evenement-annuel-dappreciation\/","title":{"rendered":"\u00c9v\u00e9nement annuel d&rsquo;appr\u00e9ciation"},"content":{"rendered":"\n<h2>\n\t\t<a href=\"https:\/\/greatermiramichisc.ca\/fr\/evenements\/\" title=\"\u00c9v\u00e9nements\"  target=\"_self\">\n\t\t\t\u00c9v\u00e9nements\t\t<\/a>\n\t<\/h2>\n\t<nav aria-label=\"breadcrumbs\">\n            <div class=\"breadcrumb-container theme1\">\n                <ol>\n                                    <\/ol>\n            <\/div>\n        <\/nav>    <script type=\"application\/ld+json\">\n        {\n            \"@context\": \"http:\/\/schema.org\",\n            \"@type\": \"BreadcrumbList\",\n            \"itemListElement\": [\n                            ]\n        }\n    <\/script>\n   \n    <script>\n            <\/script>\n\n\n\t\t\t\t<img decoding=\"async\" src=\"https:\/\/greatermiramichisc.ca\/wp-content\/uploads\/2025\/04\/Screenshot-2024-08-13-at-7.10.21-PM.png\" alt=\"Screenshot 2024-08-13 at 7.10.21 PM\" itemprop=\"image\" height=\"322\" width=\"1010\" title=\"Screenshot 2024-08-13 at 7.10.21 PM\" onerror=\"this.style.display='none'\" loading='lazy' \/>\n<h2>\n\t\t\tC\u00e9l\u00e9bration des h\u00e9ros locaux dans le domaine du logement\t<\/h2>\n\t<p>Chaque ann\u00e9e, le CSGM organise l&rsquo;\u00e9v\u00e9nement annuel d&rsquo;appr\u00e9ciation pour honorer les personnes, les organisations et les partenaires communautaires exceptionnels qui font une r\u00e9elle diff\u00e9rence dans le domaine du logement dans la r\u00e9gion du Grand Miramichi.<\/p>\n<p>Cet \u00e9v\u00e9nement met en lumi\u00e8re les gens qui bossent sans rel\u00e2che, souvent dans l&rsquo;ombre, pour am\u00e9liorer l&rsquo;acc\u00e8s au logement, l&rsquo;abordabilit\u00e9 et la qualit\u00e9 pour les r\u00e9sidents de notre r\u00e9gion. Que ce soit par le biais de la d\u00e9fense des droits, du d\u00e9veloppement, des services directs ou de l&rsquo;innovation, leurs efforts contribuent \u00e0 b\u00e2tir une communaut\u00e9 plus forte et plus inclusive.<\/p>\n<h2>\n\t\t\tPrix 2024\t<\/h2>\n\t<p>On est fiers de reconna\u00eetre le travail important du laur\u00e9at de l&rsquo;ann\u00e9e derni\u00e8re et on a h\u00e2te de c\u00e9l\u00e9brer plus de personnes qui font bouger les choses cette ann\u00e9e.<\/p>\n\t\t\t\t\t<a href=\"#\"  id=\"fl-accordion--label-0\" tabindex=\"0\" aria-controls=\"fl-accordion--panel-0\">Prix des professionnels \u00e9mergents 2024<\/a>\n\t\t\t\t\t\t\t\t\t\t\t<a href=\"#\" id=\"fl-accordion--icon-0\"  tabindex=\"0\"><i title=\"D\u00e9plier\">D\u00e9plier<\/i><\/a>\n\t\t\t\t\t<ul>\n<li>Jory Geikie<\/li>\n<li>Miramichi Housing Solutions<\/li>\n<li>Quartier River<\/li>\n<li>Centre de sant\u00e9 et de bien-\u00eatre Eel Ground<\/li>\n<li>Shona Bowes<\/li>\n<li>Housing New Brunswick<\/li>\n<li>Cole Price<\/li>\n<li>Cole Price Construction<\/li>\n<\/ul>\n\t\t\t\t\t<a href=\"#\"  id=\"fl-accordion--label-1\" tabindex=\"0\" aria-controls=\"fl-accordion--panel-1\">Prix du constructeur de maisons 2024<\/a>\n\t\t\t\t\t\t\t\t\t\t\t<a href=\"#\" id=\"fl-accordion--icon-1\"  tabindex=\"0\"><i title=\"D\u00e9plier\">D\u00e9plier<\/i><\/a>\n\t\t\t\t\tJesse Tucker<br \/>\n<em>Prestige Building Solutions<\/em>\n\t\t\t\t\t<a href=\"#\"  id=\"fl-accordion--label-2\" tabindex=\"0\" aria-controls=\"fl-accordion--panel-2\">Prix de la d\u00e9fense des droits au logement 2024<\/a>\n\t\t\t\t\t\t\t\t\t\t\t<a href=\"#\" id=\"fl-accordion--icon-2\"  tabindex=\"0\"><i title=\"D\u00e9plier\">D\u00e9plier<\/i><\/a>\n\t\t\t\t\tClaudine &lsquo;Momma&rsquo; Morris<br \/>\n<em>Jeremy&rsquo;s Mission<\/em>\n\t\t\t\t\t<a href=\"#\"  id=\"fl-accordion--label-3\" tabindex=\"0\" aria-controls=\"fl-accordion--panel-3\">Prix du b\u00e2tisseur de l&rsquo;h\u00e9ritage 2024<\/a>\n\t\t\t\t\t\t\t\t\t\t\t<a href=\"#\" id=\"fl-accordion--icon-3\"  tabindex=\"0\"><i title=\"D\u00e9plier\">D\u00e9plier<\/i><\/a>\n\t\t\t\t\tCranfield Estate<br \/>\n<em>En l&rsquo;honneur de feu Kerry Cranfield<\/em>\n\t\t\t\t\t<a href=\"#\"  id=\"fl-accordion--label-4\" tabindex=\"0\" aria-controls=\"fl-accordion--panel-4\">Prix Marie Anne Hache pour le d\u00e9vouement<\/a>\n\t\t\t\t\t\t\t\t\t\t\t<a href=\"#\" id=\"fl-accordion--icon-4\"  tabindex=\"0\"><i title=\"D\u00e9plier\">D\u00e9plier<\/i><\/a>\n\t\t\t\t\t<p><strong>(pour le service dans le domaine du logement)<\/strong><\/p>\nMarie Anne Hache<br \/>\n<em>Chatham Non-Profit Housing<\/em>\n<h2>\n\t\t\t\u00c9v\u00e9nements \u00e0 venir :\t<\/h2>\n\tRestez \u00e0 l&rsquo;\u00e9coute pour plus de d\u00e9tails sur le prochain \u00e9v\u00e9nement annuel de reconnaissance.<br \/>\nNous avons h\u00e2te de nous r\u00e9unir \u00e0 nouveau pour c\u00e9l\u00e9brer les personnes et les partenariats qui contribuent \u00e0 cr\u00e9er de meilleures solutions de logement pour notre communaut\u00e9\u00a0!\n\t\t\t<a href=\"https:\/\/greatermiramichisc.ca\/fr\/evenements\/\" target=\"_self\">\n\t\t\t\t\t\t\tVoir le calendrier\n\t\t\t\t\t<\/a>\n\n","protected":false},"excerpt":{"rendered":"<p>\u00c9v\u00e9nements C\u00e9l\u00e9bration des h\u00e9ros locaux dans le domaine du logement Chaque ann\u00e9e, le CSGM organise l&rsquo;\u00e9v\u00e9nement annuel d&rsquo;appr\u00e9ciation pour honorer les personnes, les organisations et les partenaires communautaires exceptionnels qui&hellip;<\/p>\n","protected":false},"author":1,"featured_media":0,"parent":3080,"menu_order":0,"comment_status":"closed","ping_status":"closed","template":"","meta":{"_acf_changed":false,"footnotes":""},"class_list":["post-3081","page","type-page","status-publish","hentry"],"acf":[],"yoast_head":"<!-- This site is optimized with the Yoast SEO plugin v27.4 - https:\/\/yoast.com\/product\/yoast-seo-wordpress\/ -->\n<title>\u00c9v\u00e9nement annuel d&#039;appr\u00e9ciation | Greater Miramichi Service Commission<\/title>\n<meta name=\"description\" content=\"Want to learn more about the Greater Miramichi Service Commission? Visit our \u00c9v\u00e9nement annuel d&#039;appr\u00e9ciation page to learn more!\" \/>\n<meta name=\"robots\" content=\"index, follow, max-snippet:-1, max-image-preview:large, max-video-preview:-1\" \/>\n<link rel=\"canonical\" href=\"https:\/\/greatermiramichisc.ca\/fr\/evenements\/evenement-annuel-dappreciation\/\" \/>\n<meta property=\"og:locale\" content=\"fr_FR\" \/>\n<meta property=\"og:type\" content=\"article\" \/>\n<meta property=\"og:title\" content=\"\u00c9v\u00e9nement annuel d&#039;appr\u00e9ciation | Greater Miramichi Service Commission\" \/>\n<meta property=\"og:description\" content=\"Want to learn more about the Greater Miramichi Service Commission? Visit our \u00c9v\u00e9nement annuel d&#039;appr\u00e9ciation page to learn more!\" \/>\n<meta property=\"og:url\" content=\"https:\/\/greatermiramichisc.ca\/fr\/evenements\/evenement-annuel-dappreciation\/\" \/>\n<meta property=\"og:site_name\" content=\"Greater Miramichi Service Commission\" \/>\n<meta property=\"article:modified_time\" content=\"2025-06-23T08:53:20+00:00\" \/>\n<meta property=\"og:image\" content=\"https:\/\/greatermiramichisc.ca\/wp-content\/uploads\/2025\/04\/Screenshot-2024-08-13-at-7.10.21-PM.png\" \/>\n<meta name=\"twitter:card\" content=\"summary_large_image\" \/>\n<meta name=\"twitter:label1\" content=\"Dur\u00e9e de lecture estim\u00e9e\" \/>\n\t<meta name=\"twitter:data1\" content=\"2 minutes\" \/>\n<script type=\"application\/ld+json\" class=\"yoast-schema-graph\">{\"@context\":\"https:\\\/\\\/schema.org\",\"@graph\":[{\"@type\":\"WebPage\",\"@id\":\"https:\\\/\\\/greatermiramichisc.ca\\\/fr\\\/evenements\\\/evenement-annuel-dappreciation\\\/\",\"url\":\"https:\\\/\\\/greatermiramichisc.ca\\\/fr\\\/evenements\\\/evenement-annuel-dappreciation\\\/\",\"name\":\"\u00c9v\u00e9nement annuel d'appr\u00e9ciation | Greater Miramichi Service Commission\",\"isPartOf\":{\"@id\":\"https:\\\/\\\/greatermiramichisc.ca\\\/#website\"},\"primaryImageOfPage\":{\"@id\":\"https:\\\/\\\/greatermiramichisc.ca\\\/fr\\\/evenements\\\/evenement-annuel-dappreciation\\\/#primaryimage\"},\"image\":{\"@id\":\"https:\\\/\\\/greatermiramichisc.ca\\\/fr\\\/evenements\\\/evenement-annuel-dappreciation\\\/#primaryimage\"},\"thumbnailUrl\":\"https:\\\/\\\/greatermiramichisc.ca\\\/wp-content\\\/uploads\\\/2025\\\/04\\\/Screenshot-2024-08-13-at-7.10.21-PM.png\",\"datePublished\":\"2025-04-14T05:35:03+00:00\",\"dateModified\":\"2025-06-23T08:53:20+00:00\",\"description\":\"Want to learn more about the Greater Miramichi Service Commission? Visit our \u00c9v\u00e9nement annuel d'appr\u00e9ciation page to learn more!\",\"breadcrumb\":{\"@id\":\"https:\\\/\\\/greatermiramichisc.ca\\\/fr\\\/evenements\\\/evenement-annuel-dappreciation\\\/#breadcrumb\"},\"inLanguage\":\"fr-FR\",\"potentialAction\":[{\"@type\":\"ReadAction\",\"target\":[\"https:\\\/\\\/greatermiramichisc.ca\\\/fr\\\/evenements\\\/evenement-annuel-dappreciation\\\/\"]}]},{\"@type\":\"ImageObject\",\"inLanguage\":\"fr-FR\",\"@id\":\"https:\\\/\\\/greatermiramichisc.ca\\\/fr\\\/evenements\\\/evenement-annuel-dappreciation\\\/#primaryimage\",\"url\":\"https:\\\/\\\/greatermiramichisc.ca\\\/wp-content\\\/uploads\\\/2025\\\/04\\\/Screenshot-2024-08-13-at-7.10.21-PM.png\",\"contentUrl\":\"https:\\\/\\\/greatermiramichisc.ca\\\/wp-content\\\/uploads\\\/2025\\\/04\\\/Screenshot-2024-08-13-at-7.10.21-PM.png\"},{\"@type\":\"BreadcrumbList\",\"@id\":\"https:\\\/\\\/greatermiramichisc.ca\\\/fr\\\/evenements\\\/evenement-annuel-dappreciation\\\/#breadcrumb\",\"itemListElement\":[{\"@type\":\"ListItem\",\"position\":1,\"name\":\"Home\",\"item\":\"https:\\\/\\\/greatermiramichisc.ca\\\/fr\\\/\"},{\"@type\":\"ListItem\",\"position\":2,\"name\":\"\u00c9v\u00e9nements\",\"item\":\"https:\\\/\\\/greatermiramichisc.ca\\\/fr\\\/evenements\\\/\"},{\"@type\":\"ListItem\",\"position\":3,\"name\":\"\u00c9v\u00e9nement annuel d&#8217;appr\u00e9ciation\"}]},{\"@type\":\"WebSite\",\"@id\":\"https:\\\/\\\/greatermiramichisc.ca\\\/#website\",\"url\":\"https:\\\/\\\/greatermiramichisc.ca\\\/\",\"name\":\"Greater Miramichi Service Commission\",\"description\":\"Welcome to the Miramichi region.\",\"publisher\":{\"@id\":\"https:\\\/\\\/greatermiramichisc.ca\\\/#organization\"},\"alternateName\":\"GMSC\",\"potentialAction\":[{\"@type\":\"SearchAction\",\"target\":{\"@type\":\"EntryPoint\",\"urlTemplate\":\"https:\\\/\\\/greatermiramichisc.ca\\\/?s={search_term_string}\"},\"query-input\":{\"@type\":\"PropertyValueSpecification\",\"valueRequired\":true,\"valueName\":\"search_term_string\"}}],\"inLanguage\":\"fr-FR\"},{\"@type\":\"Organization\",\"@id\":\"https:\\\/\\\/greatermiramichisc.ca\\\/#organization\",\"name\":\"Greater Miramichi Service Commission\",\"alternateName\":\"GMSC\",\"url\":\"https:\\\/\\\/greatermiramichisc.ca\\\/\",\"logo\":{\"@type\":\"ImageObject\",\"inLanguage\":\"fr-FR\",\"@id\":\"https:\\\/\\\/greatermiramichisc.ca\\\/#\\\/schema\\\/logo\\\/image\\\/\",\"url\":\"https:\\\/\\\/greatermiramichisc.ca\\\/wp-content\\\/uploads\\\/2024\\\/12\\\/NAV-Logo.png\",\"contentUrl\":\"https:\\\/\\\/greatermiramichisc.ca\\\/wp-content\\\/uploads\\\/2024\\\/12\\\/NAV-Logo.png\",\"width\":1140,\"height\":345,\"caption\":\"Greater Miramichi Service Commission\"},\"image\":{\"@id\":\"https:\\\/\\\/greatermiramichisc.ca\\\/#\\\/schema\\\/logo\\\/image\\\/\"}}]}<\/script>\n<!-- \/ Yoast SEO plugin. -->","yoast_head_json":{"title":"\u00c9v\u00e9nement annuel d'appr\u00e9ciation | Greater Miramichi Service Commission","description":"Want to learn more about the Greater Miramichi Service Commission? Visit our \u00c9v\u00e9nement annuel d'appr\u00e9ciation page to learn more!","robots":{"index":"index","follow":"follow","max-snippet":"max-snippet:-1","max-image-preview":"max-image-preview:large","max-video-preview":"max-video-preview:-1"},"canonical":"https:\/\/greatermiramichisc.ca\/fr\/evenements\/evenement-annuel-dappreciation\/","og_locale":"fr_FR","og_type":"article","og_title":"\u00c9v\u00e9nement annuel d'appr\u00e9ciation | Greater Miramichi Service Commission","og_description":"Want to learn more about the Greater Miramichi Service Commission? Visit our \u00c9v\u00e9nement annuel d'appr\u00e9ciation page to learn more!","og_url":"https:\/\/greatermiramichisc.ca\/fr\/evenements\/evenement-annuel-dappreciation\/","og_site_name":"Greater Miramichi Service Commission","article_modified_time":"2025-06-23T08:53:20+00:00","og_image":[{"url":"https:\/\/greatermiramichisc.ca\/wp-content\/uploads\/2025\/04\/Screenshot-2024-08-13-at-7.10.21-PM.png","type":"","width":"","height":""}],"twitter_card":"summary_large_image","twitter_misc":{"Dur\u00e9e de lecture estim\u00e9e":"2 minutes"},"schema":{"@context":"https:\/\/schema.org","@graph":[{"@type":"WebPage","@id":"https:\/\/greatermiramichisc.ca\/fr\/evenements\/evenement-annuel-dappreciation\/","url":"https:\/\/greatermiramichisc.ca\/fr\/evenements\/evenement-annuel-dappreciation\/","name":"\u00c9v\u00e9nement annuel d'appr\u00e9ciation | Greater Miramichi Service Commission","isPartOf":{"@id":"https:\/\/greatermiramichisc.ca\/#website"},"primaryImageOfPage":{"@id":"https:\/\/greatermiramichisc.ca\/fr\/evenements\/evenement-annuel-dappreciation\/#primaryimage"},"image":{"@id":"https:\/\/greatermiramichisc.ca\/fr\/evenements\/evenement-annuel-dappreciation\/#primaryimage"},"thumbnailUrl":"https:\/\/greatermiramichisc.ca\/wp-content\/uploads\/2025\/04\/Screenshot-2024-08-13-at-7.10.21-PM.png","datePublished":"2025-04-14T05:35:03+00:00","dateModified":"2025-06-23T08:53:20+00:00","description":"Want to learn more about the Greater Miramichi Service Commission? Visit our \u00c9v\u00e9nement annuel d'appr\u00e9ciation page to learn more!","breadcrumb":{"@id":"https:\/\/greatermiramichisc.ca\/fr\/evenements\/evenement-annuel-dappreciation\/#breadcrumb"},"inLanguage":"fr-FR","potentialAction":[{"@type":"ReadAction","target":["https:\/\/greatermiramichisc.ca\/fr\/evenements\/evenement-annuel-dappreciation\/"]}]},{"@type":"ImageObject","inLanguage":"fr-FR","@id":"https:\/\/greatermiramichisc.ca\/fr\/evenements\/evenement-annuel-dappreciation\/#primaryimage","url":"https:\/\/greatermiramichisc.ca\/wp-content\/uploads\/2025\/04\/Screenshot-2024-08-13-at-7.10.21-PM.png","contentUrl":"https:\/\/greatermiramichisc.ca\/wp-content\/uploads\/2025\/04\/Screenshot-2024-08-13-at-7.10.21-PM.png"},{"@type":"BreadcrumbList","@id":"https:\/\/greatermiramichisc.ca\/fr\/evenements\/evenement-annuel-dappreciation\/#breadcrumb","itemListElement":[{"@type":"ListItem","position":1,"name":"Home","item":"https:\/\/greatermiramichisc.ca\/fr\/"},{"@type":"ListItem","position":2,"name":"\u00c9v\u00e9nements","item":"https:\/\/greatermiramichisc.ca\/fr\/evenements\/"},{"@type":"ListItem","position":3,"name":"\u00c9v\u00e9nement annuel d&#8217;appr\u00e9ciation"}]},{"@type":"WebSite","@id":"https:\/\/greatermiramichisc.ca\/#website","url":"https:\/\/greatermiramichisc.ca\/","name":"Greater Miramichi Service Commission","description":"Welcome to the Miramichi region.","publisher":{"@id":"https:\/\/greatermiramichisc.ca\/#organization"},"alternateName":"GMSC","potentialAction":[{"@type":"SearchAction","target":{"@type":"EntryPoint","urlTemplate":"https:\/\/greatermiramichisc.ca\/?s={search_term_string}"},"query-input":{"@type":"PropertyValueSpecification","valueRequired":true,"valueName":"search_term_string"}}],"inLanguage":"fr-FR"},{"@type":"Organization","@id":"https:\/\/greatermiramichisc.ca\/#organization","name":"Greater Miramichi Service Commission","alternateName":"GMSC","url":"https:\/\/greatermiramichisc.ca\/","logo":{"@type":"ImageObject","inLanguage":"fr-FR","@id":"https:\/\/greatermiramichisc.ca\/#\/schema\/logo\/image\/","url":"https:\/\/greatermiramichisc.ca\/wp-content\/uploads\/2024\/12\/NAV-Logo.png","contentUrl":"https:\/\/greatermiramichisc.ca\/wp-content\/uploads\/2024\/12\/NAV-Logo.png","width":1140,"height":345,"caption":"Greater Miramichi Service Commission"},"image":{"@id":"https:\/\/greatermiramichisc.ca\/#\/schema\/logo\/image\/"}}]}},"_links":{"self":[{"href":"https:\/\/greatermiramichisc.ca\/fr\/wp-json\/wp\/v2\/pages\/3081","targetHints":{"allow":["GET"]}}],"collection":[{"href":"https:\/\/greatermiramichisc.ca\/fr\/wp-json\/wp\/v2\/pages"}],"about":[{"href":"https:\/\/greatermiramichisc.ca\/fr\/wp-json\/wp\/v2\/types\/page"}],"author":[{"embeddable":true,"href":"https:\/\/greatermiramichisc.ca\/fr\/wp-json\/wp\/v2\/users\/1"}],"replies":[{"embeddable":true,"href":"https:\/\/greatermiramichisc.ca\/fr\/wp-json\/wp\/v2\/comments?post=3081"}],"version-history":[{"count":3,"href":"https:\/\/greatermiramichisc.ca\/fr\/wp-json\/wp\/v2\/pages\/3081\/revisions"}],"predecessor-version":[{"id":3993,"href":"https:\/\/greatermiramichisc.ca\/fr\/wp-json\/wp\/v2\/pages\/3081\/revisions\/3993"}],"up":[{"embeddable":true,"href":"https:\/\/greatermiramichisc.ca\/fr\/wp-json\/wp\/v2\/pages\/3080"}],"wp:attachment":[{"href":"https:\/\/greatermiramichisc.ca\/fr\/wp-json\/wp\/v2\/media?parent=3081"}],"curies":[{"name":"wp","href":"https:\/\/api.w.org\/{rel}","templated":true}]}}