{"id":3083,"date":"2025-05-16T14:16:38","date_gmt":"2025-05-16T14:16:38","guid":{"rendered":"https:\/\/greatermiramichisc.ca\/events\/annual-housing-forum\/past-forum-highlights\/"},"modified":"2025-06-23T08:54:04","modified_gmt":"2025-06-23T08:54:04","slug":"forums-precedents-sur-le-logement","status":"publish","type":"page","link":"https:\/\/greatermiramichisc.ca\/fr\/evenements\/forum-annuel-sur-le-logement\/forums-precedents-sur-le-logement\/","title":{"rendered":"Forums pr\u00e9c\u00e9dents sur le logement"},"content":{"rendered":"\n<h2>\n\t\t<a href=\"https:\/\/greatermiramichisc.ca\/fr\/evenements\/\" title=\"\u00c9v\u00e9nements\"  target=\"_self\">\n\t\t\t\u00c9v\u00e9nements\t\t<\/a>\n\t<\/h2>\n\t<nav aria-label=\"breadcrumbs\">\n            <div class=\"breadcrumb-container theme1\">\n                <ol>\n                                    <\/ol>\n            <\/div>\n        <\/nav>    <script type=\"application\/ld+json\">\n        {\n            \"@context\": \"http:\/\/schema.org\",\n            \"@type\": \"BreadcrumbList\",\n            \"itemListElement\": [\n                            ]\n        }\n    <\/script>\n   \n    <script>\n            <\/script>\n\n\n\t<p>D\u00e9couvrez des informations et des ressources pr\u00e9cieuses issues des forums Housing Together pr\u00e9c\u00e9dents, o\u00f9 les parties prenantes ont collabor\u00e9 pour relever les d\u00e9fis li\u00e9s au logement dans la r\u00e9gion du Grand Miramichi. D\u00e9couvrez les faits marquants et les outils qui continuent de fa\u00e7onner nos efforts en faveur d&rsquo;un logement s\u00fbr, abordable et inclusif.<\/p>\n<p>Joignez-vous \u00e0 nous pour faire la diff\u00e9rence!<\/p>\n<p>&nbsp;<\/p>\n\t\t\t\t\t<a href=\"#\"  id=\"fl-accordion--label-0\" tabindex=\"0\" aria-controls=\"fl-accordion--panel-0\">Forum r\u00e9gional du logement 2024<\/a>\n\t\t\t\t\t\t\t\t\t\t\t<a href=\"#\" id=\"fl-accordion--icon-0\"  tabindex=\"0\"><i title=\"D\u00e9plier\">D\u00e9plier<\/i><\/a>\n\t\t\t\t\t<ul>\n<li><a href=\"https:\/\/greatermiramichisc.ca\/wp-content\/uploads\/2025\/06\/MRHF2024_FinalReport_Jan172025.pdf\" target=\"_blank\" rel=\"noopener\">Final Report<\/a><\/li>\n<li><a href=\"https:\/\/greatermiramichisc.ca\/wp-content\/uploads\/2025\/06\/MHA_2024_Orientation_Guide_French_Web_Small-1.pdf\" target=\"_blank\" rel=\"noopener\">Orientation Guide FR<\/a><\/li>\n<li><a href=\"https:\/\/greatermiramichisc.ca\/wp-content\/uploads\/2025\/06\/Post-Event_PRESSRELEASE_MHA2024-5.pdf\" target=\"_blank\" rel=\"noopener\">Communiqu\u00e9 de presse apr\u00e8s l&rsquo;\u00e9v\u00e9nement<\/a><\/li>\n<li><a href=\"https:\/\/greatermiramichisc.ca\/wp-content\/uploads\/2025\/06\/GMSCEcosystem2024-scaled.jpg\" target=\"_blank\" rel=\"noopener\">Housing Ecosystem<\/a><\/li>\n<\/ul>\n\t\t\t\t\t<a href=\"#\"  id=\"fl-accordion--label-1\" tabindex=\"0\" aria-controls=\"fl-accordion--panel-1\">Forum r\u00e9gional du logement 2023<\/a>\n\t\t\t\t\t\t\t\t\t\t\t<a href=\"#\" id=\"fl-accordion--icon-1\"  tabindex=\"0\"><i title=\"D\u00e9plier\">D\u00e9plier<\/i><\/a>\n\t\t\t\t\t<ul>\n<li><a href=\"https:\/\/greatermiramichisc.ca\/wp-content\/uploads\/2025\/06\/MRHF_FinalReport.pdf\" target=\"_blank\" rel=\"noopener\">Final Report<\/a><\/li>\n<li><a href=\"https:\/\/greatermiramichisc.ca\/wp-content\/uploads\/2025\/06\/HousingTogether2023OrientationGuide.pdf\" target=\"_blank\" rel=\"noopener\">Orientation Guide ENG<\/a><\/li>\n<li><a href=\"https:\/\/drive.google.com\/drive\/folders\/1zxFEysLTk_iek7o4H1cypu_sivPXZibd?usp=drive_link\" target=\"_blank\" rel=\"noopener\">Forum Material<\/a><\/li>\n<li><a href=\"https:\/\/greatermiramichisc.ca\/wp-content\/uploads\/2025\/06\/MRHAPressReleasePost-Event.pdf\" target=\"_blank\" rel=\"noopener\">Communiqu\u00e9 de presse apr\u00e8s l&rsquo;\u00e9v\u00e9nement<\/a><\/li>\n<li><a href=\"https:\/\/docs.google.com\/forms\/d\/e\/1FAIpQLSfUL9oveu_nBaS-xsX1xNV7tHmSVEsTtpQ6X3tj5AJ9a6R4EQ\/viewform\" target=\"_blank\" rel=\"noopener\">Feedback Survey<\/a><\/li>\n<\/ul>\n<h2>\n\t\t\tRessources de logement :\t<\/h2>\n\t\t\t<a href=\"https:\/\/www.cmhc-schl.gc.ca\/professionals\/project-funding-and-mortgage-financing\/funding-programs\/all-funding-programs\/affordable-housing-fund\" target=\"_blank\" rel=\"noopener\">\n\t\t\t\t\t\t\tPossibilit\u00e9s de financement pour les projets de logement\n\t\t\t<\/a>\n\t\t\t<a href=\"https:\/\/centre.support\/fr\/trousse-de-ressources\/\" target=\"_blank\" rel=\"noopener\">\n\t\t\t\t\t\t\tBo\u00eetes \u00e0 outils\n\t\t\t<\/a>\n\t\t\t<a href=\"https:\/\/hart.ubc.ca\/\" target=\"_blank\" rel=\"noopener\">\n\t\t\t\t\t\t\tOutils d&rsquo;\u00e9valuation du logement\n\t\t\t<\/a>\n\t\t\t<a href=\"https:\/\/greatermiramichisc.ca\/fr\/services-damenagement\/tableau-de-bord-des-activites-de-developpement\/\" target=\"_self\">\n\t\t\t\t\t\t\tTableau de bord des activit\u00e9s de d\u00e9veloppement\n\t\t\t<\/a>\n\t\t\t<a href=\"https:\/\/www03.cmhc-schl.gc.ca\/hmip-pimh\/fr#Profile\/1\/1\/Canada\" target=\"_blank\" rel=\"noopener\">\n\t\t\t\t\t\t\tPortail d&rsquo;information sur le march\u00e9 du logement de la SCHL\n\t\t\t\t\t<\/a>\n\n","protected":false},"excerpt":{"rendered":"<p>\u00c9v\u00e9nements D\u00e9couvrez des informations et des ressources pr\u00e9cieuses issues des forums Housing Together pr\u00e9c\u00e9dents, o\u00f9 les parties prenantes ont collabor\u00e9 pour relever les d\u00e9fis li\u00e9s au logement dans la r\u00e9gion&hellip;<\/p>\n","protected":false},"author":1,"featured_media":0,"parent":3082,"menu_order":0,"comment_status":"closed","ping_status":"closed","template":"","meta":{"_acf_changed":false,"footnotes":""},"class_list":["post-3083","page","type-page","status-publish","hentry"],"acf":[],"yoast_head":"<!-- This site is optimized with the Yoast SEO plugin v27.4 - https:\/\/yoast.com\/product\/yoast-seo-wordpress\/ -->\n<title>Forums pr\u00e9c\u00e9dents sur le logement | Greater Miramichi Service Commission<\/title>\n<meta name=\"description\" content=\"Want to learn more about the Greater Miramichi Service Commission? Visit our Forums pr\u00e9c\u00e9dents sur le logement page to learn more!\" \/>\n<meta name=\"robots\" content=\"index, follow, max-snippet:-1, max-image-preview:large, max-video-preview:-1\" \/>\n<link rel=\"canonical\" href=\"https:\/\/greatermiramichisc.ca\/fr\/evenements\/forum-annuel-sur-le-logement\/forums-precedents-sur-le-logement\/\" \/>\n<meta property=\"og:locale\" content=\"fr_FR\" \/>\n<meta property=\"og:type\" content=\"article\" \/>\n<meta property=\"og:title\" content=\"Forums pr\u00e9c\u00e9dents sur le logement | Greater Miramichi Service Commission\" \/>\n<meta property=\"og:description\" content=\"Want to learn more about the Greater Miramichi Service Commission? Visit our Forums pr\u00e9c\u00e9dents sur le logement page to learn more!\" \/>\n<meta property=\"og:url\" content=\"https:\/\/greatermiramichisc.ca\/fr\/evenements\/forum-annuel-sur-le-logement\/forums-precedents-sur-le-logement\/\" \/>\n<meta property=\"og:site_name\" content=\"Greater Miramichi Service Commission\" \/>\n<meta property=\"article:modified_time\" content=\"2025-06-23T08:54:04+00:00\" \/>\n<meta property=\"og:image\" content=\"https:\/\/greatermiramichisc.ca\/wp-content\/uploads\/2025\/04\/RegionalStrategyVid.png\" \/>\n\t<meta property=\"og:image:width\" content=\"1020\" \/>\n\t<meta property=\"og:image:height\" content=\"574\" \/>\n\t<meta property=\"og:image:type\" content=\"image\/png\" \/>\n<meta name=\"twitter:card\" content=\"summary_large_image\" \/>\n<meta name=\"twitter:label1\" content=\"Dur\u00e9e de lecture estim\u00e9e\" \/>\n\t<meta name=\"twitter:data1\" content=\"1 minute\" \/>\n<script type=\"application\/ld+json\" class=\"yoast-schema-graph\">{\"@context\":\"https:\\\/\\\/schema.org\",\"@graph\":[{\"@type\":\"WebPage\",\"@id\":\"https:\\\/\\\/greatermiramichisc.ca\\\/fr\\\/evenements\\\/forum-annuel-sur-le-logement\\\/forums-precedents-sur-le-logement\\\/\",\"url\":\"https:\\\/\\\/greatermiramichisc.ca\\\/fr\\\/evenements\\\/forum-annuel-sur-le-logement\\\/forums-precedents-sur-le-logement\\\/\",\"name\":\"Forums pr\u00e9c\u00e9dents sur le logement | Greater Miramichi Service Commission\",\"isPartOf\":{\"@id\":\"https:\\\/\\\/greatermiramichisc.ca\\\/#website\"},\"datePublished\":\"2025-05-16T14:16:38+00:00\",\"dateModified\":\"2025-06-23T08:54:04+00:00\",\"description\":\"Want to learn more about the Greater Miramichi Service Commission? Visit our Forums pr\u00e9c\u00e9dents sur le logement page to learn more!\",\"breadcrumb\":{\"@id\":\"https:\\\/\\\/greatermiramichisc.ca\\\/fr\\\/evenements\\\/forum-annuel-sur-le-logement\\\/forums-precedents-sur-le-logement\\\/#breadcrumb\"},\"inLanguage\":\"fr-FR\",\"potentialAction\":[{\"@type\":\"ReadAction\",\"target\":[\"https:\\\/\\\/greatermiramichisc.ca\\\/fr\\\/evenements\\\/forum-annuel-sur-le-logement\\\/forums-precedents-sur-le-logement\\\/\"]}]},{\"@type\":\"BreadcrumbList\",\"@id\":\"https:\\\/\\\/greatermiramichisc.ca\\\/fr\\\/evenements\\\/forum-annuel-sur-le-logement\\\/forums-precedents-sur-le-logement\\\/#breadcrumb\",\"itemListElement\":[{\"@type\":\"ListItem\",\"position\":1,\"name\":\"Home\",\"item\":\"https:\\\/\\\/greatermiramichisc.ca\\\/fr\\\/\"},{\"@type\":\"ListItem\",\"position\":2,\"name\":\"\u00c9v\u00e9nements\",\"item\":\"https:\\\/\\\/greatermiramichisc.ca\\\/fr\\\/evenements\\\/\"},{\"@type\":\"ListItem\",\"position\":3,\"name\":\"Forum annuel sur le logement\",\"item\":\"https:\\\/\\\/greatermiramichisc.ca\\\/fr\\\/evenements\\\/forum-annuel-sur-le-logement\\\/\"},{\"@type\":\"ListItem\",\"position\":4,\"name\":\"Forums pr\u00e9c\u00e9dents sur le logement\"}]},{\"@type\":\"WebSite\",\"@id\":\"https:\\\/\\\/greatermiramichisc.ca\\\/#website\",\"url\":\"https:\\\/\\\/greatermiramichisc.ca\\\/\",\"name\":\"Greater Miramichi Service Commission\",\"description\":\"Welcome to the Miramichi region.\",\"publisher\":{\"@id\":\"https:\\\/\\\/greatermiramichisc.ca\\\/#organization\"},\"alternateName\":\"GMSC\",\"potentialAction\":[{\"@type\":\"SearchAction\",\"target\":{\"@type\":\"EntryPoint\",\"urlTemplate\":\"https:\\\/\\\/greatermiramichisc.ca\\\/?s={search_term_string}\"},\"query-input\":{\"@type\":\"PropertyValueSpecification\",\"valueRequired\":true,\"valueName\":\"search_term_string\"}}],\"inLanguage\":\"fr-FR\"},{\"@type\":\"Organization\",\"@id\":\"https:\\\/\\\/greatermiramichisc.ca\\\/#organization\",\"name\":\"Greater Miramichi Service Commission\",\"alternateName\":\"GMSC\",\"url\":\"https:\\\/\\\/greatermiramichisc.ca\\\/\",\"logo\":{\"@type\":\"ImageObject\",\"inLanguage\":\"fr-FR\",\"@id\":\"https:\\\/\\\/greatermiramichisc.ca\\\/#\\\/schema\\\/logo\\\/image\\\/\",\"url\":\"https:\\\/\\\/greatermiramichisc.ca\\\/wp-content\\\/uploads\\\/2024\\\/12\\\/NAV-Logo.png\",\"contentUrl\":\"https:\\\/\\\/greatermiramichisc.ca\\\/wp-content\\\/uploads\\\/2024\\\/12\\\/NAV-Logo.png\",\"width\":1140,\"height\":345,\"caption\":\"Greater Miramichi Service Commission\"},\"image\":{\"@id\":\"https:\\\/\\\/greatermiramichisc.ca\\\/#\\\/schema\\\/logo\\\/image\\\/\"}}]}<\/script>\n<!-- \/ Yoast SEO plugin. -->","yoast_head_json":{"title":"Forums pr\u00e9c\u00e9dents sur le logement | Greater Miramichi Service Commission","description":"Want to learn more about the Greater Miramichi Service Commission? Visit our Forums pr\u00e9c\u00e9dents sur le logement page to learn more!","robots":{"index":"index","follow":"follow","max-snippet":"max-snippet:-1","max-image-preview":"max-image-preview:large","max-video-preview":"max-video-preview:-1"},"canonical":"https:\/\/greatermiramichisc.ca\/fr\/evenements\/forum-annuel-sur-le-logement\/forums-precedents-sur-le-logement\/","og_locale":"fr_FR","og_type":"article","og_title":"Forums pr\u00e9c\u00e9dents sur le logement | Greater Miramichi Service Commission","og_description":"Want to learn more about the Greater Miramichi Service Commission? Visit our Forums pr\u00e9c\u00e9dents sur le logement page to learn more!","og_url":"https:\/\/greatermiramichisc.ca\/fr\/evenements\/forum-annuel-sur-le-logement\/forums-precedents-sur-le-logement\/","og_site_name":"Greater Miramichi Service Commission","article_modified_time":"2025-06-23T08:54:04+00:00","og_image":[{"width":1020,"height":574,"url":"https:\/\/greatermiramichisc.ca\/wp-content\/uploads\/2025\/04\/RegionalStrategyVid.png","type":"image\/png"}],"twitter_card":"summary_large_image","twitter_misc":{"Dur\u00e9e de lecture estim\u00e9e":"1 minute"},"schema":{"@context":"https:\/\/schema.org","@graph":[{"@type":"WebPage","@id":"https:\/\/greatermiramichisc.ca\/fr\/evenements\/forum-annuel-sur-le-logement\/forums-precedents-sur-le-logement\/","url":"https:\/\/greatermiramichisc.ca\/fr\/evenements\/forum-annuel-sur-le-logement\/forums-precedents-sur-le-logement\/","name":"Forums pr\u00e9c\u00e9dents sur le logement | Greater Miramichi Service Commission","isPartOf":{"@id":"https:\/\/greatermiramichisc.ca\/#website"},"datePublished":"2025-05-16T14:16:38+00:00","dateModified":"2025-06-23T08:54:04+00:00","description":"Want to learn more about the Greater Miramichi Service Commission? Visit our Forums pr\u00e9c\u00e9dents sur le logement page to learn more!","breadcrumb":{"@id":"https:\/\/greatermiramichisc.ca\/fr\/evenements\/forum-annuel-sur-le-logement\/forums-precedents-sur-le-logement\/#breadcrumb"},"inLanguage":"fr-FR","potentialAction":[{"@type":"ReadAction","target":["https:\/\/greatermiramichisc.ca\/fr\/evenements\/forum-annuel-sur-le-logement\/forums-precedents-sur-le-logement\/"]}]},{"@type":"BreadcrumbList","@id":"https:\/\/greatermiramichisc.ca\/fr\/evenements\/forum-annuel-sur-le-logement\/forums-precedents-sur-le-logement\/#breadcrumb","itemListElement":[{"@type":"ListItem","position":1,"name":"Home","item":"https:\/\/greatermiramichisc.ca\/fr\/"},{"@type":"ListItem","position":2,"name":"\u00c9v\u00e9nements","item":"https:\/\/greatermiramichisc.ca\/fr\/evenements\/"},{"@type":"ListItem","position":3,"name":"Forum annuel sur le logement","item":"https:\/\/greatermiramichisc.ca\/fr\/evenements\/forum-annuel-sur-le-logement\/"},{"@type":"ListItem","position":4,"name":"Forums pr\u00e9c\u00e9dents sur le logement"}]},{"@type":"WebSite","@id":"https:\/\/greatermiramichisc.ca\/#website","url":"https:\/\/greatermiramichisc.ca\/","name":"Greater Miramichi Service Commission","description":"Welcome to the Miramichi region.","publisher":{"@id":"https:\/\/greatermiramichisc.ca\/#organization"},"alternateName":"GMSC","potentialAction":[{"@type":"SearchAction","target":{"@type":"EntryPoint","urlTemplate":"https:\/\/greatermiramichisc.ca\/?s={search_term_string}"},"query-input":{"@type":"PropertyValueSpecification","valueRequired":true,"valueName":"search_term_string"}}],"inLanguage":"fr-FR"},{"@type":"Organization","@id":"https:\/\/greatermiramichisc.ca\/#organization","name":"Greater Miramichi Service Commission","alternateName":"GMSC","url":"https:\/\/greatermiramichisc.ca\/","logo":{"@type":"ImageObject","inLanguage":"fr-FR","@id":"https:\/\/greatermiramichisc.ca\/#\/schema\/logo\/image\/","url":"https:\/\/greatermiramichisc.ca\/wp-content\/uploads\/2024\/12\/NAV-Logo.png","contentUrl":"https:\/\/greatermiramichisc.ca\/wp-content\/uploads\/2024\/12\/NAV-Logo.png","width":1140,"height":345,"caption":"Greater Miramichi Service Commission"},"image":{"@id":"https:\/\/greatermiramichisc.ca\/#\/schema\/logo\/image\/"}}]}},"_links":{"self":[{"href":"https:\/\/greatermiramichisc.ca\/fr\/wp-json\/wp\/v2\/pages\/3083","targetHints":{"allow":["GET"]}}],"collection":[{"href":"https:\/\/greatermiramichisc.ca\/fr\/wp-json\/wp\/v2\/pages"}],"about":[{"href":"https:\/\/greatermiramichisc.ca\/fr\/wp-json\/wp\/v2\/types\/page"}],"author":[{"embeddable":true,"href":"https:\/\/greatermiramichisc.ca\/fr\/wp-json\/wp\/v2\/users\/1"}],"replies":[{"embeddable":true,"href":"https:\/\/greatermiramichisc.ca\/fr\/wp-json\/wp\/v2\/comments?post=3083"}],"version-history":[{"count":5,"href":"https:\/\/greatermiramichisc.ca\/fr\/wp-json\/wp\/v2\/pages\/3083\/revisions"}],"predecessor-version":[{"id":3995,"href":"https:\/\/greatermiramichisc.ca\/fr\/wp-json\/wp\/v2\/pages\/3083\/revisions\/3995"}],"up":[{"embeddable":true,"href":"https:\/\/greatermiramichisc.ca\/fr\/wp-json\/wp\/v2\/pages\/3082"}],"wp:attachment":[{"href":"https:\/\/greatermiramichisc.ca\/fr\/wp-json\/wp\/v2\/media?parent=3083"}],"curies":[{"name":"wp","href":"https:\/\/api.w.org\/{rel}","templated":true}]}}