{"id":3084,"date":"2025-05-16T14:13:08","date_gmt":"2025-05-16T14:13:08","guid":{"rendered":"https:\/\/greatermiramichisc.ca\/events\/annual-housing-forum\/upcoming-forum-events\/"},"modified":"2025-06-23T08:53:47","modified_gmt":"2025-06-23T08:53:47","slug":"forums-a-venir","status":"publish","type":"page","link":"https:\/\/greatermiramichisc.ca\/fr\/evenements\/forum-annuel-sur-le-logement\/forums-a-venir\/","title":{"rendered":"Forums \u00e0 venir"},"content":{"rendered":"\n<h2>\n\t\t<a href=\"https:\/\/greatermiramichisc.ca\/fr\/evenements\/\" title=\"\u00c9v\u00e9nements\"  target=\"_self\">\n\t\t\t\u00c9v\u00e9nements\t\t<\/a>\n\t<\/h2>\n\t<nav aria-label=\"breadcrumbs\">\n            <div class=\"breadcrumb-container theme1\">\n                <ol>\n                                    <\/ol>\n            <\/div>\n        <\/nav>    <script type=\"application\/ld+json\">\n        {\n            \"@context\": \"http:\/\/schema.org\",\n            \"@type\": \"BreadcrumbList\",\n            \"itemListElement\": [\n                            ]\n        }\n    <\/script>\n   \n    <script>\n            <\/script>\n\n<h2>\n\t\t\tInfos sur les prochains forums\t<\/h2>\n\t<p><strong>Venez discuter avec nous.<\/strong><\/p>\n<p>Rejoignez-nous lors de nos prochains forums sur le logement, o\u00f9 on rassemble des membres de la communaut\u00e9, des prestataires de services et des d\u00e9cideurs pour trouver des solutions concr\u00e8tes. D\u00e9couvrez les d\u00e9tails de l&rsquo;\u00e9v\u00e9nement, les intervenants et les possibilit\u00e9s de participer, parce que c&rsquo;est tous ensemble qu&rsquo;on construit l&rsquo;avenir du logement.<\/p>\n<h2>\n\t\t\tRestez \u00e0 l&rsquo;\u00e9coute !\t<\/h2>\n\t<p>Actuellement, aucun \u00e9v\u00e9nement n&rsquo;est pr\u00e9vu pour cette ann\u00e9e.<\/p>\n\n","protected":false},"excerpt":{"rendered":"<p>\u00c9v\u00e9nements Infos sur les prochains forums Venez discuter avec nous. Rejoignez-nous lors de nos prochains forums sur le logement, o\u00f9 on rassemble des membres de la communaut\u00e9, des prestataires de&hellip;<\/p>\n","protected":false},"author":1,"featured_media":0,"parent":3082,"menu_order":0,"comment_status":"closed","ping_status":"closed","template":"","meta":{"_acf_changed":false,"footnotes":""},"class_list":["post-3084","page","type-page","status-publish","hentry"],"acf":[],"yoast_head":"<!-- This site is optimized with the Yoast SEO plugin v27.4 - https:\/\/yoast.com\/product\/yoast-seo-wordpress\/ -->\n<title>Forums \u00e0 venir | Greater Miramichi Service Commission<\/title>\n<meta name=\"description\" content=\"Want to learn more about the Greater Miramichi Service Commission? Visit our Forums \u00e0 venir page to learn more!\" \/>\n<meta name=\"robots\" content=\"index, follow, max-snippet:-1, max-image-preview:large, max-video-preview:-1\" \/>\n<link rel=\"canonical\" href=\"https:\/\/greatermiramichisc.ca\/fr\/evenements\/forum-annuel-sur-le-logement\/forums-a-venir\/\" \/>\n<meta property=\"og:locale\" content=\"fr_FR\" \/>\n<meta property=\"og:type\" content=\"article\" \/>\n<meta property=\"og:title\" content=\"Forums \u00e0 venir | Greater Miramichi Service Commission\" \/>\n<meta property=\"og:description\" content=\"Want to learn more about the Greater Miramichi Service Commission? Visit our Forums \u00e0 venir page to learn more!\" \/>\n<meta property=\"og:url\" content=\"https:\/\/greatermiramichisc.ca\/fr\/evenements\/forum-annuel-sur-le-logement\/forums-a-venir\/\" \/>\n<meta property=\"og:site_name\" content=\"Greater Miramichi Service Commission\" \/>\n<meta property=\"article:modified_time\" content=\"2025-06-23T08:53:47+00:00\" \/>\n<meta property=\"og:image\" content=\"https:\/\/greatermiramichisc.ca\/wp-content\/uploads\/2025\/04\/RegionalStrategyVid.png\" \/>\n\t<meta property=\"og:image:width\" content=\"1020\" \/>\n\t<meta property=\"og:image:height\" content=\"574\" \/>\n\t<meta property=\"og:image:type\" content=\"image\/png\" \/>\n<meta name=\"twitter:card\" content=\"summary_large_image\" \/>\n<script type=\"application\/ld+json\" class=\"yoast-schema-graph\">{\"@context\":\"https:\\\/\\\/schema.org\",\"@graph\":[{\"@type\":\"WebPage\",\"@id\":\"https:\\\/\\\/greatermiramichisc.ca\\\/fr\\\/evenements\\\/forum-annuel-sur-le-logement\\\/forums-a-venir\\\/\",\"url\":\"https:\\\/\\\/greatermiramichisc.ca\\\/fr\\\/evenements\\\/forum-annuel-sur-le-logement\\\/forums-a-venir\\\/\",\"name\":\"Forums \u00e0 venir | Greater Miramichi Service Commission\",\"isPartOf\":{\"@id\":\"https:\\\/\\\/greatermiramichisc.ca\\\/#website\"},\"datePublished\":\"2025-05-16T14:13:08+00:00\",\"dateModified\":\"2025-06-23T08:53:47+00:00\",\"description\":\"Want to learn more about the Greater Miramichi Service Commission? Visit our Forums \u00e0 venir page to learn more!\",\"breadcrumb\":{\"@id\":\"https:\\\/\\\/greatermiramichisc.ca\\\/fr\\\/evenements\\\/forum-annuel-sur-le-logement\\\/forums-a-venir\\\/#breadcrumb\"},\"inLanguage\":\"fr-FR\",\"potentialAction\":[{\"@type\":\"ReadAction\",\"target\":[\"https:\\\/\\\/greatermiramichisc.ca\\\/fr\\\/evenements\\\/forum-annuel-sur-le-logement\\\/forums-a-venir\\\/\"]}]},{\"@type\":\"BreadcrumbList\",\"@id\":\"https:\\\/\\\/greatermiramichisc.ca\\\/fr\\\/evenements\\\/forum-annuel-sur-le-logement\\\/forums-a-venir\\\/#breadcrumb\",\"itemListElement\":[{\"@type\":\"ListItem\",\"position\":1,\"name\":\"Home\",\"item\":\"https:\\\/\\\/greatermiramichisc.ca\\\/fr\\\/\"},{\"@type\":\"ListItem\",\"position\":2,\"name\":\"\u00c9v\u00e9nements\",\"item\":\"https:\\\/\\\/greatermiramichisc.ca\\\/fr\\\/evenements\\\/\"},{\"@type\":\"ListItem\",\"position\":3,\"name\":\"Forum annuel sur le logement\",\"item\":\"https:\\\/\\\/greatermiramichisc.ca\\\/fr\\\/evenements\\\/forum-annuel-sur-le-logement\\\/\"},{\"@type\":\"ListItem\",\"position\":4,\"name\":\"Forums \u00e0 venir\"}]},{\"@type\":\"WebSite\",\"@id\":\"https:\\\/\\\/greatermiramichisc.ca\\\/#website\",\"url\":\"https:\\\/\\\/greatermiramichisc.ca\\\/\",\"name\":\"Greater Miramichi Service Commission\",\"description\":\"Welcome to the Miramichi region.\",\"publisher\":{\"@id\":\"https:\\\/\\\/greatermiramichisc.ca\\\/#organization\"},\"alternateName\":\"GMSC\",\"potentialAction\":[{\"@type\":\"SearchAction\",\"target\":{\"@type\":\"EntryPoint\",\"urlTemplate\":\"https:\\\/\\\/greatermiramichisc.ca\\\/?s={search_term_string}\"},\"query-input\":{\"@type\":\"PropertyValueSpecification\",\"valueRequired\":true,\"valueName\":\"search_term_string\"}}],\"inLanguage\":\"fr-FR\"},{\"@type\":\"Organization\",\"@id\":\"https:\\\/\\\/greatermiramichisc.ca\\\/#organization\",\"name\":\"Greater Miramichi Service Commission\",\"alternateName\":\"GMSC\",\"url\":\"https:\\\/\\\/greatermiramichisc.ca\\\/\",\"logo\":{\"@type\":\"ImageObject\",\"inLanguage\":\"fr-FR\",\"@id\":\"https:\\\/\\\/greatermiramichisc.ca\\\/#\\\/schema\\\/logo\\\/image\\\/\",\"url\":\"https:\\\/\\\/greatermiramichisc.ca\\\/wp-content\\\/uploads\\\/2024\\\/12\\\/NAV-Logo.png\",\"contentUrl\":\"https:\\\/\\\/greatermiramichisc.ca\\\/wp-content\\\/uploads\\\/2024\\\/12\\\/NAV-Logo.png\",\"width\":1140,\"height\":345,\"caption\":\"Greater Miramichi Service Commission\"},\"image\":{\"@id\":\"https:\\\/\\\/greatermiramichisc.ca\\\/#\\\/schema\\\/logo\\\/image\\\/\"}}]}<\/script>\n<!-- \/ Yoast SEO plugin. -->","yoast_head_json":{"title":"Forums \u00e0 venir | Greater Miramichi Service Commission","description":"Want to learn more about the Greater Miramichi Service Commission? Visit our Forums \u00e0 venir page to learn more!","robots":{"index":"index","follow":"follow","max-snippet":"max-snippet:-1","max-image-preview":"max-image-preview:large","max-video-preview":"max-video-preview:-1"},"canonical":"https:\/\/greatermiramichisc.ca\/fr\/evenements\/forum-annuel-sur-le-logement\/forums-a-venir\/","og_locale":"fr_FR","og_type":"article","og_title":"Forums \u00e0 venir | Greater Miramichi Service Commission","og_description":"Want to learn more about the Greater Miramichi Service Commission? Visit our Forums \u00e0 venir page to learn more!","og_url":"https:\/\/greatermiramichisc.ca\/fr\/evenements\/forum-annuel-sur-le-logement\/forums-a-venir\/","og_site_name":"Greater Miramichi Service Commission","article_modified_time":"2025-06-23T08:53:47+00:00","og_image":[{"width":1020,"height":574,"url":"https:\/\/greatermiramichisc.ca\/wp-content\/uploads\/2025\/04\/RegionalStrategyVid.png","type":"image\/png"}],"twitter_card":"summary_large_image","schema":{"@context":"https:\/\/schema.org","@graph":[{"@type":"WebPage","@id":"https:\/\/greatermiramichisc.ca\/fr\/evenements\/forum-annuel-sur-le-logement\/forums-a-venir\/","url":"https:\/\/greatermiramichisc.ca\/fr\/evenements\/forum-annuel-sur-le-logement\/forums-a-venir\/","name":"Forums \u00e0 venir | Greater Miramichi Service Commission","isPartOf":{"@id":"https:\/\/greatermiramichisc.ca\/#website"},"datePublished":"2025-05-16T14:13:08+00:00","dateModified":"2025-06-23T08:53:47+00:00","description":"Want to learn more about the Greater Miramichi Service Commission? Visit our Forums \u00e0 venir page to learn more!","breadcrumb":{"@id":"https:\/\/greatermiramichisc.ca\/fr\/evenements\/forum-annuel-sur-le-logement\/forums-a-venir\/#breadcrumb"},"inLanguage":"fr-FR","potentialAction":[{"@type":"ReadAction","target":["https:\/\/greatermiramichisc.ca\/fr\/evenements\/forum-annuel-sur-le-logement\/forums-a-venir\/"]}]},{"@type":"BreadcrumbList","@id":"https:\/\/greatermiramichisc.ca\/fr\/evenements\/forum-annuel-sur-le-logement\/forums-a-venir\/#breadcrumb","itemListElement":[{"@type":"ListItem","position":1,"name":"Home","item":"https:\/\/greatermiramichisc.ca\/fr\/"},{"@type":"ListItem","position":2,"name":"\u00c9v\u00e9nements","item":"https:\/\/greatermiramichisc.ca\/fr\/evenements\/"},{"@type":"ListItem","position":3,"name":"Forum annuel sur le logement","item":"https:\/\/greatermiramichisc.ca\/fr\/evenements\/forum-annuel-sur-le-logement\/"},{"@type":"ListItem","position":4,"name":"Forums \u00e0 venir"}]},{"@type":"WebSite","@id":"https:\/\/greatermiramichisc.ca\/#website","url":"https:\/\/greatermiramichisc.ca\/","name":"Greater Miramichi Service Commission","description":"Welcome to the Miramichi region.","publisher":{"@id":"https:\/\/greatermiramichisc.ca\/#organization"},"alternateName":"GMSC","potentialAction":[{"@type":"SearchAction","target":{"@type":"EntryPoint","urlTemplate":"https:\/\/greatermiramichisc.ca\/?s={search_term_string}"},"query-input":{"@type":"PropertyValueSpecification","valueRequired":true,"valueName":"search_term_string"}}],"inLanguage":"fr-FR"},{"@type":"Organization","@id":"https:\/\/greatermiramichisc.ca\/#organization","name":"Greater Miramichi Service Commission","alternateName":"GMSC","url":"https:\/\/greatermiramichisc.ca\/","logo":{"@type":"ImageObject","inLanguage":"fr-FR","@id":"https:\/\/greatermiramichisc.ca\/#\/schema\/logo\/image\/","url":"https:\/\/greatermiramichisc.ca\/wp-content\/uploads\/2024\/12\/NAV-Logo.png","contentUrl":"https:\/\/greatermiramichisc.ca\/wp-content\/uploads\/2024\/12\/NAV-Logo.png","width":1140,"height":345,"caption":"Greater Miramichi Service Commission"},"image":{"@id":"https:\/\/greatermiramichisc.ca\/#\/schema\/logo\/image\/"}}]}},"_links":{"self":[{"href":"https:\/\/greatermiramichisc.ca\/fr\/wp-json\/wp\/v2\/pages\/3084","targetHints":{"allow":["GET"]}}],"collection":[{"href":"https:\/\/greatermiramichisc.ca\/fr\/wp-json\/wp\/v2\/pages"}],"about":[{"href":"https:\/\/greatermiramichisc.ca\/fr\/wp-json\/wp\/v2\/types\/page"}],"author":[{"embeddable":true,"href":"https:\/\/greatermiramichisc.ca\/fr\/wp-json\/wp\/v2\/users\/1"}],"replies":[{"embeddable":true,"href":"https:\/\/greatermiramichisc.ca\/fr\/wp-json\/wp\/v2\/comments?post=3084"}],"version-history":[{"count":5,"href":"https:\/\/greatermiramichisc.ca\/fr\/wp-json\/wp\/v2\/pages\/3084\/revisions"}],"predecessor-version":[{"id":3994,"href":"https:\/\/greatermiramichisc.ca\/fr\/wp-json\/wp\/v2\/pages\/3084\/revisions\/3994"}],"up":[{"embeddable":true,"href":"https:\/\/greatermiramichisc.ca\/fr\/wp-json\/wp\/v2\/pages\/3082"}],"wp:attachment":[{"href":"https:\/\/greatermiramichisc.ca\/fr\/wp-json\/wp\/v2\/media?parent=3084"}],"curies":[{"name":"wp","href":"https:\/\/api.w.org\/{rel}","templated":true}]}}