{"id":3093,"date":"2024-12-03T07:44:50","date_gmt":"2024-12-03T07:44:50","guid":{"rendered":"https:\/\/greatermiramichisc.ca\/home\/"},"modified":"2026-01-12T16:13:30","modified_gmt":"2026-01-12T16:13:30","slug":"home","status":"publish","type":"page","link":"https:\/\/greatermiramichisc.ca\/fr\/","title":{"rendered":"Home"},"content":{"rendered":"\n<h1>\n\t\t\tBienvenue dans la r\u00e9gion de Miramichi. \t<\/h1>\n<h2>\n\t\t\tTu vas adorer cet endroit.\t<\/h2>\n\t\t\t<a href=\"https:\/\/greatermiramichisc.ca\/fr\/vivez-ici\/\" target=\"_self\">\n\t\t\t\t\t\t\tVivre\n\t\t\t\t\t<\/a>\n\t\t\t<a href=\"https:\/\/greatermiramichisc.ca\/fr\/travaille-ici\/\" target=\"_self\">\n\t\t\t\t\t\t\tGrandir\n\t\t\t\t\t<\/a>\n\t\t\t<a href=\"https:\/\/www.fr.discovermiramichi.com\" target=\"_blank\" rel=\"noopener\">\n\t\t\t\t\t\t\tD\u00e9couvrir\n\t\t\t\t\t<\/a>\n\t\t\t\t<a href=\"https:\/\/greatermiramichisc.ca\/fr\/developpement-communautaire\/transports-regionaux\/\"  target=\"_self\" itemprop=\"url\">\n\t\t\t\t<img decoding=\"async\" src=\"https:\/\/greatermiramichisc.ca\/wp-content\/uploads\/2024\/12\/GMSC_Icons_Transport.svg\" alt=\"GMSC_Icons_Transport\" itemprop=\"image\" height=\"66\" width=\"100\" title=\"GMSC_Icons_Transport\" onerror=\"this.style.display='none'\" loading=\"lazy\" \/>\n\t\t\t\t<\/a>\n\t\t<h3><a href=\"https:\/\/greatermiramichisc.ca\/fr\/developpement-communautaire\/transports-regionaux\/\" target=\"_self\">Transport<\/a><\/h3><p>D\u00e9couvrez les options de transport dans la r\u00e9gion du Grand Miramichi.<\/p>\n\t\t\t\t<a href=\"https:\/\/greatermiramichisc.ca\/fr\/services-damenagement\/applications-en-ligne\/\"  target=\"_self\" itemprop=\"url\">\n\t\t\t\t<img decoding=\"async\" src=\"https:\/\/greatermiramichisc.ca\/wp-content\/uploads\/2024\/12\/GMSC_Icons_Permits.svg\" alt=\"GMSC_Icons_Permits\" itemprop=\"image\" height=\"87\" width=\"100\" title=\"GMSC_Icons_Permits\" onerror=\"this.style.display='none'\" loading=\"lazy\" \/>\n\t\t\t\t<\/a>\n\t\t<h3><a href=\"https:\/\/greatermiramichisc.ca\/fr\/services-damenagement\/applications-en-ligne\/\" target=\"_self\">Demande de permis en ligne<\/a><\/h3><p>Demandez votre permis de construire en ligne gr\u00e2ce \u00e0 la plateforme CloudPermit s\u00e9curis\u00e9e et pratique de CSGM.<\/p>\n\t\t\t\t<a href=\"https:\/\/greatermiramichisc.ca\/fr\/vivez-ici\/demenager-dans-la-region\/\"  target=\"_self\" itemprop=\"url\">\n\t\t\t\t<img decoding=\"async\" src=\"https:\/\/greatermiramichisc.ca\/wp-content\/uploads\/2024\/12\/GMSC_Icons_Move.svg\" alt=\"GMSC_Icons_Move\" itemprop=\"image\" height=\"99\" width=\"100\" title=\"GMSC_Icons_Move\" onerror=\"this.style.display='none'\" loading=\"lazy\" \/>\n\t\t\t\t<\/a>\n\t\t<h3><a href=\"https:\/\/greatermiramichisc.ca\/fr\/vivez-ici\/demenager-dans-la-region\/\" target=\"_self\">D\u00e9m\u00e9nager \u00e0 la r\u00e9gion<\/a><\/h3><p>D\u00e9couvrez tout ce que vous devez savoir sur l&rsquo;installation dans la r\u00e9gion du Grand Miramichi.<\/p>\n\t\t\t\t<a href=\"https:\/\/greatermiramichisc.ca\/fr\/vivez-ici\/sante\/\"  target=\"_self\" itemprop=\"url\">\n\t\t\t\t<img decoding=\"async\" src=\"https:\/\/greatermiramichisc.ca\/wp-content\/uploads\/2024\/12\/GMSC_Icons_Health.svg\" alt=\"GMSC_Icons_Health\" itemprop=\"image\" height=\"87\" width=\"100\" title=\"GMSC_Icons_Health\" onerror=\"this.style.display='none'\" loading=\"lazy\" \/>\n\t\t\t\t<\/a>\n\t\t<h3><a href=\"https:\/\/greatermiramichisc.ca\/fr\/vivez-ici\/sante\/\" target=\"_self\">Soins de sant\u00e9<\/a><\/h3><p>Acc\u00e9dez aux services et ressources de sant\u00e9 locaux disponibles dans notre r\u00e9gion.<\/p>\n\t\t\t\t<a href=\"https:\/\/greatermiramichisc.ca\/fr\/vivez-ici\/emploi-et-benevolat\/\"  target=\"_self\" itemprop=\"url\">\n\t\t\t\t<img decoding=\"async\" src=\"https:\/\/greatermiramichisc.ca\/wp-content\/uploads\/2024\/12\/GMSC_Icons_Careers.svg\" alt=\"GMSC_Icons_Careers\" itemprop=\"image\" height=\"72\" width=\"100\" title=\"GMSC_Icons_Careers\" onerror=\"this.style.display='none'\" loading=\"lazy\" \/>\n\t\t\t\t<\/a>\n\t\t<h3><a href=\"https:\/\/greatermiramichisc.ca\/fr\/vivez-ici\/emploi-et-benevolat\/\" target=\"_self\">Carri\u00e8res<\/a><\/h3><p>Explore les opportunit\u00e9s de carri\u00e8re et contribue \u00e0 fa\u00e7onner l&rsquo;avenir de notre communaut\u00e9.<\/p>\n\t\t\t\t<a href=\"https:\/\/greatermiramichisc.ca\/fr\/evenements\/calendrier-des-evenements\/\"  target=\"_self\" itemprop=\"url\">\n\t\t\t\t<img decoding=\"async\" src=\"https:\/\/greatermiramichisc.ca\/wp-content\/uploads\/2024\/12\/GMSC_Icons_Calendar.svg\" alt=\"GMSC_Icons_Calendar\" itemprop=\"image\" height=\"86\" width=\"100\" title=\"GMSC_Icons_Calendar\" onerror=\"this.style.display='none'\" loading=\"lazy\" \/>\n\t\t\t\t<\/a>\n\t\t<h3><a href=\"https:\/\/greatermiramichisc.ca\/fr\/evenements\/calendrier-des-evenements\/\" target=\"_self\">Calendrier r\u00e9gional<\/a><\/h3><p>Reste inform\u00e9 des \u00e9v\u00e9nements \u00e0 venir et de l&rsquo;actualit\u00e9 de la communaut\u00e9.<\/p>\n\t\t\t\t<a href=\"https:\/\/greatermiramichisc.ca\/fr\/ecodiversion\/calendrier-de-collecte\/\"  target=\"_self\" itemprop=\"url\">\n\t\t\t\t<img decoding=\"async\" src=\"https:\/\/greatermiramichisc.ca\/wp-content\/uploads\/2024\/12\/GMSC_Icons_Waste.svg\" alt=\"GMSC_Icons_Waste\" itemprop=\"image\" height=\"91\" width=\"100\" title=\"GMSC_Icons_Waste\" onerror=\"this.style.display='none'\" loading=\"lazy\" \/>\n\t\t\t\t<\/a>\n\t\t<h3><a href=\"https:\/\/greatermiramichisc.ca\/fr\/ecodiversion\/calendrier-de-collecte\/\" target=\"_self\">Calendrier des collectes<\/a><\/h3><p>Consulte les horaires des collectes des ordures m\u00e9nag\u00e8res, du recyclage et des autres d\u00e9chets.<\/p>\n\t\t\t\t<a href=\"https:\/\/www.fr.discovermiramichi.com\"  target=\"_self\" itemprop=\"url\">\n\t\t\t\t<img decoding=\"async\" src=\"https:\/\/greatermiramichisc.ca\/wp-content\/uploads\/2024\/12\/GMSC_Icons_Discover.svg\" alt=\"GMSC_Icons_Discover\" itemprop=\"image\" height=\"100\" width=\"100\" title=\"GMSC_Icons_Discover\" onerror=\"this.style.display='none'\" loading=\"lazy\" \/>\n\t\t\t\t<\/a>\n\t\t<h3><a href=\"https:\/\/www.fr.discovermiramichi.com\" target=\"_self\">D\u00e9couvre Miramichi<\/a><\/h3><p>D\u00e9couvre la beaut\u00e9, la culture et les activit\u00e9s de plein air de notre r\u00e9gion dynamique.<\/p>\n\t\t\t\t<a href=\"https:\/\/open-ca.bludot.io\/cities\/greatermiramichi\/businesses?jobs&#038;openNow&#038;query=\"  target=\"_self\" itemprop=\"url\">\n\t\t\t\t<img decoding=\"async\" src=\"https:\/\/greatermiramichisc.ca\/wp-content\/uploads\/2024\/12\/GMSC_Icons_Directory.svg\" alt=\"GMSC_Icons_Directory\" itemprop=\"image\" height=\"100\" width=\"96\" title=\"GMSC_Icons_Directory\" onerror=\"this.style.display='none'\" loading=\"lazy\" \/>\n\t\t\t\t<\/a>\n\t\t<h3><a href=\"https:\/\/open-ca.bludot.io\/cities\/greatermiramichi\/businesses?jobs&#038;openNow&#038;query=\" target=\"_self\">Annuaire r\u00e9gional<\/a><\/h3><p>Trouve les coordonn\u00e9es des principaux services, d\u00e9partements et organisations locaux.<\/p>\n\t\t\t\t<a href=\"https:\/\/greatermiramichisc.ca\/fr\/developpement-communautaire\/ressources-communautaires\/\"  target=\"_self\" itemprop=\"url\">\n\t\t\t\t<img decoding=\"async\" src=\"https:\/\/greatermiramichisc.ca\/wp-content\/uploads\/2024\/12\/GMSC_Icons_Community.svg\" alt=\"GMSC_Icons_Community\" itemprop=\"image\" height=\"88\" width=\"100\" title=\"GMSC_Icons_Community\" onerror=\"this.style.display='none'\" loading=\"lazy\" \/>\n\t\t\t\t<\/a>\n\t\t<h3><a href=\"https:\/\/greatermiramichisc.ca\/fr\/developpement-communautaire\/ressources-communautaires\/\" target=\"_self\">Ressources communautaires<\/a><\/h3><p>Parcourez les programmes et services essentiels qui viennent en aide aux r\u00e9sidents de la r\u00e9gion.<\/p>\n\t\t\t\t<a href=\"https:\/\/greatermiramichisc.ca\/fr\/vivez-ici\/trouver-une-maison-ou-un-logement-a-louer\/\"  target=\"_self\" itemprop=\"url\">\n\t\t\t\t<img decoding=\"async\" src=\"https:\/\/greatermiramichisc.ca\/wp-content\/uploads\/2025\/06\/GMSC_Icons_Housing.svg\" alt=\"GMSC_Icons_Housing\" itemprop=\"image\" title=\"GMSC_Icons_Housing\" onerror=\"this.style.display='none'\" loading=\"lazy\" \/>\n\t\t\t\t<\/a>\n\t\t<h3><a href=\"https:\/\/greatermiramichisc.ca\/fr\/vivez-ici\/trouver-une-maison-ou-un-logement-a-louer\/\" target=\"_self\">Ressources en mati\u00e8re de logement<\/a><\/h3><p>Acc\u00e9dez aux ressources pour les locataires, les propri\u00e9taires et les acheteurs immobiliers dans la r\u00e9gion du Miramichi. D\u00e9couvrez les locations, les droits et les annonces locales pour commencer votre recherche de logement.<\/p>\n<h2>\n\t\t\tLa Commission de service du Grand Miramichi :\t<\/h2>\n<h2>\n\t\t\tSoutenir la croissance, inspirer la collaboration et contribuer \u00e0 b\u00e2tir une r\u00e9gion meilleure pour tous.\t<\/h2>\n<h2>\n\t\t\tDerni\u00e8res nouvelles\t<\/h2>\n\t\t\t<a href=\"\" target=\"_self\">\n\t\t\t\t\t\t\tVoir plus\n\t\t\t\t\t<\/a>\n<h2>\n\t\t\t\u00c9v\u00e9nements \u00e0 venir\t<\/h2>\n\t\t\t<a href=\"\" target=\"_self\">\n\t\t\t\t\t\t\tVoir plus\n\t\t\t\t\t<\/a>\n<h2>\n\t\t\tRestez inform\u00e9.\t<\/h2>\n\t<p>Abonnez-vous pour rester inform\u00e9 de l&rsquo;actualit\u00e9 de notre communaut\u00e9.<\/p>\n\t<iframe\n      id=\"JotFormIFrame-251742869120256\"\n      title=\"GMSC - Newsletter Homepage French\"\n      onload=\"window.parent.scrollTo(0,0)\"\n      allowtransparency=\"true\"\n      allow=\"geolocation; microphone; camera; fullscreen; payment\"\n      src=\"https:\/\/form.jotform.com\/251742869120256\"\n      frameborder=\"0\"\n      scrolling=\"no\">\n    <\/iframe>\n\n","protected":false},"excerpt":{"rendered":"<p>Bienvenue dans la r\u00e9gion de Miramichi. Tu vas adorer cet endroit. Vivre Grandir D\u00e9couvrir Transport D\u00e9couvrez les options de transport dans la r\u00e9gion du Grand Miramichi. Demande de permis en&hellip;<\/p>\n","protected":false},"author":1,"featured_media":0,"parent":0,"menu_order":0,"comment_status":"closed","ping_status":"closed","template":"","meta":{"_acf_changed":false,"footnotes":""},"class_list":["post-3093","page","type-page","status-publish","hentry"],"acf":[],"yoast_head":"<!-- This site is optimized with the Yoast SEO plugin v27.4 - https:\/\/yoast.com\/product\/yoast-seo-wordpress\/ -->\n<title>Home | Greater Miramichi Service Commission<\/title>\n<meta name=\"description\" content=\"Want to learn more about the Greater Miramichi Service Commission? Visit our Home page to learn more!\" \/>\n<meta name=\"robots\" content=\"index, follow, max-snippet:-1, max-image-preview:large, max-video-preview:-1\" \/>\n<link rel=\"canonical\" href=\"https:\/\/greatermiramichisc.ca\/fr\/\" \/>\n<meta property=\"og:locale\" content=\"fr_FR\" \/>\n<meta property=\"og:type\" content=\"article\" \/>\n<meta property=\"og:title\" content=\"Home | Greater Miramichi Service Commission\" \/>\n<meta property=\"og:description\" content=\"Want to learn more about the Greater Miramichi Service Commission? Visit our Home page to learn more!\" \/>\n<meta property=\"og:url\" content=\"https:\/\/greatermiramichisc.ca\/fr\/\" \/>\n<meta property=\"og:site_name\" content=\"Greater Miramichi Service Commission\" \/>\n<meta property=\"article:modified_time\" content=\"2026-01-12T16:13:30+00:00\" \/>\n<meta property=\"og:image\" content=\"https:\/\/greatermiramichisc.ca\/wp-content\/uploads\/2024\/12\/GMSC_Icons_Transport.svg\" \/>\n<meta name=\"twitter:card\" content=\"summary_large_image\" \/>\n<meta name=\"twitter:label1\" content=\"Dur\u00e9e de lecture estim\u00e9e\" \/>\n\t<meta name=\"twitter:data1\" content=\"1 minute\" \/>\n<script type=\"application\/ld+json\" class=\"yoast-schema-graph\">{\"@context\":\"https:\\\/\\\/schema.org\",\"@graph\":[{\"@type\":\"WebPage\",\"@id\":\"https:\\\/\\\/greatermiramichisc.ca\\\/fr\\\/\",\"url\":\"https:\\\/\\\/greatermiramichisc.ca\\\/fr\\\/\",\"name\":\"Home | Greater Miramichi Service Commission\",\"isPartOf\":{\"@id\":\"https:\\\/\\\/greatermiramichisc.ca\\\/#website\"},\"primaryImageOfPage\":{\"@id\":\"https:\\\/\\\/greatermiramichisc.ca\\\/fr\\\/#primaryimage\"},\"image\":{\"@id\":\"https:\\\/\\\/greatermiramichisc.ca\\\/fr\\\/#primaryimage\"},\"thumbnailUrl\":\"https:\\\/\\\/greatermiramichisc.ca\\\/wp-content\\\/uploads\\\/2024\\\/12\\\/GMSC_Icons_Transport.svg\",\"datePublished\":\"2024-12-03T07:44:50+00:00\",\"dateModified\":\"2026-01-12T16:13:30+00:00\",\"description\":\"Want to learn more about the Greater Miramichi Service Commission? Visit our Home page to learn more!\",\"breadcrumb\":{\"@id\":\"https:\\\/\\\/greatermiramichisc.ca\\\/fr\\\/#breadcrumb\"},\"inLanguage\":\"fr-FR\",\"potentialAction\":[{\"@type\":\"ReadAction\",\"target\":[\"https:\\\/\\\/greatermiramichisc.ca\\\/fr\\\/\"]}]},{\"@type\":\"ImageObject\",\"inLanguage\":\"fr-FR\",\"@id\":\"https:\\\/\\\/greatermiramichisc.ca\\\/fr\\\/#primaryimage\",\"url\":\"https:\\\/\\\/greatermiramichisc.ca\\\/wp-content\\\/uploads\\\/2024\\\/12\\\/GMSC_Icons_Transport.svg\",\"contentUrl\":\"https:\\\/\\\/greatermiramichisc.ca\\\/wp-content\\\/uploads\\\/2024\\\/12\\\/GMSC_Icons_Transport.svg\"},{\"@type\":\"BreadcrumbList\",\"@id\":\"https:\\\/\\\/greatermiramichisc.ca\\\/fr\\\/#breadcrumb\",\"itemListElement\":[{\"@type\":\"ListItem\",\"position\":1,\"name\":\"Home\",\"item\":\"https:\\\/\\\/greatermiramichisc.ca\\\/fr\\\/\"},{\"@type\":\"ListItem\",\"position\":2,\"name\":\"Home\"}]},{\"@type\":\"WebSite\",\"@id\":\"https:\\\/\\\/greatermiramichisc.ca\\\/#website\",\"url\":\"https:\\\/\\\/greatermiramichisc.ca\\\/\",\"name\":\"Greater Miramichi Service Commission\",\"description\":\"Welcome to the Miramichi region.\",\"publisher\":{\"@id\":\"https:\\\/\\\/greatermiramichisc.ca\\\/#organization\"},\"alternateName\":\"GMSC\",\"potentialAction\":[{\"@type\":\"SearchAction\",\"target\":{\"@type\":\"EntryPoint\",\"urlTemplate\":\"https:\\\/\\\/greatermiramichisc.ca\\\/?s={search_term_string}\"},\"query-input\":{\"@type\":\"PropertyValueSpecification\",\"valueRequired\":true,\"valueName\":\"search_term_string\"}}],\"inLanguage\":\"fr-FR\"},{\"@type\":\"Organization\",\"@id\":\"https:\\\/\\\/greatermiramichisc.ca\\\/#organization\",\"name\":\"Greater Miramichi Service Commission\",\"alternateName\":\"GMSC\",\"url\":\"https:\\\/\\\/greatermiramichisc.ca\\\/\",\"logo\":{\"@type\":\"ImageObject\",\"inLanguage\":\"fr-FR\",\"@id\":\"https:\\\/\\\/greatermiramichisc.ca\\\/#\\\/schema\\\/logo\\\/image\\\/\",\"url\":\"https:\\\/\\\/greatermiramichisc.ca\\\/wp-content\\\/uploads\\\/2024\\\/12\\\/NAV-Logo.png\",\"contentUrl\":\"https:\\\/\\\/greatermiramichisc.ca\\\/wp-content\\\/uploads\\\/2024\\\/12\\\/NAV-Logo.png\",\"width\":1140,\"height\":345,\"caption\":\"Greater Miramichi Service Commission\"},\"image\":{\"@id\":\"https:\\\/\\\/greatermiramichisc.ca\\\/#\\\/schema\\\/logo\\\/image\\\/\"}}]}<\/script>\n<!-- \/ Yoast SEO plugin. -->","yoast_head_json":{"title":"Home | Greater Miramichi Service Commission","description":"Want to learn more about the Greater Miramichi Service Commission? Visit our Home page to learn more!","robots":{"index":"index","follow":"follow","max-snippet":"max-snippet:-1","max-image-preview":"max-image-preview:large","max-video-preview":"max-video-preview:-1"},"canonical":"https:\/\/greatermiramichisc.ca\/fr\/","og_locale":"fr_FR","og_type":"article","og_title":"Home | Greater Miramichi Service Commission","og_description":"Want to learn more about the Greater Miramichi Service Commission? Visit our Home page to learn more!","og_url":"https:\/\/greatermiramichisc.ca\/fr\/","og_site_name":"Greater Miramichi Service Commission","article_modified_time":"2026-01-12T16:13:30+00:00","og_image":[{"url":"https:\/\/greatermiramichisc.ca\/wp-content\/uploads\/2024\/12\/GMSC_Icons_Transport.svg","type":"","width":"","height":""}],"twitter_card":"summary_large_image","twitter_misc":{"Dur\u00e9e de lecture estim\u00e9e":"1 minute"},"schema":{"@context":"https:\/\/schema.org","@graph":[{"@type":"WebPage","@id":"https:\/\/greatermiramichisc.ca\/fr\/","url":"https:\/\/greatermiramichisc.ca\/fr\/","name":"Home | Greater Miramichi Service Commission","isPartOf":{"@id":"https:\/\/greatermiramichisc.ca\/#website"},"primaryImageOfPage":{"@id":"https:\/\/greatermiramichisc.ca\/fr\/#primaryimage"},"image":{"@id":"https:\/\/greatermiramichisc.ca\/fr\/#primaryimage"},"thumbnailUrl":"https:\/\/greatermiramichisc.ca\/wp-content\/uploads\/2024\/12\/GMSC_Icons_Transport.svg","datePublished":"2024-12-03T07:44:50+00:00","dateModified":"2026-01-12T16:13:30+00:00","description":"Want to learn more about the Greater Miramichi Service Commission? Visit our Home page to learn more!","breadcrumb":{"@id":"https:\/\/greatermiramichisc.ca\/fr\/#breadcrumb"},"inLanguage":"fr-FR","potentialAction":[{"@type":"ReadAction","target":["https:\/\/greatermiramichisc.ca\/fr\/"]}]},{"@type":"ImageObject","inLanguage":"fr-FR","@id":"https:\/\/greatermiramichisc.ca\/fr\/#primaryimage","url":"https:\/\/greatermiramichisc.ca\/wp-content\/uploads\/2024\/12\/GMSC_Icons_Transport.svg","contentUrl":"https:\/\/greatermiramichisc.ca\/wp-content\/uploads\/2024\/12\/GMSC_Icons_Transport.svg"},{"@type":"BreadcrumbList","@id":"https:\/\/greatermiramichisc.ca\/fr\/#breadcrumb","itemListElement":[{"@type":"ListItem","position":1,"name":"Home","item":"https:\/\/greatermiramichisc.ca\/fr\/"},{"@type":"ListItem","position":2,"name":"Home"}]},{"@type":"WebSite","@id":"https:\/\/greatermiramichisc.ca\/#website","url":"https:\/\/greatermiramichisc.ca\/","name":"Greater Miramichi Service Commission","description":"Welcome to the Miramichi region.","publisher":{"@id":"https:\/\/greatermiramichisc.ca\/#organization"},"alternateName":"GMSC","potentialAction":[{"@type":"SearchAction","target":{"@type":"EntryPoint","urlTemplate":"https:\/\/greatermiramichisc.ca\/?s={search_term_string}"},"query-input":{"@type":"PropertyValueSpecification","valueRequired":true,"valueName":"search_term_string"}}],"inLanguage":"fr-FR"},{"@type":"Organization","@id":"https:\/\/greatermiramichisc.ca\/#organization","name":"Greater Miramichi Service Commission","alternateName":"GMSC","url":"https:\/\/greatermiramichisc.ca\/","logo":{"@type":"ImageObject","inLanguage":"fr-FR","@id":"https:\/\/greatermiramichisc.ca\/#\/schema\/logo\/image\/","url":"https:\/\/greatermiramichisc.ca\/wp-content\/uploads\/2024\/12\/NAV-Logo.png","contentUrl":"https:\/\/greatermiramichisc.ca\/wp-content\/uploads\/2024\/12\/NAV-Logo.png","width":1140,"height":345,"caption":"Greater Miramichi Service Commission"},"image":{"@id":"https:\/\/greatermiramichisc.ca\/#\/schema\/logo\/image\/"}}]}},"_links":{"self":[{"href":"https:\/\/greatermiramichisc.ca\/fr\/wp-json\/wp\/v2\/pages\/3093","targetHints":{"allow":["GET"]}}],"collection":[{"href":"https:\/\/greatermiramichisc.ca\/fr\/wp-json\/wp\/v2\/pages"}],"about":[{"href":"https:\/\/greatermiramichisc.ca\/fr\/wp-json\/wp\/v2\/types\/page"}],"author":[{"embeddable":true,"href":"https:\/\/greatermiramichisc.ca\/fr\/wp-json\/wp\/v2\/users\/1"}],"replies":[{"embeddable":true,"href":"https:\/\/greatermiramichisc.ca\/fr\/wp-json\/wp\/v2\/comments?post=3093"}],"version-history":[{"count":9,"href":"https:\/\/greatermiramichisc.ca\/fr\/wp-json\/wp\/v2\/pages\/3093\/revisions"}],"predecessor-version":[{"id":6901,"href":"https:\/\/greatermiramichisc.ca\/fr\/wp-json\/wp\/v2\/pages\/3093\/revisions\/6901"}],"wp:attachment":[{"href":"https:\/\/greatermiramichisc.ca\/fr\/wp-json\/wp\/v2\/media?parent=3093"}],"curies":[{"name":"wp","href":"https:\/\/api.w.org\/{rel}","templated":true}]}}