{"id":3094,"date":"2025-05-16T18:43:45","date_gmt":"2025-05-16T18:43:45","guid":{"rendered":"https:\/\/greatermiramichisc.ca\/housing-authority\/"},"modified":"2026-03-24T22:32:03","modified_gmt":"2026-03-24T22:32:03","slug":"ressources-en-matiere-de-logement","status":"publish","type":"page","link":"https:\/\/greatermiramichisc.ca\/fr\/developpement-communautaire\/ressources-en-matiere-de-logement\/","title":{"rendered":"Ressources en mati\u00e8re de logement"},"content":{"rendered":"\n<h2>\n\t\t<a href=\"https:\/\/greatermiramichisc.ca\/fr\/ressources-en-matiere-de-logement\/\" title=\"Ressources en mati\u00e8re de logement\"  target=\"_self\">\n\t\t\tRessources en mati\u00e8re de logement\t\t<\/a>\n\t<\/h2>\n\t<nav aria-label=\"breadcrumbs\">\n            <div class=\"breadcrumb-container theme1\">\n                <ol>\n                                    <\/ol>\n            <\/div>\n        <\/nav>    <script type=\"application\/ld+json\">\n        {\n            \"@context\": \"http:\/\/schema.org\",\n            \"@type\": \"BreadcrumbList\",\n            \"itemListElement\": [\n                            ]\n        }\n    <\/script>\n   \n    <script>\n            <\/script>\n\n\n\t<p>Trouver un logement s\u00fbr et abordable peut \u00eatre difficile, surtout quand on a des probl\u00e8mes financiers ou en cas de crise. Ce guide te met en contact avec des services d&rsquo;aide pratiques \u00e0 Miramichi et au Nouveau-Brunswick, notamment des refuges d&rsquo;urgence, des programmes d&rsquo;aide au loyer, des logements de transition et une aide \u00e0 long terme.<\/p>\n<p>Consulte nos pages \u00ab <a href=\"https:\/\/greatermiramichisc.ca\/fr\/vivez-ici\/demenager-dans-la-region\/\"><strong>D\u00e9m\u00e9nager dans la r\u00e9gion<\/strong><\/a> \u00bb et \u00ab <a href=\"https:\/\/greatermiramichisc.ca\/fr\/vivez-ici\/trouver-une-maison-ou-un-logement-a-louer\/\"><strong>Trouver une maison ou un logement \u00e0 louer<\/strong><\/a> \u00bb pour plus de ressources.<\/p>\n\t\t\t<a href=\"https:\/\/greatermiramichisc.ca\/fr\/ressources-en-matiere-de-logement\/aide-generale-au-logement\/\"  target=\"_self\">\n\t\t\t\t\t\t\tAide g\u00e9n\u00e9rale au logement\n\t\t\t<\/a>\n\t\t\t<a href=\"https:\/\/greatermiramichisc.ca\/fr\/vivez-ici\/trouver-une-maison-ou-un-logement-a-louer\/logement-abordable\/\"  target=\"_self\">\n\t\t\t\t\t\t\tLogement abordable\n\t\t\t<\/a>\n\t\t\t<a href=\"https:\/\/greatermiramichisc.ca\/fr\/vivez-ici\/trouver-une-maison-ou-un-logement-a-louer\/soutien-aux-sans-abri\/\"  target=\"_self\">\n\t\t\t\t\t\t\tSoutien aux sans-abri\n\t\t\t<\/a>\n<h2>\n\t\t\tCommencez ici\t<\/h2>\n\t<p>L&rsquo;arbre \u00e0 solutions, un outil visuel cr\u00e9\u00e9 par The Link Program, est un bon point de d\u00e9part. Il pr\u00e9sente les principaux services disponibles en mati\u00e8re d&rsquo;alimentation, de logement, de sant\u00e9 mentale, de violence domestique et plus encore, et vous aide \u00e0 comprendre comment les organisations locales travaillent ensemble et o\u00f9 trouver de l&rsquo;aide.<\/p>\n\t\t\t<a href=\"https:\/\/greatermiramichisc.ca\/wp-content\/uploads\/2025\/06\/ht-fr-MIRAMICHI_2025.pdf\"  target=\"_blank\" rel=\"noopener\"    rel=\"noopener\">\n\t\t\t\t\t\t\tT\u00e9l\u00e9charger maintenant\n\t\t\t\t\t<\/a>\n\t\t\t\t\t<a role=\"heading\" aria-level=\"2\" tabindex=\"-1\"  id=\"fl-accordion--label-0\">Ressources<\/a>\n\t\t\t\t\t\t\t\t\t\t\t<button type=\"button\" id=\"fl-accordion--icon-0\" aria-expanded=\"false\" aria-controls=\"fl-accordion--panel-0\"><i>D\u00e9plier<\/i><\/button>\n\t\t\t\t\t<ul>\n<li><a href=\"https:\/\/www.gnb.ca\/fr\/sujet\/famille-foyer-collectivite\/logement-biens\/banque-loyer.html\" target=\"_blank\" rel=\"noopener\"><strong>NB Rent Bank<\/strong><\/a> &#8211; Aide financi\u00e8re temporaire pour aider les locataires \u00e0 payer leur loyer en retard ou \u00e0 \u00e9viter l&rsquo;expulsion.<\/li>\n<li><a href=\"https:\/\/www.gnb.ca\/fr\/sujet\/famille-foyer-collectivite\/logement-biens\/supplement-loyer.html\" target=\"_blank\" rel=\"noopener\"><strong>P<\/strong><strong>r<\/strong><strong>ogrammes de logement social et de suppl\u00e9ment au loyer<\/strong><\/a> &#8211; Logements subventionn\u00e9s et suppl\u00e9ments au loyer pour les personnes et les familles \u00e0 faible revenu.<\/li>\n<li><a href=\"https:\/\/nb.211.ca\/\" target=\"_blank\" rel=\"noopener\"><strong>211 Nouveau Brunswick<\/strong><\/a> &#8211; Ressource gratuite et confidentielle qui vous met en relation avec des services d&rsquo;aide au logement, des refuges, une aide financi\u00e8re et d&rsquo;autres services de soutien.<\/li>\n<li><a href=\"https:\/\/www2.gnb.ca\/content\/gnb\/fr\/ministeres\/femmes\/Prevention_de_la_violence_et_partenariats_communautaires\/content\/Logements_de_deuxieme_etape_pour_les_femmes_et_les_enfants.html\" target=\"_blank\" rel=\"noopener\"><strong>Centre d&rsquo;urgence pour femmes<\/strong><\/a> &#8211; Second Stage Housing &#8211; Logement temporaire s\u00e9curis\u00e9 pour les femmes et les enfants qui fuient la violence ou une situation de crise. \/\/ Facebook<\/li>\n<li><a href=\"https:\/\/miramichihousingsolutions.ca\/\" target=\"_blank\" rel=\"noopener\"><strong>Miramichi Housing Solutions<\/strong><\/a> &#8211; Organisation locale qui offre de l&rsquo;aide au logement, des r\u00e9f\u00e9rences et l&rsquo;acc\u00e8s \u00e0 des programmes communautaires. \/\/ Facebook<\/li>\n<li><a href=\"https:\/\/shannex.com\/fr\/locations\/browse-locations\/?locationtype=&amp;province=undefined\" target=\"_blank\" rel=\"noopener\"><strong>Shannex Miramichi<\/strong> <\/a>&#8211; Services de sensibilisation et de bien-\u00eatre pour aider les personnes \u00e2g\u00e9es \u00e0 rester autonomes chez elles. En savoir plus sur les maisons de retraite sans murs<\/li>\n<li><a href=\"https:\/\/habitatnb.ca\/\" target=\"_blank\" rel=\"noopener\"><strong>Habitat pour L&rsquo;humanit\u00e9 NB<\/strong><\/a> &#8211; Des opportunit\u00e9s d&rsquo;accession \u00e0 la propri\u00e9t\u00e9 abordables pour les familles qui remplissent les conditions requises gr\u00e2ce \u00e0 des logements construits par des b\u00e9n\u00e9voles.<\/li>\n<li><a href=\"https:\/\/www.miramichi.org\/emergency-measures\" target=\"_blank\" rel=\"noopener\"><strong>Organisation des mesures d&rsquo;urgence de la ville de Miramichi<\/strong> <\/a>&#8211; Coordonne les efforts locaux de pr\u00e9paration aux situations d&rsquo;urgence et d&rsquo;intervention en cas de crise.<\/li>\n<li><a href=\"https:\/\/www.miramichi.org\/community-development-grant\" target=\"_blank\" rel=\"noopener\"><strong>Subventions pour le d\u00e9veloppement communautaire<\/strong><\/a> &#8211; Ville de Miramichi &#8211; Financement pour les organismes \u00e0 but non lucratif, y compris les projets et programmes li\u00e9s au logement.<\/li>\n<li><a href=\"https:\/\/www.croixrouge.ca\/dans-votre-collectivite\/nouveau-brunswick?_gl=1*ev9qdm*_gcl_au*ODYwMDI1ODcxLjE3NDc3NTU5Mjc.*_ga*MTQ3MDQxNjk0Mi4xNzQ3NzU1OTI3*_ga_376D8LHM0R*czE3NTAyNzc3MDUkbzckZzAkdDE3NTAyNzc3MDUkajYwJGwwJGgzNjM0NTM1NDk.*_fplc*QUFFNnRZcVVxMU5pSGRTVHN4ciUyRmpZbG4wU0tYODdSMjdQRWNiNm5GZkV6ZU56ZW1IYmRkWGlNRHNidzV6NmJLUG1DTllZNUxDNSUyQnZOQnk3R3ZBb0xSVUdMUjZpJTJCOE9aWXlHWmZEdmplS2F1Q2Z0MnhQMzhWSGJlb1c5WWFRJTNEJTNE\" target=\"_blank\" rel=\"noopener\"><strong>Croix-Rouge canadienne &#8211; Nouveau-Brunswick<\/strong><\/a> &#8211; H\u00e9bergement d&rsquo;urgence et soutien en situation de crise pour les personnes et les communaut\u00e9s touch\u00e9es par des situations d&rsquo;urgence.<\/li>\n<\/ul>\n\t\t\t\t\t<a role=\"heading\" aria-level=\"2\" tabindex=\"-1\"  id=\"fl-accordion--label-1\">Programmes alimentaires et groupes de soutien communautaire<\/a>\n\t\t\t\t\t\t\t\t\t\t\t<button type=\"button\" id=\"fl-accordion--icon-1\" aria-expanded=\"false\" aria-controls=\"fl-accordion--panel-1\"><i>D\u00e9plier<\/i><\/button>\n\t\t\t\t\t<ul>\n<li aria-level=\"1\"><a href=\"https:\/\/www.facebook.com\/DiningwithDignity\" target=\"_blank\" rel=\"noopener\"><b>Dining with Dignity<\/b><\/a> &#8211; Programme communautaire qui offre des repas nutritifs dans un endroit sympa.<br \/>\n<\/li>\n<li aria-level=\"1\"><a href=\"https:\/\/www.facebook.com\/groups\/307045688820565\/\" target=\"_blank\" rel=\"noopener\"><b>Helping Hands Miramichi<\/b><\/a> &#8211; Donne de la bouffe, des produits d&rsquo;hygi\u00e8ne et d&rsquo;autres trucs essentiels \u00e0 ceux qui en ont besoin.<br \/>\n<\/li>\n<li aria-level=\"1\"><a href=\"https:\/\/www.facebook.com\/groups\/181228528320713\" target=\"_blank\" rel=\"noopener\"><b>Jeremy&rsquo;s Mission Miramichi<\/b><\/a> &#8211; Programme de sensibilisation g\u00e9r\u00e9 par des b\u00e9n\u00e9voles qui offre des repas, des v\u00eatements et des services de soutien.<br \/>\n<\/li>\n<li aria-level=\"1\"><a href=\"https:\/\/www.facebook.com\/UpperMiramichiCommunityLibrary\/\" target=\"_blank\" rel=\"noopener\"><b>Upper Miramichi Community Meals<\/b><\/a> &#8211; Repas communautaires et moments de rencontre dans la r\u00e9gion d&rsquo;Upper Miramichi.<br \/>\n<\/li>\n<\/ul>\n\t\t\t\t\t<a role=\"heading\" aria-level=\"2\" tabindex=\"-1\"  id=\"fl-accordion--label-2\">Services de soutien et de d\u00e9fense des droits<\/a>\n\t\t\t\t\t\t\t\t\t\t\t<button type=\"button\" id=\"fl-accordion--icon-2\" aria-expanded=\"false\" aria-controls=\"fl-accordion--panel-2\"><i>D\u00e9plier<\/i><\/button>\n\t\t\t\t\t<ul>\n<li><a href=\"https:\/\/jhsnb.ca\/francais\/\" target=\"_blank\" rel=\"noopener\"><strong>La Soci\u00e9t\u00e9 John Howard de Nouveau Brunswick<\/strong><\/a> &#8211; Aide les gens qui reviennent dans la communaut\u00e9 et ceux qui risquent de se retrouver sans abri.<\/li>\n<li><a href=\"https:\/\/www2.gnb.ca\/content\/gnb\/fr\/services\/services_renderer.9335.html\" target=\"_blank\" rel=\"noopener\"><strong>Protection des adultes &#8211; NB<\/strong><\/a> &#8211; Aide les adultes vuln\u00e9rables qui sont n\u00e9glig\u00e9s, qui se n\u00e9gligent eux-m\u00eames ou qui sont maltrait\u00e9s.<\/li>\n<li><a href=\"https:\/\/fr.defenseur-nb-advocate.ca\/\" target=\"_blank\" rel=\"noopener\"><strong>D\u00e9fenseure des enfants et les jeunes- NB<\/strong><\/a> &#8211; Prot\u00e8ge et d\u00e9fend les droits et le bien-\u00eatre des enfants et des jeunes au Nouveau-Brunswick.<\/li>\n<li><a href=\"https:\/\/fr.defenseur-nb-advocate.ca\/#:~:text=Nous%20d%C3%A9fendons%20la%20protection%20des,entendues%20et%20prises%20en%20compte.\" target=\"_blank\" rel=\"noopener\"><strong>D\u00e9fenseur des personnes \u00e2g\u00e9es &#8211; N.-B.<\/strong><\/a> &#8211; Agit comme porte-parole ind\u00e9pendant des personnes \u00e2g\u00e9es, s&rsquo;occupant des questions de logement, de soins de sant\u00e9 et de qualit\u00e9 de vie.<\/li>\n<li><a href=\"https:\/\/www.nbcoalitionforseniors.org\/\" target=\"_blank\" rel=\"noopener\"><strong>Coalition pour les a\u00een\u00e9s du N.-B.<\/strong><\/a> &#8211; Organisation communautaire qui s&rsquo;efforce d&rsquo;am\u00e9liorer la qualit\u00e9 de vie des personnes \u00e2g\u00e9es dans toute la province.<\/li>\n<li><a href=\"https:\/\/www.canada.ca\/fr\/emploi-developpement-social\/programmes\/sutien-aines-sans-abri.html\" target=\"_blank\" rel=\"noopener\"><strong>Aide f\u00e9d\u00e9rale aux personnes \u00e2g\u00e9es sans abri<\/strong> <\/a>&#8211; Programmes gouvernementaux qui viennent en aide aux personnes \u00e2g\u00e9es qui risquent de devenir sans abri ou qui le sont d\u00e9j\u00e0.<\/li>\n<li><strong><a href=\"https:\/\/www.canada.ca\/en\/employment-social-development\/programs\/seniors-issues\/reports\/sheltering.html\" target=\"_blank\" rel=\"noopener\">Programmes d&rsquo;h\u00e9bergement pour les personnes \u00e2g\u00e9es au Canada<\/a> <\/strong>&#8211; Aper\u00e7u national des aides au logement disponibles pour les personnes \u00e2g\u00e9es.<\/li>\n<\/ul>\n\n","protected":false},"excerpt":{"rendered":"<p>Ressources en mati\u00e8re de logement Trouver un logement s\u00fbr et abordable peut \u00eatre difficile, surtout quand on a des probl\u00e8mes financiers ou en cas de crise. Ce guide te met&hellip;<\/p>\n","protected":false},"author":1,"featured_media":0,"parent":3034,"menu_order":0,"comment_status":"closed","ping_status":"closed","template":"","meta":{"_acf_changed":false,"footnotes":""},"class_list":["post-3094","page","type-page","status-publish","hentry"],"acf":[],"yoast_head":"<!-- This site is optimized with the Yoast SEO plugin v27.4 - https:\/\/yoast.com\/product\/yoast-seo-wordpress\/ -->\n<title>Ressources en mati\u00e8re de logement | Greater Miramichi Service Commission<\/title>\n<meta name=\"description\" content=\"Want to learn more about the Greater Miramichi Service Commission? Visit our Ressources en mati\u00e8re de logement page to learn more!\" \/>\n<meta name=\"robots\" content=\"index, follow, max-snippet:-1, max-image-preview:large, max-video-preview:-1\" \/>\n<link rel=\"canonical\" href=\"https:\/\/greatermiramichisc.ca\/fr\/developpement-communautaire\/ressources-en-matiere-de-logement\/\" \/>\n<meta property=\"og:locale\" content=\"fr_FR\" \/>\n<meta property=\"og:type\" content=\"article\" \/>\n<meta property=\"og:title\" content=\"Ressources en mati\u00e8re de logement | Greater Miramichi Service Commission\" \/>\n<meta property=\"og:description\" content=\"Want to learn more about the Greater Miramichi Service Commission? Visit our Ressources en mati\u00e8re de logement page to learn more!\" \/>\n<meta property=\"og:url\" content=\"https:\/\/greatermiramichisc.ca\/fr\/developpement-communautaire\/ressources-en-matiere-de-logement\/\" \/>\n<meta property=\"og:site_name\" content=\"Greater Miramichi Service Commission\" \/>\n<meta property=\"article:modified_time\" content=\"2026-03-24T22:32:03+00:00\" \/>\n<meta property=\"og:image\" content=\"https:\/\/greatermiramichisc.ca\/wp-content\/uploads\/2025\/04\/RegionalStrategyVid.png\" \/>\n\t<meta property=\"og:image:width\" content=\"1020\" \/>\n\t<meta property=\"og:image:height\" content=\"574\" \/>\n\t<meta property=\"og:image:type\" content=\"image\/png\" \/>\n<meta name=\"twitter:card\" content=\"summary_large_image\" \/>\n<meta name=\"twitter:label1\" content=\"Dur\u00e9e de lecture estim\u00e9e\" \/>\n\t<meta name=\"twitter:data1\" content=\"4 minutes\" \/>\n<script type=\"application\/ld+json\" class=\"yoast-schema-graph\">{\"@context\":\"https:\\\/\\\/schema.org\",\"@graph\":[{\"@type\":\"WebPage\",\"@id\":\"https:\\\/\\\/greatermiramichisc.ca\\\/fr\\\/developpement-communautaire\\\/ressources-en-matiere-de-logement\\\/\",\"url\":\"https:\\\/\\\/greatermiramichisc.ca\\\/fr\\\/developpement-communautaire\\\/ressources-en-matiere-de-logement\\\/\",\"name\":\"Ressources en mati\u00e8re de logement | Greater Miramichi Service Commission\",\"isPartOf\":{\"@id\":\"https:\\\/\\\/greatermiramichisc.ca\\\/#website\"},\"datePublished\":\"2025-05-16T18:43:45+00:00\",\"dateModified\":\"2026-03-24T22:32:03+00:00\",\"description\":\"Want to learn more about the Greater Miramichi Service Commission? Visit our Ressources en mati\u00e8re de logement page to learn more!\",\"breadcrumb\":{\"@id\":\"https:\\\/\\\/greatermiramichisc.ca\\\/fr\\\/developpement-communautaire\\\/ressources-en-matiere-de-logement\\\/#breadcrumb\"},\"inLanguage\":\"fr-FR\",\"potentialAction\":[{\"@type\":\"ReadAction\",\"target\":[\"https:\\\/\\\/greatermiramichisc.ca\\\/fr\\\/developpement-communautaire\\\/ressources-en-matiere-de-logement\\\/\"]}]},{\"@type\":\"BreadcrumbList\",\"@id\":\"https:\\\/\\\/greatermiramichisc.ca\\\/fr\\\/developpement-communautaire\\\/ressources-en-matiere-de-logement\\\/#breadcrumb\",\"itemListElement\":[{\"@type\":\"ListItem\",\"position\":1,\"name\":\"Home\",\"item\":\"https:\\\/\\\/greatermiramichisc.ca\\\/fr\\\/\"},{\"@type\":\"ListItem\",\"position\":2,\"name\":\"D\u00e9veloppement Communautaire\",\"item\":\"https:\\\/\\\/greatermiramichisc.ca\\\/fr\\\/developpement-communautaire\\\/\"},{\"@type\":\"ListItem\",\"position\":3,\"name\":\"Ressources en mati\u00e8re de logement\"}]},{\"@type\":\"WebSite\",\"@id\":\"https:\\\/\\\/greatermiramichisc.ca\\\/#website\",\"url\":\"https:\\\/\\\/greatermiramichisc.ca\\\/\",\"name\":\"Greater Miramichi Service Commission\",\"description\":\"Welcome to the Miramichi region.\",\"publisher\":{\"@id\":\"https:\\\/\\\/greatermiramichisc.ca\\\/#organization\"},\"alternateName\":\"GMSC\",\"potentialAction\":[{\"@type\":\"SearchAction\",\"target\":{\"@type\":\"EntryPoint\",\"urlTemplate\":\"https:\\\/\\\/greatermiramichisc.ca\\\/?s={search_term_string}\"},\"query-input\":{\"@type\":\"PropertyValueSpecification\",\"valueRequired\":true,\"valueName\":\"search_term_string\"}}],\"inLanguage\":\"fr-FR\"},{\"@type\":\"Organization\",\"@id\":\"https:\\\/\\\/greatermiramichisc.ca\\\/#organization\",\"name\":\"Greater Miramichi Service Commission\",\"alternateName\":\"GMSC\",\"url\":\"https:\\\/\\\/greatermiramichisc.ca\\\/\",\"logo\":{\"@type\":\"ImageObject\",\"inLanguage\":\"fr-FR\",\"@id\":\"https:\\\/\\\/greatermiramichisc.ca\\\/#\\\/schema\\\/logo\\\/image\\\/\",\"url\":\"https:\\\/\\\/greatermiramichisc.ca\\\/wp-content\\\/uploads\\\/2024\\\/12\\\/NAV-Logo.png\",\"contentUrl\":\"https:\\\/\\\/greatermiramichisc.ca\\\/wp-content\\\/uploads\\\/2024\\\/12\\\/NAV-Logo.png\",\"width\":1140,\"height\":345,\"caption\":\"Greater Miramichi Service Commission\"},\"image\":{\"@id\":\"https:\\\/\\\/greatermiramichisc.ca\\\/#\\\/schema\\\/logo\\\/image\\\/\"}}]}<\/script>\n<!-- \/ Yoast SEO plugin. -->","yoast_head_json":{"title":"Ressources en mati\u00e8re de logement | Greater Miramichi Service Commission","description":"Want to learn more about the Greater Miramichi Service Commission? Visit our Ressources en mati\u00e8re de logement page to learn more!","robots":{"index":"index","follow":"follow","max-snippet":"max-snippet:-1","max-image-preview":"max-image-preview:large","max-video-preview":"max-video-preview:-1"},"canonical":"https:\/\/greatermiramichisc.ca\/fr\/developpement-communautaire\/ressources-en-matiere-de-logement\/","og_locale":"fr_FR","og_type":"article","og_title":"Ressources en mati\u00e8re de logement | Greater Miramichi Service Commission","og_description":"Want to learn more about the Greater Miramichi Service Commission? Visit our Ressources en mati\u00e8re de logement page to learn more!","og_url":"https:\/\/greatermiramichisc.ca\/fr\/developpement-communautaire\/ressources-en-matiere-de-logement\/","og_site_name":"Greater Miramichi Service Commission","article_modified_time":"2026-03-24T22:32:03+00:00","og_image":[{"width":1020,"height":574,"url":"https:\/\/greatermiramichisc.ca\/wp-content\/uploads\/2025\/04\/RegionalStrategyVid.png","type":"image\/png"}],"twitter_card":"summary_large_image","twitter_misc":{"Dur\u00e9e de lecture estim\u00e9e":"4 minutes"},"schema":{"@context":"https:\/\/schema.org","@graph":[{"@type":"WebPage","@id":"https:\/\/greatermiramichisc.ca\/fr\/developpement-communautaire\/ressources-en-matiere-de-logement\/","url":"https:\/\/greatermiramichisc.ca\/fr\/developpement-communautaire\/ressources-en-matiere-de-logement\/","name":"Ressources en mati\u00e8re de logement | Greater Miramichi Service Commission","isPartOf":{"@id":"https:\/\/greatermiramichisc.ca\/#website"},"datePublished":"2025-05-16T18:43:45+00:00","dateModified":"2026-03-24T22:32:03+00:00","description":"Want to learn more about the Greater Miramichi Service Commission? Visit our Ressources en mati\u00e8re de logement page to learn more!","breadcrumb":{"@id":"https:\/\/greatermiramichisc.ca\/fr\/developpement-communautaire\/ressources-en-matiere-de-logement\/#breadcrumb"},"inLanguage":"fr-FR","potentialAction":[{"@type":"ReadAction","target":["https:\/\/greatermiramichisc.ca\/fr\/developpement-communautaire\/ressources-en-matiere-de-logement\/"]}]},{"@type":"BreadcrumbList","@id":"https:\/\/greatermiramichisc.ca\/fr\/developpement-communautaire\/ressources-en-matiere-de-logement\/#breadcrumb","itemListElement":[{"@type":"ListItem","position":1,"name":"Home","item":"https:\/\/greatermiramichisc.ca\/fr\/"},{"@type":"ListItem","position":2,"name":"D\u00e9veloppement Communautaire","item":"https:\/\/greatermiramichisc.ca\/fr\/developpement-communautaire\/"},{"@type":"ListItem","position":3,"name":"Ressources en mati\u00e8re de logement"}]},{"@type":"WebSite","@id":"https:\/\/greatermiramichisc.ca\/#website","url":"https:\/\/greatermiramichisc.ca\/","name":"Greater Miramichi Service Commission","description":"Welcome to the Miramichi region.","publisher":{"@id":"https:\/\/greatermiramichisc.ca\/#organization"},"alternateName":"GMSC","potentialAction":[{"@type":"SearchAction","target":{"@type":"EntryPoint","urlTemplate":"https:\/\/greatermiramichisc.ca\/?s={search_term_string}"},"query-input":{"@type":"PropertyValueSpecification","valueRequired":true,"valueName":"search_term_string"}}],"inLanguage":"fr-FR"},{"@type":"Organization","@id":"https:\/\/greatermiramichisc.ca\/#organization","name":"Greater Miramichi Service Commission","alternateName":"GMSC","url":"https:\/\/greatermiramichisc.ca\/","logo":{"@type":"ImageObject","inLanguage":"fr-FR","@id":"https:\/\/greatermiramichisc.ca\/#\/schema\/logo\/image\/","url":"https:\/\/greatermiramichisc.ca\/wp-content\/uploads\/2024\/12\/NAV-Logo.png","contentUrl":"https:\/\/greatermiramichisc.ca\/wp-content\/uploads\/2024\/12\/NAV-Logo.png","width":1140,"height":345,"caption":"Greater Miramichi Service Commission"},"image":{"@id":"https:\/\/greatermiramichisc.ca\/#\/schema\/logo\/image\/"}}]}},"_links":{"self":[{"href":"https:\/\/greatermiramichisc.ca\/fr\/wp-json\/wp\/v2\/pages\/3094","targetHints":{"allow":["GET"]}}],"collection":[{"href":"https:\/\/greatermiramichisc.ca\/fr\/wp-json\/wp\/v2\/pages"}],"about":[{"href":"https:\/\/greatermiramichisc.ca\/fr\/wp-json\/wp\/v2\/types\/page"}],"author":[{"embeddable":true,"href":"https:\/\/greatermiramichisc.ca\/fr\/wp-json\/wp\/v2\/users\/1"}],"replies":[{"embeddable":true,"href":"https:\/\/greatermiramichisc.ca\/fr\/wp-json\/wp\/v2\/comments?post=3094"}],"version-history":[{"count":6,"href":"https:\/\/greatermiramichisc.ca\/fr\/wp-json\/wp\/v2\/pages\/3094\/revisions"}],"predecessor-version":[{"id":7788,"href":"https:\/\/greatermiramichisc.ca\/fr\/wp-json\/wp\/v2\/pages\/3094\/revisions\/7788"}],"up":[{"embeddable":true,"href":"https:\/\/greatermiramichisc.ca\/fr\/wp-json\/wp\/v2\/pages\/3034"}],"wp:attachment":[{"href":"https:\/\/greatermiramichisc.ca\/fr\/wp-json\/wp\/v2\/media?parent=3094"}],"curies":[{"name":"wp","href":"https:\/\/api.w.org\/{rel}","templated":true}]}}