{"id":3097,"date":"2025-04-14T06:01:13","date_gmt":"2025-04-14T06:01:13","guid":{"rendered":"https:\/\/greatermiramichisc.ca\/live-here\/employment-volunteering\/"},"modified":"2025-06-20T05:18:27","modified_gmt":"2025-06-20T05:18:27","slug":"emploi-et-benevolat","status":"publish","type":"page","link":"https:\/\/greatermiramichisc.ca\/fr\/vivez-ici\/emploi-et-benevolat\/","title":{"rendered":"Emploi et b\u00e9n\u00e9volat"},"content":{"rendered":"\n<h2>\n\t\t<a href=\"https:\/\/greatermiramichisc.ca\/fr\/vivez-ici\" title=\"Vivez ici:\"  target=\"_self\">\n\t\t\tVivez ici:\t\t<\/a>\n\t<\/h2>\n\t<nav aria-label=\"breadcrumbs\">\n            <div class=\"breadcrumb-container theme1\">\n                <ol>\n                                    <\/ol>\n            <\/div>\n        <\/nav>    <script type=\"application\/ld+json\">\n        {\n            \"@context\": \"http:\/\/schema.org\",\n            \"@type\": \"BreadcrumbList\",\n            \"itemListElement\": [\n                            ]\n        }\n    <\/script>\n   \n    <script>\n            <\/script>\n\n\n<h2>\n\t\t\tTu cherches un emploi ?\t<\/h2>\n\t\t\t<a href=\"https:\/\/greatermiramichisc.ca\/fr\/vivez-ici\/emploi-et-benevolat\/opportunites-demploi\/\" target=\"_self\">\n\t\t\t\t\t\t\tExplorer les opportunit\u00e9s\n\t\t\t<\/a>\n<h2>\n\t\t\tOpportunit\u00e9s de b\u00e9n\u00e9volat\t<\/h2>\n<h2>\n\t\t\tProgramme de Copinage\t<\/h2>\n\t<p>Le programme de copinage met en relation des habitants enthousiastes et des nouveaux arrivants afin de cr\u00e9er une communaut\u00e9 accueillante et conviviale. Que tu aimes rencontrer de nouvelles personnes ou que tu souhaites avoir un impact positif, ce programme est un excellent moyen de t&rsquo;impliquer. Que tu sois nouveau dans la r\u00e9gion ou que tu souhaites devenir b\u00e9n\u00e9vole.<\/p>\n<p>Clique sur les liens ci-dessous pour commencer !<\/p>\n\t\t\t<a href=\"https:\/\/greatermiramichisc.ca\/fr\/vivez-ici\/emploi-et-benevolat\/deviens-un-copain\/\" target=\"_self\">\n\t\t\t\t\t\t\tDeviens un copain\n\t\t\t<\/a>\n<h2>\n\t\t\tConcierge de Bienvenue\t<\/h2>\n\t<p>D\u00e9m\u00e9nager, c&rsquo;est super excitant, mais s&rsquo;installer dans une nouvelle communaut\u00e9 peut \u00eatre un peu stressant. Pour les professionnels de la sant\u00e9, notre concierge de bienvenue est l\u00e0 pour faciliter votre transition dans la r\u00e9gion du Grand Miramichi, pour que vous puissiez vous concentrer sur ce qui compte vraiment : vos patients et votre carri\u00e8re.<\/p>\n\t\t\t\t\t<a href=\"#\"  id=\"fl-accordion--label-0\" tabindex=\"0\" aria-controls=\"fl-accordion--panel-0\">Nous offrons aux nouveaux r\u00e9sidents&#8230;<\/a>\n\t\t\t\t\t\t\t\t\t\t\t<a href=\"#\" id=\"fl-accordion--icon-0\"  tabindex=\"0\"><i title=\"D\u00e9plier\">D\u00e9plier<\/i><\/a>\n\t\t\t\t\t<ul>\n<li aria-level=\"1\"><b>Appels virtuels avant ton arriv\u00e9e<\/b> &#8211; Obtiens des infos importantes sur ton nouveau poste, ton lieu de travail et ta communaut\u00e9 avant d&rsquo;arriver.<\/li>\n<li aria-level=\"1\"><b>Panier de bienvenue<\/b> &#8211; Re\u00e7ois des produits locaux et des ressources essentielles pour t&rsquo;aider \u00e0 t&rsquo;installer.<\/li>\n<li aria-level=\"1\"><b>Services d&rsquo;aide \u00e0 l&rsquo;installation<\/b> &#8211; Obtiens de l&rsquo;aide pour trouver un logement, une \u00e9cole et les services essentiels pour toi et ta famille.<\/li>\n<li aria-level=\"1\"><b>R\u00e9seau communautaire et professionnel<\/b> &#8211; Rencontre tes coll\u00e8gues, des professionnels de sant\u00e9 locaux et des leaders communautaires.<\/li>\n<\/ul>\n\t\t\t\t\t<a href=\"#\"  id=\"fl-accordion--label-0\" tabindex=\"0\" aria-controls=\"fl-accordion--panel-0\">Nous offrons aux professionnels de la sant\u00e9&#8230;<\/a>\n\t\t\t\t\t\t\t\t\t\t\t<a href=\"#\" id=\"fl-accordion--icon-0\"  tabindex=\"0\"><i title=\"D\u00e9plier\">D\u00e9plier<\/i><\/a>\n\t\t\t\t\t<ul>\n<li aria-level=\"1\"><b>Appels virtuels avant ton arriv\u00e9e<\/b> &#8211; Obtiens des infos importantes sur ton nouveau poste, ton lieu de travail et ta communaut\u00e9 avant d&rsquo;arriver.<\/li>\n<li aria-level=\"1\"><b>Visites personnalis\u00e9es<\/b> &#8211; D\u00e9couvre les \u00e9tablissements de sant\u00e9, les quartiers et les commodit\u00e9s pour t&rsquo;aider \u00e0 te sentir chez toi.<\/li>\n<li aria-level=\"1\"><b>Panier de bienvenue<\/b> &#8211; Re\u00e7ois des produits locaux et des ressources essentielles pour t&rsquo;aider \u00e0 t&rsquo;installer.<\/li>\n<li aria-level=\"1\"><b>Services d&rsquo;aide \u00e0 l&rsquo;installation<\/b> &#8211; Obtiens de l&rsquo;aide pour trouver un logement, une \u00e9cole et les services essentiels pour toi et ta famille.<\/li>\n<li aria-level=\"1\"><b>R\u00e9seau communautaire et professionnel<\/b> &#8211; Rencontre tes coll\u00e8gues, des professionnels de sant\u00e9 locaux et des leaders communautaires.<\/li>\n<li aria-level=\"1\"><b>Suivi r\u00e9gulier en personne<\/b> &#8211; On t&rsquo;apporte un soutien continu pour t&rsquo;aider \u00e0 bien t&rsquo;adapter, tant sur le plan professionnel que personnel.<\/li>\n<li aria-level=\"1\"><b>D\u00eener de bienvenue<\/b> &#8211; Rejoins les maires locaux pour un d\u00eener. C&rsquo;est l&rsquo;occasion de rencontrer les dirigeants municipaux, d&rsquo;en savoir plus sur les communaut\u00e9s qu&rsquo;ils repr\u00e9sentent et de d\u00e9couvrir les avantages uniques de la vie et de la pratique m\u00e9dicale dans la r\u00e9gion.<\/li>\n<li aria-level=\"1\"><b>Programme Health Pro Buddy<\/b> &#8211; Toi et ta famille serez jumel\u00e9s \u00e0 des professionnels de la sant\u00e9 locaux qui vous fourniront un r\u00e9seau de soutien int\u00e9gr\u00e9, offrant du mentorat, des informations sur la communaut\u00e9 et des conseils pratiques pendant que vous d\u00e9couvrez la vie et le travail dans la r\u00e9gion.<\/li>\n<\/ul>\n<h2>\n\t\t\tVoici St\u00e9phanie, notre coordonnatrice d&rsquo;int\u00e9gration communautaire.\t<\/h2>\n\tElle est l\u00e0 pour t&rsquo;aider \u00e0 t&rsquo;installer et \u00e0 trouver un boulot dans la r\u00e9gion du Grand Miramichi. Que tu d\u00e9m\u00e9nages tout seul ou avec ta famille, St\u00e9phanie est l\u00e0 pour que tu te sentes bien d\u00e8s le premier jour.<br \/>\nQu&rsquo;il s&rsquo;agisse de te donner des conseils personnalis\u00e9s, de te faire d\u00e9couvrir la r\u00e9gion, de te fournir des ressources pratiques ou des astuces pour t&rsquo;installer, St\u00e9phanie t&rsquo;aidera \u00e0 franchir toutes les \u00e9tapes de ton d\u00e9m\u00e9nagement. Elle offre un soutien sur mesure aux travailleurs de la sant\u00e9, ainsi que des services sp\u00e9cialis\u00e9s pour aider les nouveaux arrivants \u00e0 s&rsquo;int\u00e9grer en douceur dans la communaut\u00e9.\n<p>Son objectif est de rendre ton exp\u00e9rience aussi agr\u00e9able, informative et accueillante que possible, afin que tu puisses te concentrer sur la construction de ta nouvelle vie dans notre communaut\u00e9 dynamique et en pleine croissance.<\/p>\n\t\t\t<a href=\"https:\/\/calendly.com\/stoundou-gmsc\" target=\"_blank\" rel=\"noopener\">\n\t\t\t\t\t\t\tContactez-nous\n\t\t\t\t\t<\/a>\n\t\t\t\t<img decoding=\"async\" src=\"https:\/\/greatermiramichisc.ca\/wp-content\/uploads\/2025\/05\/Stephanie-Toundou-scaled-e1746642674734.jpg\" alt=\"Stephanie Toundou\" itemprop=\"image\" height=\"1958\" width=\"2048\" title=\"Stephanie Toundou\" onerror=\"this.style.display='none'\" loading='lazy' \/>\n<h2>\n\t\t\tFormation et \u00e9ducation\t<\/h2>\n\t<p>La r\u00e9gion du Grand Miramichi offre plein d&rsquo;options d&rsquo;\u00e9tudes postsecondaires, comme des coll\u00e8ges, des programmes de formation et des cours sp\u00e9cialis\u00e9s pour t&rsquo;aider dans ton parcours professionnel. Que tu veuilles continuer tes \u00e9tudes, acqu\u00e9rir de nouvelles comp\u00e9tences ou explorer des possibilit\u00e9s de perfectionnement professionnel, il y a des ressources pour t&rsquo;aider \u00e0 r\u00e9ussir.<\/p>\n\t\t\t<a href=\"https:\/\/greatermiramichisc.ca\/fr\/vivez-ici\/emploi-et-benevolat\/formation-et-education\/\" target=\"_self\">\n\t\t\t\t\t\t\tExplorer les opportunit\u00e9s\n\t\t\t<\/a>\n\n","protected":false},"excerpt":{"rendered":"<p>Vivez ici: Tu cherches un emploi ? Explorer les opportunit\u00e9s Opportunit\u00e9s de b\u00e9n\u00e9volat Programme de Copinage Le programme de copinage met en relation des habitants enthousiastes et des nouveaux arrivants&hellip;<\/p>\n","protected":false},"author":1,"featured_media":0,"parent":3096,"menu_order":0,"comment_status":"closed","ping_status":"closed","template":"","meta":{"_acf_changed":false,"footnotes":""},"class_list":["post-3097","page","type-page","status-publish","hentry"],"acf":[],"yoast_head":"<!-- This site is optimized with the Yoast SEO plugin v27.4 - https:\/\/yoast.com\/product\/yoast-seo-wordpress\/ -->\n<title>Emploi et b\u00e9n\u00e9volat | Greater Miramichi Service Commission<\/title>\n<meta name=\"description\" content=\"Want to learn more about the Greater Miramichi Service Commission? Visit our Emploi et b\u00e9n\u00e9volat page to learn more!\" \/>\n<meta name=\"robots\" content=\"index, follow, max-snippet:-1, max-image-preview:large, max-video-preview:-1\" \/>\n<link rel=\"canonical\" href=\"https:\/\/greatermiramichisc.ca\/fr\/vivez-ici\/emploi-et-benevolat\/\" \/>\n<meta property=\"og:locale\" content=\"fr_FR\" \/>\n<meta property=\"og:type\" content=\"article\" \/>\n<meta property=\"og:title\" content=\"Emploi et b\u00e9n\u00e9volat | Greater Miramichi Service Commission\" \/>\n<meta property=\"og:description\" content=\"Want to learn more about the Greater Miramichi Service Commission? Visit our Emploi et b\u00e9n\u00e9volat page to learn more!\" \/>\n<meta property=\"og:url\" content=\"https:\/\/greatermiramichisc.ca\/fr\/vivez-ici\/emploi-et-benevolat\/\" \/>\n<meta property=\"og:site_name\" content=\"Greater Miramichi Service Commission\" \/>\n<meta property=\"article:modified_time\" content=\"2025-06-20T05:18:27+00:00\" \/>\n<meta property=\"og:image\" content=\"https:\/\/greatermiramichisc.ca\/wp-content\/uploads\/2025\/05\/Stephanie-Toundou-scaled-e1746642674734.jpg\" \/>\n<meta name=\"twitter:card\" content=\"summary_large_image\" \/>\n<meta name=\"twitter:label1\" content=\"Dur\u00e9e de lecture estim\u00e9e\" \/>\n\t<meta name=\"twitter:data1\" content=\"4 minutes\" \/>\n<script type=\"application\/ld+json\" class=\"yoast-schema-graph\">{\"@context\":\"https:\\\/\\\/schema.org\",\"@graph\":[{\"@type\":\"WebPage\",\"@id\":\"https:\\\/\\\/greatermiramichisc.ca\\\/fr\\\/vivez-ici\\\/emploi-et-benevolat\\\/\",\"url\":\"https:\\\/\\\/greatermiramichisc.ca\\\/fr\\\/vivez-ici\\\/emploi-et-benevolat\\\/\",\"name\":\"Emploi et b\u00e9n\u00e9volat | Greater Miramichi Service Commission\",\"isPartOf\":{\"@id\":\"https:\\\/\\\/greatermiramichisc.ca\\\/#website\"},\"primaryImageOfPage\":{\"@id\":\"https:\\\/\\\/greatermiramichisc.ca\\\/fr\\\/vivez-ici\\\/emploi-et-benevolat\\\/#primaryimage\"},\"image\":{\"@id\":\"https:\\\/\\\/greatermiramichisc.ca\\\/fr\\\/vivez-ici\\\/emploi-et-benevolat\\\/#primaryimage\"},\"thumbnailUrl\":\"https:\\\/\\\/greatermiramichisc.ca\\\/wp-content\\\/uploads\\\/2025\\\/05\\\/Stephanie-Toundou-scaled-e1746642674734.jpg\",\"datePublished\":\"2025-04-14T06:01:13+00:00\",\"dateModified\":\"2025-06-20T05:18:27+00:00\",\"description\":\"Want to learn more about the Greater Miramichi Service Commission? Visit our Emploi et b\u00e9n\u00e9volat page to learn more!\",\"breadcrumb\":{\"@id\":\"https:\\\/\\\/greatermiramichisc.ca\\\/fr\\\/vivez-ici\\\/emploi-et-benevolat\\\/#breadcrumb\"},\"inLanguage\":\"fr-FR\",\"potentialAction\":[{\"@type\":\"ReadAction\",\"target\":[\"https:\\\/\\\/greatermiramichisc.ca\\\/fr\\\/vivez-ici\\\/emploi-et-benevolat\\\/\"]}]},{\"@type\":\"ImageObject\",\"inLanguage\":\"fr-FR\",\"@id\":\"https:\\\/\\\/greatermiramichisc.ca\\\/fr\\\/vivez-ici\\\/emploi-et-benevolat\\\/#primaryimage\",\"url\":\"https:\\\/\\\/greatermiramichisc.ca\\\/wp-content\\\/uploads\\\/2025\\\/05\\\/Stephanie-Toundou-scaled-e1746642674734.jpg\",\"contentUrl\":\"https:\\\/\\\/greatermiramichisc.ca\\\/wp-content\\\/uploads\\\/2025\\\/05\\\/Stephanie-Toundou-scaled-e1746642674734.jpg\"},{\"@type\":\"BreadcrumbList\",\"@id\":\"https:\\\/\\\/greatermiramichisc.ca\\\/fr\\\/vivez-ici\\\/emploi-et-benevolat\\\/#breadcrumb\",\"itemListElement\":[{\"@type\":\"ListItem\",\"position\":1,\"name\":\"Home\",\"item\":\"https:\\\/\\\/greatermiramichisc.ca\\\/fr\\\/\"},{\"@type\":\"ListItem\",\"position\":2,\"name\":\"Vivez ici\",\"item\":\"https:\\\/\\\/greatermiramichisc.ca\\\/fr\\\/vivez-ici\\\/\"},{\"@type\":\"ListItem\",\"position\":3,\"name\":\"Emploi et b\u00e9n\u00e9volat\"}]},{\"@type\":\"WebSite\",\"@id\":\"https:\\\/\\\/greatermiramichisc.ca\\\/#website\",\"url\":\"https:\\\/\\\/greatermiramichisc.ca\\\/\",\"name\":\"Greater Miramichi Service Commission\",\"description\":\"Welcome to the Miramichi region.\",\"publisher\":{\"@id\":\"https:\\\/\\\/greatermiramichisc.ca\\\/#organization\"},\"alternateName\":\"GMSC\",\"potentialAction\":[{\"@type\":\"SearchAction\",\"target\":{\"@type\":\"EntryPoint\",\"urlTemplate\":\"https:\\\/\\\/greatermiramichisc.ca\\\/?s={search_term_string}\"},\"query-input\":{\"@type\":\"PropertyValueSpecification\",\"valueRequired\":true,\"valueName\":\"search_term_string\"}}],\"inLanguage\":\"fr-FR\"},{\"@type\":\"Organization\",\"@id\":\"https:\\\/\\\/greatermiramichisc.ca\\\/#organization\",\"name\":\"Greater Miramichi Service Commission\",\"alternateName\":\"GMSC\",\"url\":\"https:\\\/\\\/greatermiramichisc.ca\\\/\",\"logo\":{\"@type\":\"ImageObject\",\"inLanguage\":\"fr-FR\",\"@id\":\"https:\\\/\\\/greatermiramichisc.ca\\\/#\\\/schema\\\/logo\\\/image\\\/\",\"url\":\"https:\\\/\\\/greatermiramichisc.ca\\\/wp-content\\\/uploads\\\/2024\\\/12\\\/NAV-Logo.png\",\"contentUrl\":\"https:\\\/\\\/greatermiramichisc.ca\\\/wp-content\\\/uploads\\\/2024\\\/12\\\/NAV-Logo.png\",\"width\":1140,\"height\":345,\"caption\":\"Greater Miramichi Service Commission\"},\"image\":{\"@id\":\"https:\\\/\\\/greatermiramichisc.ca\\\/#\\\/schema\\\/logo\\\/image\\\/\"}}]}<\/script>\n<!-- \/ Yoast SEO plugin. -->","yoast_head_json":{"title":"Emploi et b\u00e9n\u00e9volat | Greater Miramichi Service Commission","description":"Want to learn more about the Greater Miramichi Service Commission? Visit our Emploi et b\u00e9n\u00e9volat page to learn more!","robots":{"index":"index","follow":"follow","max-snippet":"max-snippet:-1","max-image-preview":"max-image-preview:large","max-video-preview":"max-video-preview:-1"},"canonical":"https:\/\/greatermiramichisc.ca\/fr\/vivez-ici\/emploi-et-benevolat\/","og_locale":"fr_FR","og_type":"article","og_title":"Emploi et b\u00e9n\u00e9volat | Greater Miramichi Service Commission","og_description":"Want to learn more about the Greater Miramichi Service Commission? Visit our Emploi et b\u00e9n\u00e9volat page to learn more!","og_url":"https:\/\/greatermiramichisc.ca\/fr\/vivez-ici\/emploi-et-benevolat\/","og_site_name":"Greater Miramichi Service Commission","article_modified_time":"2025-06-20T05:18:27+00:00","og_image":[{"url":"https:\/\/greatermiramichisc.ca\/wp-content\/uploads\/2025\/05\/Stephanie-Toundou-scaled-e1746642674734.jpg","type":"","width":"","height":""}],"twitter_card":"summary_large_image","twitter_misc":{"Dur\u00e9e de lecture estim\u00e9e":"4 minutes"},"schema":{"@context":"https:\/\/schema.org","@graph":[{"@type":"WebPage","@id":"https:\/\/greatermiramichisc.ca\/fr\/vivez-ici\/emploi-et-benevolat\/","url":"https:\/\/greatermiramichisc.ca\/fr\/vivez-ici\/emploi-et-benevolat\/","name":"Emploi et b\u00e9n\u00e9volat | Greater Miramichi Service Commission","isPartOf":{"@id":"https:\/\/greatermiramichisc.ca\/#website"},"primaryImageOfPage":{"@id":"https:\/\/greatermiramichisc.ca\/fr\/vivez-ici\/emploi-et-benevolat\/#primaryimage"},"image":{"@id":"https:\/\/greatermiramichisc.ca\/fr\/vivez-ici\/emploi-et-benevolat\/#primaryimage"},"thumbnailUrl":"https:\/\/greatermiramichisc.ca\/wp-content\/uploads\/2025\/05\/Stephanie-Toundou-scaled-e1746642674734.jpg","datePublished":"2025-04-14T06:01:13+00:00","dateModified":"2025-06-20T05:18:27+00:00","description":"Want to learn more about the Greater Miramichi Service Commission? Visit our Emploi et b\u00e9n\u00e9volat page to learn more!","breadcrumb":{"@id":"https:\/\/greatermiramichisc.ca\/fr\/vivez-ici\/emploi-et-benevolat\/#breadcrumb"},"inLanguage":"fr-FR","potentialAction":[{"@type":"ReadAction","target":["https:\/\/greatermiramichisc.ca\/fr\/vivez-ici\/emploi-et-benevolat\/"]}]},{"@type":"ImageObject","inLanguage":"fr-FR","@id":"https:\/\/greatermiramichisc.ca\/fr\/vivez-ici\/emploi-et-benevolat\/#primaryimage","url":"https:\/\/greatermiramichisc.ca\/wp-content\/uploads\/2025\/05\/Stephanie-Toundou-scaled-e1746642674734.jpg","contentUrl":"https:\/\/greatermiramichisc.ca\/wp-content\/uploads\/2025\/05\/Stephanie-Toundou-scaled-e1746642674734.jpg"},{"@type":"BreadcrumbList","@id":"https:\/\/greatermiramichisc.ca\/fr\/vivez-ici\/emploi-et-benevolat\/#breadcrumb","itemListElement":[{"@type":"ListItem","position":1,"name":"Home","item":"https:\/\/greatermiramichisc.ca\/fr\/"},{"@type":"ListItem","position":2,"name":"Vivez ici","item":"https:\/\/greatermiramichisc.ca\/fr\/vivez-ici\/"},{"@type":"ListItem","position":3,"name":"Emploi et b\u00e9n\u00e9volat"}]},{"@type":"WebSite","@id":"https:\/\/greatermiramichisc.ca\/#website","url":"https:\/\/greatermiramichisc.ca\/","name":"Greater Miramichi Service Commission","description":"Welcome to the Miramichi region.","publisher":{"@id":"https:\/\/greatermiramichisc.ca\/#organization"},"alternateName":"GMSC","potentialAction":[{"@type":"SearchAction","target":{"@type":"EntryPoint","urlTemplate":"https:\/\/greatermiramichisc.ca\/?s={search_term_string}"},"query-input":{"@type":"PropertyValueSpecification","valueRequired":true,"valueName":"search_term_string"}}],"inLanguage":"fr-FR"},{"@type":"Organization","@id":"https:\/\/greatermiramichisc.ca\/#organization","name":"Greater Miramichi Service Commission","alternateName":"GMSC","url":"https:\/\/greatermiramichisc.ca\/","logo":{"@type":"ImageObject","inLanguage":"fr-FR","@id":"https:\/\/greatermiramichisc.ca\/#\/schema\/logo\/image\/","url":"https:\/\/greatermiramichisc.ca\/wp-content\/uploads\/2024\/12\/NAV-Logo.png","contentUrl":"https:\/\/greatermiramichisc.ca\/wp-content\/uploads\/2024\/12\/NAV-Logo.png","width":1140,"height":345,"caption":"Greater Miramichi Service Commission"},"image":{"@id":"https:\/\/greatermiramichisc.ca\/#\/schema\/logo\/image\/"}}]}},"_links":{"self":[{"href":"https:\/\/greatermiramichisc.ca\/fr\/wp-json\/wp\/v2\/pages\/3097","targetHints":{"allow":["GET"]}}],"collection":[{"href":"https:\/\/greatermiramichisc.ca\/fr\/wp-json\/wp\/v2\/pages"}],"about":[{"href":"https:\/\/greatermiramichisc.ca\/fr\/wp-json\/wp\/v2\/types\/page"}],"author":[{"embeddable":true,"href":"https:\/\/greatermiramichisc.ca\/fr\/wp-json\/wp\/v2\/users\/1"}],"replies":[{"embeddable":true,"href":"https:\/\/greatermiramichisc.ca\/fr\/wp-json\/wp\/v2\/comments?post=3097"}],"version-history":[{"count":4,"href":"https:\/\/greatermiramichisc.ca\/fr\/wp-json\/wp\/v2\/pages\/3097\/revisions"}],"predecessor-version":[{"id":3847,"href":"https:\/\/greatermiramichisc.ca\/fr\/wp-json\/wp\/v2\/pages\/3097\/revisions\/3847"}],"up":[{"embeddable":true,"href":"https:\/\/greatermiramichisc.ca\/fr\/wp-json\/wp\/v2\/pages\/3096"}],"wp:attachment":[{"href":"https:\/\/greatermiramichisc.ca\/fr\/wp-json\/wp\/v2\/media?parent=3097"}],"curies":[{"name":"wp","href":"https:\/\/api.w.org\/{rel}","templated":true}]}}