{"id":3098,"date":"2025-04-14T06:02:17","date_gmt":"2025-04-14T06:02:17","guid":{"rendered":"https:\/\/greatermiramichisc.ca\/live-here\/families-youth\/"},"modified":"2025-06-20T05:29:21","modified_gmt":"2025-06-20T05:29:21","slug":"familles-et-jeunes","status":"publish","type":"page","link":"https:\/\/greatermiramichisc.ca\/fr\/vivez-ici\/familles-et-jeunes\/","title":{"rendered":"Familles et jeunes"},"content":{"rendered":"\n<h2>\n\t\t<a href=\"https:\/\/greatermiramichisc.ca\/fr\/vivez-ici\/\" title=\"Vivez ici:\"  target=\"_self\">\n\t\t\tVivez ici:\t\t<\/a>\n\t<\/h2>\n\t<nav aria-label=\"breadcrumbs\">\n            <div class=\"breadcrumb-container theme1\">\n                <ol>\n                                    <\/ol>\n            <\/div>\n        <\/nav>    <script type=\"application\/ld+json\">\n        {\n            \"@context\": \"http:\/\/schema.org\",\n            \"@type\": \"BreadcrumbList\",\n            \"itemListElement\": [\n                            ]\n        }\n    <\/script>\n   \n    <script>\n            <\/script>\n\n\n\t<p>Tu cherches des services de garde, des \u00e9coles ou des options d&rsquo;apprentissage dans la r\u00e9gion du Grand Miramichi ?<\/p>\n<p>Notre r\u00e9gion s&rsquo;efforce d&rsquo;aider les familles \u00e0 se sentir soutenues et de veiller \u00e0 ce que les enfants aient toutes les chances d&rsquo;apprendre, de grandir et de s&rsquo;\u00e9panouir.<\/p>\n<h2>\n\t\t\tGarde d&rsquo;enfants et apprentissage pr\u00e9coce\t<\/h2>\n\t<p>Le Portail des parents du Nouveau-Brunswick est super important pour trouver une place en garderie ou en service apr\u00e8s l&rsquo;\u00e9cole au Nouveau-Brunswick, o\u00f9 la demande est forte et o\u00f9 les listes d&rsquo;attente traditionnelles ne sont plus utilis\u00e9es. En t&rsquo;inscrivant, tu fais savoir aux garderies agr\u00e9\u00e9es de ta r\u00e9gion que tu cherches une place, ce qui augmente tes chances de trouver une solution de garde pour tes enfants.<\/p>\n\t\t\t<a href=\"https:\/\/www.nbed.nb.ca\/parentportal\/fr\/\" target=\"_blank\" rel=\"noopener\">\n\t\t\t\t\t\t\tPortail pour les parents\n\t\t\t<\/a>\n\t\t\t<a href=\"https:\/\/www.nbed.nb.ca\/parentportal\/fr\/Child\/Waitlist\/Info\/\" target=\"_blank\" rel=\"noopener\">\n\t\t\t\t\t\t\tListe d&rsquo;attente pour la garde d&rsquo;enfants\n\t\t\t<\/a>\n<h2>\n\t\t\t\u00c9cole primaire et secondaire\t<\/h2>\n\t<p>La r\u00e9gion de Miramichi fait partie de deux districts scolaires anglophones et d&rsquo;un district francophone au Nouveau-Brunswick. Le site Web de chaque district fournit des infos essentielles sur l&rsquo;inscription scolaire, le transport scolaire et les programmes disponibles, ce qui facilite la navigation des familles dans le syst\u00e8me \u00e9ducatif.<\/p>\n<p>Que vous inscriviez votre enfant pour la premi\u00e8re fois ou que vous ayez besoin de d\u00e9tails sur le transport et les services, ces ressources vous aideront \u00e0 assurer une transition en douceur vers la communaut\u00e9 scolaire.<\/p>\n\t\t\t\t\t<a href=\"#\"  id=\"fl-accordion--label-0\" tabindex=\"0\" aria-controls=\"fl-accordion--panel-0\">Enseignement primaire et secondaire<\/a>\n\t\t\t\t\t\t\t\t\t\t\t<a href=\"#\" id=\"fl-accordion--icon-0\"  tabindex=\"0\"><i title=\"D\u00e9plier\">D\u00e9plier<\/i><\/a>\n\t\t\t\t\t<ul>\n<li aria-level=\"1\"><a href=\"https:\/\/asdn.nbed.ca\/\" target=\"_blank\" rel=\"noopener\">Anglophone North School District<\/a><\/li>\n<li aria-level=\"1\"><a href=\"https:\/\/asdw.nbed.ca\/\" target=\"_blank\" rel=\"noopener\">Anglophone West School District<\/a><\/li>\n<li aria-level=\"1\"><a href=\"https:\/\/francophonesud.nbed.nb.ca\/en\" target=\"_blank\" rel=\"noopener\">Francophone South School District<\/a><\/li>\n<\/ul>\n<h2>\n\t\t\t\u00c9coles\t<\/h2>\n\t<p>Notre r\u00e9gion a plein de super \u00e9coles qui mettent l&rsquo;accent sur les \u00e9tudes et les valeurs communautaires.<\/p>\n\t\t\t\t\t<a href=\"#\"  id=\"fl-accordion--label-0\" tabindex=\"0\" aria-controls=\"fl-accordion--panel-0\">\u00c9coles locales<\/a>\n\t\t\t\t\t\t\t\t\t\t\t<a href=\"#\" id=\"fl-accordion--icon-0\"  tabindex=\"0\"><i title=\"D\u00e9plier\">D\u00e9plier<\/i><\/a>\n\t\t\t\t\t<ul>\n<li aria-level=\"1\"><a href=\"https:\/\/maxaitkenacademy.nbed.ca\/\" target=\"_blank\" rel=\"noopener\">Max Aitken Academy<\/a><\/li>\n<li aria-level=\"1\"><a href=\"http:\/\/nelsonrural.nbed.nb.ca\/\" target=\"_blank\" rel=\"noopener\">Nelson Rural School<\/a><\/li>\n<li aria-level=\"1\"><a href=\"http:\/\/drlosier.nbed.nb.ca\/\" target=\"_blank\" rel=\"noopener\">Dr. Losier Middle School<\/a><\/li>\n<li aria-level=\"1\"><a href=\"http:\/\/jmh.nbed.nb.ca\/\" target=\"_blank\" rel=\"noopener\">James M. Hill High School<\/a><\/li>\n<li aria-level=\"1\"><a href=\"http:\/\/kse.nbed.nb.ca\/\" target=\"_blank\" rel=\"noopener\">Miramichi Rural<\/a><\/li>\n<li aria-level=\"1\"><a href=\"http:\/\/kse.nbed.nb.ca\/\" target=\"_blank\" rel=\"noopener\">King Street Elementary<\/a><\/li>\n<li aria-level=\"1\"><a href=\"http:\/\/gretnagreen.nbed.nb.ca\/\" target=\"_blank\" rel=\"noopener\">Gretna Green School<\/a><\/li>\n<li aria-level=\"1\"><a href=\"mailto:6storey@nbnet.nb.ca\" target=\"_blank\" rel=\"noopener\">Miramichi Valley Christian School<\/a><\/li>\n<li aria-level=\"1\"><a href=\"http:\/\/napan.nbed.nb.ca\/\" target=\"_blank\" rel=\"noopener\">Napan Elementary School<\/a><\/li>\n<li aria-level=\"1\"><a href=\"https:\/\/parkwoodheightselementary.nbed.ca\/\" target=\"_blank\" rel=\"noopener\">Parkwood Heights Elementary School<\/a><\/li>\n<li aria-level=\"1\"><a href=\"https:\/\/millertonschool.nbed.ca\/\" target=\"_blank\" rel=\"noopener\">Millerton Elementary &amp; Junior High School<\/a><\/li>\n<li aria-level=\"1\"><a href=\"https:\/\/northandsoutheskelementary.nbed.ca\/\" target=\"_blank\" rel=\"noopener\">North &amp; South Esk Elementary School<\/a><\/li>\n<li aria-level=\"1\"><a href=\"http:\/\/mvhs.nbed.nb.ca\/\" target=\"_blank\" rel=\"noopener\">\u00c9cole secondaire Miramichi Valley<\/a><\/li>\n<li aria-level=\"1\"><a href=\"https:\/\/northandsoutheskhigh.nbed.ca\/\" target=\"_blank\" rel=\"noopener\">\u00c9cole secondaire r\u00e9gionale North &amp; South Esk<\/a><\/li>\n<li aria-level=\"1\"><a href=\"http:\/\/blackville.nbed.nb.ca\/\" target=\"_blank\" rel=\"noopener\">\u00c9cole Blackville<\/a><\/li>\n<li aria-level=\"1\"><a href=\"http:\/\/tabusintacschool.nbed.nb.ca\/\" target=\"_blank\" rel=\"noopener\">\u00c9cole communautaire Tabusintac<\/a><\/li>\n<li aria-level=\"1\"><a href=\"http:\/\/carrefourbeausoleil.nbed.nb.ca\/\" target=\"_blank\" rel=\"noopener\">\u00c9cole Carrefour Beausoleil<\/a><\/li>\n<li aria-level=\"1\"><a href=\"https:\/\/www.dsfne.ca\/ecole\/la-croisee-robertville\/\" target=\"_blank\" rel=\"noopener\">\u00c9cole La Crois\u00e9e de Robertville<\/a><\/li>\n<li aria-level=\"1\"><a href=\"http:\/\/letremplin.nbed.nb.ca\/\" target=\"_blank\" rel=\"noopener\">\u00c9cole Le Tremplin<\/a><\/li>\n<li aria-level=\"1\"><a href=\"http:\/\/esn.nbed.nb.ca\/\" target=\"_blank\" rel=\"noopener\">\u00c9cole secondaire N\u00e9pisiguit<\/a><\/li>\n<li aria-level=\"1\"><a href=\"https:\/\/erbsa.nbed.nb.ca\/\" target=\"_blank\" rel=\"noopener\">\u00c9cole r\u00e9gionale de Baie-Sainte-Anne<\/a><\/li>\n<\/ul>\n<h2>\n\t\t\tEnseignement \u00e0 domicile\t<\/h2>\n\t<p>Au Nouveau-Brunswick, l&rsquo;enseignement \u00e0 domicile est une alternative l\u00e9gale et reconnue \u00e0 l&rsquo;enseignement traditionnel. Les parents qui choisissent l&rsquo;enseignement \u00e0 domicile doivent en informer chaque ann\u00e9e le minist\u00e8re de l&rsquo;\u00c9ducation et du D\u00e9veloppement de la petite enfance. D\u00e9couvrez les ressources ci-dessous.<\/p>\n\t\t\t\t\t<a href=\"#\"  id=\"fl-accordion--label-0\" tabindex=\"0\" aria-controls=\"fl-accordion--panel-0\">Options d&rsquo;enseignement \u00e0 domicile<\/a>\n\t\t\t\t\t\t\t\t\t\t\t<a href=\"#\" id=\"fl-accordion--icon-0\"  tabindex=\"0\"><i title=\"D\u00e9plier\">D\u00e9plier<\/i><\/a>\n\t\t\t\t\t<ul>\n<li aria-level=\"1\"><a href=\"https:\/\/greatermiramichisc.ca\/wp-content\/uploads\/2025\/06\/EnseignementAdomicile2020.pdf\" target=\"_blank\" rel=\"noopener\">L&rsquo;enseignement \u00e0 domicile au Nouveau-Brunswick<\/a><\/li>\n<li aria-level=\"1\"><a href=\"https:\/\/henb.ca\/en-francais\/\" target=\"_blank\" rel=\"noopener\">Parents \u00e9ducateurs du Nouveau-Brunswick<\/a><\/li>\n<\/ul>\n<p><strong>Groupes Facebook utiles:<\/strong><\/p>\n<ul>\n<li><a href=\"https:\/\/www.facebook.com\/p\/HENB-Home-Educators-of-New-Brunswick-100057413831205\/\" target=\"_blank\" rel=\"noopener\">HENB<\/a><\/li>\n<li><a href=\"https:\/\/www.facebook.com\/MiramichiHomeschoolers\/?locale=fr_CA\" target=\"_blank\" rel=\"noopener\">Miramichi Homeschoolers<\/a><\/li>\n<li><a href=\"https:\/\/www.facebook.com\/groups\/618896793749626\/members\/\" target=\"_blank\" rel=\"noopener\">A Family Place Miramichi NB<\/a><\/li>\n<li><a href=\"https:\/\/www.facebook.com\/groups\/2482921781735342\/\" target=\"_blank\" rel=\"noopener\">Enseignement secondaire \u00e0 domicile au Canada atlantique<\/a><\/li>\n\n<\/ul>\n\n","protected":false},"excerpt":{"rendered":"<p>Vivez ici: Tu cherches des services de garde, des \u00e9coles ou des options d&rsquo;apprentissage dans la r\u00e9gion du Grand Miramichi ? Notre r\u00e9gion s&rsquo;efforce d&rsquo;aider les familles \u00e0 se sentir&hellip;<\/p>\n","protected":false},"author":1,"featured_media":0,"parent":3096,"menu_order":0,"comment_status":"closed","ping_status":"closed","template":"","meta":{"_acf_changed":false,"footnotes":""},"class_list":["post-3098","page","type-page","status-publish","hentry"],"acf":[],"yoast_head":"<!-- This site is optimized with the Yoast SEO plugin v27.4 - https:\/\/yoast.com\/product\/yoast-seo-wordpress\/ -->\n<title>Familles et jeunes | Greater Miramichi Service Commission<\/title>\n<meta name=\"description\" content=\"Want to learn more about the Greater Miramichi Service Commission? Visit our Familles et jeunes page to learn more!\" \/>\n<meta name=\"robots\" content=\"index, follow, max-snippet:-1, max-image-preview:large, max-video-preview:-1\" \/>\n<link rel=\"canonical\" href=\"https:\/\/greatermiramichisc.ca\/fr\/vivez-ici\/familles-et-jeunes\/\" \/>\n<meta property=\"og:locale\" content=\"fr_FR\" \/>\n<meta property=\"og:type\" content=\"article\" \/>\n<meta property=\"og:title\" content=\"Familles et jeunes | Greater Miramichi Service Commission\" \/>\n<meta property=\"og:description\" content=\"Want to learn more about the Greater Miramichi Service Commission? Visit our Familles et jeunes page to learn more!\" \/>\n<meta property=\"og:url\" content=\"https:\/\/greatermiramichisc.ca\/fr\/vivez-ici\/familles-et-jeunes\/\" \/>\n<meta property=\"og:site_name\" content=\"Greater Miramichi Service Commission\" \/>\n<meta property=\"article:modified_time\" content=\"2025-06-20T05:29:21+00:00\" \/>\n<meta property=\"og:image\" content=\"https:\/\/greatermiramichisc.ca\/wp-content\/uploads\/2025\/04\/RegionalStrategyVid.png\" \/>\n\t<meta property=\"og:image:width\" content=\"1020\" \/>\n\t<meta property=\"og:image:height\" content=\"574\" \/>\n\t<meta property=\"og:image:type\" content=\"image\/png\" \/>\n<meta name=\"twitter:card\" content=\"summary_large_image\" \/>\n<meta name=\"twitter:label1\" content=\"Dur\u00e9e de lecture estim\u00e9e\" \/>\n\t<meta name=\"twitter:data1\" content=\"2 minutes\" \/>\n<script type=\"application\/ld+json\" class=\"yoast-schema-graph\">{\"@context\":\"https:\\\/\\\/schema.org\",\"@graph\":[{\"@type\":\"WebPage\",\"@id\":\"https:\\\/\\\/greatermiramichisc.ca\\\/fr\\\/vivez-ici\\\/familles-et-jeunes\\\/\",\"url\":\"https:\\\/\\\/greatermiramichisc.ca\\\/fr\\\/vivez-ici\\\/familles-et-jeunes\\\/\",\"name\":\"Familles et jeunes | Greater Miramichi Service Commission\",\"isPartOf\":{\"@id\":\"https:\\\/\\\/greatermiramichisc.ca\\\/#website\"},\"datePublished\":\"2025-04-14T06:02:17+00:00\",\"dateModified\":\"2025-06-20T05:29:21+00:00\",\"description\":\"Want to learn more about the Greater Miramichi Service Commission? Visit our Familles et jeunes page to learn more!\",\"breadcrumb\":{\"@id\":\"https:\\\/\\\/greatermiramichisc.ca\\\/fr\\\/vivez-ici\\\/familles-et-jeunes\\\/#breadcrumb\"},\"inLanguage\":\"fr-FR\",\"potentialAction\":[{\"@type\":\"ReadAction\",\"target\":[\"https:\\\/\\\/greatermiramichisc.ca\\\/fr\\\/vivez-ici\\\/familles-et-jeunes\\\/\"]}]},{\"@type\":\"BreadcrumbList\",\"@id\":\"https:\\\/\\\/greatermiramichisc.ca\\\/fr\\\/vivez-ici\\\/familles-et-jeunes\\\/#breadcrumb\",\"itemListElement\":[{\"@type\":\"ListItem\",\"position\":1,\"name\":\"Home\",\"item\":\"https:\\\/\\\/greatermiramichisc.ca\\\/fr\\\/\"},{\"@type\":\"ListItem\",\"position\":2,\"name\":\"Vivez ici\",\"item\":\"https:\\\/\\\/greatermiramichisc.ca\\\/fr\\\/vivez-ici\\\/\"},{\"@type\":\"ListItem\",\"position\":3,\"name\":\"Familles et jeunes\"}]},{\"@type\":\"WebSite\",\"@id\":\"https:\\\/\\\/greatermiramichisc.ca\\\/#website\",\"url\":\"https:\\\/\\\/greatermiramichisc.ca\\\/\",\"name\":\"Greater Miramichi Service Commission\",\"description\":\"Welcome to the Miramichi region.\",\"publisher\":{\"@id\":\"https:\\\/\\\/greatermiramichisc.ca\\\/#organization\"},\"alternateName\":\"GMSC\",\"potentialAction\":[{\"@type\":\"SearchAction\",\"target\":{\"@type\":\"EntryPoint\",\"urlTemplate\":\"https:\\\/\\\/greatermiramichisc.ca\\\/?s={search_term_string}\"},\"query-input\":{\"@type\":\"PropertyValueSpecification\",\"valueRequired\":true,\"valueName\":\"search_term_string\"}}],\"inLanguage\":\"fr-FR\"},{\"@type\":\"Organization\",\"@id\":\"https:\\\/\\\/greatermiramichisc.ca\\\/#organization\",\"name\":\"Greater Miramichi Service Commission\",\"alternateName\":\"GMSC\",\"url\":\"https:\\\/\\\/greatermiramichisc.ca\\\/\",\"logo\":{\"@type\":\"ImageObject\",\"inLanguage\":\"fr-FR\",\"@id\":\"https:\\\/\\\/greatermiramichisc.ca\\\/#\\\/schema\\\/logo\\\/image\\\/\",\"url\":\"https:\\\/\\\/greatermiramichisc.ca\\\/wp-content\\\/uploads\\\/2024\\\/12\\\/NAV-Logo.png\",\"contentUrl\":\"https:\\\/\\\/greatermiramichisc.ca\\\/wp-content\\\/uploads\\\/2024\\\/12\\\/NAV-Logo.png\",\"width\":1140,\"height\":345,\"caption\":\"Greater Miramichi Service Commission\"},\"image\":{\"@id\":\"https:\\\/\\\/greatermiramichisc.ca\\\/#\\\/schema\\\/logo\\\/image\\\/\"}}]}<\/script>\n<!-- \/ Yoast SEO plugin. -->","yoast_head_json":{"title":"Familles et jeunes | Greater Miramichi Service Commission","description":"Want to learn more about the Greater Miramichi Service Commission? Visit our Familles et jeunes page to learn more!","robots":{"index":"index","follow":"follow","max-snippet":"max-snippet:-1","max-image-preview":"max-image-preview:large","max-video-preview":"max-video-preview:-1"},"canonical":"https:\/\/greatermiramichisc.ca\/fr\/vivez-ici\/familles-et-jeunes\/","og_locale":"fr_FR","og_type":"article","og_title":"Familles et jeunes | Greater Miramichi Service Commission","og_description":"Want to learn more about the Greater Miramichi Service Commission? Visit our Familles et jeunes page to learn more!","og_url":"https:\/\/greatermiramichisc.ca\/fr\/vivez-ici\/familles-et-jeunes\/","og_site_name":"Greater Miramichi Service Commission","article_modified_time":"2025-06-20T05:29:21+00:00","og_image":[{"width":1020,"height":574,"url":"https:\/\/greatermiramichisc.ca\/wp-content\/uploads\/2025\/04\/RegionalStrategyVid.png","type":"image\/png"}],"twitter_card":"summary_large_image","twitter_misc":{"Dur\u00e9e de lecture estim\u00e9e":"2 minutes"},"schema":{"@context":"https:\/\/schema.org","@graph":[{"@type":"WebPage","@id":"https:\/\/greatermiramichisc.ca\/fr\/vivez-ici\/familles-et-jeunes\/","url":"https:\/\/greatermiramichisc.ca\/fr\/vivez-ici\/familles-et-jeunes\/","name":"Familles et jeunes | Greater Miramichi Service Commission","isPartOf":{"@id":"https:\/\/greatermiramichisc.ca\/#website"},"datePublished":"2025-04-14T06:02:17+00:00","dateModified":"2025-06-20T05:29:21+00:00","description":"Want to learn more about the Greater Miramichi Service Commission? Visit our Familles et jeunes page to learn more!","breadcrumb":{"@id":"https:\/\/greatermiramichisc.ca\/fr\/vivez-ici\/familles-et-jeunes\/#breadcrumb"},"inLanguage":"fr-FR","potentialAction":[{"@type":"ReadAction","target":["https:\/\/greatermiramichisc.ca\/fr\/vivez-ici\/familles-et-jeunes\/"]}]},{"@type":"BreadcrumbList","@id":"https:\/\/greatermiramichisc.ca\/fr\/vivez-ici\/familles-et-jeunes\/#breadcrumb","itemListElement":[{"@type":"ListItem","position":1,"name":"Home","item":"https:\/\/greatermiramichisc.ca\/fr\/"},{"@type":"ListItem","position":2,"name":"Vivez ici","item":"https:\/\/greatermiramichisc.ca\/fr\/vivez-ici\/"},{"@type":"ListItem","position":3,"name":"Familles et jeunes"}]},{"@type":"WebSite","@id":"https:\/\/greatermiramichisc.ca\/#website","url":"https:\/\/greatermiramichisc.ca\/","name":"Greater Miramichi Service Commission","description":"Welcome to the Miramichi region.","publisher":{"@id":"https:\/\/greatermiramichisc.ca\/#organization"},"alternateName":"GMSC","potentialAction":[{"@type":"SearchAction","target":{"@type":"EntryPoint","urlTemplate":"https:\/\/greatermiramichisc.ca\/?s={search_term_string}"},"query-input":{"@type":"PropertyValueSpecification","valueRequired":true,"valueName":"search_term_string"}}],"inLanguage":"fr-FR"},{"@type":"Organization","@id":"https:\/\/greatermiramichisc.ca\/#organization","name":"Greater Miramichi Service Commission","alternateName":"GMSC","url":"https:\/\/greatermiramichisc.ca\/","logo":{"@type":"ImageObject","inLanguage":"fr-FR","@id":"https:\/\/greatermiramichisc.ca\/#\/schema\/logo\/image\/","url":"https:\/\/greatermiramichisc.ca\/wp-content\/uploads\/2024\/12\/NAV-Logo.png","contentUrl":"https:\/\/greatermiramichisc.ca\/wp-content\/uploads\/2024\/12\/NAV-Logo.png","width":1140,"height":345,"caption":"Greater Miramichi Service Commission"},"image":{"@id":"https:\/\/greatermiramichisc.ca\/#\/schema\/logo\/image\/"}}]}},"_links":{"self":[{"href":"https:\/\/greatermiramichisc.ca\/fr\/wp-json\/wp\/v2\/pages\/3098","targetHints":{"allow":["GET"]}}],"collection":[{"href":"https:\/\/greatermiramichisc.ca\/fr\/wp-json\/wp\/v2\/pages"}],"about":[{"href":"https:\/\/greatermiramichisc.ca\/fr\/wp-json\/wp\/v2\/types\/page"}],"author":[{"embeddable":true,"href":"https:\/\/greatermiramichisc.ca\/fr\/wp-json\/wp\/v2\/users\/1"}],"replies":[{"embeddable":true,"href":"https:\/\/greatermiramichisc.ca\/fr\/wp-json\/wp\/v2\/comments?post=3098"}],"version-history":[{"count":7,"href":"https:\/\/greatermiramichisc.ca\/fr\/wp-json\/wp\/v2\/pages\/3098\/revisions"}],"predecessor-version":[{"id":3856,"href":"https:\/\/greatermiramichisc.ca\/fr\/wp-json\/wp\/v2\/pages\/3098\/revisions\/3856"}],"up":[{"embeddable":true,"href":"https:\/\/greatermiramichisc.ca\/fr\/wp-json\/wp\/v2\/pages\/3096"}],"wp:attachment":[{"href":"https:\/\/greatermiramichisc.ca\/fr\/wp-json\/wp\/v2\/media?parent=3098"}],"curies":[{"name":"wp","href":"https:\/\/api.w.org\/{rel}","templated":true}]}}