{"id":3103,"date":"2025-05-16T19:06:51","date_gmt":"2025-05-16T19:06:51","guid":{"rendered":"https:\/\/greatermiramichisc.ca\/live-here\/finding-a-home-or-rental-unit\/homelessness-support\/"},"modified":"2025-06-20T05:37:51","modified_gmt":"2025-06-20T05:37:51","slug":"soutien-aux-sans-abri","status":"publish","type":"page","link":"https:\/\/greatermiramichisc.ca\/fr\/vivez-ici\/trouver-une-maison-ou-un-logement-a-louer\/soutien-aux-sans-abri\/","title":{"rendered":"Soutien aux sans-abri"},"content":{"rendered":"\n<h2>\n\t\t<a href=\"https:\/\/greatermiramichisc.ca\/fr\/vivez-ici\/\" title=\"Vivez ici:\"  target=\"_self\">\n\t\t\tVivez ici:\t\t<\/a>\n\t<\/h2>\n\t<nav aria-label=\"breadcrumbs\">\n            <div class=\"breadcrumb-container theme1\">\n                <ol>\n                                    <\/ol>\n            <\/div>\n        <\/nav>    <script type=\"application\/ld+json\">\n        {\n            \"@context\": \"http:\/\/schema.org\",\n            \"@type\": \"BreadcrumbList\",\n            \"itemListElement\": [\n                            ]\n        }\n    <\/script>\n   \n    <script>\n            <\/script>\n\n\n<h2>\n\t\t\tTu vis dans l&rsquo;ins\u00e9curit\u00e9 du logement dans la r\u00e9gion du Grand Miramichi ?\t<\/h2>\n\t<p>Personne ne devrait avoir \u00e0 faire face seul \u00e0 l&rsquo;instabilit\u00e9 du logement. Au CSGM, on s&rsquo;engage \u00e0 soutenir les personnes et les familles sans domicile ou qui risquent de perdre leur logement.<\/p>\n<p>Que tu aies besoin d&rsquo;une aide imm\u00e9diate ou que tu cherches des solutions \u00e0 long terme, cette page est con\u00e7ue pour te mettre en contact avec le soutien, les services et les ressources disponibles dans notre r\u00e9gion.<\/p>\n<h2>\n\t\t\tTu n&rsquo;as pas de place o\u00f9 aller en ce moment ?\t<\/h2>\n\t<p>Si tu as besoin d&rsquo;un endroit o\u00f9 dormir, de bouffe ou d&rsquo;aide d&rsquo;urgence, appelle le <a href=\"https:\/\/nb.211.ca\/recherche\/\" target=\"_blank\" rel=\"noopener\"><strong>211 New Brunswick<\/strong><\/a>.<\/p>\n<h2>\n\t\t\tRessources\t<\/h2>\n\t\t\t\t\t<a href=\"#\"  id=\"fl-accordion--label-0\" tabindex=\"0\" aria-controls=\"fl-accordion--panel-0\">Logement d&rsquo;urgence et aide temporaire<\/a>\n\t\t\t\t\t\t\t\t\t\t\t<a href=\"#\" id=\"fl-accordion--icon-0\"  tabindex=\"0\"><i title=\"D\u00e9plier\">D\u00e9plier<\/i><\/a>\n\t\t\t\t\t<ul>\n<li aria-level=\"1\"><a href=\"https:\/\/greatermiramichisc.ca\/wp-content\/uploads\/2025\/06\/Mesures-de-soutien-pour-les-re\u0301sidents-en-situation-ditine\u0301rance.pdf\" target=\"_blank\" rel=\"noopener\">Guide d&rsquo;aide aux sans-abri<\/a><\/li>\n<li aria-level=\"1\"><a href=\"https:\/\/www.emergencycentreforwomen.com\/second-stage-housing\" target=\"_blank\" rel=\"noopener\">Centre d&rsquo;urgence pour femmes &#8211; Logement de deuxi\u00e8me \u00e9tape<\/a> | <a href=\"https:\/\/www.facebook.com\/miramichiemergencycentreforwomen\/\">Facebook<\/a><\/li>\n<li aria-level=\"1\"><a href=\"https:\/\/www.croixrouge.ca\/dans-votre-collectivite\/nouveau-brunswick?_gl=1*1qy0xja*_gcl_au*ODYwMDI1ODcxLjE3NDc3NTU5Mjc.*_ga*MTQ3MDQxNjk0Mi4xNzQ3NzU1OTI3*_ga_376D8LHM0R*czE3NDk3NjM4ODMkbzYkZzAkdDE3NDk3NjM4ODMkajYwJGwwJGg2MDg4NzE3MjQ.*_fplc*YVM2aGNDc2pIeGEzWWRudmlRR21xeFRSU2d4WjBuR2plbEdqbFludnFwUUpsNlZObE92ampINkdIOTlCTDRuYmRUbUkzUWIlMkJwd084JTJGRmIyQUE1VUxUY0VuZ2QwbGdGREw2Rld5RnB3VmUwbWZjbXFNbUV1a3NiVmJseERSdyUzRCUzRA..\" target=\"_blank\" rel=\"noopener\">Croix-Rouge canadienne &#8211; N.-B.<\/a><\/li>\n<li aria-level=\"1\"><a href=\"https:\/\/www.miramichi.org\/emergency-measures-organization\" target=\"_blank\" rel=\"noopener\">Organisation des mesures d&rsquo;urgence de Miramichi<\/a><\/li>\n<\/ul>\n\t\t\t\t\t<a href=\"#\"  id=\"fl-accordion--label-1\" tabindex=\"0\" aria-controls=\"fl-accordion--panel-1\">Logement local, aide au loyer et programmes de logement abordable<\/a>\n\t\t\t\t\t\t\t\t\t\t\t<a href=\"#\" id=\"fl-accordion--icon-1\"  tabindex=\"0\"><i title=\"D\u00e9plier\">D\u00e9plier<\/i><\/a>\n\t\t\t\t\t<ul>\n<li aria-level=\"1\"><a href=\"https:\/\/www.gnb.ca\/fr\/sujet\/famille-foyer-collectivite\/logement-biens.html\" target=\"_blank\" rel=\"noopener\">NB Rent Bank<\/a><\/li>\n<li aria-level=\"1\"><a href=\"https:\/\/socialsupportsnb.ca\/fr\/program\/programmes-de-logement-public-et-de-supplement-de-loyer\" target=\"_blank\" rel=\"noopener\">Logement public et suppl\u00e9ments au loyer<\/a><\/li>\n<li aria-level=\"1\"><a href=\"https:\/\/habitatnb.ca\/accueil\" target=\"_blank\" rel=\"noopener\">Habitat pour L&rsquo;Humanait\u00e9 NB <\/a><\/li>\n<li aria-level=\"1\"><a href=\"https:\/\/miramichihousingsolutions.ca\/resources\" target=\"_blank\" rel=\"noopener\">Miramichi Housing Solutions<\/a> | <a href=\"https:\/\/www.facebook.com\/MiramichiHousingSolutions\/\" target=\"_blank\" rel=\"noopener\">Facebook<\/a><\/li>\n<\/ul>\n\t\t\t\t\t<a href=\"#\"  id=\"fl-accordion--label-2\" tabindex=\"0\" aria-controls=\"fl-accordion--panel-2\">Programmes de repas et besoins essentiels<\/a>\n\t\t\t\t\t\t\t\t\t\t\t<a href=\"#\" id=\"fl-accordion--icon-2\"  tabindex=\"0\"><i title=\"D\u00e9plier\">D\u00e9plier<\/i><\/a>\n\t\t\t\t\t<ul>\n<li aria-level=\"1\"><a href=\"https:\/\/www.facebook.com\/groups\/6851393848216279\/\" target=\"_blank\" rel=\"noopener\">Dining with Dignity<\/a><\/li>\n<li aria-level=\"1\"><a href=\"https:\/\/www.facebook.com\/groups\/307045688820565\/\" target=\"_blank\" rel=\"noopener\">Helping Hands Miramichi<\/a><\/li>\n<li aria-level=\"1\"><a href=\"https:\/\/www.facebook.com\/groups\/umcmeals\/\" target=\"_blank\" rel=\"noopener\">Upper Miramichi Community Meals<\/a><\/li>\n<li aria-level=\"1\"><a href=\"https:\/\/www.facebook.com\/groups\/181228528320713\/\" target=\"_blank\" rel=\"noopener\">Jeremy&rsquo;s Mission Miramichi<\/a><\/li>\n<\/ul>\n\t\t\t\t\t<a href=\"#\"  id=\"fl-accordion--label-3\" tabindex=\"0\" aria-controls=\"fl-accordion--panel-3\">Soutien aux populations vuln\u00e9rables<\/a>\n\t\t\t\t\t\t\t\t\t\t\t<a href=\"#\" id=\"fl-accordion--icon-3\"  tabindex=\"0\"><i title=\"D\u00e9plier\">D\u00e9plier<\/i><\/a>\n\t\t\t\t\t<ul>\n<li aria-level=\"1\"><a href=\"https:\/\/www2.gnb.ca\/content\/gnb\/fr\/services\/services_renderer.9335.html\" target=\"_blank\" rel=\"noopener\">Protection des Adults NB\u00a0<\/a><\/li>\n<li aria-level=\"1\"><a href=\"https:\/\/fr.defenseur-nb-advocate.ca\/\" target=\"_blank\" rel=\"noopener\">D\u00e9fenseur des enfants et des jeunes (NB)<\/a><\/li>\n<li aria-level=\"1\"><a href=\"https:\/\/fr.defenseur-nb-advocate.ca\/\" target=\"_blank\" rel=\"noopener\">D\u00e9fenseur des a\u00een\u00e9s du Nouveau-Brunswick<\/a><\/li>\n<\/ul>\n<h2>\n\t\t\tBesoin d&rsquo;aide pour naviguer dans vos options\u00a0?\t<\/h2>\n\t<p>Nous sommes l\u00e0 pour vous aider. Si vous ne savez pas par o\u00f9 commencer ou si vous avez besoin d&rsquo;aide pour acc\u00e9der \u00e0 nos services, contactez-nous\u00a0; un membre de notre \u00e9quipe vous orientera vers l&rsquo;assistance appropri\u00e9e.<\/p>\n\t\t\t<a href=\"https:\/\/greatermiramichisc.ca\/fr\/about\/contactez-nous\/\" target=\"_self\">\n\t\t\t\t\t\t\tObtenir de l&rsquo;aide\n\t\t\t\t\t<\/a>\n\n","protected":false},"excerpt":{"rendered":"<p>Vivez ici: Tu vis dans l&rsquo;ins\u00e9curit\u00e9 du logement dans la r\u00e9gion du Grand Miramichi ? Personne ne devrait avoir \u00e0 faire face seul \u00e0 l&rsquo;instabilit\u00e9 du logement. Au CSGM, on&hellip;<\/p>\n","protected":false},"author":1,"featured_media":0,"parent":3099,"menu_order":0,"comment_status":"closed","ping_status":"closed","template":"","meta":{"_acf_changed":false,"footnotes":""},"class_list":["post-3103","page","type-page","status-publish","hentry"],"acf":[],"yoast_head":"<!-- This site is optimized with the Yoast SEO plugin v27.4 - https:\/\/yoast.com\/product\/yoast-seo-wordpress\/ -->\n<title>Soutien aux sans-abri | Greater Miramichi Service Commission<\/title>\n<meta name=\"description\" content=\"Want to learn more about the Greater Miramichi Service Commission? Visit our Soutien aux sans-abri page to learn more!\" \/>\n<meta name=\"robots\" content=\"index, follow, max-snippet:-1, max-image-preview:large, max-video-preview:-1\" \/>\n<link rel=\"canonical\" href=\"https:\/\/greatermiramichisc.ca\/fr\/vivez-ici\/trouver-une-maison-ou-un-logement-a-louer\/soutien-aux-sans-abri\/\" \/>\n<meta property=\"og:locale\" content=\"fr_FR\" \/>\n<meta property=\"og:type\" content=\"article\" \/>\n<meta property=\"og:title\" content=\"Soutien aux sans-abri | Greater Miramichi Service Commission\" \/>\n<meta property=\"og:description\" content=\"Want to learn more about the Greater Miramichi Service Commission? Visit our Soutien aux sans-abri page to learn more!\" \/>\n<meta property=\"og:url\" content=\"https:\/\/greatermiramichisc.ca\/fr\/vivez-ici\/trouver-une-maison-ou-un-logement-a-louer\/soutien-aux-sans-abri\/\" \/>\n<meta property=\"og:site_name\" content=\"Greater Miramichi Service Commission\" \/>\n<meta property=\"article:modified_time\" content=\"2025-06-20T05:37:51+00:00\" \/>\n<meta property=\"og:image\" content=\"https:\/\/greatermiramichisc.ca\/wp-content\/uploads\/2025\/04\/RegionalStrategyVid.png\" \/>\n\t<meta property=\"og:image:width\" content=\"1020\" \/>\n\t<meta property=\"og:image:height\" content=\"574\" \/>\n\t<meta property=\"og:image:type\" content=\"image\/png\" \/>\n<meta name=\"twitter:card\" content=\"summary_large_image\" \/>\n<meta name=\"twitter:label1\" content=\"Dur\u00e9e de lecture estim\u00e9e\" \/>\n\t<meta name=\"twitter:data1\" content=\"1 minute\" \/>\n<script type=\"application\/ld+json\" class=\"yoast-schema-graph\">{\"@context\":\"https:\\\/\\\/schema.org\",\"@graph\":[{\"@type\":\"WebPage\",\"@id\":\"https:\\\/\\\/greatermiramichisc.ca\\\/fr\\\/vivez-ici\\\/trouver-une-maison-ou-un-logement-a-louer\\\/soutien-aux-sans-abri\\\/\",\"url\":\"https:\\\/\\\/greatermiramichisc.ca\\\/fr\\\/vivez-ici\\\/trouver-une-maison-ou-un-logement-a-louer\\\/soutien-aux-sans-abri\\\/\",\"name\":\"Soutien aux sans-abri | Greater Miramichi Service Commission\",\"isPartOf\":{\"@id\":\"https:\\\/\\\/greatermiramichisc.ca\\\/#website\"},\"datePublished\":\"2025-05-16T19:06:51+00:00\",\"dateModified\":\"2025-06-20T05:37:51+00:00\",\"description\":\"Want to learn more about the Greater Miramichi Service Commission? Visit our Soutien aux sans-abri page to learn more!\",\"breadcrumb\":{\"@id\":\"https:\\\/\\\/greatermiramichisc.ca\\\/fr\\\/vivez-ici\\\/trouver-une-maison-ou-un-logement-a-louer\\\/soutien-aux-sans-abri\\\/#breadcrumb\"},\"inLanguage\":\"fr-FR\",\"potentialAction\":[{\"@type\":\"ReadAction\",\"target\":[\"https:\\\/\\\/greatermiramichisc.ca\\\/fr\\\/vivez-ici\\\/trouver-une-maison-ou-un-logement-a-louer\\\/soutien-aux-sans-abri\\\/\"]}]},{\"@type\":\"BreadcrumbList\",\"@id\":\"https:\\\/\\\/greatermiramichisc.ca\\\/fr\\\/vivez-ici\\\/trouver-une-maison-ou-un-logement-a-louer\\\/soutien-aux-sans-abri\\\/#breadcrumb\",\"itemListElement\":[{\"@type\":\"ListItem\",\"position\":1,\"name\":\"Home\",\"item\":\"https:\\\/\\\/greatermiramichisc.ca\\\/fr\\\/\"},{\"@type\":\"ListItem\",\"position\":2,\"name\":\"Vivez ici\",\"item\":\"https:\\\/\\\/greatermiramichisc.ca\\\/fr\\\/vivez-ici\\\/\"},{\"@type\":\"ListItem\",\"position\":3,\"name\":\"Trouver une maison ou un logement \u00e0 louer\",\"item\":\"https:\\\/\\\/greatermiramichisc.ca\\\/fr\\\/vivez-ici\\\/trouver-une-maison-ou-un-logement-a-louer\\\/\"},{\"@type\":\"ListItem\",\"position\":4,\"name\":\"Soutien aux sans-abri\"}]},{\"@type\":\"WebSite\",\"@id\":\"https:\\\/\\\/greatermiramichisc.ca\\\/#website\",\"url\":\"https:\\\/\\\/greatermiramichisc.ca\\\/\",\"name\":\"Greater Miramichi Service Commission\",\"description\":\"Welcome to the Miramichi region.\",\"publisher\":{\"@id\":\"https:\\\/\\\/greatermiramichisc.ca\\\/#organization\"},\"alternateName\":\"GMSC\",\"potentialAction\":[{\"@type\":\"SearchAction\",\"target\":{\"@type\":\"EntryPoint\",\"urlTemplate\":\"https:\\\/\\\/greatermiramichisc.ca\\\/?s={search_term_string}\"},\"query-input\":{\"@type\":\"PropertyValueSpecification\",\"valueRequired\":true,\"valueName\":\"search_term_string\"}}],\"inLanguage\":\"fr-FR\"},{\"@type\":\"Organization\",\"@id\":\"https:\\\/\\\/greatermiramichisc.ca\\\/#organization\",\"name\":\"Greater Miramichi Service Commission\",\"alternateName\":\"GMSC\",\"url\":\"https:\\\/\\\/greatermiramichisc.ca\\\/\",\"logo\":{\"@type\":\"ImageObject\",\"inLanguage\":\"fr-FR\",\"@id\":\"https:\\\/\\\/greatermiramichisc.ca\\\/#\\\/schema\\\/logo\\\/image\\\/\",\"url\":\"https:\\\/\\\/greatermiramichisc.ca\\\/wp-content\\\/uploads\\\/2024\\\/12\\\/NAV-Logo.png\",\"contentUrl\":\"https:\\\/\\\/greatermiramichisc.ca\\\/wp-content\\\/uploads\\\/2024\\\/12\\\/NAV-Logo.png\",\"width\":1140,\"height\":345,\"caption\":\"Greater Miramichi Service Commission\"},\"image\":{\"@id\":\"https:\\\/\\\/greatermiramichisc.ca\\\/#\\\/schema\\\/logo\\\/image\\\/\"}}]}<\/script>\n<!-- \/ Yoast SEO plugin. -->","yoast_head_json":{"title":"Soutien aux sans-abri | Greater Miramichi Service Commission","description":"Want to learn more about the Greater Miramichi Service Commission? Visit our Soutien aux sans-abri page to learn more!","robots":{"index":"index","follow":"follow","max-snippet":"max-snippet:-1","max-image-preview":"max-image-preview:large","max-video-preview":"max-video-preview:-1"},"canonical":"https:\/\/greatermiramichisc.ca\/fr\/vivez-ici\/trouver-une-maison-ou-un-logement-a-louer\/soutien-aux-sans-abri\/","og_locale":"fr_FR","og_type":"article","og_title":"Soutien aux sans-abri | Greater Miramichi Service Commission","og_description":"Want to learn more about the Greater Miramichi Service Commission? Visit our Soutien aux sans-abri page to learn more!","og_url":"https:\/\/greatermiramichisc.ca\/fr\/vivez-ici\/trouver-une-maison-ou-un-logement-a-louer\/soutien-aux-sans-abri\/","og_site_name":"Greater Miramichi Service Commission","article_modified_time":"2025-06-20T05:37:51+00:00","og_image":[{"width":1020,"height":574,"url":"https:\/\/greatermiramichisc.ca\/wp-content\/uploads\/2025\/04\/RegionalStrategyVid.png","type":"image\/png"}],"twitter_card":"summary_large_image","twitter_misc":{"Dur\u00e9e de lecture estim\u00e9e":"1 minute"},"schema":{"@context":"https:\/\/schema.org","@graph":[{"@type":"WebPage","@id":"https:\/\/greatermiramichisc.ca\/fr\/vivez-ici\/trouver-une-maison-ou-un-logement-a-louer\/soutien-aux-sans-abri\/","url":"https:\/\/greatermiramichisc.ca\/fr\/vivez-ici\/trouver-une-maison-ou-un-logement-a-louer\/soutien-aux-sans-abri\/","name":"Soutien aux sans-abri | Greater Miramichi Service Commission","isPartOf":{"@id":"https:\/\/greatermiramichisc.ca\/#website"},"datePublished":"2025-05-16T19:06:51+00:00","dateModified":"2025-06-20T05:37:51+00:00","description":"Want to learn more about the Greater Miramichi Service Commission? Visit our Soutien aux sans-abri page to learn more!","breadcrumb":{"@id":"https:\/\/greatermiramichisc.ca\/fr\/vivez-ici\/trouver-une-maison-ou-un-logement-a-louer\/soutien-aux-sans-abri\/#breadcrumb"},"inLanguage":"fr-FR","potentialAction":[{"@type":"ReadAction","target":["https:\/\/greatermiramichisc.ca\/fr\/vivez-ici\/trouver-une-maison-ou-un-logement-a-louer\/soutien-aux-sans-abri\/"]}]},{"@type":"BreadcrumbList","@id":"https:\/\/greatermiramichisc.ca\/fr\/vivez-ici\/trouver-une-maison-ou-un-logement-a-louer\/soutien-aux-sans-abri\/#breadcrumb","itemListElement":[{"@type":"ListItem","position":1,"name":"Home","item":"https:\/\/greatermiramichisc.ca\/fr\/"},{"@type":"ListItem","position":2,"name":"Vivez ici","item":"https:\/\/greatermiramichisc.ca\/fr\/vivez-ici\/"},{"@type":"ListItem","position":3,"name":"Trouver une maison ou un logement \u00e0 louer","item":"https:\/\/greatermiramichisc.ca\/fr\/vivez-ici\/trouver-une-maison-ou-un-logement-a-louer\/"},{"@type":"ListItem","position":4,"name":"Soutien aux sans-abri"}]},{"@type":"WebSite","@id":"https:\/\/greatermiramichisc.ca\/#website","url":"https:\/\/greatermiramichisc.ca\/","name":"Greater Miramichi Service Commission","description":"Welcome to the Miramichi region.","publisher":{"@id":"https:\/\/greatermiramichisc.ca\/#organization"},"alternateName":"GMSC","potentialAction":[{"@type":"SearchAction","target":{"@type":"EntryPoint","urlTemplate":"https:\/\/greatermiramichisc.ca\/?s={search_term_string}"},"query-input":{"@type":"PropertyValueSpecification","valueRequired":true,"valueName":"search_term_string"}}],"inLanguage":"fr-FR"},{"@type":"Organization","@id":"https:\/\/greatermiramichisc.ca\/#organization","name":"Greater Miramichi Service Commission","alternateName":"GMSC","url":"https:\/\/greatermiramichisc.ca\/","logo":{"@type":"ImageObject","inLanguage":"fr-FR","@id":"https:\/\/greatermiramichisc.ca\/#\/schema\/logo\/image\/","url":"https:\/\/greatermiramichisc.ca\/wp-content\/uploads\/2024\/12\/NAV-Logo.png","contentUrl":"https:\/\/greatermiramichisc.ca\/wp-content\/uploads\/2024\/12\/NAV-Logo.png","width":1140,"height":345,"caption":"Greater Miramichi Service Commission"},"image":{"@id":"https:\/\/greatermiramichisc.ca\/#\/schema\/logo\/image\/"}}]}},"_links":{"self":[{"href":"https:\/\/greatermiramichisc.ca\/fr\/wp-json\/wp\/v2\/pages\/3103","targetHints":{"allow":["GET"]}}],"collection":[{"href":"https:\/\/greatermiramichisc.ca\/fr\/wp-json\/wp\/v2\/pages"}],"about":[{"href":"https:\/\/greatermiramichisc.ca\/fr\/wp-json\/wp\/v2\/types\/page"}],"author":[{"embeddable":true,"href":"https:\/\/greatermiramichisc.ca\/fr\/wp-json\/wp\/v2\/users\/1"}],"replies":[{"embeddable":true,"href":"https:\/\/greatermiramichisc.ca\/fr\/wp-json\/wp\/v2\/comments?post=3103"}],"version-history":[{"count":3,"href":"https:\/\/greatermiramichisc.ca\/fr\/wp-json\/wp\/v2\/pages\/3103\/revisions"}],"predecessor-version":[{"id":3865,"href":"https:\/\/greatermiramichisc.ca\/fr\/wp-json\/wp\/v2\/pages\/3103\/revisions\/3865"}],"up":[{"embeddable":true,"href":"https:\/\/greatermiramichisc.ca\/fr\/wp-json\/wp\/v2\/pages\/3099"}],"wp:attachment":[{"href":"https:\/\/greatermiramichisc.ca\/fr\/wp-json\/wp\/v2\/media?parent=3103"}],"curies":[{"name":"wp","href":"https:\/\/api.w.org\/{rel}","templated":true}]}}