{"id":3105,"date":"2025-05-15T15:50:27","date_gmt":"2025-05-15T15:50:27","guid":{"rendered":"https:\/\/greatermiramichisc.ca\/live-here\/finding-a-home-or-rental-unit\/rentals-for-tenants\/"},"modified":"2025-06-20T05:37:33","modified_gmt":"2025-06-20T05:37:33","slug":"locations-pour-les-locataires","status":"publish","type":"page","link":"https:\/\/greatermiramichisc.ca\/fr\/vivez-ici\/trouver-une-maison-ou-un-logement-a-louer\/locations-pour-les-locataires\/","title":{"rendered":"Locations Pour les locataires"},"content":{"rendered":"\n<h2>\n\t\t<a href=\"https:\/\/greatermiramichisc.ca\/fr\/vivez-ici\/\" title=\"Vivez ici:\"  target=\"_self\">\n\t\t\tVivez ici:\t\t<\/a>\n\t<\/h2>\n\t<nav aria-label=\"breadcrumbs\">\n            <div class=\"breadcrumb-container theme1\">\n                <ol>\n                                    <\/ol>\n            <\/div>\n        <\/nav>    <script type=\"application\/ld+json\">\n        {\n            \"@context\": \"http:\/\/schema.org\",\n            \"@type\": \"BreadcrumbList\",\n            \"itemListElement\": [\n                            ]\n        }\n    <\/script>\n   \n    <script>\n            <\/script>\n\n\n<h2>\n\t\t\tInformations g\u00e9n\u00e9rales\t<\/h2>\n\t\t\t\t\t<a href=\"#\"  id=\"fl-accordion--label-0\" tabindex=\"0\" aria-controls=\"fl-accordion--panel-0\"><b>Tes droits<\/b><\/a>\n\t\t\t\t\t\t\t\t\t\t\t<a href=\"#\" id=\"fl-accordion--icon-0\"  tabindex=\"0\"><i title=\"D\u00e9plier\">D\u00e9plier<\/i><\/a>\n\t\t\t\t\t<p>D\u00e9couvre tes <strong><a href=\"https:\/\/www2.gnb.ca\/content\/gnb\/fr\/corporate\/promo\/louer-au-nouveau-brunswick\/droits-et-responsabilites-des-locataires\/droits-des-locataires.html\" target=\"_blank\" rel=\"noopener\">droits et responsabilit\u00e9s<\/a><\/strong> en tant que locataire au Nouveau-Brunswick, ce que ton propri\u00e9taire peut et ne peut pas faire.<\/p>\n\t\t\t\t\t<a href=\"#\"  id=\"fl-accordion--label-1\" tabindex=\"0\" aria-controls=\"fl-accordion--panel-1\">Des probl\u00e8mes avec ton propri\u00e9taire ?<\/a>\n\t\t\t\t\t\t\t\t\t\t\t<a href=\"#\" id=\"fl-accordion--icon-1\"  tabindex=\"0\"><i title=\"D\u00e9plier\">D\u00e9plier<\/i><\/a>\n\t\t\t\t\t<p>Ce <strong><a href=\"https:\/\/www2.gnb.ca\/content\/gnb\/fr\/corporate\/promo\/louer-au-nouveau-brunswick\/resoudre-un-probleme.html\" target=\"_blank\" rel=\"noopener\">guide<\/a><\/strong> t&rsquo;explique comment g\u00e9rer les probl\u00e8mes courants comme les r\u00e9parations ou les d\u00e9saccords sur le loyer.<\/p>\n\t\t\t\t\t<a href=\"#\"  id=\"fl-accordion--label-2\" tabindex=\"0\" aria-controls=\"fl-accordion--panel-2\">Expulsions<\/a>\n\t\t\t\t\t\t\t\t\t\t\t<a href=\"#\" id=\"fl-accordion--icon-2\"  tabindex=\"0\"><i title=\"D\u00e9plier\">D\u00e9plier<\/i><\/a>\n\t\t\t\t\t<p>Comprends les <a href=\"https:\/\/www.gnb.ca\/fr\/sujet\/famille-foyer-collectivite\/logement-biens.html\" target=\"_blank\" rel=\"noopener\"><strong>r\u00e8gles relatives aux expulsions<\/strong><\/a>, notamment quand et comment elles peuvent avoir lieu.<\/p>\n\t\t\t\t\t<a href=\"#\"  id=\"fl-accordion--label-3\" tabindex=\"0\" aria-controls=\"fl-accordion--panel-3\">Pas de discrimination<\/a>\n\t\t\t\t\t\t\t\t\t\t\t<a href=\"#\" id=\"fl-accordion--icon-3\"  tabindex=\"0\"><i title=\"D\u00e9plier\">D\u00e9plier<\/i><\/a>\n\t\t\t\t\t<p>Le logement est prot\u00e9g\u00e9 par la <strong><a href=\"https:\/\/www2.gnb.ca\/content\/gnb\/fr\/corporate\/promo\/louer-au-nouveau-brunswick\/droits-et-responsabilites-des-proprietaires\/location-aucune-discrimination-permise.html\" target=\"_blank\" rel=\"noopener\">Loi sur les droits de la personne du Nouveau-Brunswick<\/a><\/strong>. On ne peut pas te refuser un logement en raison de ta race, de ton sexe ou de ta situation familiale.<\/p>\n\t\t\t\t\t<a href=\"#\"  id=\"fl-accordion--label-4\" tabindex=\"0\" aria-controls=\"fl-accordion--panel-4\">Aide locale<\/a>\n\t\t\t\t\t\t\t\t\t\t\t<a href=\"#\" id=\"fl-accordion--icon-4\"  tabindex=\"0\"><i title=\"D\u00e9plier\">D\u00e9plier<\/i><\/a>\n\t\t\t\t\t<p>La <strong><a href=\"https:\/\/www.nbtenants.ca\/fr\/accueil\/\" target=\"_blank\" rel=\"noopener\">NB Tenants Coalition<\/a><\/strong> offre des ressources, du soutien et des explications sur le fonctionnement du <a href=\"https:\/\/www.nbtenants.ca\/en\/residential-tenancies-tribunal-explained\" target=\"_blank\" rel=\"noopener\"><strong>Tribunal de la location r\u00e9sidentielle<\/strong><\/a>.<\/p>\n\t\t\t\t\t<a href=\"#\"  id=\"fl-accordion--label-5\" tabindex=\"0\" aria-controls=\"fl-accordion--panel-5\">Aide aux locataires<\/a>\n\t\t\t\t\t\t\t\t\t\t\t<a href=\"#\" id=\"fl-accordion--icon-5\"  tabindex=\"0\"><i title=\"D\u00e9plier\">D\u00e9plier<\/i><\/a>\n\t\t\t\t\t<p>Tu peux <strong><a href=\"https:\/\/www.pxw1.snb.ca\/snb9000\/Product.aspx?ProductId=A001PSN7019&amp;l=f\" target=\"_blank\" rel=\"noopener\">faire une demande en ligne<\/a><\/strong> pour obtenir de l&rsquo;aide si tes pr\u00e9occupations ne sont pas prises en compte.<\/p>\n\t\t\t\t\t<a href=\"#\"  id=\"fl-accordion--label-6\" tabindex=\"0\" aria-controls=\"fl-accordion--panel-6\">R\u00e8glement des diff\u00e9rends entre locataires<\/a>\n\t\t\t\t\t\t\t\t\t\t\t<a href=\"#\" id=\"fl-accordion--icon-6\"  tabindex=\"0\"><i title=\"D\u00e9plier\">D\u00e9plier<\/i><\/a>\n\t\t\t\t\t<p>Obtiens plus d&rsquo;infos sur les mesures \u00e0 prendre dans ce <strong><a href=\"https:\/\/greatermiramichisc.ca\/wp-content\/uploads\/2025\/06\/RMC-Ten-Steps-E-1.pdf\" target=\"_blank\" rel=\"noopener\">guide<\/a><\/strong>.<\/p>\n<h2>\n\t\t\tRessources \u00e0 l&rsquo;\u00e9chelle du Canada\t<\/h2>\n\t\t\t<a href=\"https:\/\/tenantrights.ca\/facts\/new-brunswick\" target=\"_blank\" rel=\"noopener\">\n\t\t\t\t\t\t\tTenants Rights\n\t\t\t<\/a>\n\t\t\t<a href=\"https:\/\/getorganized.acorncanada.org\/know-your-rights\/\" target=\"_blank\" rel=\"noopener\">\n\t\t\t\t\t\t\tACORN Canada\n\t\t\t<\/a>\n\t\t\t<a href=\"https:\/\/housingrights.ca\/resource\/tenant-association-toolkit\/\" target=\"_blank\" rel=\"noopener\">\n\t\t\t\t\t\t\tTrousse d&rsquo;outils du R\u00e9seau national pour le droit au logement\n\t\t\t<\/a>\n<h2>\n\t\t\tGroupes de soutien\t<\/h2>\n\t\t\t<a href=\"https:\/\/www.facebook.com\/groups\/714546329470399\/\" target=\"_blank\" rel=\"noopener\">\n\t\t\t\t\t\t\tGroupe de d\u00e9fense des locataires du Nouveau-Brunswick\n\t\t\t<\/a>\n\n","protected":false},"excerpt":{"rendered":"<p>Vivez ici: Informations g\u00e9n\u00e9rales Tes droits D\u00e9plier D\u00e9couvre tes droits et responsabilit\u00e9s en tant que locataire au Nouveau-Brunswick, ce que ton propri\u00e9taire peut et ne peut pas faire. Des probl\u00e8mes&hellip;<\/p>\n","protected":false},"author":1,"featured_media":0,"parent":3099,"menu_order":0,"comment_status":"closed","ping_status":"closed","template":"","meta":{"_acf_changed":false,"footnotes":""},"class_list":["post-3105","page","type-page","status-publish","hentry"],"acf":[],"yoast_head":"<!-- This site is optimized with the Yoast SEO plugin v27.4 - https:\/\/yoast.com\/product\/yoast-seo-wordpress\/ -->\n<title>Locations Pour les locataires | Greater Miramichi Service Commission<\/title>\n<meta name=\"description\" content=\"Want to learn more about the Greater Miramichi Service Commission? Visit our Locations Pour les locataires page to learn more!\" \/>\n<meta name=\"robots\" content=\"index, follow, max-snippet:-1, max-image-preview:large, max-video-preview:-1\" \/>\n<link rel=\"canonical\" href=\"https:\/\/greatermiramichisc.ca\/fr\/vivez-ici\/trouver-une-maison-ou-un-logement-a-louer\/locations-pour-les-locataires\/\" \/>\n<meta property=\"og:locale\" content=\"fr_FR\" \/>\n<meta property=\"og:type\" content=\"article\" \/>\n<meta property=\"og:title\" content=\"Locations Pour les locataires | Greater Miramichi Service Commission\" \/>\n<meta property=\"og:description\" content=\"Want to learn more about the Greater Miramichi Service Commission? Visit our Locations Pour les locataires page to learn more!\" \/>\n<meta property=\"og:url\" content=\"https:\/\/greatermiramichisc.ca\/fr\/vivez-ici\/trouver-une-maison-ou-un-logement-a-louer\/locations-pour-les-locataires\/\" \/>\n<meta property=\"og:site_name\" content=\"Greater Miramichi Service Commission\" \/>\n<meta property=\"article:modified_time\" content=\"2025-06-20T05:37:33+00:00\" \/>\n<meta property=\"og:image\" content=\"https:\/\/greatermiramichisc.ca\/wp-content\/uploads\/2025\/04\/RegionalStrategyVid.png\" \/>\n\t<meta property=\"og:image:width\" content=\"1020\" \/>\n\t<meta property=\"og:image:height\" content=\"574\" \/>\n\t<meta property=\"og:image:type\" content=\"image\/png\" \/>\n<meta name=\"twitter:card\" content=\"summary_large_image\" \/>\n<meta name=\"twitter:label1\" content=\"Dur\u00e9e de lecture estim\u00e9e\" \/>\n\t<meta name=\"twitter:data1\" content=\"1 minute\" \/>\n<script type=\"application\/ld+json\" class=\"yoast-schema-graph\">{\"@context\":\"https:\\\/\\\/schema.org\",\"@graph\":[{\"@type\":\"WebPage\",\"@id\":\"https:\\\/\\\/greatermiramichisc.ca\\\/fr\\\/vivez-ici\\\/trouver-une-maison-ou-un-logement-a-louer\\\/locations-pour-les-locataires\\\/\",\"url\":\"https:\\\/\\\/greatermiramichisc.ca\\\/fr\\\/vivez-ici\\\/trouver-une-maison-ou-un-logement-a-louer\\\/locations-pour-les-locataires\\\/\",\"name\":\"Locations Pour les locataires | Greater Miramichi Service Commission\",\"isPartOf\":{\"@id\":\"https:\\\/\\\/greatermiramichisc.ca\\\/#website\"},\"datePublished\":\"2025-05-15T15:50:27+00:00\",\"dateModified\":\"2025-06-20T05:37:33+00:00\",\"description\":\"Want to learn more about the Greater Miramichi Service Commission? Visit our Locations Pour les locataires page to learn more!\",\"breadcrumb\":{\"@id\":\"https:\\\/\\\/greatermiramichisc.ca\\\/fr\\\/vivez-ici\\\/trouver-une-maison-ou-un-logement-a-louer\\\/locations-pour-les-locataires\\\/#breadcrumb\"},\"inLanguage\":\"fr-FR\",\"potentialAction\":[{\"@type\":\"ReadAction\",\"target\":[\"https:\\\/\\\/greatermiramichisc.ca\\\/fr\\\/vivez-ici\\\/trouver-une-maison-ou-un-logement-a-louer\\\/locations-pour-les-locataires\\\/\"]}]},{\"@type\":\"BreadcrumbList\",\"@id\":\"https:\\\/\\\/greatermiramichisc.ca\\\/fr\\\/vivez-ici\\\/trouver-une-maison-ou-un-logement-a-louer\\\/locations-pour-les-locataires\\\/#breadcrumb\",\"itemListElement\":[{\"@type\":\"ListItem\",\"position\":1,\"name\":\"Home\",\"item\":\"https:\\\/\\\/greatermiramichisc.ca\\\/fr\\\/\"},{\"@type\":\"ListItem\",\"position\":2,\"name\":\"Vivez ici\",\"item\":\"https:\\\/\\\/greatermiramichisc.ca\\\/fr\\\/vivez-ici\\\/\"},{\"@type\":\"ListItem\",\"position\":3,\"name\":\"Trouver une maison ou un logement \u00e0 louer\",\"item\":\"https:\\\/\\\/greatermiramichisc.ca\\\/fr\\\/vivez-ici\\\/trouver-une-maison-ou-un-logement-a-louer\\\/\"},{\"@type\":\"ListItem\",\"position\":4,\"name\":\"Locations Pour les locataires\"}]},{\"@type\":\"WebSite\",\"@id\":\"https:\\\/\\\/greatermiramichisc.ca\\\/#website\",\"url\":\"https:\\\/\\\/greatermiramichisc.ca\\\/\",\"name\":\"Greater Miramichi Service Commission\",\"description\":\"Welcome to the Miramichi region.\",\"publisher\":{\"@id\":\"https:\\\/\\\/greatermiramichisc.ca\\\/#organization\"},\"alternateName\":\"GMSC\",\"potentialAction\":[{\"@type\":\"SearchAction\",\"target\":{\"@type\":\"EntryPoint\",\"urlTemplate\":\"https:\\\/\\\/greatermiramichisc.ca\\\/?s={search_term_string}\"},\"query-input\":{\"@type\":\"PropertyValueSpecification\",\"valueRequired\":true,\"valueName\":\"search_term_string\"}}],\"inLanguage\":\"fr-FR\"},{\"@type\":\"Organization\",\"@id\":\"https:\\\/\\\/greatermiramichisc.ca\\\/#organization\",\"name\":\"Greater Miramichi Service Commission\",\"alternateName\":\"GMSC\",\"url\":\"https:\\\/\\\/greatermiramichisc.ca\\\/\",\"logo\":{\"@type\":\"ImageObject\",\"inLanguage\":\"fr-FR\",\"@id\":\"https:\\\/\\\/greatermiramichisc.ca\\\/#\\\/schema\\\/logo\\\/image\\\/\",\"url\":\"https:\\\/\\\/greatermiramichisc.ca\\\/wp-content\\\/uploads\\\/2024\\\/12\\\/NAV-Logo.png\",\"contentUrl\":\"https:\\\/\\\/greatermiramichisc.ca\\\/wp-content\\\/uploads\\\/2024\\\/12\\\/NAV-Logo.png\",\"width\":1140,\"height\":345,\"caption\":\"Greater Miramichi Service Commission\"},\"image\":{\"@id\":\"https:\\\/\\\/greatermiramichisc.ca\\\/#\\\/schema\\\/logo\\\/image\\\/\"}}]}<\/script>\n<!-- \/ Yoast SEO plugin. -->","yoast_head_json":{"title":"Locations Pour les locataires | Greater Miramichi Service Commission","description":"Want to learn more about the Greater Miramichi Service Commission? Visit our Locations Pour les locataires page to learn more!","robots":{"index":"index","follow":"follow","max-snippet":"max-snippet:-1","max-image-preview":"max-image-preview:large","max-video-preview":"max-video-preview:-1"},"canonical":"https:\/\/greatermiramichisc.ca\/fr\/vivez-ici\/trouver-une-maison-ou-un-logement-a-louer\/locations-pour-les-locataires\/","og_locale":"fr_FR","og_type":"article","og_title":"Locations Pour les locataires | Greater Miramichi Service Commission","og_description":"Want to learn more about the Greater Miramichi Service Commission? Visit our Locations Pour les locataires page to learn more!","og_url":"https:\/\/greatermiramichisc.ca\/fr\/vivez-ici\/trouver-une-maison-ou-un-logement-a-louer\/locations-pour-les-locataires\/","og_site_name":"Greater Miramichi Service Commission","article_modified_time":"2025-06-20T05:37:33+00:00","og_image":[{"width":1020,"height":574,"url":"https:\/\/greatermiramichisc.ca\/wp-content\/uploads\/2025\/04\/RegionalStrategyVid.png","type":"image\/png"}],"twitter_card":"summary_large_image","twitter_misc":{"Dur\u00e9e de lecture estim\u00e9e":"1 minute"},"schema":{"@context":"https:\/\/schema.org","@graph":[{"@type":"WebPage","@id":"https:\/\/greatermiramichisc.ca\/fr\/vivez-ici\/trouver-une-maison-ou-un-logement-a-louer\/locations-pour-les-locataires\/","url":"https:\/\/greatermiramichisc.ca\/fr\/vivez-ici\/trouver-une-maison-ou-un-logement-a-louer\/locations-pour-les-locataires\/","name":"Locations Pour les locataires | Greater Miramichi Service Commission","isPartOf":{"@id":"https:\/\/greatermiramichisc.ca\/#website"},"datePublished":"2025-05-15T15:50:27+00:00","dateModified":"2025-06-20T05:37:33+00:00","description":"Want to learn more about the Greater Miramichi Service Commission? Visit our Locations Pour les locataires page to learn more!","breadcrumb":{"@id":"https:\/\/greatermiramichisc.ca\/fr\/vivez-ici\/trouver-une-maison-ou-un-logement-a-louer\/locations-pour-les-locataires\/#breadcrumb"},"inLanguage":"fr-FR","potentialAction":[{"@type":"ReadAction","target":["https:\/\/greatermiramichisc.ca\/fr\/vivez-ici\/trouver-une-maison-ou-un-logement-a-louer\/locations-pour-les-locataires\/"]}]},{"@type":"BreadcrumbList","@id":"https:\/\/greatermiramichisc.ca\/fr\/vivez-ici\/trouver-une-maison-ou-un-logement-a-louer\/locations-pour-les-locataires\/#breadcrumb","itemListElement":[{"@type":"ListItem","position":1,"name":"Home","item":"https:\/\/greatermiramichisc.ca\/fr\/"},{"@type":"ListItem","position":2,"name":"Vivez ici","item":"https:\/\/greatermiramichisc.ca\/fr\/vivez-ici\/"},{"@type":"ListItem","position":3,"name":"Trouver une maison ou un logement \u00e0 louer","item":"https:\/\/greatermiramichisc.ca\/fr\/vivez-ici\/trouver-une-maison-ou-un-logement-a-louer\/"},{"@type":"ListItem","position":4,"name":"Locations Pour les locataires"}]},{"@type":"WebSite","@id":"https:\/\/greatermiramichisc.ca\/#website","url":"https:\/\/greatermiramichisc.ca\/","name":"Greater Miramichi Service Commission","description":"Welcome to the Miramichi region.","publisher":{"@id":"https:\/\/greatermiramichisc.ca\/#organization"},"alternateName":"GMSC","potentialAction":[{"@type":"SearchAction","target":{"@type":"EntryPoint","urlTemplate":"https:\/\/greatermiramichisc.ca\/?s={search_term_string}"},"query-input":{"@type":"PropertyValueSpecification","valueRequired":true,"valueName":"search_term_string"}}],"inLanguage":"fr-FR"},{"@type":"Organization","@id":"https:\/\/greatermiramichisc.ca\/#organization","name":"Greater Miramichi Service Commission","alternateName":"GMSC","url":"https:\/\/greatermiramichisc.ca\/","logo":{"@type":"ImageObject","inLanguage":"fr-FR","@id":"https:\/\/greatermiramichisc.ca\/#\/schema\/logo\/image\/","url":"https:\/\/greatermiramichisc.ca\/wp-content\/uploads\/2024\/12\/NAV-Logo.png","contentUrl":"https:\/\/greatermiramichisc.ca\/wp-content\/uploads\/2024\/12\/NAV-Logo.png","width":1140,"height":345,"caption":"Greater Miramichi Service Commission"},"image":{"@id":"https:\/\/greatermiramichisc.ca\/#\/schema\/logo\/image\/"}}]}},"_links":{"self":[{"href":"https:\/\/greatermiramichisc.ca\/fr\/wp-json\/wp\/v2\/pages\/3105","targetHints":{"allow":["GET"]}}],"collection":[{"href":"https:\/\/greatermiramichisc.ca\/fr\/wp-json\/wp\/v2\/pages"}],"about":[{"href":"https:\/\/greatermiramichisc.ca\/fr\/wp-json\/wp\/v2\/types\/page"}],"author":[{"embeddable":true,"href":"https:\/\/greatermiramichisc.ca\/fr\/wp-json\/wp\/v2\/users\/1"}],"replies":[{"embeddable":true,"href":"https:\/\/greatermiramichisc.ca\/fr\/wp-json\/wp\/v2\/comments?post=3105"}],"version-history":[{"count":5,"href":"https:\/\/greatermiramichisc.ca\/fr\/wp-json\/wp\/v2\/pages\/3105\/revisions"}],"predecessor-version":[{"id":3860,"href":"https:\/\/greatermiramichisc.ca\/fr\/wp-json\/wp\/v2\/pages\/3105\/revisions\/3860"}],"up":[{"embeddable":true,"href":"https:\/\/greatermiramichisc.ca\/fr\/wp-json\/wp\/v2\/pages\/3099"}],"wp:attachment":[{"href":"https:\/\/greatermiramichisc.ca\/fr\/wp-json\/wp\/v2\/media?parent=3105"}],"curies":[{"name":"wp","href":"https:\/\/api.w.org\/{rel}","templated":true}]}}