{"id":3107,"date":"2025-05-13T19:09:31","date_gmt":"2025-05-13T19:09:31","guid":{"rendered":"https:\/\/greatermiramichisc.ca\/live-here\/growing-greater-miramichi\/"},"modified":"2025-06-20T05:37:30","modified_gmt":"2025-06-20T05:37:30","slug":"croissance-grand-miramichi","status":"publish","type":"page","link":"https:\/\/greatermiramichisc.ca\/fr\/vivez-ici\/croissance-grand-miramichi\/","title":{"rendered":"Croissance Grand Miramichi"},"content":{"rendered":"\n<h2>\n\t\t<a href=\"https:\/\/greatermiramichisc.ca\/fr\/vivez-ici\/\" title=\"Vivez ici:\"  target=\"_self\">\n\t\t\tVivez ici:\t\t<\/a>\n\t<\/h2>\n\t<nav aria-label=\"breadcrumbs\">\n            <div class=\"breadcrumb-container theme1\">\n                <ol>\n                                    <\/ol>\n            <\/div>\n        <\/nav>    <script type=\"application\/ld+json\">\n        {\n            \"@context\": \"http:\/\/schema.org\",\n            \"@type\": \"BreadcrumbList\",\n            \"itemListElement\": [\n                            ]\n        }\n    <\/script>\n   \n    <script>\n            <\/script>\n\n\n\t<p>Crossiance Grand Miramichi (CGM) s&rsquo;engage \u00e0 favoriser le d\u00e9veloppement \u00e9conomique, \u00e0 soutenir la croissance d\u00e9mographique et \u00e0 am\u00e9liorer la prosp\u00e9rit\u00e9 g\u00e9n\u00e9rale dans la r\u00e9gion du Grand Miramichi. En travaillant avec les entreprises, les organisations communautaires et les partenaires gouvernementaux, CGM aide \u00e0 attirer les investissements, \u00e0 renforcer notre main-d&rsquo;\u0153uvre et \u00e0 promouvoir la r\u00e9gion comme un endroit dynamique o\u00f9 il fait bon vivre, travailler et faire des affaires. Gr\u00e2ce \u00e0 des initiatives strat\u00e9giques, des programmes de soutien aux entreprises et des efforts d&rsquo;engagement communautaire, Crossiance Grand Miramichi joue un r\u00f4le cl\u00e9 dans la construction d&rsquo;un avenir solide et durable pour la r\u00e9gion.<\/p>\n<h2>\n\t\t\tNos domaines d&rsquo;intervention :\t<\/h2>\n\t<ul>\n<li aria-level=\"1\"><b>Pr\u00e9paration et promotion de l&rsquo;investissement communautaire &#8211; <\/b>Nous faisons la promotion de la r\u00e9gion du Grand Miramichi comme une r\u00e9gion accueillante et riche en possibilit\u00e9s, o\u00f9 il fait bon vivre, travailler et s&rsquo;\u00e9panouir.<\/li>\n<li aria-level=\"1\"><b>D\u00e9veloppement de la main-d&rsquo;\u0153uvre et attraction des talents &#8211; <\/b>Nous nous effor\u00e7ons d&rsquo;attirer et de retenir les meilleurs talents afin de garantir une main-d&rsquo;\u0153uvre comp\u00e9titive et pr\u00eate pour l&rsquo;avenir.<\/li>\n<li aria-level=\"1\"><b>Plan r\u00e9gional de croissance d\u00e9mographique &#8211; <\/b>Nous faisons progresser le <strong><a href=\"https:\/\/greatermiramichisc.ca\/wp-content\/uploads\/2025\/06\/Plan-daction-pour-la-croissance-re\u0301gionale-du-Grand-Miramichi_Final_Octobre1.pdf\" target=\"_blank\" rel=\"noopener\">plan d&rsquo;action pour la croissance d\u00e9mographique<\/a><\/strong> afin de soutenir la croissance et la prosp\u00e9rit\u00e9 \u00e0 long terme de la communaut\u00e9.<\/li>\n<li aria-level=\"1\"><b>Soutien \u00e0 l&rsquo;\u00e9cosyst\u00e8me commercial <\/b>&#8211; On favorise un environnement favorable aux entreprises gr\u00e2ce \u00e0 des programmes, des ressources et des partenariats collaboratifs.<\/li>\n<\/ul>\n\t<p>Notre travail est guid\u00e9 par des comit\u00e9s consultatifs b\u00e9n\u00e9voles d\u00e9vou\u00e9s, notamment le Comit\u00e9 consultatif sur le d\u00e9veloppement \u00e9conomique et la main-d&rsquo;\u0153uvre, qui fournissent des informations pr\u00e9cieuses et contribuent \u00e0 l&rsquo;\u00e9laboration de plans d&rsquo;action et de r\u00e9sultats concrets.<\/p>\n\t\t\t<a href=\"https:\/\/greatermiramichisc.ca\/fr\/vivez-ici\/\" target=\"_self\">\n\t\t\t\t\t\t\tVivez ici\n\t\t\t<\/a>\n\t\t\t<a href=\"https:\/\/greatermiramichisc.ca\/fr\/travaille-ici\/\" target=\"_self\">\n\t\t\t\t\t\t\tTravaille ici\n\t\t\t<\/a>\n\n","protected":false},"excerpt":{"rendered":"<p>Vivez ici: Crossiance Grand Miramichi (CGM) s&rsquo;engage \u00e0 favoriser le d\u00e9veloppement \u00e9conomique, \u00e0 soutenir la croissance d\u00e9mographique et \u00e0 am\u00e9liorer la prosp\u00e9rit\u00e9 g\u00e9n\u00e9rale dans la r\u00e9gion du Grand Miramichi. En&hellip;<\/p>\n","protected":false},"author":1,"featured_media":0,"parent":3096,"menu_order":0,"comment_status":"closed","ping_status":"closed","template":"","meta":{"_acf_changed":false,"footnotes":""},"class_list":["post-3107","page","type-page","status-publish","hentry"],"acf":[],"yoast_head":"<!-- This site is optimized with the Yoast SEO plugin v27.4 - https:\/\/yoast.com\/product\/yoast-seo-wordpress\/ -->\n<title>Croissance Grand Miramichi | Greater Miramichi Service Commission<\/title>\n<meta name=\"description\" content=\"Want to learn more about the Greater Miramichi Service Commission? Visit our Croissance Grand Miramichi page to learn more!\" \/>\n<meta name=\"robots\" content=\"index, follow, max-snippet:-1, max-image-preview:large, max-video-preview:-1\" \/>\n<link rel=\"canonical\" href=\"https:\/\/greatermiramichisc.ca\/fr\/vivez-ici\/croissance-grand-miramichi\/\" \/>\n<meta property=\"og:locale\" content=\"fr_FR\" \/>\n<meta property=\"og:type\" content=\"article\" \/>\n<meta property=\"og:title\" content=\"Croissance Grand Miramichi | Greater Miramichi Service Commission\" \/>\n<meta property=\"og:description\" content=\"Want to learn more about the Greater Miramichi Service Commission? Visit our Croissance Grand Miramichi page to learn more!\" \/>\n<meta property=\"og:url\" content=\"https:\/\/greatermiramichisc.ca\/fr\/vivez-ici\/croissance-grand-miramichi\/\" \/>\n<meta property=\"og:site_name\" content=\"Greater Miramichi Service Commission\" \/>\n<meta property=\"article:modified_time\" content=\"2025-06-20T05:37:30+00:00\" \/>\n<meta property=\"og:image\" content=\"https:\/\/greatermiramichisc.ca\/wp-content\/uploads\/2025\/04\/RegionalStrategyVid.png\" \/>\n\t<meta property=\"og:image:width\" content=\"1020\" \/>\n\t<meta property=\"og:image:height\" content=\"574\" \/>\n\t<meta property=\"og:image:type\" content=\"image\/png\" \/>\n<meta name=\"twitter:card\" content=\"summary_large_image\" \/>\n<meta name=\"twitter:label1\" content=\"Dur\u00e9e de lecture estim\u00e9e\" \/>\n\t<meta name=\"twitter:data1\" content=\"1 minute\" \/>\n<script type=\"application\/ld+json\" class=\"yoast-schema-graph\">{\"@context\":\"https:\\\/\\\/schema.org\",\"@graph\":[{\"@type\":\"WebPage\",\"@id\":\"https:\\\/\\\/greatermiramichisc.ca\\\/fr\\\/vivez-ici\\\/croissance-grand-miramichi\\\/\",\"url\":\"https:\\\/\\\/greatermiramichisc.ca\\\/fr\\\/vivez-ici\\\/croissance-grand-miramichi\\\/\",\"name\":\"Croissance Grand Miramichi | Greater Miramichi Service Commission\",\"isPartOf\":{\"@id\":\"https:\\\/\\\/greatermiramichisc.ca\\\/#website\"},\"datePublished\":\"2025-05-13T19:09:31+00:00\",\"dateModified\":\"2025-06-20T05:37:30+00:00\",\"description\":\"Want to learn more about the Greater Miramichi Service Commission? Visit our Croissance Grand Miramichi page to learn more!\",\"breadcrumb\":{\"@id\":\"https:\\\/\\\/greatermiramichisc.ca\\\/fr\\\/vivez-ici\\\/croissance-grand-miramichi\\\/#breadcrumb\"},\"inLanguage\":\"fr-FR\",\"potentialAction\":[{\"@type\":\"ReadAction\",\"target\":[\"https:\\\/\\\/greatermiramichisc.ca\\\/fr\\\/vivez-ici\\\/croissance-grand-miramichi\\\/\"]}]},{\"@type\":\"BreadcrumbList\",\"@id\":\"https:\\\/\\\/greatermiramichisc.ca\\\/fr\\\/vivez-ici\\\/croissance-grand-miramichi\\\/#breadcrumb\",\"itemListElement\":[{\"@type\":\"ListItem\",\"position\":1,\"name\":\"Home\",\"item\":\"https:\\\/\\\/greatermiramichisc.ca\\\/fr\\\/\"},{\"@type\":\"ListItem\",\"position\":2,\"name\":\"Vivez ici\",\"item\":\"https:\\\/\\\/greatermiramichisc.ca\\\/fr\\\/vivez-ici\\\/\"},{\"@type\":\"ListItem\",\"position\":3,\"name\":\"Croissance Grand Miramichi\"}]},{\"@type\":\"WebSite\",\"@id\":\"https:\\\/\\\/greatermiramichisc.ca\\\/#website\",\"url\":\"https:\\\/\\\/greatermiramichisc.ca\\\/\",\"name\":\"Greater Miramichi Service Commission\",\"description\":\"Welcome to the Miramichi region.\",\"publisher\":{\"@id\":\"https:\\\/\\\/greatermiramichisc.ca\\\/#organization\"},\"alternateName\":\"GMSC\",\"potentialAction\":[{\"@type\":\"SearchAction\",\"target\":{\"@type\":\"EntryPoint\",\"urlTemplate\":\"https:\\\/\\\/greatermiramichisc.ca\\\/?s={search_term_string}\"},\"query-input\":{\"@type\":\"PropertyValueSpecification\",\"valueRequired\":true,\"valueName\":\"search_term_string\"}}],\"inLanguage\":\"fr-FR\"},{\"@type\":\"Organization\",\"@id\":\"https:\\\/\\\/greatermiramichisc.ca\\\/#organization\",\"name\":\"Greater Miramichi Service Commission\",\"alternateName\":\"GMSC\",\"url\":\"https:\\\/\\\/greatermiramichisc.ca\\\/\",\"logo\":{\"@type\":\"ImageObject\",\"inLanguage\":\"fr-FR\",\"@id\":\"https:\\\/\\\/greatermiramichisc.ca\\\/#\\\/schema\\\/logo\\\/image\\\/\",\"url\":\"https:\\\/\\\/greatermiramichisc.ca\\\/wp-content\\\/uploads\\\/2024\\\/12\\\/NAV-Logo.png\",\"contentUrl\":\"https:\\\/\\\/greatermiramichisc.ca\\\/wp-content\\\/uploads\\\/2024\\\/12\\\/NAV-Logo.png\",\"width\":1140,\"height\":345,\"caption\":\"Greater Miramichi Service Commission\"},\"image\":{\"@id\":\"https:\\\/\\\/greatermiramichisc.ca\\\/#\\\/schema\\\/logo\\\/image\\\/\"}}]}<\/script>\n<!-- \/ Yoast SEO plugin. -->","yoast_head_json":{"title":"Croissance Grand Miramichi | Greater Miramichi Service Commission","description":"Want to learn more about the Greater Miramichi Service Commission? Visit our Croissance Grand Miramichi page to learn more!","robots":{"index":"index","follow":"follow","max-snippet":"max-snippet:-1","max-image-preview":"max-image-preview:large","max-video-preview":"max-video-preview:-1"},"canonical":"https:\/\/greatermiramichisc.ca\/fr\/vivez-ici\/croissance-grand-miramichi\/","og_locale":"fr_FR","og_type":"article","og_title":"Croissance Grand Miramichi | Greater Miramichi Service Commission","og_description":"Want to learn more about the Greater Miramichi Service Commission? Visit our Croissance Grand Miramichi page to learn more!","og_url":"https:\/\/greatermiramichisc.ca\/fr\/vivez-ici\/croissance-grand-miramichi\/","og_site_name":"Greater Miramichi Service Commission","article_modified_time":"2025-06-20T05:37:30+00:00","og_image":[{"width":1020,"height":574,"url":"https:\/\/greatermiramichisc.ca\/wp-content\/uploads\/2025\/04\/RegionalStrategyVid.png","type":"image\/png"}],"twitter_card":"summary_large_image","twitter_misc":{"Dur\u00e9e de lecture estim\u00e9e":"1 minute"},"schema":{"@context":"https:\/\/schema.org","@graph":[{"@type":"WebPage","@id":"https:\/\/greatermiramichisc.ca\/fr\/vivez-ici\/croissance-grand-miramichi\/","url":"https:\/\/greatermiramichisc.ca\/fr\/vivez-ici\/croissance-grand-miramichi\/","name":"Croissance Grand Miramichi | Greater Miramichi Service Commission","isPartOf":{"@id":"https:\/\/greatermiramichisc.ca\/#website"},"datePublished":"2025-05-13T19:09:31+00:00","dateModified":"2025-06-20T05:37:30+00:00","description":"Want to learn more about the Greater Miramichi Service Commission? Visit our Croissance Grand Miramichi page to learn more!","breadcrumb":{"@id":"https:\/\/greatermiramichisc.ca\/fr\/vivez-ici\/croissance-grand-miramichi\/#breadcrumb"},"inLanguage":"fr-FR","potentialAction":[{"@type":"ReadAction","target":["https:\/\/greatermiramichisc.ca\/fr\/vivez-ici\/croissance-grand-miramichi\/"]}]},{"@type":"BreadcrumbList","@id":"https:\/\/greatermiramichisc.ca\/fr\/vivez-ici\/croissance-grand-miramichi\/#breadcrumb","itemListElement":[{"@type":"ListItem","position":1,"name":"Home","item":"https:\/\/greatermiramichisc.ca\/fr\/"},{"@type":"ListItem","position":2,"name":"Vivez ici","item":"https:\/\/greatermiramichisc.ca\/fr\/vivez-ici\/"},{"@type":"ListItem","position":3,"name":"Croissance Grand Miramichi"}]},{"@type":"WebSite","@id":"https:\/\/greatermiramichisc.ca\/#website","url":"https:\/\/greatermiramichisc.ca\/","name":"Greater Miramichi Service Commission","description":"Welcome to the Miramichi region.","publisher":{"@id":"https:\/\/greatermiramichisc.ca\/#organization"},"alternateName":"GMSC","potentialAction":[{"@type":"SearchAction","target":{"@type":"EntryPoint","urlTemplate":"https:\/\/greatermiramichisc.ca\/?s={search_term_string}"},"query-input":{"@type":"PropertyValueSpecification","valueRequired":true,"valueName":"search_term_string"}}],"inLanguage":"fr-FR"},{"@type":"Organization","@id":"https:\/\/greatermiramichisc.ca\/#organization","name":"Greater Miramichi Service Commission","alternateName":"GMSC","url":"https:\/\/greatermiramichisc.ca\/","logo":{"@type":"ImageObject","inLanguage":"fr-FR","@id":"https:\/\/greatermiramichisc.ca\/#\/schema\/logo\/image\/","url":"https:\/\/greatermiramichisc.ca\/wp-content\/uploads\/2024\/12\/NAV-Logo.png","contentUrl":"https:\/\/greatermiramichisc.ca\/wp-content\/uploads\/2024\/12\/NAV-Logo.png","width":1140,"height":345,"caption":"Greater Miramichi Service Commission"},"image":{"@id":"https:\/\/greatermiramichisc.ca\/#\/schema\/logo\/image\/"}}]}},"_links":{"self":[{"href":"https:\/\/greatermiramichisc.ca\/fr\/wp-json\/wp\/v2\/pages\/3107","targetHints":{"allow":["GET"]}}],"collection":[{"href":"https:\/\/greatermiramichisc.ca\/fr\/wp-json\/wp\/v2\/pages"}],"about":[{"href":"https:\/\/greatermiramichisc.ca\/fr\/wp-json\/wp\/v2\/types\/page"}],"author":[{"embeddable":true,"href":"https:\/\/greatermiramichisc.ca\/fr\/wp-json\/wp\/v2\/users\/1"}],"replies":[{"embeddable":true,"href":"https:\/\/greatermiramichisc.ca\/fr\/wp-json\/wp\/v2\/comments?post=3107"}],"version-history":[{"count":3,"href":"https:\/\/greatermiramichisc.ca\/fr\/wp-json\/wp\/v2\/pages\/3107\/revisions"}],"predecessor-version":[{"id":3859,"href":"https:\/\/greatermiramichisc.ca\/fr\/wp-json\/wp\/v2\/pages\/3107\/revisions\/3859"}],"up":[{"embeddable":true,"href":"https:\/\/greatermiramichisc.ca\/fr\/wp-json\/wp\/v2\/pages\/3096"}],"wp:attachment":[{"href":"https:\/\/greatermiramichisc.ca\/fr\/wp-json\/wp\/v2\/media?parent=3107"}],"curies":[{"name":"wp","href":"https:\/\/api.w.org\/{rel}","templated":true}]}}