{"id":3108,"date":"2025-04-14T06:01:58","date_gmt":"2025-04-14T06:01:58","guid":{"rendered":"https:\/\/greatermiramichisc.ca\/live-here\/healthcare\/"},"modified":"2025-06-20T05:28:56","modified_gmt":"2025-06-20T05:28:56","slug":"sante","status":"publish","type":"page","link":"https:\/\/greatermiramichisc.ca\/fr\/vivez-ici\/sante\/","title":{"rendered":"Sant\u00e9"},"content":{"rendered":"\n<h2>\n\t\t<a href=\"https:\/\/greatermiramichisc.ca\/fr\/vivez-ici\/\" title=\"Vivez ici:\"  target=\"_self\">\n\t\t\tVivez ici:\t\t<\/a>\n\t<\/h2>\n\t<nav aria-label=\"breadcrumbs\">\n            <div class=\"breadcrumb-container theme1\">\n                <ol>\n                                    <\/ol>\n            <\/div>\n        <\/nav>    <script type=\"application\/ld+json\">\n        {\n            \"@context\": \"http:\/\/schema.org\",\n            \"@type\": \"BreadcrumbList\",\n            \"itemListElement\": [\n                            ]\n        }\n    <\/script>\n   \n    <script>\n            <\/script>\n\n\n\t<p>La Commission de services du grande Miramichi s&rsquo;efforce d&rsquo;am\u00e9liorer les services de sant\u00e9 dans notre r\u00e9gion dynamique. Gr\u00e2ce \u00e0 notre engagement ind\u00e9fectible envers la qualit\u00e9 et l&rsquo;accessibilit\u00e9, nous veillons \u00e0 ce que chaque membre de la communaut\u00e9 re\u00e7oive les soins exceptionnels qu&rsquo;il m\u00e9rite.<\/p>\n<h2>\n\t\t\tCliniques et h\u00f4pitaux\t<\/h2>\n\tLa r\u00e9gion de Miramichi offre plein de services de sant\u00e9, comme des h\u00f4pitaux, des cliniques sans rendez-vous, des cabinets de m\u00e9decine familiale, des services de sant\u00e9 alternatifs et plus encore.<br \/>\nQue tu aies besoin de soins d&rsquo;urgence, d&rsquo;un examen de routine ou de traitements holistiques, tu trouveras des ressources accessibles adapt\u00e9es \u00e0 tes besoins. Ces services sont con\u00e7us pour prendre soin de ta sant\u00e9 et de ton bien-\u00eatre, et aider tous les r\u00e9sidents \u00e0 s&rsquo;installer et \u00e0 s&rsquo;\u00e9panouir dans la communaut\u00e9.\n\t\t\t<a href=\"https:\/\/open-ca.bludot.io\/cities\/greatermiramichi\/businesses?categories=b671856d-8684-48e5-a40c-5e031aa99409&#038;jobs&#038;openNow&#038;query=Cliniques%20et%20h%C3%B4pitaux\" target=\"_blank\" rel=\"noopener\">\n\t\t\t\t\t\t\tJette un \u0153il \u00e0 notre r\u00e9pertoire !\n\t\t\t\t\t<\/a>\n<h2>\n\t\t\tTrouve un m\u00e9decin de famille\t<\/h2>\n\t<p>NBHealthLink est une super ressource qui te met en contact avec les services de sant\u00e9 au Nouveau-Brunswick, et te permet notamment de trouver un m\u00e9decin de famille.<\/p>\n\t\t\t<a href=\"https:\/\/liensantenb.ca\/?_gl=1*bifkjq*_ga*OTY4NDI4MzcwLjE3NDc3NTM0NDI.*_ga_PJVL61MFD5*czE3NDgyODU0MTMkbzIkZzEkdDE3NDgyODU0MTYkajAkbDAkaDA\" target=\"_blank\" rel=\"noopener\">\n\t\t\t\t\t\t\tInscris-toi d\u00e8s aujourd&rsquo;hui !\n\t\t\t\t\t<\/a>\n<h2>\n\t\t\tOptions de soins primaires\t<\/h2>\n\t<p>Si tu as du mal \u00e0 trouver un m\u00e9decin de famille ou \u00e0 consulter ton m\u00e9decin de soins primaires, le Nouveau-Brunswick offre plusieurs ressources pour t&rsquo;aider \u00e0 t&rsquo;y retrouver dans le syst\u00e8me de sant\u00e9. Ces ressources visent \u00e0 rendre les soins primaires plus accessibles et \u00e0 t&rsquo;aider \u00e0 prendre soin de ta sant\u00e9. Va sur les sites Web ci-dessous pour plus d&rsquo;infos !<\/p>\n<p><strong>Si tu as besoin d&rsquo;aide imm\u00e9diate ou d&rsquo;urgence, appelle le 911.<\/strong><\/p>\n\t\t\t<a href=\"https:\/\/fr.evisitnb.ca\/home\" target=\"_blank\" rel=\"noopener\">\n\t\t\t\t\t\t\tEvisit NB\n\t\t\t<\/a>\n\t\t\t<a href=\"https:\/\/liensantenb.ca\/?_gl=1*1r6jhur*_ga*OTY4NDI4MzcwLjE3NDc3NTM0NDI.*_ga_PJVL61MFD5*czE3NDgyODU0MTMkbzIkZzEkdDE3NDgyODU0NTAkajAkbDAkaDA\" target=\"_blank\" rel=\"noopener\">\n\t\t\t\t\t\t\tNB Healthlink\n\t\t\t<\/a>\n\t\t\t<a href=\"https:\/\/open-ca.bludot.io\/cities\/greatermiramichi\/businesses?jobs&#038;openNow&#038;query=\" target=\"_blank\" rel=\"noopener\">\n\t\t\t\t\t\t\tCliniques sans rendez-vous\n\t\t\t<\/a>\n<h2>\n\t\t\t\u00cates-vous un professionnel de la sant\u00e9?\t<\/h2>\n\t<p>Explorez les ressources de formation et de travail\u00a0!<\/p>\n\t\t\t<a href=\"https:\/\/greatermiramichisc.ca\/fr\/work-here\/professionnels-de-la-sante\/\" target=\"_self\">\n\t\t\t\t\t\t\tEn savoir plus !\n\t\t\t\t\t<\/a>\n\n","protected":false},"excerpt":{"rendered":"<p>Vivez ici: La Commission de services du grande Miramichi s&rsquo;efforce d&rsquo;am\u00e9liorer les services de sant\u00e9 dans notre r\u00e9gion dynamique. Gr\u00e2ce \u00e0 notre engagement ind\u00e9fectible envers la qualit\u00e9 et l&rsquo;accessibilit\u00e9, nous&hellip;<\/p>\n","protected":false},"author":1,"featured_media":0,"parent":3096,"menu_order":0,"comment_status":"closed","ping_status":"closed","template":"","meta":{"_acf_changed":false,"footnotes":""},"class_list":["post-3108","page","type-page","status-publish","hentry"],"acf":[],"yoast_head":"<!-- This site is optimized with the Yoast SEO plugin v27.4 - https:\/\/yoast.com\/product\/yoast-seo-wordpress\/ -->\n<title>Sant\u00e9 | Greater Miramichi Service Commission<\/title>\n<meta name=\"description\" content=\"Want to learn more about the Greater Miramichi Service Commission? Visit our Sant\u00e9 page to learn more!\" \/>\n<meta name=\"robots\" content=\"index, follow, max-snippet:-1, max-image-preview:large, max-video-preview:-1\" \/>\n<link rel=\"canonical\" href=\"https:\/\/greatermiramichisc.ca\/fr\/vivez-ici\/sante\/\" \/>\n<meta property=\"og:locale\" content=\"fr_FR\" \/>\n<meta property=\"og:type\" content=\"article\" \/>\n<meta property=\"og:title\" content=\"Sant\u00e9 | Greater Miramichi Service Commission\" \/>\n<meta property=\"og:description\" content=\"Want to learn more about the Greater Miramichi Service Commission? Visit our Sant\u00e9 page to learn more!\" \/>\n<meta property=\"og:url\" content=\"https:\/\/greatermiramichisc.ca\/fr\/vivez-ici\/sante\/\" \/>\n<meta property=\"og:site_name\" content=\"Greater Miramichi Service Commission\" \/>\n<meta property=\"article:modified_time\" content=\"2025-06-20T05:28:56+00:00\" \/>\n<meta property=\"og:image\" content=\"https:\/\/greatermiramichisc.ca\/wp-content\/uploads\/2025\/04\/RegionalStrategyVid.png\" \/>\n\t<meta property=\"og:image:width\" content=\"1020\" \/>\n\t<meta property=\"og:image:height\" content=\"574\" \/>\n\t<meta property=\"og:image:type\" content=\"image\/png\" \/>\n<meta name=\"twitter:card\" content=\"summary_large_image\" \/>\n<meta name=\"twitter:label1\" content=\"Dur\u00e9e de lecture estim\u00e9e\" \/>\n\t<meta name=\"twitter:data1\" content=\"1 minute\" \/>\n<script type=\"application\/ld+json\" class=\"yoast-schema-graph\">{\"@context\":\"https:\\\/\\\/schema.org\",\"@graph\":[{\"@type\":\"WebPage\",\"@id\":\"https:\\\/\\\/greatermiramichisc.ca\\\/fr\\\/vivez-ici\\\/sante\\\/\",\"url\":\"https:\\\/\\\/greatermiramichisc.ca\\\/fr\\\/vivez-ici\\\/sante\\\/\",\"name\":\"Sant\u00e9 | Greater Miramichi Service Commission\",\"isPartOf\":{\"@id\":\"https:\\\/\\\/greatermiramichisc.ca\\\/#website\"},\"datePublished\":\"2025-04-14T06:01:58+00:00\",\"dateModified\":\"2025-06-20T05:28:56+00:00\",\"description\":\"Want to learn more about the Greater Miramichi Service Commission? Visit our Sant\u00e9 page to learn more!\",\"breadcrumb\":{\"@id\":\"https:\\\/\\\/greatermiramichisc.ca\\\/fr\\\/vivez-ici\\\/sante\\\/#breadcrumb\"},\"inLanguage\":\"fr-FR\",\"potentialAction\":[{\"@type\":\"ReadAction\",\"target\":[\"https:\\\/\\\/greatermiramichisc.ca\\\/fr\\\/vivez-ici\\\/sante\\\/\"]}]},{\"@type\":\"BreadcrumbList\",\"@id\":\"https:\\\/\\\/greatermiramichisc.ca\\\/fr\\\/vivez-ici\\\/sante\\\/#breadcrumb\",\"itemListElement\":[{\"@type\":\"ListItem\",\"position\":1,\"name\":\"Home\",\"item\":\"https:\\\/\\\/greatermiramichisc.ca\\\/fr\\\/\"},{\"@type\":\"ListItem\",\"position\":2,\"name\":\"Vivez ici\",\"item\":\"https:\\\/\\\/greatermiramichisc.ca\\\/fr\\\/vivez-ici\\\/\"},{\"@type\":\"ListItem\",\"position\":3,\"name\":\"Sant\u00e9\"}]},{\"@type\":\"WebSite\",\"@id\":\"https:\\\/\\\/greatermiramichisc.ca\\\/#website\",\"url\":\"https:\\\/\\\/greatermiramichisc.ca\\\/\",\"name\":\"Greater Miramichi Service Commission\",\"description\":\"Welcome to the Miramichi region.\",\"publisher\":{\"@id\":\"https:\\\/\\\/greatermiramichisc.ca\\\/#organization\"},\"alternateName\":\"GMSC\",\"potentialAction\":[{\"@type\":\"SearchAction\",\"target\":{\"@type\":\"EntryPoint\",\"urlTemplate\":\"https:\\\/\\\/greatermiramichisc.ca\\\/?s={search_term_string}\"},\"query-input\":{\"@type\":\"PropertyValueSpecification\",\"valueRequired\":true,\"valueName\":\"search_term_string\"}}],\"inLanguage\":\"fr-FR\"},{\"@type\":\"Organization\",\"@id\":\"https:\\\/\\\/greatermiramichisc.ca\\\/#organization\",\"name\":\"Greater Miramichi Service Commission\",\"alternateName\":\"GMSC\",\"url\":\"https:\\\/\\\/greatermiramichisc.ca\\\/\",\"logo\":{\"@type\":\"ImageObject\",\"inLanguage\":\"fr-FR\",\"@id\":\"https:\\\/\\\/greatermiramichisc.ca\\\/#\\\/schema\\\/logo\\\/image\\\/\",\"url\":\"https:\\\/\\\/greatermiramichisc.ca\\\/wp-content\\\/uploads\\\/2024\\\/12\\\/NAV-Logo.png\",\"contentUrl\":\"https:\\\/\\\/greatermiramichisc.ca\\\/wp-content\\\/uploads\\\/2024\\\/12\\\/NAV-Logo.png\",\"width\":1140,\"height\":345,\"caption\":\"Greater Miramichi Service Commission\"},\"image\":{\"@id\":\"https:\\\/\\\/greatermiramichisc.ca\\\/#\\\/schema\\\/logo\\\/image\\\/\"}}]}<\/script>\n<!-- \/ Yoast SEO plugin. -->","yoast_head_json":{"title":"Sant\u00e9 | Greater Miramichi Service Commission","description":"Want to learn more about the Greater Miramichi Service Commission? Visit our Sant\u00e9 page to learn more!","robots":{"index":"index","follow":"follow","max-snippet":"max-snippet:-1","max-image-preview":"max-image-preview:large","max-video-preview":"max-video-preview:-1"},"canonical":"https:\/\/greatermiramichisc.ca\/fr\/vivez-ici\/sante\/","og_locale":"fr_FR","og_type":"article","og_title":"Sant\u00e9 | Greater Miramichi Service Commission","og_description":"Want to learn more about the Greater Miramichi Service Commission? Visit our Sant\u00e9 page to learn more!","og_url":"https:\/\/greatermiramichisc.ca\/fr\/vivez-ici\/sante\/","og_site_name":"Greater Miramichi Service Commission","article_modified_time":"2025-06-20T05:28:56+00:00","og_image":[{"width":1020,"height":574,"url":"https:\/\/greatermiramichisc.ca\/wp-content\/uploads\/2025\/04\/RegionalStrategyVid.png","type":"image\/png"}],"twitter_card":"summary_large_image","twitter_misc":{"Dur\u00e9e de lecture estim\u00e9e":"1 minute"},"schema":{"@context":"https:\/\/schema.org","@graph":[{"@type":"WebPage","@id":"https:\/\/greatermiramichisc.ca\/fr\/vivez-ici\/sante\/","url":"https:\/\/greatermiramichisc.ca\/fr\/vivez-ici\/sante\/","name":"Sant\u00e9 | Greater Miramichi Service Commission","isPartOf":{"@id":"https:\/\/greatermiramichisc.ca\/#website"},"datePublished":"2025-04-14T06:01:58+00:00","dateModified":"2025-06-20T05:28:56+00:00","description":"Want to learn more about the Greater Miramichi Service Commission? Visit our Sant\u00e9 page to learn more!","breadcrumb":{"@id":"https:\/\/greatermiramichisc.ca\/fr\/vivez-ici\/sante\/#breadcrumb"},"inLanguage":"fr-FR","potentialAction":[{"@type":"ReadAction","target":["https:\/\/greatermiramichisc.ca\/fr\/vivez-ici\/sante\/"]}]},{"@type":"BreadcrumbList","@id":"https:\/\/greatermiramichisc.ca\/fr\/vivez-ici\/sante\/#breadcrumb","itemListElement":[{"@type":"ListItem","position":1,"name":"Home","item":"https:\/\/greatermiramichisc.ca\/fr\/"},{"@type":"ListItem","position":2,"name":"Vivez ici","item":"https:\/\/greatermiramichisc.ca\/fr\/vivez-ici\/"},{"@type":"ListItem","position":3,"name":"Sant\u00e9"}]},{"@type":"WebSite","@id":"https:\/\/greatermiramichisc.ca\/#website","url":"https:\/\/greatermiramichisc.ca\/","name":"Greater Miramichi Service Commission","description":"Welcome to the Miramichi region.","publisher":{"@id":"https:\/\/greatermiramichisc.ca\/#organization"},"alternateName":"GMSC","potentialAction":[{"@type":"SearchAction","target":{"@type":"EntryPoint","urlTemplate":"https:\/\/greatermiramichisc.ca\/?s={search_term_string}"},"query-input":{"@type":"PropertyValueSpecification","valueRequired":true,"valueName":"search_term_string"}}],"inLanguage":"fr-FR"},{"@type":"Organization","@id":"https:\/\/greatermiramichisc.ca\/#organization","name":"Greater Miramichi Service Commission","alternateName":"GMSC","url":"https:\/\/greatermiramichisc.ca\/","logo":{"@type":"ImageObject","inLanguage":"fr-FR","@id":"https:\/\/greatermiramichisc.ca\/#\/schema\/logo\/image\/","url":"https:\/\/greatermiramichisc.ca\/wp-content\/uploads\/2024\/12\/NAV-Logo.png","contentUrl":"https:\/\/greatermiramichisc.ca\/wp-content\/uploads\/2024\/12\/NAV-Logo.png","width":1140,"height":345,"caption":"Greater Miramichi Service Commission"},"image":{"@id":"https:\/\/greatermiramichisc.ca\/#\/schema\/logo\/image\/"}}]}},"_links":{"self":[{"href":"https:\/\/greatermiramichisc.ca\/fr\/wp-json\/wp\/v2\/pages\/3108","targetHints":{"allow":["GET"]}}],"collection":[{"href":"https:\/\/greatermiramichisc.ca\/fr\/wp-json\/wp\/v2\/pages"}],"about":[{"href":"https:\/\/greatermiramichisc.ca\/fr\/wp-json\/wp\/v2\/types\/page"}],"author":[{"embeddable":true,"href":"https:\/\/greatermiramichisc.ca\/fr\/wp-json\/wp\/v2\/users\/1"}],"replies":[{"embeddable":true,"href":"https:\/\/greatermiramichisc.ca\/fr\/wp-json\/wp\/v2\/comments?post=3108"}],"version-history":[{"count":4,"href":"https:\/\/greatermiramichisc.ca\/fr\/wp-json\/wp\/v2\/pages\/3108\/revisions"}],"predecessor-version":[{"id":3855,"href":"https:\/\/greatermiramichisc.ca\/fr\/wp-json\/wp\/v2\/pages\/3108\/revisions\/3855"}],"up":[{"embeddable":true,"href":"https:\/\/greatermiramichisc.ca\/fr\/wp-json\/wp\/v2\/pages\/3096"}],"wp:attachment":[{"href":"https:\/\/greatermiramichisc.ca\/fr\/wp-json\/wp\/v2\/media?parent=3108"}],"curies":[{"name":"wp","href":"https:\/\/api.w.org\/{rel}","templated":true}]}}