{"id":3120,"date":"2025-04-22T06:23:42","date_gmt":"2025-04-22T06:23:42","guid":{"rendered":"https:\/\/greatermiramichisc.ca\/work-here\/business-resources\/"},"modified":"2025-10-31T10:17:11","modified_gmt":"2025-10-31T10:17:11","slug":"ressources-pour-les-employeurs-et-les-commerces","status":"publish","type":"page","link":"https:\/\/greatermiramichisc.ca\/fr\/vivez-ici\/emploi-et-benevolat\/ressources-pour-les-employeurs-et-les-commerces\/","title":{"rendered":"Ressources pour les employeurs et les commerces"},"content":{"rendered":"\n<h2>\n\t\t<a href=\"https:\/\/greatermiramichisc.ca\/fr\/travaille-ici\/\" title=\"Travaille ici\"  target=\"_self\">\n\t\t\tTravaille ici\t\t<\/a>\n\t<\/h2>\n\t<nav aria-label=\"breadcrumbs\">\n            <div class=\"breadcrumb-container theme1\">\n                <ol>\n                                    <\/ol>\n            <\/div>\n        <\/nav>    <script type=\"application\/ld+json\">\n        {\n            \"@context\": \"http:\/\/schema.org\",\n            \"@type\": \"BreadcrumbList\",\n            \"itemListElement\": [\n                            ]\n        }\n    <\/script>\n   \n    <script>\n            <\/script>\n\n\n\t<p>La Commission des services de la grande r\u00e9gion de Miramichi s&rsquo;engage \u00e0 soutenir les employeurs, les entrepreneurs et les leaders communautaires de toute notre r\u00e9gion. Notre page Ressources pour les entreprises rassemble un large \u00e9ventail d&rsquo;outils pratiques et d&rsquo;informations pour vous aider \u00e0 recruter, \u00e0 vous d\u00e9velopper et \u00e0 cr\u00e9er des liens.<\/p>\n<h2>\n\t\t\tBo\u00eetes \u00e0 outils RH et recrutement\t<\/h2>\n\t\t\t\t\t<a href=\"#\"  id=\"fl-accordion--label-0\" tabindex=\"0\" aria-controls=\"fl-accordion--panel-0\">Ressources pour les employeurs<\/a>\n\t\t\t\t\t\t\t\t\t\t\t<a href=\"#\" id=\"fl-accordion--icon-0\"  tabindex=\"0\"><i title=\"D\u00e9plier\">D\u00e9plier<\/i><\/a>\n\t\t\t\t\t<ul>\n<li><a href=\"https:\/\/greatermiramichisc.ca\/wp-content\/uploads\/2025\/10\/FR-RSC-MIRAMICHI-NBMC-Toolkit-for-Employers-1.pdf\">Trousse NBMC pour les employeurs<\/a><\/li>\n<li><strong><a href=\"https:\/\/greatermiramichisc.ca\/wp-content\/uploads\/2025\/06\/NBMC-Bystander-FR_toolkit_web-ready-2.pdf\" target=\"_blank\" rel=\"noopener\">Bo\u00eete \u00e0 outils antiracisme du NBMCNBMC Anti-Racism Toolki<\/a><\/strong><\/li>\n<li><strong><a href=\"https:\/\/greatermiramichisc.ca\/wp-content\/uploads\/2025\/06\/EN_EMpowerment-1.pdf\" target=\"_blank\" rel=\"noopener\">Am\u00e9liorer l&rsquo;aide \u00e0 l&#8217;emploi pour les femmes nouvellement arriv\u00e9e<\/a><\/strong><\/li>\n<li><strong><a href=\"https:\/\/www.nbmc-cmnb.ca\/fr\/imaginenb\" target=\"_blank\" rel=\"noopener\">Imagine NB \/ Autonomisation des jeunes leaders<\/a><\/strong><\/li>\n<li><strong><a href=\"https:\/\/greatermiramichisc.ca\/wp-content\/uploads\/2025\/06\/One-Pager-for-Website-Feedback-Channel-Forum-EN-FR-1-1.pdf\" target=\"_blank\" rel=\"noopener\">Cr\u00e9er des r\u00e9seaux de petites et moyennes entreprises (PME)<\/a><\/strong><\/li>\n<\/ul>\n<p>&nbsp;<\/p>\n\t\t\t\t\t<a href=\"#\"  id=\"fl-accordion--label-1\" tabindex=\"0\" aria-controls=\"fl-accordion--panel-1\">Mod\u00e8les d&rsquo;offres d&#8217;emploi<\/a>\n\t\t\t\t\t\t\t\t\t\t\t<a href=\"#\" id=\"fl-accordion--icon-1\"  tabindex=\"0\"><i title=\"D\u00e9plier\">D\u00e9plier<\/i><\/a>\n\t\t\t\t\t<p>\u00c0 venir&#8230;<\/p>\n\t\t\t\t\t<a href=\"#\"  id=\"fl-accordion--label-2\" tabindex=\"0\" aria-controls=\"fl-accordion--panel-2\">Ressources sur l&rsquo;immigration<\/a>\n\t\t\t\t\t\t\t\t\t\t\t<a href=\"#\" id=\"fl-accordion--icon-2\"  tabindex=\"0\"><i title=\"D\u00e9plier\">D\u00e9plier<\/i><\/a>\n\t\t\t\t\t<ul>\n<li aria-level=\"2\"><strong><a href=\"https:\/\/www.nbmc-cmnb.ca\/fr\/catapulte\" target=\"_blank\" rel=\"noopener\">Programme<\/a>\u00a0<\/strong><\/li>\n<li aria-level=\"2\"><strong><a href=\"https:\/\/www.nbmc-cmnb.ca\/fr\/ict\" target=\"_blank\" rel=\"noopener\">CATAPULTECulture<\/a><\/strong><\/li>\n<li aria-level=\"2\"><strong><a href=\"https:\/\/travailnb.ca\/particuliers\/exploration?_ga=2.42719525.1896252795.1748284935-1238270785.1747753267\" target=\"_blank\" rel=\"noopener\">\u00a0ConnectsWorkingNB Prise de d\u00e9cision en mati\u00e8re de carri\u00e8re<\/a><\/strong><\/li>\n<li aria-level=\"2\"><strong><a href=\"https:\/\/onbcanada.ca\/fr\/\" target=\"_blank\" rel=\"noopener\">Opportunit\u00e9s NB<\/a><\/strong><\/li>\n<li aria-level=\"2\"><strong><a href=\"https:\/\/miramichimulticultural.com\/fr\/\" target=\"_blank\" rel=\"noopener\">Association multiculturelle r\u00e9gionale de Miramichi<\/a><\/strong><\/li>\n<\/ul>\n\t\t\t\t\t<a href=\"#\"  id=\"fl-accordion--label-3\" tabindex=\"0\" aria-controls=\"fl-accordion--panel-3\">Publier dans l&rsquo;annuaire r\u00e9gional<\/a>\n\t\t\t\t\t\t\t\t\t\t\t<a href=\"#\" id=\"fl-accordion--icon-3\"  tabindex=\"0\"><i title=\"D\u00e9plier\">D\u00e9plier<\/i><\/a>\n\t\t\t\t\t<ul>\n<li aria-level=\"2\"><a href=\"https:\/\/www.youtube.com\/watch?v=2aCUbovInMs\" target=\"_blank\" rel=\"noopener\"><b>Ajouter ton entreprise \u00e0 l&rsquo;annuaire<\/b><\/a><\/li>\n<li aria-level=\"2\"><a href=\"https:\/\/www.youtube.com\/watch?v=qV6togmfQRY\" target=\"_blank\" rel=\"noopener\"><b>Modifier ta page<\/b><\/a><\/li>\n<li aria-level=\"2\"><a href=\"https:\/\/www.youtube.com\/watch?v=5Pcp43X3cSM\" target=\"_blank\" rel=\"noopener\"><b>Acc\u00e9der et naviguer\u00a0<\/b><\/a><\/li>\n<\/ul>\n\t\t\t\t\t<a href=\"#\"  id=\"fl-accordion--label-4\" tabindex=\"0\" aria-controls=\"fl-accordion--panel-4\">Ressources commerciales<\/a>\n\t\t\t\t\t\t\t\t\t\t\t<a href=\"#\" id=\"fl-accordion--icon-4\"  tabindex=\"0\"><i title=\"D\u00e9plier\">D\u00e9plier<\/i><\/a>\n\t\t\t\t\t<p><a href=\"https:\/\/greatermiramichisc.ca\/wp-content\/uploads\/2025\/09\/GM-Business-Resource-Hub-French.pdf\">Guide Ressource pour les Commerces<\/a><\/p>\n<h2>\n\t\t\tBient\u00f4t disponible&#8230; Restez \u00e0 l&rsquo;\u00e9coute\u202f!\t<\/h2>\n\t<ul>\n<li>Programme de connexion<\/li>\n<li>Centre de ressources commerciales<\/li>\n<li>Guide de planification d&rsquo;\u00e9v\u00e9nements<\/li>\n<li>Guide pratique sur l&rsquo;entrepreneuriat<\/li>\n<\/ul>\n\t\t\t\t<a href=\"https:\/\/open-ca.bludot.io\/cities\/greatermiramichi\/businesses?jobs&#038;openNow&#038;query=\"  target=\"_blank\" rel=\"noopener\"  itemprop=\"url\">\n\t\t\t\t<img decoding=\"async\" src=\"https:\/\/greatermiramichisc.ca\/wp-content\/uploads\/2025\/09\/2-1.png\" alt=\"2\" itemprop=\"image\" height=\"2000\" width=\"1545\" title=\"2\" onerror=\"this.style.display='none'\" loading=\"lazy\" \/>\n\t\t\t\t<\/a>\n<h2>\n\t\t\tGuide de l&rsquo;exploitant de garderie\t<\/h2>\n\t<p>Ce guide est destin\u00e9 aux \u00e9tablissements d&rsquo;\u00e9ducation et de garde \u00e0 la petite enfance du Nouveau-Brunswick. Il contient des infos importantes sur les permis, les inspections et la conformit\u00e9 \u00e0 la Loi sur les services \u00e0 la petite enfance.<\/p>\n\t\t\t<a href=\"https:\/\/greatermiramichisc.ca\/wp-content\/uploads\/2025\/06\/ManuelGarderieEducativeATempsPleinEtATempsPartiel.pdf\" target=\"_blank\" rel=\"noopener\">\n\t\t\t\t\t\t\tExplorer le guide\n\t\t\t\t\t<\/a>\n<h2>\n\t\t\tGuide de l&rsquo;exploitant de garderie en milieu familial \t<\/h2>\n\t<p>Ce guide est destin\u00e9 aux candidats et aux exploitants d&rsquo;\u00e9tablissements d&rsquo;\u00e9ducation et de garde \u00e0 la petite enfance (ELC). Il explique les permis, les obligations l\u00e9gales et les proc\u00e9dures en vertu de la Loi sur les services \u00e0 la petite enfance.<\/p>\n\t\t\t<a href=\"https:\/\/greatermiramichisc.ca\/wp-content\/uploads\/2025\/06\/ManuelGarderieEducativeEnMilieuFamilial.pdf\" target=\"_blank\" rel=\"noopener\">\n\t\t\t\t\t\t\tExplorer le guide\n\t\t\t\t\t<\/a>\n\n","protected":false},"excerpt":{"rendered":"<p>Travaille ici La Commission des services de la grande r\u00e9gion de Miramichi s&rsquo;engage \u00e0 soutenir les employeurs, les entrepreneurs et les leaders communautaires de toute notre r\u00e9gion. Notre page Ressources&hellip;<\/p>\n","protected":false},"author":1,"featured_media":0,"parent":3097,"menu_order":0,"comment_status":"closed","ping_status":"closed","template":"","meta":{"_acf_changed":false,"footnotes":""},"class_list":["post-3120","page","type-page","status-publish","hentry"],"acf":[],"yoast_head":"<!-- This site is optimized with the Yoast SEO plugin v27.5 - https:\/\/yoast.com\/product\/yoast-seo-wordpress\/ -->\n<title>Ressources pour les employeurs et les commerces | Greater Miramichi Service Commission<\/title>\n<meta name=\"description\" content=\"Want to learn more about the Greater Miramichi Service Commission? Visit our Ressources pour les employeurs et les commerces page to learn more!\" \/>\n<meta name=\"robots\" content=\"index, follow, max-snippet:-1, max-image-preview:large, max-video-preview:-1\" \/>\n<link rel=\"canonical\" href=\"https:\/\/greatermiramichisc.ca\/fr\/vivez-ici\/emploi-et-benevolat\/ressources-pour-les-employeurs-et-les-commerces\/\" \/>\n<meta property=\"og:locale\" content=\"fr_FR\" \/>\n<meta property=\"og:type\" content=\"article\" \/>\n<meta property=\"og:title\" content=\"Ressources pour les employeurs et les commerces | Greater Miramichi Service Commission\" \/>\n<meta property=\"og:description\" content=\"Want to learn more about the Greater Miramichi Service Commission? Visit our Ressources pour les employeurs et les commerces page to learn more!\" \/>\n<meta property=\"og:url\" content=\"https:\/\/greatermiramichisc.ca\/fr\/vivez-ici\/emploi-et-benevolat\/ressources-pour-les-employeurs-et-les-commerces\/\" \/>\n<meta property=\"og:site_name\" content=\"Greater Miramichi Service Commission\" \/>\n<meta property=\"article:modified_time\" content=\"2025-10-31T10:17:11+00:00\" \/>\n<meta property=\"og:image\" content=\"https:\/\/greatermiramichisc.ca\/wp-content\/uploads\/2025\/09\/2-1.png\" \/>\n<meta name=\"twitter:card\" content=\"summary_large_image\" \/>\n<meta name=\"twitter:label1\" content=\"Dur\u00e9e de lecture estim\u00e9e\" \/>\n\t<meta name=\"twitter:data1\" content=\"1 minute\" \/>\n<script type=\"application\/ld+json\" class=\"yoast-schema-graph\">{\"@context\":\"https:\\\/\\\/schema.org\",\"@graph\":[{\"@type\":\"WebPage\",\"@id\":\"https:\\\/\\\/greatermiramichisc.ca\\\/fr\\\/vivez-ici\\\/emploi-et-benevolat\\\/ressources-pour-les-employeurs-et-les-commerces\\\/\",\"url\":\"https:\\\/\\\/greatermiramichisc.ca\\\/fr\\\/vivez-ici\\\/emploi-et-benevolat\\\/ressources-pour-les-employeurs-et-les-commerces\\\/\",\"name\":\"Ressources pour les employeurs et les commerces | Greater Miramichi Service Commission\",\"isPartOf\":{\"@id\":\"https:\\\/\\\/greatermiramichisc.ca\\\/#website\"},\"primaryImageOfPage\":{\"@id\":\"https:\\\/\\\/greatermiramichisc.ca\\\/fr\\\/vivez-ici\\\/emploi-et-benevolat\\\/ressources-pour-les-employeurs-et-les-commerces\\\/#primaryimage\"},\"image\":{\"@id\":\"https:\\\/\\\/greatermiramichisc.ca\\\/fr\\\/vivez-ici\\\/emploi-et-benevolat\\\/ressources-pour-les-employeurs-et-les-commerces\\\/#primaryimage\"},\"thumbnailUrl\":\"https:\\\/\\\/greatermiramichisc.ca\\\/wp-content\\\/uploads\\\/2025\\\/09\\\/2-1.png\",\"datePublished\":\"2025-04-22T06:23:42+00:00\",\"dateModified\":\"2025-10-31T10:17:11+00:00\",\"description\":\"Want to learn more about the Greater Miramichi Service Commission? Visit our Ressources pour les employeurs et les commerces page to learn more!\",\"breadcrumb\":{\"@id\":\"https:\\\/\\\/greatermiramichisc.ca\\\/fr\\\/vivez-ici\\\/emploi-et-benevolat\\\/ressources-pour-les-employeurs-et-les-commerces\\\/#breadcrumb\"},\"inLanguage\":\"fr-FR\",\"potentialAction\":[{\"@type\":\"ReadAction\",\"target\":[\"https:\\\/\\\/greatermiramichisc.ca\\\/fr\\\/vivez-ici\\\/emploi-et-benevolat\\\/ressources-pour-les-employeurs-et-les-commerces\\\/\"]}]},{\"@type\":\"ImageObject\",\"inLanguage\":\"fr-FR\",\"@id\":\"https:\\\/\\\/greatermiramichisc.ca\\\/fr\\\/vivez-ici\\\/emploi-et-benevolat\\\/ressources-pour-les-employeurs-et-les-commerces\\\/#primaryimage\",\"url\":\"https:\\\/\\\/greatermiramichisc.ca\\\/wp-content\\\/uploads\\\/2025\\\/09\\\/2-1.png\",\"contentUrl\":\"https:\\\/\\\/greatermiramichisc.ca\\\/wp-content\\\/uploads\\\/2025\\\/09\\\/2-1.png\"},{\"@type\":\"BreadcrumbList\",\"@id\":\"https:\\\/\\\/greatermiramichisc.ca\\\/fr\\\/vivez-ici\\\/emploi-et-benevolat\\\/ressources-pour-les-employeurs-et-les-commerces\\\/#breadcrumb\",\"itemListElement\":[{\"@type\":\"ListItem\",\"position\":1,\"name\":\"Home\",\"item\":\"https:\\\/\\\/greatermiramichisc.ca\\\/fr\\\/\"},{\"@type\":\"ListItem\",\"position\":2,\"name\":\"Vivez ici\",\"item\":\"https:\\\/\\\/greatermiramichisc.ca\\\/fr\\\/vivez-ici\\\/\"},{\"@type\":\"ListItem\",\"position\":3,\"name\":\"Emploi et b\u00e9n\u00e9volat\",\"item\":\"https:\\\/\\\/greatermiramichisc.ca\\\/fr\\\/vivez-ici\\\/emploi-et-benevolat\\\/\"},{\"@type\":\"ListItem\",\"position\":4,\"name\":\"Ressources pour les employeurs et les commerces\"}]},{\"@type\":\"WebSite\",\"@id\":\"https:\\\/\\\/greatermiramichisc.ca\\\/#website\",\"url\":\"https:\\\/\\\/greatermiramichisc.ca\\\/\",\"name\":\"Greater Miramichi Service Commission\",\"description\":\"Welcome to the Miramichi region.\",\"publisher\":{\"@id\":\"https:\\\/\\\/greatermiramichisc.ca\\\/#organization\"},\"alternateName\":\"GMSC\",\"potentialAction\":[{\"@type\":\"SearchAction\",\"target\":{\"@type\":\"EntryPoint\",\"urlTemplate\":\"https:\\\/\\\/greatermiramichisc.ca\\\/?s={search_term_string}\"},\"query-input\":{\"@type\":\"PropertyValueSpecification\",\"valueRequired\":true,\"valueName\":\"search_term_string\"}}],\"inLanguage\":\"fr-FR\"},{\"@type\":\"Organization\",\"@id\":\"https:\\\/\\\/greatermiramichisc.ca\\\/#organization\",\"name\":\"Greater Miramichi Service Commission\",\"alternateName\":\"GMSC\",\"url\":\"https:\\\/\\\/greatermiramichisc.ca\\\/\",\"logo\":{\"@type\":\"ImageObject\",\"inLanguage\":\"fr-FR\",\"@id\":\"https:\\\/\\\/greatermiramichisc.ca\\\/#\\\/schema\\\/logo\\\/image\\\/\",\"url\":\"https:\\\/\\\/greatermiramichisc.ca\\\/wp-content\\\/uploads\\\/2024\\\/12\\\/NAV-Logo.png\",\"contentUrl\":\"https:\\\/\\\/greatermiramichisc.ca\\\/wp-content\\\/uploads\\\/2024\\\/12\\\/NAV-Logo.png\",\"width\":1140,\"height\":345,\"caption\":\"Greater Miramichi Service Commission\"},\"image\":{\"@id\":\"https:\\\/\\\/greatermiramichisc.ca\\\/#\\\/schema\\\/logo\\\/image\\\/\"}}]}<\/script>\n<!-- \/ Yoast SEO plugin. -->","yoast_head_json":{"title":"Ressources pour les employeurs et les commerces | Greater Miramichi Service Commission","description":"Want to learn more about the Greater Miramichi Service Commission? Visit our Ressources pour les employeurs et les commerces page to learn more!","robots":{"index":"index","follow":"follow","max-snippet":"max-snippet:-1","max-image-preview":"max-image-preview:large","max-video-preview":"max-video-preview:-1"},"canonical":"https:\/\/greatermiramichisc.ca\/fr\/vivez-ici\/emploi-et-benevolat\/ressources-pour-les-employeurs-et-les-commerces\/","og_locale":"fr_FR","og_type":"article","og_title":"Ressources pour les employeurs et les commerces | Greater Miramichi Service Commission","og_description":"Want to learn more about the Greater Miramichi Service Commission? Visit our Ressources pour les employeurs et les commerces page to learn more!","og_url":"https:\/\/greatermiramichisc.ca\/fr\/vivez-ici\/emploi-et-benevolat\/ressources-pour-les-employeurs-et-les-commerces\/","og_site_name":"Greater Miramichi Service Commission","article_modified_time":"2025-10-31T10:17:11+00:00","og_image":[{"url":"https:\/\/greatermiramichisc.ca\/wp-content\/uploads\/2025\/09\/2-1.png","type":"","width":"","height":""}],"twitter_card":"summary_large_image","twitter_misc":{"Dur\u00e9e de lecture estim\u00e9e":"1 minute"},"schema":{"@context":"https:\/\/schema.org","@graph":[{"@type":"WebPage","@id":"https:\/\/greatermiramichisc.ca\/fr\/vivez-ici\/emploi-et-benevolat\/ressources-pour-les-employeurs-et-les-commerces\/","url":"https:\/\/greatermiramichisc.ca\/fr\/vivez-ici\/emploi-et-benevolat\/ressources-pour-les-employeurs-et-les-commerces\/","name":"Ressources pour les employeurs et les commerces | Greater Miramichi Service Commission","isPartOf":{"@id":"https:\/\/greatermiramichisc.ca\/#website"},"primaryImageOfPage":{"@id":"https:\/\/greatermiramichisc.ca\/fr\/vivez-ici\/emploi-et-benevolat\/ressources-pour-les-employeurs-et-les-commerces\/#primaryimage"},"image":{"@id":"https:\/\/greatermiramichisc.ca\/fr\/vivez-ici\/emploi-et-benevolat\/ressources-pour-les-employeurs-et-les-commerces\/#primaryimage"},"thumbnailUrl":"https:\/\/greatermiramichisc.ca\/wp-content\/uploads\/2025\/09\/2-1.png","datePublished":"2025-04-22T06:23:42+00:00","dateModified":"2025-10-31T10:17:11+00:00","description":"Want to learn more about the Greater Miramichi Service Commission? Visit our Ressources pour les employeurs et les commerces page to learn more!","breadcrumb":{"@id":"https:\/\/greatermiramichisc.ca\/fr\/vivez-ici\/emploi-et-benevolat\/ressources-pour-les-employeurs-et-les-commerces\/#breadcrumb"},"inLanguage":"fr-FR","potentialAction":[{"@type":"ReadAction","target":["https:\/\/greatermiramichisc.ca\/fr\/vivez-ici\/emploi-et-benevolat\/ressources-pour-les-employeurs-et-les-commerces\/"]}]},{"@type":"ImageObject","inLanguage":"fr-FR","@id":"https:\/\/greatermiramichisc.ca\/fr\/vivez-ici\/emploi-et-benevolat\/ressources-pour-les-employeurs-et-les-commerces\/#primaryimage","url":"https:\/\/greatermiramichisc.ca\/wp-content\/uploads\/2025\/09\/2-1.png","contentUrl":"https:\/\/greatermiramichisc.ca\/wp-content\/uploads\/2025\/09\/2-1.png"},{"@type":"BreadcrumbList","@id":"https:\/\/greatermiramichisc.ca\/fr\/vivez-ici\/emploi-et-benevolat\/ressources-pour-les-employeurs-et-les-commerces\/#breadcrumb","itemListElement":[{"@type":"ListItem","position":1,"name":"Home","item":"https:\/\/greatermiramichisc.ca\/fr\/"},{"@type":"ListItem","position":2,"name":"Vivez ici","item":"https:\/\/greatermiramichisc.ca\/fr\/vivez-ici\/"},{"@type":"ListItem","position":3,"name":"Emploi et b\u00e9n\u00e9volat","item":"https:\/\/greatermiramichisc.ca\/fr\/vivez-ici\/emploi-et-benevolat\/"},{"@type":"ListItem","position":4,"name":"Ressources pour les employeurs et les commerces"}]},{"@type":"WebSite","@id":"https:\/\/greatermiramichisc.ca\/#website","url":"https:\/\/greatermiramichisc.ca\/","name":"Greater Miramichi Service Commission","description":"Welcome to the Miramichi region.","publisher":{"@id":"https:\/\/greatermiramichisc.ca\/#organization"},"alternateName":"GMSC","potentialAction":[{"@type":"SearchAction","target":{"@type":"EntryPoint","urlTemplate":"https:\/\/greatermiramichisc.ca\/?s={search_term_string}"},"query-input":{"@type":"PropertyValueSpecification","valueRequired":true,"valueName":"search_term_string"}}],"inLanguage":"fr-FR"},{"@type":"Organization","@id":"https:\/\/greatermiramichisc.ca\/#organization","name":"Greater Miramichi Service Commission","alternateName":"GMSC","url":"https:\/\/greatermiramichisc.ca\/","logo":{"@type":"ImageObject","inLanguage":"fr-FR","@id":"https:\/\/greatermiramichisc.ca\/#\/schema\/logo\/image\/","url":"https:\/\/greatermiramichisc.ca\/wp-content\/uploads\/2024\/12\/NAV-Logo.png","contentUrl":"https:\/\/greatermiramichisc.ca\/wp-content\/uploads\/2024\/12\/NAV-Logo.png","width":1140,"height":345,"caption":"Greater Miramichi Service Commission"},"image":{"@id":"https:\/\/greatermiramichisc.ca\/#\/schema\/logo\/image\/"}}]}},"_links":{"self":[{"href":"https:\/\/greatermiramichisc.ca\/fr\/wp-json\/wp\/v2\/pages\/3120","targetHints":{"allow":["GET"]}}],"collection":[{"href":"https:\/\/greatermiramichisc.ca\/fr\/wp-json\/wp\/v2\/pages"}],"about":[{"href":"https:\/\/greatermiramichisc.ca\/fr\/wp-json\/wp\/v2\/types\/page"}],"author":[{"embeddable":true,"href":"https:\/\/greatermiramichisc.ca\/fr\/wp-json\/wp\/v2\/users\/1"}],"replies":[{"embeddable":true,"href":"https:\/\/greatermiramichisc.ca\/fr\/wp-json\/wp\/v2\/comments?post=3120"}],"version-history":[{"count":9,"href":"https:\/\/greatermiramichisc.ca\/fr\/wp-json\/wp\/v2\/pages\/3120\/revisions"}],"predecessor-version":[{"id":5978,"href":"https:\/\/greatermiramichisc.ca\/fr\/wp-json\/wp\/v2\/pages\/3120\/revisions\/5978"}],"up":[{"embeddable":true,"href":"https:\/\/greatermiramichisc.ca\/fr\/wp-json\/wp\/v2\/pages\/3097"}],"wp:attachment":[{"href":"https:\/\/greatermiramichisc.ca\/fr\/wp-json\/wp\/v2\/media?parent=3120"}],"curies":[{"name":"wp","href":"https:\/\/api.w.org\/{rel}","templated":true}]}}