{"id":3124,"date":"2025-05-15T17:29:57","date_gmt":"2025-05-15T17:29:57","guid":{"rendered":"https:\/\/greatermiramichisc.ca\/work-here\/healthcare-workers\/"},"modified":"2025-10-08T12:51:56","modified_gmt":"2025-10-08T12:51:56","slug":"professionnels-de-la-sante","status":"publish","type":"page","link":"https:\/\/greatermiramichisc.ca\/fr\/vivez-ici\/professionnels-de-la-sante\/","title":{"rendered":"Professionnels de la sant\u00e9"},"content":{"rendered":"\n<h2>\n\t\t<a href=\"https:\/\/greatermiramichisc.ca\/fr\/vivez-ici\/\" title=\"Vivez ici\"  target=\"_self\">\n\t\t\tVivez ici\t\t<\/a>\n\t<\/h2>\n\t<nav aria-label=\"breadcrumbs\">\n            <div class=\"breadcrumb-container theme1\">\n                <ol>\n                                    <\/ol>\n            <\/div>\n        <\/nav>    <script type=\"application\/ld+json\">\n        {\n            \"@context\": \"http:\/\/schema.org\",\n            \"@type\": \"BreadcrumbList\",\n            \"itemListElement\": [\n                            ]\n        }\n    <\/script>\n   \n    <script>\n            <\/script>\n\n\n<h2>\n\t\t\tTu es un professionnel de la sant\u00e9 et tu envisages de d\u00e9m\u00e9nager dans la r\u00e9gion du Grand Miramichi, ou tu viens de t&rsquo;y installer ?\t<\/h2>\n\tLa r\u00e9gion du Grand Miramichi offre une occasion unique et enrichissante aux professionnels de la sant\u00e9 qui veulent faire une vraie diff\u00e9rence. Ici, tu peux profiter du meilleur de la m\u00e9decine urbaine et rurale, acqu\u00e9rir une exp\u00e9rience clinique vari\u00e9e tout en travaillant dans une communaut\u00e9 accueillante et solidaire.<br \/>\nTu auras l&rsquo;occasion de soigner une population vari\u00e9e, y compris des communaut\u00e9s autochtones, et de nouer des relations durables et enrichissantes avec les gens que tu aides. Que tu sois m\u00e9decin, infirmier, professionnel param\u00e9dical ou sp\u00e9cialiste, ton expertise est valoris\u00e9e et ta contribution aura un impact durable sur la vie de tes patients.\n<p>Au-del\u00e0 de ta vie professionnelle, Miramichi offre une qualit\u00e9 de vie exceptionnelle : un co\u00fbt de la vie abordable, une nature \u00e0 couper le souffle et une communaut\u00e9 tr\u00e8s soud\u00e9e qui facilite l&rsquo;installation. Que tu aimes les aventures en plein air, les exp\u00e9riences culturelles ou un style de vie c\u00f4tier d\u00e9contract\u00e9, tu trouveras tout ce que tu cherches ici.<\/p>\n<p>Rejoins-nous dans la r\u00e9gion du Grand Miramichi et fais partie d&rsquo;une communaut\u00e9 de soins de sant\u00e9 qui se soucie vraiment des gens. Ta prochaine grande opportunit\u00e9 commence ici !<\/p>\n\t\t\t<a href=\"https:\/\/greatermiramichisc.ca\/fr\/travaille-ici\/professionnels-de-la-sante\/reseau-local-de-medecins-de-famille\/\" target=\"_self\">\n\t\t\t\t\t\t\tR\u00e9seau local de m\u00e9decins de famille \n\t\t\t<\/a>\n\t\t<iframe loading=\"lazy\" width=\"560\" height=\"315\" src=\"https:\/\/www.youtube.com\/embed\/fmJ6kVxzorw?si=aF0HpFZwG_zekExf\" title=\"YouTube video player\" frameborder=\"0\" allow=\"accelerometer; autoplay; clipboard-write; encrypted-media; gyroscope; picture-in-picture; web-share\" referrerpolicy=\"strict-origin-when-cross-origin\" allowfullscreen><\/iframe>\t\n<h2>\n\t\t\tTu viens d&rsquo;arriver dans la r\u00e9gion ?\t<\/h2>\n<h2>\n\t\t\tNotre concierge d&rsquo;accueil est l\u00e0 pour toi !\t<\/h2>\n\t<p>On est l\u00e0 pour faciliter ton d\u00e9m\u00e9nagement. Notre service de conciergerie d&rsquo;accueil est con\u00e7u pour aider les professionnels de sant\u00e9 qui s&rsquo;installent dans la r\u00e9gion, avec des visites personnalis\u00e9es, des contacts locaux et une aide continue pour toi et ta famille.<\/p>\n\t\t\t<a href=\"https:\/\/calendly.com\/stoundou-gmsc\" target=\"_blank\" rel=\"noopener\">\n\t\t\t\t\t\t\tContactez-nous\n\t\t\t\t\t<\/a>\n\t\t\t<a href=\"https:\/\/greatermiramichisc.ca\/fr\/vivez-ici\/sante\/\" target=\"_self\">\n\t\t\t\t\t\t\tSant\u00e9 r\u00e9gionale\n\t\t\t\t\t<\/a>\n<h2>\n\t\t\t\u00c9v\u00e9nement annuel \u00ab Retour \u00e0 la maison \u00bb dans le domaine de la sant\u00e9\t<\/h2>\n\t<p>Joignez-vous \u00e0 nous pour c\u00e9l\u00e9brer le d\u00e9vouement, l&rsquo;impact et la communaut\u00e9 des professionnels de la sant\u00e9 &#8211; d&rsquo;hier, d&rsquo;aujourd&rsquo;hui et de demain.<\/p>\n\t\t\t<a href=\"https:\/\/greatermiramichisc.ca\/fr\/evenements\/\" target=\"_self\">\n\t\t\t\t\t\t\tD\u00e9couvrir l&rsquo;\u00e9v\u00e9nement\n\t\t\t\t\t<\/a>\n\t\t\t\t\t<a href=\"#\"  id=\"fl-accordion--label-0\" tabindex=\"0\" aria-controls=\"fl-accordion--panel-0\">Sant\u00e9 diversifi\u00e9e<\/a>\n\t\t\t\t\t\t\t\t\t\t\t<a href=\"#\" id=\"fl-accordion--icon-0\"  tabindex=\"0\"><i title=\"D\u00e9plier\">D\u00e9plier<\/i><\/a>\n\t\t\t\t\t<ul>\n<li aria-level=\"1\"><a href=\"https:\/\/www.asdnice.com\/intro-to-nursing.html\" target=\"_blank\" rel=\"noopener\">Cours en soins de sant\u00e9 du NBCC<\/a><\/li>\n<li aria-level=\"1\"><a href=\"https:\/\/www.unb.ca\/academics\/calendar\/undergraduate\/current\/saint-john-courses\/health\/index.html\" target=\"_blank\" rel=\"noopener\">Cours en soins de sant\u00e9 de l&rsquo;UNB<\/a><\/li>\n<li aria-level=\"1\"><a href=\"https:\/\/www.asdnice.com\/intro-to-nursing.html\" target=\"_blank\" rel=\"noopener\">Cours en soins infirmiers de l&rsquo;ASDN ICE<\/a><\/li>\n<li aria-level=\"1\"><a href=\"https:\/\/unicarehealthcare.ca\/formation-et-education\/?lang=fr\" target=\"_blank\" rel=\"noopener\">Formation Unicare<\/a><\/li>\n<li aria-level=\"1\"><a href=\"https:\/\/horizonnb.ca\/fr\/carrieres\/programmes-de-formation\/\" target=\"_blank\" rel=\"noopener\">Programmes \u00e9ducatifs Horizon<\/a><\/li>\n<li aria-level=\"1\"><a href=\"https:\/\/www.facebook.com\/profile.php?id=100042097915989\" target=\"_blank\" rel=\"noopener\">Centre de formation en sant\u00e9 de Miramichi<\/a><\/li>\n<li aria-level=\"1\"><a href=\"https:\/\/www2.gnb.ca\/content\/gnb\/fr\/services\/services_renderer.5095.Conseil_en_emploi.html\" target=\"_blank\" rel=\"noopener\">Conseils en mati\u00e8re d&#8217;emploi<\/a><\/li>\n<li aria-level=\"1\"><a href=\"https:\/\/www2.gnb.ca\/content\/gnb\/en\/corporate\/promo\/careers_in_healthcare\/Recruitment-and-Retention-Incentives.html?utm_source=chatgpt.com\" target=\"_blank\" rel=\"noopener\">Mesures incitatives pour le recrutement et la r\u00e9tention au Nouveau-Brunswick<\/a><\/li>\n<li aria-level=\"1\"><a href=\"https:\/\/horizonnb.ca\/fr\/carrieres\/\" target=\"_blank\" rel=\"noopener\">Carri\u00e8res au sein du R\u00e9seau de sant\u00e9 Horizon<\/a><\/li>\n<\/ul>\n\n","protected":false},"excerpt":{"rendered":"<p>Vivez ici Tu es un professionnel de la sant\u00e9 et tu envisages de d\u00e9m\u00e9nager dans la r\u00e9gion du Grand Miramichi, ou tu viens de t&rsquo;y installer ? La r\u00e9gion du&hellip;<\/p>\n","protected":false},"author":1,"featured_media":0,"parent":3096,"menu_order":0,"comment_status":"closed","ping_status":"closed","template":"","meta":{"_acf_changed":false,"footnotes":""},"class_list":["post-3124","page","type-page","status-publish","hentry"],"acf":[],"yoast_head":"<!-- This site is optimized with the Yoast SEO plugin v27.4 - https:\/\/yoast.com\/product\/yoast-seo-wordpress\/ -->\n<title>Professionnels de la sant\u00e9 | Greater Miramichi Service Commission<\/title>\n<meta name=\"description\" content=\"Want to learn more about the Greater Miramichi Service Commission? Visit our Professionnels de la sant\u00e9 page to learn more!\" \/>\n<meta name=\"robots\" content=\"index, follow, max-snippet:-1, max-image-preview:large, max-video-preview:-1\" \/>\n<link rel=\"canonical\" href=\"https:\/\/greatermiramichisc.ca\/fr\/vivez-ici\/professionnels-de-la-sante\/\" \/>\n<meta property=\"og:locale\" content=\"fr_FR\" \/>\n<meta property=\"og:type\" content=\"article\" \/>\n<meta property=\"og:title\" content=\"Professionnels de la sant\u00e9 | Greater Miramichi Service Commission\" \/>\n<meta property=\"og:description\" content=\"Want to learn more about the Greater Miramichi Service Commission? Visit our Professionnels de la sant\u00e9 page to learn more!\" \/>\n<meta property=\"og:url\" content=\"https:\/\/greatermiramichisc.ca\/fr\/vivez-ici\/professionnels-de-la-sante\/\" \/>\n<meta property=\"og:site_name\" content=\"Greater Miramichi Service Commission\" \/>\n<meta property=\"article:modified_time\" content=\"2025-10-08T12:51:56+00:00\" \/>\n<meta property=\"og:image\" content=\"https:\/\/greatermiramichisc.ca\/wp-content\/uploads\/2025\/04\/RegionalStrategyVid.png\" \/>\n\t<meta property=\"og:image:width\" content=\"1020\" \/>\n\t<meta property=\"og:image:height\" content=\"574\" \/>\n\t<meta property=\"og:image:type\" content=\"image\/png\" \/>\n<meta name=\"twitter:card\" content=\"summary_large_image\" \/>\n<meta name=\"twitter:label1\" content=\"Dur\u00e9e de lecture estim\u00e9e\" \/>\n\t<meta name=\"twitter:data1\" content=\"2 minutes\" \/>\n<script type=\"application\/ld+json\" class=\"yoast-schema-graph\">{\"@context\":\"https:\\\/\\\/schema.org\",\"@graph\":[{\"@type\":\"WebPage\",\"@id\":\"https:\\\/\\\/greatermiramichisc.ca\\\/fr\\\/vivez-ici\\\/professionnels-de-la-sante\\\/\",\"url\":\"https:\\\/\\\/greatermiramichisc.ca\\\/fr\\\/vivez-ici\\\/professionnels-de-la-sante\\\/\",\"name\":\"Professionnels de la sant\u00e9 | Greater Miramichi Service Commission\",\"isPartOf\":{\"@id\":\"https:\\\/\\\/greatermiramichisc.ca\\\/#website\"},\"datePublished\":\"2025-05-15T17:29:57+00:00\",\"dateModified\":\"2025-10-08T12:51:56+00:00\",\"description\":\"Want to learn more about the Greater Miramichi Service Commission? Visit our Professionnels de la sant\u00e9 page to learn more!\",\"breadcrumb\":{\"@id\":\"https:\\\/\\\/greatermiramichisc.ca\\\/fr\\\/vivez-ici\\\/professionnels-de-la-sante\\\/#breadcrumb\"},\"inLanguage\":\"fr-FR\",\"potentialAction\":[{\"@type\":\"ReadAction\",\"target\":[\"https:\\\/\\\/greatermiramichisc.ca\\\/fr\\\/vivez-ici\\\/professionnels-de-la-sante\\\/\"]}]},{\"@type\":\"BreadcrumbList\",\"@id\":\"https:\\\/\\\/greatermiramichisc.ca\\\/fr\\\/vivez-ici\\\/professionnels-de-la-sante\\\/#breadcrumb\",\"itemListElement\":[{\"@type\":\"ListItem\",\"position\":1,\"name\":\"Home\",\"item\":\"https:\\\/\\\/greatermiramichisc.ca\\\/fr\\\/\"},{\"@type\":\"ListItem\",\"position\":2,\"name\":\"Vivez ici\",\"item\":\"https:\\\/\\\/greatermiramichisc.ca\\\/fr\\\/vivez-ici\\\/\"},{\"@type\":\"ListItem\",\"position\":3,\"name\":\"Professionnels de la sant\u00e9\"}]},{\"@type\":\"WebSite\",\"@id\":\"https:\\\/\\\/greatermiramichisc.ca\\\/#website\",\"url\":\"https:\\\/\\\/greatermiramichisc.ca\\\/\",\"name\":\"Greater Miramichi Service Commission\",\"description\":\"Welcome to the Miramichi region.\",\"publisher\":{\"@id\":\"https:\\\/\\\/greatermiramichisc.ca\\\/#organization\"},\"alternateName\":\"GMSC\",\"potentialAction\":[{\"@type\":\"SearchAction\",\"target\":{\"@type\":\"EntryPoint\",\"urlTemplate\":\"https:\\\/\\\/greatermiramichisc.ca\\\/?s={search_term_string}\"},\"query-input\":{\"@type\":\"PropertyValueSpecification\",\"valueRequired\":true,\"valueName\":\"search_term_string\"}}],\"inLanguage\":\"fr-FR\"},{\"@type\":\"Organization\",\"@id\":\"https:\\\/\\\/greatermiramichisc.ca\\\/#organization\",\"name\":\"Greater Miramichi Service Commission\",\"alternateName\":\"GMSC\",\"url\":\"https:\\\/\\\/greatermiramichisc.ca\\\/\",\"logo\":{\"@type\":\"ImageObject\",\"inLanguage\":\"fr-FR\",\"@id\":\"https:\\\/\\\/greatermiramichisc.ca\\\/#\\\/schema\\\/logo\\\/image\\\/\",\"url\":\"https:\\\/\\\/greatermiramichisc.ca\\\/wp-content\\\/uploads\\\/2024\\\/12\\\/NAV-Logo.png\",\"contentUrl\":\"https:\\\/\\\/greatermiramichisc.ca\\\/wp-content\\\/uploads\\\/2024\\\/12\\\/NAV-Logo.png\",\"width\":1140,\"height\":345,\"caption\":\"Greater Miramichi Service Commission\"},\"image\":{\"@id\":\"https:\\\/\\\/greatermiramichisc.ca\\\/#\\\/schema\\\/logo\\\/image\\\/\"}}]}<\/script>\n<!-- \/ Yoast SEO plugin. -->","yoast_head_json":{"title":"Professionnels de la sant\u00e9 | Greater Miramichi Service Commission","description":"Want to learn more about the Greater Miramichi Service Commission? Visit our Professionnels de la sant\u00e9 page to learn more!","robots":{"index":"index","follow":"follow","max-snippet":"max-snippet:-1","max-image-preview":"max-image-preview:large","max-video-preview":"max-video-preview:-1"},"canonical":"https:\/\/greatermiramichisc.ca\/fr\/vivez-ici\/professionnels-de-la-sante\/","og_locale":"fr_FR","og_type":"article","og_title":"Professionnels de la sant\u00e9 | Greater Miramichi Service Commission","og_description":"Want to learn more about the Greater Miramichi Service Commission? Visit our Professionnels de la sant\u00e9 page to learn more!","og_url":"https:\/\/greatermiramichisc.ca\/fr\/vivez-ici\/professionnels-de-la-sante\/","og_site_name":"Greater Miramichi Service Commission","article_modified_time":"2025-10-08T12:51:56+00:00","og_image":[{"width":1020,"height":574,"url":"https:\/\/greatermiramichisc.ca\/wp-content\/uploads\/2025\/04\/RegionalStrategyVid.png","type":"image\/png"}],"twitter_card":"summary_large_image","twitter_misc":{"Dur\u00e9e de lecture estim\u00e9e":"2 minutes"},"schema":{"@context":"https:\/\/schema.org","@graph":[{"@type":"WebPage","@id":"https:\/\/greatermiramichisc.ca\/fr\/vivez-ici\/professionnels-de-la-sante\/","url":"https:\/\/greatermiramichisc.ca\/fr\/vivez-ici\/professionnels-de-la-sante\/","name":"Professionnels de la sant\u00e9 | Greater Miramichi Service Commission","isPartOf":{"@id":"https:\/\/greatermiramichisc.ca\/#website"},"datePublished":"2025-05-15T17:29:57+00:00","dateModified":"2025-10-08T12:51:56+00:00","description":"Want to learn more about the Greater Miramichi Service Commission? Visit our Professionnels de la sant\u00e9 page to learn more!","breadcrumb":{"@id":"https:\/\/greatermiramichisc.ca\/fr\/vivez-ici\/professionnels-de-la-sante\/#breadcrumb"},"inLanguage":"fr-FR","potentialAction":[{"@type":"ReadAction","target":["https:\/\/greatermiramichisc.ca\/fr\/vivez-ici\/professionnels-de-la-sante\/"]}]},{"@type":"BreadcrumbList","@id":"https:\/\/greatermiramichisc.ca\/fr\/vivez-ici\/professionnels-de-la-sante\/#breadcrumb","itemListElement":[{"@type":"ListItem","position":1,"name":"Home","item":"https:\/\/greatermiramichisc.ca\/fr\/"},{"@type":"ListItem","position":2,"name":"Vivez ici","item":"https:\/\/greatermiramichisc.ca\/fr\/vivez-ici\/"},{"@type":"ListItem","position":3,"name":"Professionnels de la sant\u00e9"}]},{"@type":"WebSite","@id":"https:\/\/greatermiramichisc.ca\/#website","url":"https:\/\/greatermiramichisc.ca\/","name":"Greater Miramichi Service Commission","description":"Welcome to the Miramichi region.","publisher":{"@id":"https:\/\/greatermiramichisc.ca\/#organization"},"alternateName":"GMSC","potentialAction":[{"@type":"SearchAction","target":{"@type":"EntryPoint","urlTemplate":"https:\/\/greatermiramichisc.ca\/?s={search_term_string}"},"query-input":{"@type":"PropertyValueSpecification","valueRequired":true,"valueName":"search_term_string"}}],"inLanguage":"fr-FR"},{"@type":"Organization","@id":"https:\/\/greatermiramichisc.ca\/#organization","name":"Greater Miramichi Service Commission","alternateName":"GMSC","url":"https:\/\/greatermiramichisc.ca\/","logo":{"@type":"ImageObject","inLanguage":"fr-FR","@id":"https:\/\/greatermiramichisc.ca\/#\/schema\/logo\/image\/","url":"https:\/\/greatermiramichisc.ca\/wp-content\/uploads\/2024\/12\/NAV-Logo.png","contentUrl":"https:\/\/greatermiramichisc.ca\/wp-content\/uploads\/2024\/12\/NAV-Logo.png","width":1140,"height":345,"caption":"Greater Miramichi Service Commission"},"image":{"@id":"https:\/\/greatermiramichisc.ca\/#\/schema\/logo\/image\/"}}]}},"_links":{"self":[{"href":"https:\/\/greatermiramichisc.ca\/fr\/wp-json\/wp\/v2\/pages\/3124","targetHints":{"allow":["GET"]}}],"collection":[{"href":"https:\/\/greatermiramichisc.ca\/fr\/wp-json\/wp\/v2\/pages"}],"about":[{"href":"https:\/\/greatermiramichisc.ca\/fr\/wp-json\/wp\/v2\/types\/page"}],"author":[{"embeddable":true,"href":"https:\/\/greatermiramichisc.ca\/fr\/wp-json\/wp\/v2\/users\/1"}],"replies":[{"embeddable":true,"href":"https:\/\/greatermiramichisc.ca\/fr\/wp-json\/wp\/v2\/comments?post=3124"}],"version-history":[{"count":5,"href":"https:\/\/greatermiramichisc.ca\/fr\/wp-json\/wp\/v2\/pages\/3124\/revisions"}],"predecessor-version":[{"id":5731,"href":"https:\/\/greatermiramichisc.ca\/fr\/wp-json\/wp\/v2\/pages\/3124\/revisions\/5731"}],"up":[{"embeddable":true,"href":"https:\/\/greatermiramichisc.ca\/fr\/wp-json\/wp\/v2\/pages\/3096"}],"wp:attachment":[{"href":"https:\/\/greatermiramichisc.ca\/fr\/wp-json\/wp\/v2\/media?parent=3124"}],"curies":[{"name":"wp","href":"https:\/\/api.w.org\/{rel}","templated":true}]}}