{"id":3125,"date":"2025-05-15T17:45:47","date_gmt":"2025-05-15T17:45:47","guid":{"rendered":"https:\/\/greatermiramichisc.ca\/work-here\/healthcare-workers\/family-physician-local-pipeline\/"},"modified":"2025-10-08T12:53:31","modified_gmt":"2025-10-08T12:53:31","slug":"reseau-local-de-medecins-de-famille","status":"publish","type":"page","link":"https:\/\/greatermiramichisc.ca\/fr\/vivez-ici\/professionnels-de-la-sante\/reseau-local-de-medecins-de-famille\/","title":{"rendered":"R\u00e9seau local de m\u00e9decins de famille"},"content":{"rendered":"\n<h2>\n\t\t<a href=\"https:\/\/greatermiramichisc.ca\/fr\/vivez-ici\/\" title=\"Vivez ici\"  target=\"_self\">\n\t\t\tVivez ici\t\t<\/a>\n\t<\/h2>\n\t<nav aria-label=\"breadcrumbs\">\n            <div class=\"breadcrumb-container theme1\">\n                <ol>\n                                    <\/ol>\n            <\/div>\n        <\/nav>    <script type=\"application\/ld+json\">\n        {\n            \"@context\": \"http:\/\/schema.org\",\n            \"@type\": \"BreadcrumbList\",\n            \"itemListElement\": [\n                            ]\n        }\n    <\/script>\n   \n    <script>\n            <\/script>\n\n\n<h2>\n\t\t\tInvestir dans les talents locaux. Renforcer les soins communautaires.\t<\/h2>\n\t<p>Pipeline local de m\u00e9decins de famille est une initiative communautaire qui vise \u00e0 combler la p\u00e9nurie de m\u00e9decins de famille dans notre r\u00e9gion en accompagnant les futurs m\u00e9decins \u00e0 chaque \u00e9tape de leur parcours, du secondaire jusqu&rsquo;\u00e0 l&rsquo;exercice de leur profession.<\/p>\n\t\t\t\t\t<a href=\"#\"  id=\"fl-accordion--label-0\" tabindex=\"0\" aria-controls=\"fl-accordion--panel-0\">Ce parcours structur\u00e9 et solidaire comprend :<\/a>\n\t\t\t\t\t\t\t\t\t\t\t<a href=\"#\" id=\"fl-accordion--icon-0\"  tabindex=\"0\"><i title=\"D\u00e9plier\">D\u00e9plier<\/i><\/a>\n\t\t\t\t\t<ul>\n<li aria-level=\"1\"><strong>Le programme Futurs m\u00e9decins :<\/strong> il implique des lyc\u00e9ens \u00e0 travers un groupe de 11 \u00e9tudiants passionn\u00e9s qui explorent les carri\u00e8res dans le domaine de la sant\u00e9.<\/li>\n<li aria-level=\"1\"><strong>Le programme de mentorat MedSchool :<\/strong> Offre chaque ann\u00e9e un mentorat \u00e0 quatre \u00e9tudiants universitaires, les aidant \u00e0 naviguer dans les exigences de la facult\u00e9 de m\u00e9decine avec confiance et soutien.<\/li>\n<li aria-level=\"1\"><strong>La bourse pour les \u00e9tudiants en quatri\u00e8me ann\u00e9e de m\u00e9decine :<\/strong> Chaque ann\u00e9e, un \u00e9tudiant re\u00e7oit un soutien financier pour all\u00e9ger le fardeau de sa derni\u00e8re ann\u00e9e et l&rsquo;inciter \u00e0 rester en contact avec la communaut\u00e9 locale.<\/li>\n<li aria-level=\"1\"><strong>Placements en r\u00e9sidence en m\u00e9decine familiale :<\/strong> Deux postes de r\u00e9sidence \u00e0 Miramichi offrent une formation pratique et une int\u00e9gration profonde dans la communaut\u00e9, pr\u00e9parant les \u00e9tudiants \u00e0 la pratique r\u00e9elle.<\/li>\n<li aria-level=\"1\"><strong>Soutien \u00e0 la pratique :<\/strong> \u00c0 mesure que les m\u00e9decins entament leur carri\u00e8re, nous leur offrons des outils tels qu&rsquo;un guide de d\u00e9marrage et une base de donn\u00e9es des cabinets locaux afin de favoriser la collaboration, les liens et la r\u00e9ussite dans la cr\u00e9ation ou l&rsquo;int\u00e9gration d&rsquo;une clinique locale.<\/li>\n<\/ul>\n\t<p>Ensemble, ces programmes forment un pipeline coh\u00e9rent qui jette les bases solides pour les futurs professionnels de la sant\u00e9, ce qui favorise la r\u00e9tention \u00e0 long terme des m\u00e9decins et garantit des soins de qualit\u00e9 pour notre communaut\u00e9.<\/p>\n<p>Investir dans nos futurs m\u00e9decins, c&rsquo;est investir dans la sant\u00e9 de notre r\u00e9gion !<\/p>\n<h2>\n\t\t\tR\u00e9seau local de m\u00e9decins de famille\t<\/h2>\n\t<p>De la curiosit\u00e9 \u00e0 la carri\u00e8re : on accompagne les futurs m\u00e9decins \u00e0 chaque \u00e9tape.<\/p>\n<h2>\n\t\t\t\u00c9cole secondaire\t<\/h2>\n\t<p><strong>Programme pour les futurs m\u00e9decins<\/strong><\/p>\n<ul>\n<li>Groupe dirig\u00e9 par des \u00e9l\u00e8ves<\/li>\n<li>11 \u00e9l\u00e8ves par an<\/li>\n<li>On encourage l&rsquo;int\u00e9r\u00eat pr\u00e9coce pour les soins de sant\u00e9<\/li>\n<\/ul>\n<h2>\n\t\t\tUniversit\u00e9\t<\/h2>\n\t<p><strong>Programme de mentorat MedSchool<\/strong><\/p>\n<ul>\n<li>4 \u00e9tudiants soutenus chaque ann\u00e9e<\/li>\n<li>Mentorat personnalis\u00e9 tout au long des \u00e9tudes de m\u00e9decine<\/li>\n<\/ul>\n\t\t\t<a href=\"mailto:kchase@gmsc.ca\" target=\"_blank\" rel=\"noopener\">\n\t\t\t\t\t\t\tContactez-nous pour plus d&rsquo;infos\n\t\t\t\t\t<\/a>\n<h2>\n\t\t\tBourse d&rsquo;\u00e9tudes de 4e ann\u00e9e\t<\/h2>\n\t<ul>\n<li>1 \u00e9tudiant r\u00e9compens\u00e9 chaque ann\u00e9e<\/li>\n<li>Aide financi\u00e8re pour la derni\u00e8re ann\u00e9e d&rsquo;\u00e9tudes de m\u00e9decine<\/li>\n<\/ul>\n\t\t\t<a href=\"https:\/\/www.nbmeded.ca\/fr\/2024-recipients\" target=\"_blank\" rel=\"noopener\">\n\t\t\t\t\t\t\tEn savoir plus\n\t\t\t\t\t<\/a>\n<h2>\n\t\t\tR\u00e9sidence\t<\/h2>\n\t<strong>R\u00e9sidence en m\u00e9decine<br \/>\nfamiliale \u00e0 Miramichi<\/strong>\n<ul>\n<li>2 r\u00e9sidents soutenus chaque ann\u00e9e<\/li>\n<li>Formation pratique et int\u00e9gration dans la communaut\u00e9<\/li>\n<\/ul>\n\t\t\t<a href=\"https:\/\/www.maritimefamilymedicine.ca\/miramichi#:~:text=Miramichi%E2%80%99s%20site%20is%20ideal%20for%20residents%20looking%20for%20a%20longitudinal\" target=\"_blank\" rel=\"noopener\">\n\t\t\t\t\t\t\tEn savoir plus\n\t\t\t\t\t<\/a>\n<h2>\n\t\t\tPratique\t<\/h2>\n\t<p><strong>Pratique collaborative et\/ou soutien clinique<\/strong><\/p>\n<ul>\n<li>Inventaire local\/base de donn\u00e9es pour \u00e9tablir des relations professionnelles<\/li>\n<li>Guide de d\u00e9marrage pour faciliter la mise en place du cabinet<\/li>\n<\/ul>\n<h2>\n\t\t\tBourse d&rsquo;\u00e9tudes de 4e ann\u00e9e\t<\/h2>\n<h2>\n\t\t\tRobert Loggie : premier r\u00e9cipiendaire de la bourse d&rsquo;\u00e9tudes pour les \u00e9tudiants en m\u00e9decine de 4e ann\u00e9e\t<\/h2>\n\t<p>On est fiers de vous pr\u00e9senter Robert Loggie, premier r\u00e9cipiendaire de la bourse d&rsquo;\u00e9tudes de 4e ann\u00e9e dans le cadre de l&rsquo;initiative Local Pipeline pour les m\u00e9decins de famille. \u00c9tudiant en quatri\u00e8me ann\u00e9e de m\u00e9decine \u00e0 Dalhousie Medicine New Brunswick et originaire de Miramichi, Robert incarne parfaitement l&rsquo;esprit de ce programme : cultiver les talents locaux pour servir et renforcer nos communaut\u00e9s. Titulaire d&rsquo;un baccalaur\u00e9at en sciences biologiques de l&rsquo;Universit\u00e9 Mount Allison et anim\u00e9 d&rsquo;une passion \u00e9vidente pour la sant\u00e9 communautaire, Robert a d\u00e9j\u00e0 d\u00e9montr\u00e9 son engagement \u00e0 travers un travail de sensibilisation tr\u00e8s efficace. Au cours de l&rsquo;ann\u00e9e \u00e9coul\u00e9e, il a donn\u00e9 des pr\u00e9sentations essentielles sur la pr\u00e9vention des IST et la contraception aux \u00e9l\u00e8ves de l&rsquo;\u00e9cole Elsipogtog, et s&rsquo;est engag\u00e9 aupr\u00e8s du centre de sant\u00e9 Eel Ground pour sensibiliser \u00e0 la gestion du diab\u00e8te. Son parcours dans la m\u00e9decine a \u00e9t\u00e9 inspir\u00e9 par les soins que sa grand-m\u00e8re a re\u00e7us pendant son traitement contre le cancer, une exp\u00e9rience qui a suscit\u00e9 en lui un profond d\u00e9sir de faire une diff\u00e9rence dans la vie des autres.<\/p>\n\t\t\t\t<img decoding=\"async\" src=\"https:\/\/greatermiramichisc.ca\/wp-content\/uploads\/2025\/05\/Robert-Loggie-Headshot-2024.jpg\" alt=\"Robert Loggie-Headshot-2024\" itemprop=\"image\" height=\"469\" width=\"405\" title=\"Robert Loggie-Headshot-2024\" onerror=\"this.style.display='none'\" loading=\"lazy\" \/>\n\t<p>La bourse d&rsquo;\u00e9tudes de quatri\u00e8me ann\u00e9e a \u00e9t\u00e9 cr\u00e9\u00e9e pour soutenir et retenir les futurs m\u00e9decins de famille comme Robert en all\u00e9geant le fardeau financier pendant la derni\u00e8re partie de leur formation m\u00e9dicale. Comme le dit Robert, \u00ab Mon objectif en tant que m\u00e9decin est de retourner \u00e0 Miramichi et de mettre mes comp\u00e9tences au service de la communaut\u00e9 qui m&rsquo;a aid\u00e9 \u00e0 devenir la personne que je suis aujourd&rsquo;hui. \u00bb Ses paroles et ses actions refl\u00e8tent la mission de cette bourse, qui est de former une main-d&rsquo;\u0153uvre locale durable dans le domaine de la sant\u00e9, ancr\u00e9e dans la r\u00e9gion et engag\u00e9e envers celle-ci.<\/p>\n<strong>F\u00e9licitations, Robert ! <\/strong><br \/>\n<strong>On est super contents de t&rsquo;accompagner dans ton parcours et impatients de voir ce que tu vas accomplir.<\/strong>\n\t\t\t\t\t<a href=\"#\"  id=\"fl-accordion--label-0\" tabindex=\"0\" aria-controls=\"fl-accordion--panel-0\">Ressources<\/a>\n\t\t\t\t\t\t\t\t\t\t\t<a href=\"#\" id=\"fl-accordion--icon-0\"  tabindex=\"0\"><i title=\"D\u00e9plier\">D\u00e9plier<\/i><\/a>\n\t\t\t\t\t<ul>\n<li aria-level=\"1\"><a href=\"https:\/\/medicine.dal.ca\/departments\/core-units\/undergraduate\/program\/LICD\/miramichi.html#:~:text=Built%20in%201996%20with%20160-bed%20capacity%20and%20staff%20of%2070\" target=\"_blank\" rel=\"noopener\">Stage clinique int\u00e9gr\u00e9 longitudinal de Dalhousie (LICD) : programme de formation m\u00e9dicale de base de 48 semaines<\/a><\/li>\n<li aria-level=\"1\"><a href=\"https:\/\/horizonnb.ca\/careers\/career-paths\/physicians\/#:~:text=The%20Province%20of%20New%20Brunswick%20is%20currently%20offering%20competitive%20urban\" target=\"_blank\" rel=\"noopener\">Mesures incitatives pour les m\u00e9decins<\/a><\/li>\n<li aria-level=\"1\"><a href=\"https:\/\/ca.indeed.com\/cmp\/Horizon-Health-Network\/about#:~:text=If%20you%20are%20a%20Registered%20Nurse%20%28RN%29%20and,or%20part-time%29%20and%20who%20sign%20a%20Return-of-Service%20agreement.\" target=\"_blank\" rel=\"noopener\">Mesures incitatives pour les infirmi\u00e8res<\/a><\/li>\n<li aria-level=\"1\"><a href=\"https:\/\/horizonnb.ca\/fr\/carrieres\/recompenses-dhorizon-pour-recommandation\/\" target=\"_blank\" rel=\"noopener\">R\u00e9compense pour les recommandations Horizon<\/a><\/li>\n<\/ul>\n\n","protected":false},"excerpt":{"rendered":"<p>Vivez ici Investir dans les talents locaux. Renforcer les soins communautaires. Pipeline local de m\u00e9decins de famille est une initiative communautaire qui vise \u00e0 combler la p\u00e9nurie de m\u00e9decins de&hellip;<\/p>\n","protected":false},"author":1,"featured_media":0,"parent":3124,"menu_order":0,"comment_status":"closed","ping_status":"closed","template":"","meta":{"_acf_changed":false,"footnotes":""},"class_list":["post-3125","page","type-page","status-publish","hentry"],"acf":[],"yoast_head":"<!-- This site is optimized with the Yoast SEO plugin v27.4 - https:\/\/yoast.com\/product\/yoast-seo-wordpress\/ -->\n<title>R\u00e9seau local de m\u00e9decins de famille | Greater Miramichi Service Commission<\/title>\n<meta name=\"description\" content=\"Want to learn more about the Greater Miramichi Service Commission? Visit our R\u00e9seau local de m\u00e9decins de famille page to learn more!\" \/>\n<meta name=\"robots\" content=\"index, follow, max-snippet:-1, max-image-preview:large, max-video-preview:-1\" \/>\n<link rel=\"canonical\" href=\"https:\/\/greatermiramichisc.ca\/fr\/vivez-ici\/professionnels-de-la-sante\/reseau-local-de-medecins-de-famille\/\" \/>\n<meta property=\"og:locale\" content=\"fr_FR\" \/>\n<meta property=\"og:type\" content=\"article\" \/>\n<meta property=\"og:title\" content=\"R\u00e9seau local de m\u00e9decins de famille | Greater Miramichi Service Commission\" \/>\n<meta property=\"og:description\" content=\"Want to learn more about the Greater Miramichi Service Commission? Visit our R\u00e9seau local de m\u00e9decins de famille page to learn more!\" \/>\n<meta property=\"og:url\" content=\"https:\/\/greatermiramichisc.ca\/fr\/vivez-ici\/professionnels-de-la-sante\/reseau-local-de-medecins-de-famille\/\" \/>\n<meta property=\"og:site_name\" content=\"Greater Miramichi Service Commission\" \/>\n<meta property=\"article:modified_time\" content=\"2025-10-08T12:53:31+00:00\" \/>\n<meta property=\"og:image\" content=\"https:\/\/greatermiramichisc.ca\/wp-content\/uploads\/2025\/05\/Robert-Loggie-Headshot-2024.jpg\" \/>\n<meta name=\"twitter:card\" content=\"summary_large_image\" \/>\n<meta name=\"twitter:label1\" content=\"Dur\u00e9e de lecture estim\u00e9e\" \/>\n\t<meta name=\"twitter:data1\" content=\"4 minutes\" \/>\n<script type=\"application\/ld+json\" class=\"yoast-schema-graph\">{\"@context\":\"https:\\\/\\\/schema.org\",\"@graph\":[{\"@type\":\"WebPage\",\"@id\":\"https:\\\/\\\/greatermiramichisc.ca\\\/fr\\\/vivez-ici\\\/professionnels-de-la-sante\\\/reseau-local-de-medecins-de-famille\\\/\",\"url\":\"https:\\\/\\\/greatermiramichisc.ca\\\/fr\\\/vivez-ici\\\/professionnels-de-la-sante\\\/reseau-local-de-medecins-de-famille\\\/\",\"name\":\"R\u00e9seau local de m\u00e9decins de famille | Greater Miramichi Service Commission\",\"isPartOf\":{\"@id\":\"https:\\\/\\\/greatermiramichisc.ca\\\/#website\"},\"primaryImageOfPage\":{\"@id\":\"https:\\\/\\\/greatermiramichisc.ca\\\/fr\\\/vivez-ici\\\/professionnels-de-la-sante\\\/reseau-local-de-medecins-de-famille\\\/#primaryimage\"},\"image\":{\"@id\":\"https:\\\/\\\/greatermiramichisc.ca\\\/fr\\\/vivez-ici\\\/professionnels-de-la-sante\\\/reseau-local-de-medecins-de-famille\\\/#primaryimage\"},\"thumbnailUrl\":\"https:\\\/\\\/greatermiramichisc.ca\\\/wp-content\\\/uploads\\\/2025\\\/05\\\/Robert-Loggie-Headshot-2024.jpg\",\"datePublished\":\"2025-05-15T17:45:47+00:00\",\"dateModified\":\"2025-10-08T12:53:31+00:00\",\"description\":\"Want to learn more about the Greater Miramichi Service Commission? Visit our R\u00e9seau local de m\u00e9decins de famille page to learn more!\",\"breadcrumb\":{\"@id\":\"https:\\\/\\\/greatermiramichisc.ca\\\/fr\\\/vivez-ici\\\/professionnels-de-la-sante\\\/reseau-local-de-medecins-de-famille\\\/#breadcrumb\"},\"inLanguage\":\"fr-FR\",\"potentialAction\":[{\"@type\":\"ReadAction\",\"target\":[\"https:\\\/\\\/greatermiramichisc.ca\\\/fr\\\/vivez-ici\\\/professionnels-de-la-sante\\\/reseau-local-de-medecins-de-famille\\\/\"]}]},{\"@type\":\"ImageObject\",\"inLanguage\":\"fr-FR\",\"@id\":\"https:\\\/\\\/greatermiramichisc.ca\\\/fr\\\/vivez-ici\\\/professionnels-de-la-sante\\\/reseau-local-de-medecins-de-famille\\\/#primaryimage\",\"url\":\"https:\\\/\\\/greatermiramichisc.ca\\\/wp-content\\\/uploads\\\/2025\\\/05\\\/Robert-Loggie-Headshot-2024.jpg\",\"contentUrl\":\"https:\\\/\\\/greatermiramichisc.ca\\\/wp-content\\\/uploads\\\/2025\\\/05\\\/Robert-Loggie-Headshot-2024.jpg\"},{\"@type\":\"BreadcrumbList\",\"@id\":\"https:\\\/\\\/greatermiramichisc.ca\\\/fr\\\/vivez-ici\\\/professionnels-de-la-sante\\\/reseau-local-de-medecins-de-famille\\\/#breadcrumb\",\"itemListElement\":[{\"@type\":\"ListItem\",\"position\":1,\"name\":\"Home\",\"item\":\"https:\\\/\\\/greatermiramichisc.ca\\\/fr\\\/\"},{\"@type\":\"ListItem\",\"position\":2,\"name\":\"Vivez ici\",\"item\":\"https:\\\/\\\/greatermiramichisc.ca\\\/fr\\\/vivez-ici\\\/\"},{\"@type\":\"ListItem\",\"position\":3,\"name\":\"Professionnels de la sant\u00e9\",\"item\":\"https:\\\/\\\/greatermiramichisc.ca\\\/fr\\\/vivez-ici\\\/professionnels-de-la-sante\\\/\"},{\"@type\":\"ListItem\",\"position\":4,\"name\":\"R\u00e9seau local de m\u00e9decins de famille\"}]},{\"@type\":\"WebSite\",\"@id\":\"https:\\\/\\\/greatermiramichisc.ca\\\/#website\",\"url\":\"https:\\\/\\\/greatermiramichisc.ca\\\/\",\"name\":\"Greater Miramichi Service Commission\",\"description\":\"Welcome to the Miramichi region.\",\"publisher\":{\"@id\":\"https:\\\/\\\/greatermiramichisc.ca\\\/#organization\"},\"alternateName\":\"GMSC\",\"potentialAction\":[{\"@type\":\"SearchAction\",\"target\":{\"@type\":\"EntryPoint\",\"urlTemplate\":\"https:\\\/\\\/greatermiramichisc.ca\\\/?s={search_term_string}\"},\"query-input\":{\"@type\":\"PropertyValueSpecification\",\"valueRequired\":true,\"valueName\":\"search_term_string\"}}],\"inLanguage\":\"fr-FR\"},{\"@type\":\"Organization\",\"@id\":\"https:\\\/\\\/greatermiramichisc.ca\\\/#organization\",\"name\":\"Greater Miramichi Service Commission\",\"alternateName\":\"GMSC\",\"url\":\"https:\\\/\\\/greatermiramichisc.ca\\\/\",\"logo\":{\"@type\":\"ImageObject\",\"inLanguage\":\"fr-FR\",\"@id\":\"https:\\\/\\\/greatermiramichisc.ca\\\/#\\\/schema\\\/logo\\\/image\\\/\",\"url\":\"https:\\\/\\\/greatermiramichisc.ca\\\/wp-content\\\/uploads\\\/2024\\\/12\\\/NAV-Logo.png\",\"contentUrl\":\"https:\\\/\\\/greatermiramichisc.ca\\\/wp-content\\\/uploads\\\/2024\\\/12\\\/NAV-Logo.png\",\"width\":1140,\"height\":345,\"caption\":\"Greater Miramichi Service Commission\"},\"image\":{\"@id\":\"https:\\\/\\\/greatermiramichisc.ca\\\/#\\\/schema\\\/logo\\\/image\\\/\"}}]}<\/script>\n<!-- \/ Yoast SEO plugin. -->","yoast_head_json":{"title":"R\u00e9seau local de m\u00e9decins de famille | Greater Miramichi Service Commission","description":"Want to learn more about the Greater Miramichi Service Commission? Visit our R\u00e9seau local de m\u00e9decins de famille page to learn more!","robots":{"index":"index","follow":"follow","max-snippet":"max-snippet:-1","max-image-preview":"max-image-preview:large","max-video-preview":"max-video-preview:-1"},"canonical":"https:\/\/greatermiramichisc.ca\/fr\/vivez-ici\/professionnels-de-la-sante\/reseau-local-de-medecins-de-famille\/","og_locale":"fr_FR","og_type":"article","og_title":"R\u00e9seau local de m\u00e9decins de famille | Greater Miramichi Service Commission","og_description":"Want to learn more about the Greater Miramichi Service Commission? Visit our R\u00e9seau local de m\u00e9decins de famille page to learn more!","og_url":"https:\/\/greatermiramichisc.ca\/fr\/vivez-ici\/professionnels-de-la-sante\/reseau-local-de-medecins-de-famille\/","og_site_name":"Greater Miramichi Service Commission","article_modified_time":"2025-10-08T12:53:31+00:00","og_image":[{"url":"https:\/\/greatermiramichisc.ca\/wp-content\/uploads\/2025\/05\/Robert-Loggie-Headshot-2024.jpg","type":"","width":"","height":""}],"twitter_card":"summary_large_image","twitter_misc":{"Dur\u00e9e de lecture estim\u00e9e":"4 minutes"},"schema":{"@context":"https:\/\/schema.org","@graph":[{"@type":"WebPage","@id":"https:\/\/greatermiramichisc.ca\/fr\/vivez-ici\/professionnels-de-la-sante\/reseau-local-de-medecins-de-famille\/","url":"https:\/\/greatermiramichisc.ca\/fr\/vivez-ici\/professionnels-de-la-sante\/reseau-local-de-medecins-de-famille\/","name":"R\u00e9seau local de m\u00e9decins de famille | Greater Miramichi Service Commission","isPartOf":{"@id":"https:\/\/greatermiramichisc.ca\/#website"},"primaryImageOfPage":{"@id":"https:\/\/greatermiramichisc.ca\/fr\/vivez-ici\/professionnels-de-la-sante\/reseau-local-de-medecins-de-famille\/#primaryimage"},"image":{"@id":"https:\/\/greatermiramichisc.ca\/fr\/vivez-ici\/professionnels-de-la-sante\/reseau-local-de-medecins-de-famille\/#primaryimage"},"thumbnailUrl":"https:\/\/greatermiramichisc.ca\/wp-content\/uploads\/2025\/05\/Robert-Loggie-Headshot-2024.jpg","datePublished":"2025-05-15T17:45:47+00:00","dateModified":"2025-10-08T12:53:31+00:00","description":"Want to learn more about the Greater Miramichi Service Commission? Visit our R\u00e9seau local de m\u00e9decins de famille page to learn more!","breadcrumb":{"@id":"https:\/\/greatermiramichisc.ca\/fr\/vivez-ici\/professionnels-de-la-sante\/reseau-local-de-medecins-de-famille\/#breadcrumb"},"inLanguage":"fr-FR","potentialAction":[{"@type":"ReadAction","target":["https:\/\/greatermiramichisc.ca\/fr\/vivez-ici\/professionnels-de-la-sante\/reseau-local-de-medecins-de-famille\/"]}]},{"@type":"ImageObject","inLanguage":"fr-FR","@id":"https:\/\/greatermiramichisc.ca\/fr\/vivez-ici\/professionnels-de-la-sante\/reseau-local-de-medecins-de-famille\/#primaryimage","url":"https:\/\/greatermiramichisc.ca\/wp-content\/uploads\/2025\/05\/Robert-Loggie-Headshot-2024.jpg","contentUrl":"https:\/\/greatermiramichisc.ca\/wp-content\/uploads\/2025\/05\/Robert-Loggie-Headshot-2024.jpg"},{"@type":"BreadcrumbList","@id":"https:\/\/greatermiramichisc.ca\/fr\/vivez-ici\/professionnels-de-la-sante\/reseau-local-de-medecins-de-famille\/#breadcrumb","itemListElement":[{"@type":"ListItem","position":1,"name":"Home","item":"https:\/\/greatermiramichisc.ca\/fr\/"},{"@type":"ListItem","position":2,"name":"Vivez ici","item":"https:\/\/greatermiramichisc.ca\/fr\/vivez-ici\/"},{"@type":"ListItem","position":3,"name":"Professionnels de la sant\u00e9","item":"https:\/\/greatermiramichisc.ca\/fr\/vivez-ici\/professionnels-de-la-sante\/"},{"@type":"ListItem","position":4,"name":"R\u00e9seau local de m\u00e9decins de famille"}]},{"@type":"WebSite","@id":"https:\/\/greatermiramichisc.ca\/#website","url":"https:\/\/greatermiramichisc.ca\/","name":"Greater Miramichi Service Commission","description":"Welcome to the Miramichi region.","publisher":{"@id":"https:\/\/greatermiramichisc.ca\/#organization"},"alternateName":"GMSC","potentialAction":[{"@type":"SearchAction","target":{"@type":"EntryPoint","urlTemplate":"https:\/\/greatermiramichisc.ca\/?s={search_term_string}"},"query-input":{"@type":"PropertyValueSpecification","valueRequired":true,"valueName":"search_term_string"}}],"inLanguage":"fr-FR"},{"@type":"Organization","@id":"https:\/\/greatermiramichisc.ca\/#organization","name":"Greater Miramichi Service Commission","alternateName":"GMSC","url":"https:\/\/greatermiramichisc.ca\/","logo":{"@type":"ImageObject","inLanguage":"fr-FR","@id":"https:\/\/greatermiramichisc.ca\/#\/schema\/logo\/image\/","url":"https:\/\/greatermiramichisc.ca\/wp-content\/uploads\/2024\/12\/NAV-Logo.png","contentUrl":"https:\/\/greatermiramichisc.ca\/wp-content\/uploads\/2024\/12\/NAV-Logo.png","width":1140,"height":345,"caption":"Greater Miramichi Service Commission"},"image":{"@id":"https:\/\/greatermiramichisc.ca\/#\/schema\/logo\/image\/"}}]}},"_links":{"self":[{"href":"https:\/\/greatermiramichisc.ca\/fr\/wp-json\/wp\/v2\/pages\/3125","targetHints":{"allow":["GET"]}}],"collection":[{"href":"https:\/\/greatermiramichisc.ca\/fr\/wp-json\/wp\/v2\/pages"}],"about":[{"href":"https:\/\/greatermiramichisc.ca\/fr\/wp-json\/wp\/v2\/types\/page"}],"author":[{"embeddable":true,"href":"https:\/\/greatermiramichisc.ca\/fr\/wp-json\/wp\/v2\/users\/1"}],"replies":[{"embeddable":true,"href":"https:\/\/greatermiramichisc.ca\/fr\/wp-json\/wp\/v2\/comments?post=3125"}],"version-history":[{"count":5,"href":"https:\/\/greatermiramichisc.ca\/fr\/wp-json\/wp\/v2\/pages\/3125\/revisions"}],"predecessor-version":[{"id":5732,"href":"https:\/\/greatermiramichisc.ca\/fr\/wp-json\/wp\/v2\/pages\/3125\/revisions\/5732"}],"up":[{"embeddable":true,"href":"https:\/\/greatermiramichisc.ca\/fr\/wp-json\/wp\/v2\/pages\/3124"}],"wp:attachment":[{"href":"https:\/\/greatermiramichisc.ca\/fr\/wp-json\/wp\/v2\/media?parent=3125"}],"curies":[{"name":"wp","href":"https:\/\/api.w.org\/{rel}","templated":true}]}}