{"id":3131,"date":"2025-05-14T20:04:17","date_gmt":"2025-05-14T20:04:17","guid":{"rendered":"https:\/\/greatermiramichisc.ca\/community-development\/community-food-security\/accessible-food-resource-guide\/"},"modified":"2025-10-31T11:35:22","modified_gmt":"2025-10-31T11:35:22","slug":"guide-des-ressources-alimentaires-accessibles","status":"publish","type":"page","link":"https:\/\/greatermiramichisc.ca\/fr\/developpement-communautaire\/securite-alimentaire-communautaire\/guide-des-ressources-alimentaires-accessibles\/","title":{"rendered":"Guide des ressources alimentaires accessibles"},"content":{"rendered":"\n<h2>\n\t\t<a href=\"https:\/\/greatermiramichisc.ca\/fr\/developpement-communautaire\/\" title=\"D\u00e9veloppement Communautaire:\"  target=\"_self\">\n\t\t\tD\u00e9veloppement Communautaire:\t\t<\/a>\n\t<\/h2>\n\t<nav aria-label=\"breadcrumbs\">\n            <div class=\"breadcrumb-container theme1\">\n                <ol>\n                                    <\/ol>\n            <\/div>\n        <\/nav>    <script type=\"application\/ld+json\">\n        {\n            \"@context\": \"http:\/\/schema.org\",\n            \"@type\": \"BreadcrumbList\",\n            \"itemListElement\": [\n                            ]\n        }\n    <\/script>\n   \n    <script>\n            <\/script>\n\n<h2>\n\t\t\tGuide des ressources alimentaires accessibles\t<\/h2>\n\t<p>Notre Guide des ressources alimentaires accessibles est un r\u00e9pertoire complet des services disponibles dans toute la r\u00e9gion du Grand Miramichi. Il comprend :<\/p>\n<ul>\n<li>Banques alimentaires et garde-manger<\/li>\n<li>Programmes communautaires de repas<\/li>\n<li>Les jardins community<\/li>\n<li>D&rsquo;autres initiatives pour l&rsquo;acc\u00e8s \u00e0 la nourriture et la nutrition<\/li>\n<\/ul>\n<p>Le guide est mis \u00e0 jour tous les trimestres pour garantir son exactitude et sa pertinence. Que tu aies besoin d&rsquo;une aide imm\u00e9diate ou que tu cherches des solutions \u00e0 long terme, cette ressource te mettra en contact avec les services d&rsquo;aide appropri\u00e9s dans ta r\u00e9gion.<\/p>\n\t\t\t<a href=\"https:\/\/open-ca.bludot.io\/cities\/greatermiramichi\/businesses?categories=0eafb67d-f17d-407a-9165-8b8b487f7125&#038;jobs&#038;openNow&#038;query=\" target=\"_blank\" rel=\"noopener\">\n\t\t\t\t\t\t\tD\u00e9couvrez notre annuaire\n\t\t\t\t\t<\/a>\n\t\t\t\t<img decoding=\"async\" src=\"https:\/\/greatermiramichisc.ca\/wp-content\/uploads\/2025\/09\/3-scaled.png\" alt=\"3\" itemprop=\"image\" height=\"1978\" width=\"2560\" title=\"3\" onerror=\"this.style.display='none'\" loading=\"lazy\" \/>\n\n","protected":false},"excerpt":{"rendered":"<p>D\u00e9veloppement Communautaire: Guide des ressources alimentaires accessibles Notre Guide des ressources alimentaires accessibles est un r\u00e9pertoire complet des services disponibles dans toute la r\u00e9gion du Grand Miramichi. Il comprend :&hellip;<\/p>\n","protected":false},"author":1,"featured_media":0,"parent":3035,"menu_order":1,"comment_status":"closed","ping_status":"closed","template":"","meta":{"_acf_changed":false,"footnotes":""},"class_list":["post-3131","page","type-page","status-publish","hentry"],"acf":[],"yoast_head":"<!-- This site is optimized with the Yoast SEO plugin v27.4 - https:\/\/yoast.com\/product\/yoast-seo-wordpress\/ -->\n<title>Guide des ressources alimentaires accessibles | Greater Miramichi Service Commission<\/title>\n<meta name=\"description\" content=\"Want to learn more about the Greater Miramichi Service Commission? Visit our Guide des ressources alimentaires accessibles page to learn more!\" \/>\n<meta name=\"robots\" content=\"index, follow, max-snippet:-1, max-image-preview:large, max-video-preview:-1\" \/>\n<link rel=\"canonical\" href=\"https:\/\/greatermiramichisc.ca\/fr\/developpement-communautaire\/securite-alimentaire-communautaire\/guide-des-ressources-alimentaires-accessibles\/\" \/>\n<meta property=\"og:locale\" content=\"fr_FR\" \/>\n<meta property=\"og:type\" content=\"article\" \/>\n<meta property=\"og:title\" content=\"Guide des ressources alimentaires accessibles | Greater Miramichi Service Commission\" \/>\n<meta property=\"og:description\" content=\"Want to learn more about the Greater Miramichi Service Commission? Visit our Guide des ressources alimentaires accessibles page to learn more!\" \/>\n<meta property=\"og:url\" content=\"https:\/\/greatermiramichisc.ca\/fr\/developpement-communautaire\/securite-alimentaire-communautaire\/guide-des-ressources-alimentaires-accessibles\/\" \/>\n<meta property=\"og:site_name\" content=\"Greater Miramichi Service Commission\" \/>\n<meta property=\"article:modified_time\" content=\"2025-10-31T11:35:22+00:00\" \/>\n<meta property=\"og:image\" content=\"https:\/\/greatermiramichisc.ca\/wp-content\/uploads\/2025\/09\/3-scaled.png\" \/>\n<meta name=\"twitter:card\" content=\"summary_large_image\" \/>\n<meta name=\"twitter:label1\" content=\"Dur\u00e9e de lecture estim\u00e9e\" \/>\n\t<meta name=\"twitter:data1\" content=\"1 minute\" \/>\n<script type=\"application\/ld+json\" class=\"yoast-schema-graph\">{\"@context\":\"https:\\\/\\\/schema.org\",\"@graph\":[{\"@type\":\"WebPage\",\"@id\":\"https:\\\/\\\/greatermiramichisc.ca\\\/fr\\\/developpement-communautaire\\\/securite-alimentaire-communautaire\\\/guide-des-ressources-alimentaires-accessibles\\\/\",\"url\":\"https:\\\/\\\/greatermiramichisc.ca\\\/fr\\\/developpement-communautaire\\\/securite-alimentaire-communautaire\\\/guide-des-ressources-alimentaires-accessibles\\\/\",\"name\":\"Guide des ressources alimentaires accessibles | Greater Miramichi Service Commission\",\"isPartOf\":{\"@id\":\"https:\\\/\\\/greatermiramichisc.ca\\\/#website\"},\"primaryImageOfPage\":{\"@id\":\"https:\\\/\\\/greatermiramichisc.ca\\\/fr\\\/developpement-communautaire\\\/securite-alimentaire-communautaire\\\/guide-des-ressources-alimentaires-accessibles\\\/#primaryimage\"},\"image\":{\"@id\":\"https:\\\/\\\/greatermiramichisc.ca\\\/fr\\\/developpement-communautaire\\\/securite-alimentaire-communautaire\\\/guide-des-ressources-alimentaires-accessibles\\\/#primaryimage\"},\"thumbnailUrl\":\"https:\\\/\\\/greatermiramichisc.ca\\\/wp-content\\\/uploads\\\/2025\\\/09\\\/3-scaled.png\",\"datePublished\":\"2025-05-14T20:04:17+00:00\",\"dateModified\":\"2025-10-31T11:35:22+00:00\",\"description\":\"Want to learn more about the Greater Miramichi Service Commission? Visit our Guide des ressources alimentaires accessibles page to learn more!\",\"breadcrumb\":{\"@id\":\"https:\\\/\\\/greatermiramichisc.ca\\\/fr\\\/developpement-communautaire\\\/securite-alimentaire-communautaire\\\/guide-des-ressources-alimentaires-accessibles\\\/#breadcrumb\"},\"inLanguage\":\"fr-FR\",\"potentialAction\":[{\"@type\":\"ReadAction\",\"target\":[\"https:\\\/\\\/greatermiramichisc.ca\\\/fr\\\/developpement-communautaire\\\/securite-alimentaire-communautaire\\\/guide-des-ressources-alimentaires-accessibles\\\/\"]}]},{\"@type\":\"ImageObject\",\"inLanguage\":\"fr-FR\",\"@id\":\"https:\\\/\\\/greatermiramichisc.ca\\\/fr\\\/developpement-communautaire\\\/securite-alimentaire-communautaire\\\/guide-des-ressources-alimentaires-accessibles\\\/#primaryimage\",\"url\":\"https:\\\/\\\/greatermiramichisc.ca\\\/wp-content\\\/uploads\\\/2025\\\/09\\\/3-scaled.png\",\"contentUrl\":\"https:\\\/\\\/greatermiramichisc.ca\\\/wp-content\\\/uploads\\\/2025\\\/09\\\/3-scaled.png\"},{\"@type\":\"BreadcrumbList\",\"@id\":\"https:\\\/\\\/greatermiramichisc.ca\\\/fr\\\/developpement-communautaire\\\/securite-alimentaire-communautaire\\\/guide-des-ressources-alimentaires-accessibles\\\/#breadcrumb\",\"itemListElement\":[{\"@type\":\"ListItem\",\"position\":1,\"name\":\"Home\",\"item\":\"https:\\\/\\\/greatermiramichisc.ca\\\/fr\\\/\"},{\"@type\":\"ListItem\",\"position\":2,\"name\":\"D\u00e9veloppement Communautaire\",\"item\":\"https:\\\/\\\/greatermiramichisc.ca\\\/fr\\\/developpement-communautaire\\\/\"},{\"@type\":\"ListItem\",\"position\":3,\"name\":\"S\u00e9curit\u00e9 alimentaire communautaire\",\"item\":\"https:\\\/\\\/greatermiramichisc.ca\\\/fr\\\/developpement-communautaire\\\/securite-alimentaire-communautaire\\\/\"},{\"@type\":\"ListItem\",\"position\":4,\"name\":\"Guide des ressources alimentaires accessibles\"}]},{\"@type\":\"WebSite\",\"@id\":\"https:\\\/\\\/greatermiramichisc.ca\\\/#website\",\"url\":\"https:\\\/\\\/greatermiramichisc.ca\\\/\",\"name\":\"Greater Miramichi Service Commission\",\"description\":\"Welcome to the Miramichi region.\",\"publisher\":{\"@id\":\"https:\\\/\\\/greatermiramichisc.ca\\\/#organization\"},\"alternateName\":\"GMSC\",\"potentialAction\":[{\"@type\":\"SearchAction\",\"target\":{\"@type\":\"EntryPoint\",\"urlTemplate\":\"https:\\\/\\\/greatermiramichisc.ca\\\/?s={search_term_string}\"},\"query-input\":{\"@type\":\"PropertyValueSpecification\",\"valueRequired\":true,\"valueName\":\"search_term_string\"}}],\"inLanguage\":\"fr-FR\"},{\"@type\":\"Organization\",\"@id\":\"https:\\\/\\\/greatermiramichisc.ca\\\/#organization\",\"name\":\"Greater Miramichi Service Commission\",\"alternateName\":\"GMSC\",\"url\":\"https:\\\/\\\/greatermiramichisc.ca\\\/\",\"logo\":{\"@type\":\"ImageObject\",\"inLanguage\":\"fr-FR\",\"@id\":\"https:\\\/\\\/greatermiramichisc.ca\\\/#\\\/schema\\\/logo\\\/image\\\/\",\"url\":\"https:\\\/\\\/greatermiramichisc.ca\\\/wp-content\\\/uploads\\\/2024\\\/12\\\/NAV-Logo.png\",\"contentUrl\":\"https:\\\/\\\/greatermiramichisc.ca\\\/wp-content\\\/uploads\\\/2024\\\/12\\\/NAV-Logo.png\",\"width\":1140,\"height\":345,\"caption\":\"Greater Miramichi Service Commission\"},\"image\":{\"@id\":\"https:\\\/\\\/greatermiramichisc.ca\\\/#\\\/schema\\\/logo\\\/image\\\/\"}}]}<\/script>\n<!-- \/ Yoast SEO plugin. -->","yoast_head_json":{"title":"Guide des ressources alimentaires accessibles | Greater Miramichi Service Commission","description":"Want to learn more about the Greater Miramichi Service Commission? Visit our Guide des ressources alimentaires accessibles page to learn more!","robots":{"index":"index","follow":"follow","max-snippet":"max-snippet:-1","max-image-preview":"max-image-preview:large","max-video-preview":"max-video-preview:-1"},"canonical":"https:\/\/greatermiramichisc.ca\/fr\/developpement-communautaire\/securite-alimentaire-communautaire\/guide-des-ressources-alimentaires-accessibles\/","og_locale":"fr_FR","og_type":"article","og_title":"Guide des ressources alimentaires accessibles | Greater Miramichi Service Commission","og_description":"Want to learn more about the Greater Miramichi Service Commission? Visit our Guide des ressources alimentaires accessibles page to learn more!","og_url":"https:\/\/greatermiramichisc.ca\/fr\/developpement-communautaire\/securite-alimentaire-communautaire\/guide-des-ressources-alimentaires-accessibles\/","og_site_name":"Greater Miramichi Service Commission","article_modified_time":"2025-10-31T11:35:22+00:00","og_image":[{"url":"https:\/\/greatermiramichisc.ca\/wp-content\/uploads\/2025\/09\/3-scaled.png","type":"","width":"","height":""}],"twitter_card":"summary_large_image","twitter_misc":{"Dur\u00e9e de lecture estim\u00e9e":"1 minute"},"schema":{"@context":"https:\/\/schema.org","@graph":[{"@type":"WebPage","@id":"https:\/\/greatermiramichisc.ca\/fr\/developpement-communautaire\/securite-alimentaire-communautaire\/guide-des-ressources-alimentaires-accessibles\/","url":"https:\/\/greatermiramichisc.ca\/fr\/developpement-communautaire\/securite-alimentaire-communautaire\/guide-des-ressources-alimentaires-accessibles\/","name":"Guide des ressources alimentaires accessibles | Greater Miramichi Service Commission","isPartOf":{"@id":"https:\/\/greatermiramichisc.ca\/#website"},"primaryImageOfPage":{"@id":"https:\/\/greatermiramichisc.ca\/fr\/developpement-communautaire\/securite-alimentaire-communautaire\/guide-des-ressources-alimentaires-accessibles\/#primaryimage"},"image":{"@id":"https:\/\/greatermiramichisc.ca\/fr\/developpement-communautaire\/securite-alimentaire-communautaire\/guide-des-ressources-alimentaires-accessibles\/#primaryimage"},"thumbnailUrl":"https:\/\/greatermiramichisc.ca\/wp-content\/uploads\/2025\/09\/3-scaled.png","datePublished":"2025-05-14T20:04:17+00:00","dateModified":"2025-10-31T11:35:22+00:00","description":"Want to learn more about the Greater Miramichi Service Commission? Visit our Guide des ressources alimentaires accessibles page to learn more!","breadcrumb":{"@id":"https:\/\/greatermiramichisc.ca\/fr\/developpement-communautaire\/securite-alimentaire-communautaire\/guide-des-ressources-alimentaires-accessibles\/#breadcrumb"},"inLanguage":"fr-FR","potentialAction":[{"@type":"ReadAction","target":["https:\/\/greatermiramichisc.ca\/fr\/developpement-communautaire\/securite-alimentaire-communautaire\/guide-des-ressources-alimentaires-accessibles\/"]}]},{"@type":"ImageObject","inLanguage":"fr-FR","@id":"https:\/\/greatermiramichisc.ca\/fr\/developpement-communautaire\/securite-alimentaire-communautaire\/guide-des-ressources-alimentaires-accessibles\/#primaryimage","url":"https:\/\/greatermiramichisc.ca\/wp-content\/uploads\/2025\/09\/3-scaled.png","contentUrl":"https:\/\/greatermiramichisc.ca\/wp-content\/uploads\/2025\/09\/3-scaled.png"},{"@type":"BreadcrumbList","@id":"https:\/\/greatermiramichisc.ca\/fr\/developpement-communautaire\/securite-alimentaire-communautaire\/guide-des-ressources-alimentaires-accessibles\/#breadcrumb","itemListElement":[{"@type":"ListItem","position":1,"name":"Home","item":"https:\/\/greatermiramichisc.ca\/fr\/"},{"@type":"ListItem","position":2,"name":"D\u00e9veloppement Communautaire","item":"https:\/\/greatermiramichisc.ca\/fr\/developpement-communautaire\/"},{"@type":"ListItem","position":3,"name":"S\u00e9curit\u00e9 alimentaire communautaire","item":"https:\/\/greatermiramichisc.ca\/fr\/developpement-communautaire\/securite-alimentaire-communautaire\/"},{"@type":"ListItem","position":4,"name":"Guide des ressources alimentaires accessibles"}]},{"@type":"WebSite","@id":"https:\/\/greatermiramichisc.ca\/#website","url":"https:\/\/greatermiramichisc.ca\/","name":"Greater Miramichi Service Commission","description":"Welcome to the Miramichi region.","publisher":{"@id":"https:\/\/greatermiramichisc.ca\/#organization"},"alternateName":"GMSC","potentialAction":[{"@type":"SearchAction","target":{"@type":"EntryPoint","urlTemplate":"https:\/\/greatermiramichisc.ca\/?s={search_term_string}"},"query-input":{"@type":"PropertyValueSpecification","valueRequired":true,"valueName":"search_term_string"}}],"inLanguage":"fr-FR"},{"@type":"Organization","@id":"https:\/\/greatermiramichisc.ca\/#organization","name":"Greater Miramichi Service Commission","alternateName":"GMSC","url":"https:\/\/greatermiramichisc.ca\/","logo":{"@type":"ImageObject","inLanguage":"fr-FR","@id":"https:\/\/greatermiramichisc.ca\/#\/schema\/logo\/image\/","url":"https:\/\/greatermiramichisc.ca\/wp-content\/uploads\/2024\/12\/NAV-Logo.png","contentUrl":"https:\/\/greatermiramichisc.ca\/wp-content\/uploads\/2024\/12\/NAV-Logo.png","width":1140,"height":345,"caption":"Greater Miramichi Service Commission"},"image":{"@id":"https:\/\/greatermiramichisc.ca\/#\/schema\/logo\/image\/"}}]}},"_links":{"self":[{"href":"https:\/\/greatermiramichisc.ca\/fr\/wp-json\/wp\/v2\/pages\/3131","targetHints":{"allow":["GET"]}}],"collection":[{"href":"https:\/\/greatermiramichisc.ca\/fr\/wp-json\/wp\/v2\/pages"}],"about":[{"href":"https:\/\/greatermiramichisc.ca\/fr\/wp-json\/wp\/v2\/types\/page"}],"author":[{"embeddable":true,"href":"https:\/\/greatermiramichisc.ca\/fr\/wp-json\/wp\/v2\/users\/1"}],"replies":[{"embeddable":true,"href":"https:\/\/greatermiramichisc.ca\/fr\/wp-json\/wp\/v2\/comments?post=3131"}],"version-history":[{"count":4,"href":"https:\/\/greatermiramichisc.ca\/fr\/wp-json\/wp\/v2\/pages\/3131\/revisions"}],"predecessor-version":[{"id":5980,"href":"https:\/\/greatermiramichisc.ca\/fr\/wp-json\/wp\/v2\/pages\/3131\/revisions\/5980"}],"up":[{"embeddable":true,"href":"https:\/\/greatermiramichisc.ca\/fr\/wp-json\/wp\/v2\/pages\/3035"}],"wp:attachment":[{"href":"https:\/\/greatermiramichisc.ca\/fr\/wp-json\/wp\/v2\/media?parent=3131"}],"curies":[{"name":"wp","href":"https:\/\/api.w.org\/{rel}","templated":true}]}}