{"id":3136,"date":"2025-05-15T15:01:44","date_gmt":"2025-05-15T15:01:44","guid":{"rendered":"https:\/\/greatermiramichisc.ca\/live-here\/employment-volunteering\/training-education-opportunities\/"},"modified":"2025-06-20T05:20:26","modified_gmt":"2025-06-20T05:20:26","slug":"formation-et-education","status":"publish","type":"page","link":"https:\/\/greatermiramichisc.ca\/fr\/vivez-ici\/emploi-et-benevolat\/formation-et-education\/","title":{"rendered":"Formation et \u00e9ducation"},"content":{"rendered":"\n<h2>\n\t\t<a href=\"https:\/\/greatermiramichisc.ca\/fr\/vivez-ici\/\" title=\"Vivez ici:\"  target=\"_self\">\n\t\t\tVivez ici:\t\t<\/a>\n\t<\/h2>\n\t<nav aria-label=\"breadcrumbs\">\n            <div class=\"breadcrumb-container theme1\">\n                <ol>\n                                    <\/ol>\n            <\/div>\n        <\/nav>    <script type=\"application\/ld+json\">\n        {\n            \"@context\": \"http:\/\/schema.org\",\n            \"@type\": \"BreadcrumbList\",\n            \"itemListElement\": [\n                            ]\n        }\n    <\/script>\n   \n    <script>\n            <\/script>\n\n\n\t<p>La r\u00e9gion du Grand Miramichi offre plein d&rsquo;options d&rsquo;\u00e9tudes postsecondaires, comme des coll\u00e8ges, des programmes de formation et des cours sp\u00e9cialis\u00e9s pour t&rsquo;aider dans ton parcours professionnel. Que tu veuilles continuer tes \u00e9tudes, acqu\u00e9rir de nouvelles comp\u00e9tences ou explorer des possibilit\u00e9s de perfectionnement professionnel, il y a des ressources pour t&rsquo;aider \u00e0 r\u00e9ussir.<\/p>\n<p>Voici une liste des \u00e9tablissements d&rsquo;enseignement et des programmes offerts dans la r\u00e9gion.<\/p>\n\t\t\t<a href=\"https:\/\/nbcc.ca\/campuses\/miramichi\" target=\"_blank\" rel=\"noopener\">\n\t\t\t\t\t\t\tNBCC\n\t\t\t<\/a>\n\t\t\t<a href=\"https:\/\/www.asdnice.com\/\" target=\"_blank\" rel=\"noopener\">\n\t\t\t\t\t\t\tICE ASDN\n\t\t\t<\/a>\n\t\t\t<a href=\"https:\/\/nbcc.ca\/programs-courses\/part-time-education\/fastnb\" target=\"_blank\" rel=\"noopener\">\n\t\t\t\t\t\t\tFast NB\n\t\t\t<\/a>\n\t\t\t<a href=\"https:\/\/xn--emploissantnb-lhb.com\/possibilites-demploi\/?_gl=1*k1eop1*_gcl_au*MTM4NDc0ODM4Ny4xNzQ3NzUzMzY0*_ga*MTg3ODA0NjAwOS4xNzQ3NzUzMzY0*_ga_KZHPH1X4X7*czE3NDgyODUwODkkbzIkZzAkdDE3NDgyODUwODkkajAkbDAkaDA\" target=\"_blank\" rel=\"noopener\">\n\t\t\t\t\t\t\tCarri\u00e8res dans le domaine de la sant\u00e9\n\t\t\t<\/a>\n\n","protected":false},"excerpt":{"rendered":"<p>Vivez ici: La r\u00e9gion du Grand Miramichi offre plein d&rsquo;options d&rsquo;\u00e9tudes postsecondaires, comme des coll\u00e8ges, des programmes de formation et des cours sp\u00e9cialis\u00e9s pour t&rsquo;aider dans ton parcours professionnel. Que&hellip;<\/p>\n","protected":false},"author":1,"featured_media":0,"parent":3097,"menu_order":0,"comment_status":"closed","ping_status":"closed","template":"","meta":{"_acf_changed":false,"footnotes":""},"class_list":["post-3136","page","type-page","status-publish","hentry"],"acf":[],"yoast_head":"<!-- This site is optimized with the Yoast SEO plugin v27.4 - https:\/\/yoast.com\/product\/yoast-seo-wordpress\/ -->\n<title>Formation et \u00e9ducation | Greater Miramichi Service Commission<\/title>\n<meta name=\"description\" content=\"Want to learn more about the Greater Miramichi Service Commission? Visit our Formation et \u00e9ducation page to learn more!\" \/>\n<meta name=\"robots\" content=\"index, follow, max-snippet:-1, max-image-preview:large, max-video-preview:-1\" \/>\n<link rel=\"canonical\" href=\"https:\/\/greatermiramichisc.ca\/fr\/vivez-ici\/emploi-et-benevolat\/formation-et-education\/\" \/>\n<meta property=\"og:locale\" content=\"fr_FR\" \/>\n<meta property=\"og:type\" content=\"article\" \/>\n<meta property=\"og:title\" content=\"Formation et \u00e9ducation | Greater Miramichi Service Commission\" \/>\n<meta property=\"og:description\" content=\"Want to learn more about the Greater Miramichi Service Commission? Visit our Formation et \u00e9ducation page to learn more!\" \/>\n<meta property=\"og:url\" content=\"https:\/\/greatermiramichisc.ca\/fr\/vivez-ici\/emploi-et-benevolat\/formation-et-education\/\" \/>\n<meta property=\"og:site_name\" content=\"Greater Miramichi Service Commission\" \/>\n<meta property=\"article:modified_time\" content=\"2025-06-20T05:20:26+00:00\" \/>\n<meta property=\"og:image\" content=\"https:\/\/greatermiramichisc.ca\/wp-content\/uploads\/2025\/04\/RegionalStrategyVid.png\" \/>\n\t<meta property=\"og:image:width\" content=\"1020\" \/>\n\t<meta property=\"og:image:height\" content=\"574\" \/>\n\t<meta property=\"og:image:type\" content=\"image\/png\" \/>\n<meta name=\"twitter:card\" content=\"summary_large_image\" \/>\n<script type=\"application\/ld+json\" class=\"yoast-schema-graph\">{\"@context\":\"https:\\\/\\\/schema.org\",\"@graph\":[{\"@type\":\"WebPage\",\"@id\":\"https:\\\/\\\/greatermiramichisc.ca\\\/fr\\\/vivez-ici\\\/emploi-et-benevolat\\\/formation-et-education\\\/\",\"url\":\"https:\\\/\\\/greatermiramichisc.ca\\\/fr\\\/vivez-ici\\\/emploi-et-benevolat\\\/formation-et-education\\\/\",\"name\":\"Formation et \u00e9ducation | Greater Miramichi Service Commission\",\"isPartOf\":{\"@id\":\"https:\\\/\\\/greatermiramichisc.ca\\\/#website\"},\"datePublished\":\"2025-05-15T15:01:44+00:00\",\"dateModified\":\"2025-06-20T05:20:26+00:00\",\"description\":\"Want to learn more about the Greater Miramichi Service Commission? Visit our Formation et \u00e9ducation page to learn more!\",\"breadcrumb\":{\"@id\":\"https:\\\/\\\/greatermiramichisc.ca\\\/fr\\\/vivez-ici\\\/emploi-et-benevolat\\\/formation-et-education\\\/#breadcrumb\"},\"inLanguage\":\"fr-FR\",\"potentialAction\":[{\"@type\":\"ReadAction\",\"target\":[\"https:\\\/\\\/greatermiramichisc.ca\\\/fr\\\/vivez-ici\\\/emploi-et-benevolat\\\/formation-et-education\\\/\"]}]},{\"@type\":\"BreadcrumbList\",\"@id\":\"https:\\\/\\\/greatermiramichisc.ca\\\/fr\\\/vivez-ici\\\/emploi-et-benevolat\\\/formation-et-education\\\/#breadcrumb\",\"itemListElement\":[{\"@type\":\"ListItem\",\"position\":1,\"name\":\"Home\",\"item\":\"https:\\\/\\\/greatermiramichisc.ca\\\/fr\\\/\"},{\"@type\":\"ListItem\",\"position\":2,\"name\":\"Vivez ici\",\"item\":\"https:\\\/\\\/greatermiramichisc.ca\\\/fr\\\/vivez-ici\\\/\"},{\"@type\":\"ListItem\",\"position\":3,\"name\":\"Emploi et b\u00e9n\u00e9volat\",\"item\":\"https:\\\/\\\/greatermiramichisc.ca\\\/fr\\\/vivez-ici\\\/emploi-et-benevolat\\\/\"},{\"@type\":\"ListItem\",\"position\":4,\"name\":\"Formation et \u00e9ducation\"}]},{\"@type\":\"WebSite\",\"@id\":\"https:\\\/\\\/greatermiramichisc.ca\\\/#website\",\"url\":\"https:\\\/\\\/greatermiramichisc.ca\\\/\",\"name\":\"Greater Miramichi Service Commission\",\"description\":\"Welcome to the Miramichi region.\",\"publisher\":{\"@id\":\"https:\\\/\\\/greatermiramichisc.ca\\\/#organization\"},\"alternateName\":\"GMSC\",\"potentialAction\":[{\"@type\":\"SearchAction\",\"target\":{\"@type\":\"EntryPoint\",\"urlTemplate\":\"https:\\\/\\\/greatermiramichisc.ca\\\/?s={search_term_string}\"},\"query-input\":{\"@type\":\"PropertyValueSpecification\",\"valueRequired\":true,\"valueName\":\"search_term_string\"}}],\"inLanguage\":\"fr-FR\"},{\"@type\":\"Organization\",\"@id\":\"https:\\\/\\\/greatermiramichisc.ca\\\/#organization\",\"name\":\"Greater Miramichi Service Commission\",\"alternateName\":\"GMSC\",\"url\":\"https:\\\/\\\/greatermiramichisc.ca\\\/\",\"logo\":{\"@type\":\"ImageObject\",\"inLanguage\":\"fr-FR\",\"@id\":\"https:\\\/\\\/greatermiramichisc.ca\\\/#\\\/schema\\\/logo\\\/image\\\/\",\"url\":\"https:\\\/\\\/greatermiramichisc.ca\\\/wp-content\\\/uploads\\\/2024\\\/12\\\/NAV-Logo.png\",\"contentUrl\":\"https:\\\/\\\/greatermiramichisc.ca\\\/wp-content\\\/uploads\\\/2024\\\/12\\\/NAV-Logo.png\",\"width\":1140,\"height\":345,\"caption\":\"Greater Miramichi Service Commission\"},\"image\":{\"@id\":\"https:\\\/\\\/greatermiramichisc.ca\\\/#\\\/schema\\\/logo\\\/image\\\/\"}}]}<\/script>\n<!-- \/ Yoast SEO plugin. -->","yoast_head_json":{"title":"Formation et \u00e9ducation | Greater Miramichi Service Commission","description":"Want to learn more about the Greater Miramichi Service Commission? Visit our Formation et \u00e9ducation page to learn more!","robots":{"index":"index","follow":"follow","max-snippet":"max-snippet:-1","max-image-preview":"max-image-preview:large","max-video-preview":"max-video-preview:-1"},"canonical":"https:\/\/greatermiramichisc.ca\/fr\/vivez-ici\/emploi-et-benevolat\/formation-et-education\/","og_locale":"fr_FR","og_type":"article","og_title":"Formation et \u00e9ducation | Greater Miramichi Service Commission","og_description":"Want to learn more about the Greater Miramichi Service Commission? Visit our Formation et \u00e9ducation page to learn more!","og_url":"https:\/\/greatermiramichisc.ca\/fr\/vivez-ici\/emploi-et-benevolat\/formation-et-education\/","og_site_name":"Greater Miramichi Service Commission","article_modified_time":"2025-06-20T05:20:26+00:00","og_image":[{"width":1020,"height":574,"url":"https:\/\/greatermiramichisc.ca\/wp-content\/uploads\/2025\/04\/RegionalStrategyVid.png","type":"image\/png"}],"twitter_card":"summary_large_image","schema":{"@context":"https:\/\/schema.org","@graph":[{"@type":"WebPage","@id":"https:\/\/greatermiramichisc.ca\/fr\/vivez-ici\/emploi-et-benevolat\/formation-et-education\/","url":"https:\/\/greatermiramichisc.ca\/fr\/vivez-ici\/emploi-et-benevolat\/formation-et-education\/","name":"Formation et \u00e9ducation | Greater Miramichi Service Commission","isPartOf":{"@id":"https:\/\/greatermiramichisc.ca\/#website"},"datePublished":"2025-05-15T15:01:44+00:00","dateModified":"2025-06-20T05:20:26+00:00","description":"Want to learn more about the Greater Miramichi Service Commission? Visit our Formation et \u00e9ducation page to learn more!","breadcrumb":{"@id":"https:\/\/greatermiramichisc.ca\/fr\/vivez-ici\/emploi-et-benevolat\/formation-et-education\/#breadcrumb"},"inLanguage":"fr-FR","potentialAction":[{"@type":"ReadAction","target":["https:\/\/greatermiramichisc.ca\/fr\/vivez-ici\/emploi-et-benevolat\/formation-et-education\/"]}]},{"@type":"BreadcrumbList","@id":"https:\/\/greatermiramichisc.ca\/fr\/vivez-ici\/emploi-et-benevolat\/formation-et-education\/#breadcrumb","itemListElement":[{"@type":"ListItem","position":1,"name":"Home","item":"https:\/\/greatermiramichisc.ca\/fr\/"},{"@type":"ListItem","position":2,"name":"Vivez ici","item":"https:\/\/greatermiramichisc.ca\/fr\/vivez-ici\/"},{"@type":"ListItem","position":3,"name":"Emploi et b\u00e9n\u00e9volat","item":"https:\/\/greatermiramichisc.ca\/fr\/vivez-ici\/emploi-et-benevolat\/"},{"@type":"ListItem","position":4,"name":"Formation et \u00e9ducation"}]},{"@type":"WebSite","@id":"https:\/\/greatermiramichisc.ca\/#website","url":"https:\/\/greatermiramichisc.ca\/","name":"Greater Miramichi Service Commission","description":"Welcome to the Miramichi region.","publisher":{"@id":"https:\/\/greatermiramichisc.ca\/#organization"},"alternateName":"GMSC","potentialAction":[{"@type":"SearchAction","target":{"@type":"EntryPoint","urlTemplate":"https:\/\/greatermiramichisc.ca\/?s={search_term_string}"},"query-input":{"@type":"PropertyValueSpecification","valueRequired":true,"valueName":"search_term_string"}}],"inLanguage":"fr-FR"},{"@type":"Organization","@id":"https:\/\/greatermiramichisc.ca\/#organization","name":"Greater Miramichi Service Commission","alternateName":"GMSC","url":"https:\/\/greatermiramichisc.ca\/","logo":{"@type":"ImageObject","inLanguage":"fr-FR","@id":"https:\/\/greatermiramichisc.ca\/#\/schema\/logo\/image\/","url":"https:\/\/greatermiramichisc.ca\/wp-content\/uploads\/2024\/12\/NAV-Logo.png","contentUrl":"https:\/\/greatermiramichisc.ca\/wp-content\/uploads\/2024\/12\/NAV-Logo.png","width":1140,"height":345,"caption":"Greater Miramichi Service Commission"},"image":{"@id":"https:\/\/greatermiramichisc.ca\/#\/schema\/logo\/image\/"}}]}},"_links":{"self":[{"href":"https:\/\/greatermiramichisc.ca\/fr\/wp-json\/wp\/v2\/pages\/3136","targetHints":{"allow":["GET"]}}],"collection":[{"href":"https:\/\/greatermiramichisc.ca\/fr\/wp-json\/wp\/v2\/pages"}],"about":[{"href":"https:\/\/greatermiramichisc.ca\/fr\/wp-json\/wp\/v2\/types\/page"}],"author":[{"embeddable":true,"href":"https:\/\/greatermiramichisc.ca\/fr\/wp-json\/wp\/v2\/users\/1"}],"replies":[{"embeddable":true,"href":"https:\/\/greatermiramichisc.ca\/fr\/wp-json\/wp\/v2\/comments?post=3136"}],"version-history":[{"count":3,"href":"https:\/\/greatermiramichisc.ca\/fr\/wp-json\/wp\/v2\/pages\/3136\/revisions"}],"predecessor-version":[{"id":3849,"href":"https:\/\/greatermiramichisc.ca\/fr\/wp-json\/wp\/v2\/pages\/3136\/revisions\/3849"}],"up":[{"embeddable":true,"href":"https:\/\/greatermiramichisc.ca\/fr\/wp-json\/wp\/v2\/pages\/3097"}],"wp:attachment":[{"href":"https:\/\/greatermiramichisc.ca\/fr\/wp-json\/wp\/v2\/media?parent=3136"}],"curies":[{"name":"wp","href":"https:\/\/api.w.org\/{rel}","templated":true}]}}