{"id":5076,"date":"2025-08-25T17:03:49","date_gmt":"2025-08-25T17:03:49","guid":{"rendered":"https:\/\/greatermiramichisc.ca\/?page_id=5076"},"modified":"2025-09-10T17:11:16","modified_gmt":"2025-09-10T17:11:16","slug":"noscommunautes-2","status":"publish","type":"page","link":"https:\/\/greatermiramichisc.ca\/fr\/vivez-ici\/noscommunautes-2\/","title":{"rendered":"Nos communaut\u00e9s"},"content":{"rendered":"\n<h2>\n\t\t<a href=\"https:\/\/greatermiramichisc.ca\/live-here\/\" title=\"Live Here:\"  target=\"_self\">\n\t\t\tLive Here:\t\t<\/a>\n\t<\/h2>\n\t<nav aria-label=\"breadcrumbs\">\n            <div class=\"breadcrumb-container theme1\">\n                <ol>\n                                    <\/ol>\n            <\/div>\n        <\/nav>    <script type=\"application\/ld+json\">\n        {\n            \"@context\": \"http:\/\/schema.org\",\n            \"@type\": \"BreadcrumbList\",\n            \"itemListElement\": [\n                            ]\n        }\n    <\/script>\n   \n    <script>\n            <\/script>\n\n<h2>\n\t\t\tNos communaut\u00e9s\t<\/h2>\n\t<p>La r\u00e9gion du Grand Miramichi compte plus de 37 000 habitants et comprend six communaut\u00e9s distinctes : la ville de Miramichi, le district rural du Grand Miramichi, Upper Miramichi, Doaktown, la vall\u00e9e de la rivi\u00e8re Miramichi et Alnwick. Elle compte \u00e9galement trois communaut\u00e9s des Premi\u00e8res Nations : Metepenagiag, Natoaganeg et Esgeno\u00f4petitj.<\/p>\n<h2>\n\t\t\tD\u00e9couvre plus sur nos communaut\u00e9s\t<\/h2>\n\t<p>Va voir leurs sites web pour en savoir plus sur notre r\u00e9gion unique et vari\u00e9e!<\/p>\n\t\t\t<a href=\"https:\/\/www.miramichi.org\" target=\"_blank\" rel=\"noopener\">\n\t\t\t\t\t\t\tla ville de Miramichi\n\t\t\t<\/a>\n\t\t\t<a href=\"https:\/\/www.facebook.com\/groups\/1128975024920259\/\" target=\"_blank\" rel=\"noopener\">\n\t\t\t\t\t\t\tdistrict rural du Grand Miramichi\n\t\t\t<\/a>\n\t\t\t<a href=\"https:\/\/uppermiramichi.ca\/?fbclid=IwY2xjawMJdBVleHRuA2FlbQIxMABicmlkETFLVWplWlJGT1c4eDI3Vlg2AR5Q6Qq-6HvoMtq5VjvEgTNciufbbiIsqNKi-FMBKb9zJoN6qM4Tuk4lEEyGAw_aem_HbIpZbxiMa_OPJXH9xEXMg\" target=\"_blank\" rel=\"noopener\">\n\t\t\t\t\t\t\tUpper Miramichi\n\t\t\t<\/a>\n\t\t\t<a href=\"https:\/\/doaktown.ca\" target=\"_blank\" rel=\"noopener\">\n\t\t\t\t\t\t\tDoaktown\n\t\t\t<\/a>\n\t\t\t<a href=\"https:\/\/miramichirivervalley.com\" target=\"_blank\" rel=\"noopener\">\n\t\t\t\t\t\t\tvall\u00e9e de la rivi\u00e8re Miramichi\n\t\t\t<\/a>\n\t\t\t<a href=\"https:\/\/www.alnwick.ca\" target=\"_blank\" rel=\"noopener\">\n\t\t\t\t\t\t\tAlnwick\n\t\t\t<\/a>\n\t<p><strong>Alnwick<\/strong> est une communaut\u00e9 accueillante avec des racines culturelles riches, des levers de soleil incroyables et des industries de la p\u00eache et de l&rsquo;agriculture qui marchent bien. Les gens du coin aiment jouer au golf, faire des sports nautiques, rouler en VTT et profiter des produits frais de la ferme, tandis que l&rsquo;\u00e9cole locale encourage une forte implication communautaire. Avec plus de 70 % des habitants parlant anglais et fran\u00e7ais, Alnwick offre aussi des avantages uniques pour les entreprises. Si tu cherches des quartiers sympas et des paysages paisibles, Alnwick est l&rsquo;endroit id\u00e9al pour t&rsquo;installer.<\/p>\n<p><strong>Doaktown<\/strong> est une communaut\u00e9 sympa au bord de la rivi\u00e8re o\u00f9 la nature et le confort se rencontrent. Nich\u00e9e le long de la rivi\u00e8re Miramichi, elle offre des loisirs toute l&rsquo;ann\u00e9e, comme la p\u00eache, la randonn\u00e9e, le VTT en \u00e9t\u00e9 et le ski, la motoneige et le patinage en hiver. Avec ses commodit\u00e9s essentielles, ses \u00e9coles vari\u00e9es et son Internet haut d\u00e9bit fiable, Doaktown combine le charme d&rsquo;une petite ville avec le confort moderne. \u00c0 moins d&rsquo;une heure de Fredericton et de Miramichi, c&rsquo;est un endroit paisible o\u00f9 vivre, travailler ou se divertir, parfait pour les amateurs de plein air, les entrepreneurs et les familles.<\/p>\n<p><strong>La vall\u00e9e de la rivi\u00e8re Miramichi<\/strong> est une communaut\u00e9 accueillante de villes et de villages le long de la rivi\u00e8re Miramichi, connue pour sa p\u00eache au saumon de classe mondiale, ses centres villageois anim\u00e9s et ses activit\u00e9s de loisirs infinies telles que le tubing, le VTT, le patinage et les march\u00e9s nocturnes. Les r\u00e9sidents profitent d&rsquo;un \u00e9quilibre entre nature, culture et commodit\u00e9s, avec des \u00e9coles, des commerces et des services \u00e0 proximit\u00e9, ainsi que des exp\u00e9riences uniques \u00e0 la Premi\u00e8re Nation Metepenagiag et au Heritage Park. Avec des carri\u00e8res dans les domaines correctionnel, forestier, touristique et du travail \u00e0 distance, la vall\u00e9e offre \u00e0 la fois des opportunit\u00e9s et un mode de vie exceptionnel au bord de la rivi\u00e8re.<\/p>\n<p><strong>Upper Miramichi<\/strong> est une communaut\u00e9 rurale dynamique compos\u00e9e de 16 villages voisins r\u00e9partis dans les comt\u00e9s de Northumberland et de York, connue pour ses for\u00eats majestueuses, ses collines ondulantes, ses rivi\u00e8res cristallines et sa p\u00eache au saumon de classe mondiale. Riche en histoire et en patrimoine mi&rsquo;kmaq, la communaut\u00e9 allie culture, tradition et aventure \u00e0 une qualit\u00e9 de vie moderne, offrant cano\u00eb, festivals, musique, art et habitants chaleureux. Avec la foresterie comme industrie phare et un attrait croissant pour ceux qui recherchent la tranquillit\u00e9 plut\u00f4t que la vie urbaine, Upper Miramichi est un endroit \u00e0 explorer, o\u00f9 cr\u00e9er des liens et des souvenirs inoubliables.<\/p>\n\t\t\t\t<img decoding=\"async\" src=\"https:\/\/greatermiramichisc.ca\/wp-content\/uploads\/2025\/09\/Regional_Map_2025_FR-2.png\" alt=\"Regional_Map_2025_FR-2\" itemprop=\"image\" height=\"1081\" width=\"1921\" title=\"Regional_Map_2025_FR-2\" onerror=\"this.style.display='none'\" loading=\"lazy\" \/>\n\n","protected":false},"excerpt":{"rendered":"<p>Live Here: Nos communaut\u00e9s La r\u00e9gion du Grand Miramichi compte plus de 37 000 habitants et comprend six communaut\u00e9s distinctes : la ville de Miramichi, le district rural du Grand&hellip;<\/p>\n","protected":false},"author":2,"featured_media":0,"parent":3096,"menu_order":0,"comment_status":"closed","ping_status":"closed","template":"","meta":{"_acf_changed":false,"footnotes":""},"class_list":["post-5076","page","type-page","status-publish","hentry"],"acf":[],"yoast_head":"<!-- This site is optimized with the Yoast SEO plugin v27.5 - https:\/\/yoast.com\/product\/yoast-seo-wordpress\/ -->\n<title>Nos communaut\u00e9s | Greater Miramichi Service Commission<\/title>\n<meta name=\"description\" content=\"Want to learn more about the Greater Miramichi Service Commission? Visit our Nos communaut\u00e9s page to learn more!\" \/>\n<meta name=\"robots\" content=\"index, follow, max-snippet:-1, max-image-preview:large, max-video-preview:-1\" \/>\n<link rel=\"canonical\" href=\"https:\/\/greatermiramichisc.ca\/fr\/vivez-ici\/noscommunautes-2\/\" \/>\n<meta property=\"og:locale\" content=\"fr_FR\" \/>\n<meta property=\"og:type\" content=\"article\" \/>\n<meta property=\"og:title\" content=\"Nos communaut\u00e9s | Greater Miramichi Service Commission\" \/>\n<meta property=\"og:description\" content=\"Want to learn more about the Greater Miramichi Service Commission? Visit our Nos communaut\u00e9s page to learn more!\" \/>\n<meta property=\"og:url\" content=\"https:\/\/greatermiramichisc.ca\/fr\/vivez-ici\/noscommunautes-2\/\" \/>\n<meta property=\"og:site_name\" content=\"Greater Miramichi Service Commission\" \/>\n<meta property=\"article:modified_time\" content=\"2025-09-10T17:11:16+00:00\" \/>\n<meta property=\"og:image\" content=\"https:\/\/greatermiramichisc.ca\/wp-content\/uploads\/2025\/09\/Regional_Map_2025_FR-2.png\" \/>\n<meta name=\"twitter:card\" content=\"summary_large_image\" \/>\n<meta name=\"twitter:label1\" content=\"Dur\u00e9e de lecture estim\u00e9e\" \/>\n\t<meta name=\"twitter:data1\" content=\"3 minutes\" \/>\n<script type=\"application\/ld+json\" class=\"yoast-schema-graph\">{\"@context\":\"https:\\\/\\\/schema.org\",\"@graph\":[{\"@type\":\"WebPage\",\"@id\":\"https:\\\/\\\/greatermiramichisc.ca\\\/fr\\\/vivez-ici\\\/noscommunautes-2\\\/\",\"url\":\"https:\\\/\\\/greatermiramichisc.ca\\\/fr\\\/vivez-ici\\\/noscommunautes-2\\\/\",\"name\":\"Nos communaut\u00e9s | Greater Miramichi Service Commission\",\"isPartOf\":{\"@id\":\"https:\\\/\\\/greatermiramichisc.ca\\\/#website\"},\"primaryImageOfPage\":{\"@id\":\"https:\\\/\\\/greatermiramichisc.ca\\\/fr\\\/vivez-ici\\\/noscommunautes-2\\\/#primaryimage\"},\"image\":{\"@id\":\"https:\\\/\\\/greatermiramichisc.ca\\\/fr\\\/vivez-ici\\\/noscommunautes-2\\\/#primaryimage\"},\"thumbnailUrl\":\"https:\\\/\\\/greatermiramichisc.ca\\\/wp-content\\\/uploads\\\/2025\\\/09\\\/Regional_Map_2025_FR-2.png\",\"datePublished\":\"2025-08-25T17:03:49+00:00\",\"dateModified\":\"2025-09-10T17:11:16+00:00\",\"description\":\"Want to learn more about the Greater Miramichi Service Commission? Visit our Nos communaut\u00e9s page to learn more!\",\"breadcrumb\":{\"@id\":\"https:\\\/\\\/greatermiramichisc.ca\\\/fr\\\/vivez-ici\\\/noscommunautes-2\\\/#breadcrumb\"},\"inLanguage\":\"fr-FR\",\"potentialAction\":[{\"@type\":\"ReadAction\",\"target\":[\"https:\\\/\\\/greatermiramichisc.ca\\\/fr\\\/vivez-ici\\\/noscommunautes-2\\\/\"]}]},{\"@type\":\"ImageObject\",\"inLanguage\":\"fr-FR\",\"@id\":\"https:\\\/\\\/greatermiramichisc.ca\\\/fr\\\/vivez-ici\\\/noscommunautes-2\\\/#primaryimage\",\"url\":\"https:\\\/\\\/greatermiramichisc.ca\\\/wp-content\\\/uploads\\\/2025\\\/09\\\/Regional_Map_2025_FR-2.png\",\"contentUrl\":\"https:\\\/\\\/greatermiramichisc.ca\\\/wp-content\\\/uploads\\\/2025\\\/09\\\/Regional_Map_2025_FR-2.png\"},{\"@type\":\"BreadcrumbList\",\"@id\":\"https:\\\/\\\/greatermiramichisc.ca\\\/fr\\\/vivez-ici\\\/noscommunautes-2\\\/#breadcrumb\",\"itemListElement\":[{\"@type\":\"ListItem\",\"position\":1,\"name\":\"Home\",\"item\":\"https:\\\/\\\/greatermiramichisc.ca\\\/fr\\\/\"},{\"@type\":\"ListItem\",\"position\":2,\"name\":\"Vivez ici\",\"item\":\"https:\\\/\\\/greatermiramichisc.ca\\\/fr\\\/vivez-ici\\\/\"},{\"@type\":\"ListItem\",\"position\":3,\"name\":\"Nos communaut\u00e9s\"}]},{\"@type\":\"WebSite\",\"@id\":\"https:\\\/\\\/greatermiramichisc.ca\\\/#website\",\"url\":\"https:\\\/\\\/greatermiramichisc.ca\\\/\",\"name\":\"Greater Miramichi Service Commission\",\"description\":\"Welcome to the Miramichi region.\",\"publisher\":{\"@id\":\"https:\\\/\\\/greatermiramichisc.ca\\\/#organization\"},\"alternateName\":\"GMSC\",\"potentialAction\":[{\"@type\":\"SearchAction\",\"target\":{\"@type\":\"EntryPoint\",\"urlTemplate\":\"https:\\\/\\\/greatermiramichisc.ca\\\/?s={search_term_string}\"},\"query-input\":{\"@type\":\"PropertyValueSpecification\",\"valueRequired\":true,\"valueName\":\"search_term_string\"}}],\"inLanguage\":\"fr-FR\"},{\"@type\":\"Organization\",\"@id\":\"https:\\\/\\\/greatermiramichisc.ca\\\/#organization\",\"name\":\"Greater Miramichi Service Commission\",\"alternateName\":\"GMSC\",\"url\":\"https:\\\/\\\/greatermiramichisc.ca\\\/\",\"logo\":{\"@type\":\"ImageObject\",\"inLanguage\":\"fr-FR\",\"@id\":\"https:\\\/\\\/greatermiramichisc.ca\\\/#\\\/schema\\\/logo\\\/image\\\/\",\"url\":\"https:\\\/\\\/greatermiramichisc.ca\\\/wp-content\\\/uploads\\\/2024\\\/12\\\/NAV-Logo.png\",\"contentUrl\":\"https:\\\/\\\/greatermiramichisc.ca\\\/wp-content\\\/uploads\\\/2024\\\/12\\\/NAV-Logo.png\",\"width\":1140,\"height\":345,\"caption\":\"Greater Miramichi Service Commission\"},\"image\":{\"@id\":\"https:\\\/\\\/greatermiramichisc.ca\\\/#\\\/schema\\\/logo\\\/image\\\/\"}}]}<\/script>\n<!-- \/ Yoast SEO plugin. -->","yoast_head_json":{"title":"Nos communaut\u00e9s | Greater Miramichi Service Commission","description":"Want to learn more about the Greater Miramichi Service Commission? Visit our Nos communaut\u00e9s page to learn more!","robots":{"index":"index","follow":"follow","max-snippet":"max-snippet:-1","max-image-preview":"max-image-preview:large","max-video-preview":"max-video-preview:-1"},"canonical":"https:\/\/greatermiramichisc.ca\/fr\/vivez-ici\/noscommunautes-2\/","og_locale":"fr_FR","og_type":"article","og_title":"Nos communaut\u00e9s | Greater Miramichi Service Commission","og_description":"Want to learn more about the Greater Miramichi Service Commission? Visit our Nos communaut\u00e9s page to learn more!","og_url":"https:\/\/greatermiramichisc.ca\/fr\/vivez-ici\/noscommunautes-2\/","og_site_name":"Greater Miramichi Service Commission","article_modified_time":"2025-09-10T17:11:16+00:00","og_image":[{"url":"https:\/\/greatermiramichisc.ca\/wp-content\/uploads\/2025\/09\/Regional_Map_2025_FR-2.png","type":"","width":"","height":""}],"twitter_card":"summary_large_image","twitter_misc":{"Dur\u00e9e de lecture estim\u00e9e":"3 minutes"},"schema":{"@context":"https:\/\/schema.org","@graph":[{"@type":"WebPage","@id":"https:\/\/greatermiramichisc.ca\/fr\/vivez-ici\/noscommunautes-2\/","url":"https:\/\/greatermiramichisc.ca\/fr\/vivez-ici\/noscommunautes-2\/","name":"Nos communaut\u00e9s | Greater Miramichi Service Commission","isPartOf":{"@id":"https:\/\/greatermiramichisc.ca\/#website"},"primaryImageOfPage":{"@id":"https:\/\/greatermiramichisc.ca\/fr\/vivez-ici\/noscommunautes-2\/#primaryimage"},"image":{"@id":"https:\/\/greatermiramichisc.ca\/fr\/vivez-ici\/noscommunautes-2\/#primaryimage"},"thumbnailUrl":"https:\/\/greatermiramichisc.ca\/wp-content\/uploads\/2025\/09\/Regional_Map_2025_FR-2.png","datePublished":"2025-08-25T17:03:49+00:00","dateModified":"2025-09-10T17:11:16+00:00","description":"Want to learn more about the Greater Miramichi Service Commission? Visit our Nos communaut\u00e9s page to learn more!","breadcrumb":{"@id":"https:\/\/greatermiramichisc.ca\/fr\/vivez-ici\/noscommunautes-2\/#breadcrumb"},"inLanguage":"fr-FR","potentialAction":[{"@type":"ReadAction","target":["https:\/\/greatermiramichisc.ca\/fr\/vivez-ici\/noscommunautes-2\/"]}]},{"@type":"ImageObject","inLanguage":"fr-FR","@id":"https:\/\/greatermiramichisc.ca\/fr\/vivez-ici\/noscommunautes-2\/#primaryimage","url":"https:\/\/greatermiramichisc.ca\/wp-content\/uploads\/2025\/09\/Regional_Map_2025_FR-2.png","contentUrl":"https:\/\/greatermiramichisc.ca\/wp-content\/uploads\/2025\/09\/Regional_Map_2025_FR-2.png"},{"@type":"BreadcrumbList","@id":"https:\/\/greatermiramichisc.ca\/fr\/vivez-ici\/noscommunautes-2\/#breadcrumb","itemListElement":[{"@type":"ListItem","position":1,"name":"Home","item":"https:\/\/greatermiramichisc.ca\/fr\/"},{"@type":"ListItem","position":2,"name":"Vivez ici","item":"https:\/\/greatermiramichisc.ca\/fr\/vivez-ici\/"},{"@type":"ListItem","position":3,"name":"Nos communaut\u00e9s"}]},{"@type":"WebSite","@id":"https:\/\/greatermiramichisc.ca\/#website","url":"https:\/\/greatermiramichisc.ca\/","name":"Greater Miramichi Service Commission","description":"Welcome to the Miramichi region.","publisher":{"@id":"https:\/\/greatermiramichisc.ca\/#organization"},"alternateName":"GMSC","potentialAction":[{"@type":"SearchAction","target":{"@type":"EntryPoint","urlTemplate":"https:\/\/greatermiramichisc.ca\/?s={search_term_string}"},"query-input":{"@type":"PropertyValueSpecification","valueRequired":true,"valueName":"search_term_string"}}],"inLanguage":"fr-FR"},{"@type":"Organization","@id":"https:\/\/greatermiramichisc.ca\/#organization","name":"Greater Miramichi Service Commission","alternateName":"GMSC","url":"https:\/\/greatermiramichisc.ca\/","logo":{"@type":"ImageObject","inLanguage":"fr-FR","@id":"https:\/\/greatermiramichisc.ca\/#\/schema\/logo\/image\/","url":"https:\/\/greatermiramichisc.ca\/wp-content\/uploads\/2024\/12\/NAV-Logo.png","contentUrl":"https:\/\/greatermiramichisc.ca\/wp-content\/uploads\/2024\/12\/NAV-Logo.png","width":1140,"height":345,"caption":"Greater Miramichi Service Commission"},"image":{"@id":"https:\/\/greatermiramichisc.ca\/#\/schema\/logo\/image\/"}}]}},"_links":{"self":[{"href":"https:\/\/greatermiramichisc.ca\/fr\/wp-json\/wp\/v2\/pages\/5076","targetHints":{"allow":["GET"]}}],"collection":[{"href":"https:\/\/greatermiramichisc.ca\/fr\/wp-json\/wp\/v2\/pages"}],"about":[{"href":"https:\/\/greatermiramichisc.ca\/fr\/wp-json\/wp\/v2\/types\/page"}],"author":[{"embeddable":true,"href":"https:\/\/greatermiramichisc.ca\/fr\/wp-json\/wp\/v2\/users\/2"}],"replies":[{"embeddable":true,"href":"https:\/\/greatermiramichisc.ca\/fr\/wp-json\/wp\/v2\/comments?post=5076"}],"version-history":[{"count":8,"href":"https:\/\/greatermiramichisc.ca\/fr\/wp-json\/wp\/v2\/pages\/5076\/revisions"}],"predecessor-version":[{"id":5383,"href":"https:\/\/greatermiramichisc.ca\/fr\/wp-json\/wp\/v2\/pages\/5076\/revisions\/5383"}],"up":[{"embeddable":true,"href":"https:\/\/greatermiramichisc.ca\/fr\/wp-json\/wp\/v2\/pages\/3096"}],"wp:attachment":[{"href":"https:\/\/greatermiramichisc.ca\/fr\/wp-json\/wp\/v2\/media?parent=5076"}],"curies":[{"name":"wp","href":"https:\/\/api.w.org\/{rel}","templated":true}]}}