{"id":5153,"date":"2025-09-03T13:31:38","date_gmt":"2025-09-03T13:31:38","guid":{"rendered":"https:\/\/greatermiramichisc.ca\/?page_id=5153"},"modified":"2025-12-12T12:30:19","modified_gmt":"2025-12-12T12:30:19","slug":"accueil-desprofessionnelsdelasante","status":"publish","type":"page","link":"https:\/\/greatermiramichisc.ca\/fr\/evenements\/accueil-desprofessionnelsdelasante\/","title":{"rendered":"Accueil des professionnels de la sant\u00e9"},"content":{"rendered":"\n<h2>\n\t\t<a href=\"https:\/\/greatermiramichisc.ca\/fr\/evenements\/\" title=\"Events\"  target=\"_self\">\n\t\t\tEvents\t\t<\/a>\n\t<\/h2>\n\t<nav aria-label=\"breadcrumbs\">\n            <div class=\"breadcrumb-container theme1\">\n                <ol>\n                                    <\/ol>\n            <\/div>\n        <\/nav>    <script type=\"application\/ld+json\">\n        {\n            \"@context\": \"http:\/\/schema.org\",\n            \"@type\": \"BreadcrumbList\",\n            \"itemListElement\": [\n                            ]\n        }\n    <\/script>\n   \n    <script>\n            <\/script>\n\n\n\t\t\t\t<img decoding=\"async\" src=\"https:\/\/greatermiramichisc.ca\/wp-content\/uploads\/2025\/08\/homecoming2024-1-scaled.jpg\" alt=\"homecoming2024\" itemprop=\"image\" height=\"1707\" width=\"2560\" title=\"homecoming2024\" onerror=\"this.style.display='none'\" loading=\"lazy\" \/>\n<h2>\n\t\t\tOn rend hommage aux h\u00e9ros du secteur de la sant\u00e9 dans la r\u00e9gion du Grand Miramichi\t<\/h2>\n\t<p>Chaque ann\u00e9e, la Commission de services du Grand Miramichi, par l&rsquo;interm\u00e9diaire de Croissance Grand Miramichi<b>, <\/b>organise un rassemblement sp\u00e9cial pour accueillir et c\u00e9l\u00e9brer les h\u00e9ros du secteur de la sant\u00e9 qui ont choisi de s&rsquo;installer dans la r\u00e9gion du Grand Miramichi.<\/p>\n<p>En 2024, la c\u00e9l\u00e9bration qui s&rsquo;est d\u00e9roul\u00e9e dans la ferme historique MacDonald a rev\u00eatu une importance particuli\u00e8re, marquant le lancement de notre nouveau <b>programme de r\u00e9sidence en m\u00e9decine familiale, <\/b>une \u00e9tape cl\u00e9 vers le renforcement des soins de sant\u00e9 locaux. Ce fut l&rsquo;occasion pour les coll\u00e8gues de renouer des liens, pour les nouveaux arrivants de se faire des amis et pour tout le monde de profiter d&rsquo;une journ\u00e9e remplie de divertissements, de bonne bouffe et d&rsquo;esprit communautaire.<\/p>\n<p>En 2025, les tout premiers <b>Prix des h\u00e9ros de la sant\u00e9<\/b> ont \u00e9t\u00e9 d\u00e9cern\u00e9s. Ils r\u00e9compensent les professionnels de la sant\u00e9 de la r\u00e9gion du Grand Miramichi qui ont fourni des soins exceptionnels \u00e0 leurs patients.<\/p>\n<p>Au c\u0153ur de cette initiative se trouve notre conviction que des relations solides et des r\u00e9seaux de soutien sont essentiels pour attirer et retenir des professionnels de la sant\u00e9 talentueux. En cr\u00e9ant des occasions de nouer des liens en dehors du lieu de travail, nous voulons mettre en valeur l&rsquo;esprit dynamique et accueillant de Miramichi, un endroit o\u00f9 les professionnels peuvent non seulement mener une carri\u00e8re enrichissante, mais aussi mener une vie \u00e9panouissante.<\/p>\n\t\t\t\t<img decoding=\"async\" src=\"https:\/\/greatermiramichisc.ca\/wp-content\/uploads\/2025\/08\/homecoming2024_4-scaled.jpg\" alt=\"homecoming2024_4\" itemprop=\"image\" height=\"1707\" width=\"2560\" title=\"homecoming2024_4\" onerror=\"this.style.display='none'\" loading=\"lazy\" \/>\n\t\t\t\t<img decoding=\"async\" src=\"https:\/\/greatermiramichisc.ca\/wp-content\/uploads\/2025\/08\/homecoming2024_3-1-scaled.jpg\" alt=\"homecoming2024_3\" itemprop=\"image\" height=\"1706\" width=\"2560\" title=\"homecoming2024_3\" onerror=\"this.style.display='none'\" loading=\"lazy\" \/>\n\t\t\t\t<img decoding=\"async\" src=\"https:\/\/greatermiramichisc.ca\/wp-content\/uploads\/2025\/12\/IMG_0107-scaled.jpg\" alt=\"IMG_0107\" itemprop=\"image\" height=\"1707\" width=\"2560\" title=\"IMG_0107\" onerror=\"this.style.display='none'\" loading=\"lazy\" \/>\n\t\t\t\t<img decoding=\"async\" src=\"https:\/\/greatermiramichisc.ca\/wp-content\/uploads\/2025\/12\/IMG_0127-scaled.jpg\" alt=\"IMG_0127\" itemprop=\"image\" height=\"1707\" width=\"2560\" title=\"IMG_0127\" onerror=\"this.style.display='none'\" loading=\"lazy\" \/>\n\n","protected":false},"excerpt":{"rendered":"<p>Events On rend hommage aux h\u00e9ros du secteur de la sant\u00e9 dans la r\u00e9gion du Grand Miramichi Chaque ann\u00e9e, la Commission de services du Grand Miramichi, par l&rsquo;interm\u00e9diaire de Croissance&hellip;<\/p>\n","protected":false},"author":2,"featured_media":0,"parent":3080,"menu_order":0,"comment_status":"closed","ping_status":"closed","template":"","meta":{"_acf_changed":false,"footnotes":""},"class_list":["post-5153","page","type-page","status-publish","hentry"],"acf":[],"yoast_head":"<!-- This site is optimized with the Yoast SEO plugin v27.5 - https:\/\/yoast.com\/product\/yoast-seo-wordpress\/ -->\n<title>Accueil des professionnels de la sant\u00e9 | Greater Miramichi Service Commission<\/title>\n<meta name=\"description\" content=\"Want to learn more about the Greater Miramichi Service Commission? Visit our Accueil des professionnels de la sant\u00e9 page to learn more!\" \/>\n<meta name=\"robots\" content=\"index, follow, max-snippet:-1, max-image-preview:large, max-video-preview:-1\" \/>\n<link rel=\"canonical\" href=\"https:\/\/greatermiramichisc.ca\/fr\/evenements\/accueil-desprofessionnelsdelasante\/\" \/>\n<meta property=\"og:locale\" content=\"fr_FR\" \/>\n<meta property=\"og:type\" content=\"article\" \/>\n<meta property=\"og:title\" content=\"Accueil des professionnels de la sant\u00e9 | Greater Miramichi Service Commission\" \/>\n<meta property=\"og:description\" content=\"Want to learn more about the Greater Miramichi Service Commission? Visit our Accueil des professionnels de la sant\u00e9 page to learn more!\" \/>\n<meta property=\"og:url\" content=\"https:\/\/greatermiramichisc.ca\/fr\/evenements\/accueil-desprofessionnelsdelasante\/\" \/>\n<meta property=\"og:site_name\" content=\"Greater Miramichi Service Commission\" \/>\n<meta property=\"article:modified_time\" content=\"2025-12-12T12:30:19+00:00\" \/>\n<meta property=\"og:image\" content=\"https:\/\/greatermiramichisc.ca\/wp-content\/uploads\/2025\/08\/homecoming2024-1-scaled.jpg\" \/>\n<meta name=\"twitter:card\" content=\"summary_large_image\" \/>\n<meta name=\"twitter:label1\" content=\"Dur\u00e9e de lecture estim\u00e9e\" \/>\n\t<meta name=\"twitter:data1\" content=\"1 minute\" \/>\n<script type=\"application\/ld+json\" class=\"yoast-schema-graph\">{\"@context\":\"https:\\\/\\\/schema.org\",\"@graph\":[{\"@type\":\"WebPage\",\"@id\":\"https:\\\/\\\/greatermiramichisc.ca\\\/fr\\\/evenements\\\/accueil-desprofessionnelsdelasante\\\/\",\"url\":\"https:\\\/\\\/greatermiramichisc.ca\\\/fr\\\/evenements\\\/accueil-desprofessionnelsdelasante\\\/\",\"name\":\"Accueil des professionnels de la sant\u00e9 | Greater Miramichi Service Commission\",\"isPartOf\":{\"@id\":\"https:\\\/\\\/greatermiramichisc.ca\\\/#website\"},\"primaryImageOfPage\":{\"@id\":\"https:\\\/\\\/greatermiramichisc.ca\\\/fr\\\/evenements\\\/accueil-desprofessionnelsdelasante\\\/#primaryimage\"},\"image\":{\"@id\":\"https:\\\/\\\/greatermiramichisc.ca\\\/fr\\\/evenements\\\/accueil-desprofessionnelsdelasante\\\/#primaryimage\"},\"thumbnailUrl\":\"https:\\\/\\\/greatermiramichisc.ca\\\/wp-content\\\/uploads\\\/2025\\\/08\\\/homecoming2024-1-scaled.jpg\",\"datePublished\":\"2025-09-03T13:31:38+00:00\",\"dateModified\":\"2025-12-12T12:30:19+00:00\",\"description\":\"Want to learn more about the Greater Miramichi Service Commission? Visit our Accueil des professionnels de la sant\u00e9 page to learn more!\",\"breadcrumb\":{\"@id\":\"https:\\\/\\\/greatermiramichisc.ca\\\/fr\\\/evenements\\\/accueil-desprofessionnelsdelasante\\\/#breadcrumb\"},\"inLanguage\":\"fr-FR\",\"potentialAction\":[{\"@type\":\"ReadAction\",\"target\":[\"https:\\\/\\\/greatermiramichisc.ca\\\/fr\\\/evenements\\\/accueil-desprofessionnelsdelasante\\\/\"]}]},{\"@type\":\"ImageObject\",\"inLanguage\":\"fr-FR\",\"@id\":\"https:\\\/\\\/greatermiramichisc.ca\\\/fr\\\/evenements\\\/accueil-desprofessionnelsdelasante\\\/#primaryimage\",\"url\":\"https:\\\/\\\/greatermiramichisc.ca\\\/wp-content\\\/uploads\\\/2025\\\/08\\\/homecoming2024-1-scaled.jpg\",\"contentUrl\":\"https:\\\/\\\/greatermiramichisc.ca\\\/wp-content\\\/uploads\\\/2025\\\/08\\\/homecoming2024-1-scaled.jpg\"},{\"@type\":\"BreadcrumbList\",\"@id\":\"https:\\\/\\\/greatermiramichisc.ca\\\/fr\\\/evenements\\\/accueil-desprofessionnelsdelasante\\\/#breadcrumb\",\"itemListElement\":[{\"@type\":\"ListItem\",\"position\":1,\"name\":\"Home\",\"item\":\"https:\\\/\\\/greatermiramichisc.ca\\\/fr\\\/\"},{\"@type\":\"ListItem\",\"position\":2,\"name\":\"\u00c9v\u00e9nements\",\"item\":\"https:\\\/\\\/greatermiramichisc.ca\\\/fr\\\/evenements\\\/\"},{\"@type\":\"ListItem\",\"position\":3,\"name\":\"Accueil des professionnels de la sant\u00e9\"}]},{\"@type\":\"WebSite\",\"@id\":\"https:\\\/\\\/greatermiramichisc.ca\\\/#website\",\"url\":\"https:\\\/\\\/greatermiramichisc.ca\\\/\",\"name\":\"Greater Miramichi Service Commission\",\"description\":\"Welcome to the Miramichi region.\",\"publisher\":{\"@id\":\"https:\\\/\\\/greatermiramichisc.ca\\\/#organization\"},\"alternateName\":\"GMSC\",\"potentialAction\":[{\"@type\":\"SearchAction\",\"target\":{\"@type\":\"EntryPoint\",\"urlTemplate\":\"https:\\\/\\\/greatermiramichisc.ca\\\/?s={search_term_string}\"},\"query-input\":{\"@type\":\"PropertyValueSpecification\",\"valueRequired\":true,\"valueName\":\"search_term_string\"}}],\"inLanguage\":\"fr-FR\"},{\"@type\":\"Organization\",\"@id\":\"https:\\\/\\\/greatermiramichisc.ca\\\/#organization\",\"name\":\"Greater Miramichi Service Commission\",\"alternateName\":\"GMSC\",\"url\":\"https:\\\/\\\/greatermiramichisc.ca\\\/\",\"logo\":{\"@type\":\"ImageObject\",\"inLanguage\":\"fr-FR\",\"@id\":\"https:\\\/\\\/greatermiramichisc.ca\\\/#\\\/schema\\\/logo\\\/image\\\/\",\"url\":\"https:\\\/\\\/greatermiramichisc.ca\\\/wp-content\\\/uploads\\\/2024\\\/12\\\/NAV-Logo.png\",\"contentUrl\":\"https:\\\/\\\/greatermiramichisc.ca\\\/wp-content\\\/uploads\\\/2024\\\/12\\\/NAV-Logo.png\",\"width\":1140,\"height\":345,\"caption\":\"Greater Miramichi Service Commission\"},\"image\":{\"@id\":\"https:\\\/\\\/greatermiramichisc.ca\\\/#\\\/schema\\\/logo\\\/image\\\/\"}}]}<\/script>\n<!-- \/ Yoast SEO plugin. -->","yoast_head_json":{"title":"Accueil des professionnels de la sant\u00e9 | Greater Miramichi Service Commission","description":"Want to learn more about the Greater Miramichi Service Commission? Visit our Accueil des professionnels de la sant\u00e9 page to learn more!","robots":{"index":"index","follow":"follow","max-snippet":"max-snippet:-1","max-image-preview":"max-image-preview:large","max-video-preview":"max-video-preview:-1"},"canonical":"https:\/\/greatermiramichisc.ca\/fr\/evenements\/accueil-desprofessionnelsdelasante\/","og_locale":"fr_FR","og_type":"article","og_title":"Accueil des professionnels de la sant\u00e9 | Greater Miramichi Service Commission","og_description":"Want to learn more about the Greater Miramichi Service Commission? Visit our Accueil des professionnels de la sant\u00e9 page to learn more!","og_url":"https:\/\/greatermiramichisc.ca\/fr\/evenements\/accueil-desprofessionnelsdelasante\/","og_site_name":"Greater Miramichi Service Commission","article_modified_time":"2025-12-12T12:30:19+00:00","og_image":[{"url":"https:\/\/greatermiramichisc.ca\/wp-content\/uploads\/2025\/08\/homecoming2024-1-scaled.jpg","type":"","width":"","height":""}],"twitter_card":"summary_large_image","twitter_misc":{"Dur\u00e9e de lecture estim\u00e9e":"1 minute"},"schema":{"@context":"https:\/\/schema.org","@graph":[{"@type":"WebPage","@id":"https:\/\/greatermiramichisc.ca\/fr\/evenements\/accueil-desprofessionnelsdelasante\/","url":"https:\/\/greatermiramichisc.ca\/fr\/evenements\/accueil-desprofessionnelsdelasante\/","name":"Accueil des professionnels de la sant\u00e9 | Greater Miramichi Service Commission","isPartOf":{"@id":"https:\/\/greatermiramichisc.ca\/#website"},"primaryImageOfPage":{"@id":"https:\/\/greatermiramichisc.ca\/fr\/evenements\/accueil-desprofessionnelsdelasante\/#primaryimage"},"image":{"@id":"https:\/\/greatermiramichisc.ca\/fr\/evenements\/accueil-desprofessionnelsdelasante\/#primaryimage"},"thumbnailUrl":"https:\/\/greatermiramichisc.ca\/wp-content\/uploads\/2025\/08\/homecoming2024-1-scaled.jpg","datePublished":"2025-09-03T13:31:38+00:00","dateModified":"2025-12-12T12:30:19+00:00","description":"Want to learn more about the Greater Miramichi Service Commission? Visit our Accueil des professionnels de la sant\u00e9 page to learn more!","breadcrumb":{"@id":"https:\/\/greatermiramichisc.ca\/fr\/evenements\/accueil-desprofessionnelsdelasante\/#breadcrumb"},"inLanguage":"fr-FR","potentialAction":[{"@type":"ReadAction","target":["https:\/\/greatermiramichisc.ca\/fr\/evenements\/accueil-desprofessionnelsdelasante\/"]}]},{"@type":"ImageObject","inLanguage":"fr-FR","@id":"https:\/\/greatermiramichisc.ca\/fr\/evenements\/accueil-desprofessionnelsdelasante\/#primaryimage","url":"https:\/\/greatermiramichisc.ca\/wp-content\/uploads\/2025\/08\/homecoming2024-1-scaled.jpg","contentUrl":"https:\/\/greatermiramichisc.ca\/wp-content\/uploads\/2025\/08\/homecoming2024-1-scaled.jpg"},{"@type":"BreadcrumbList","@id":"https:\/\/greatermiramichisc.ca\/fr\/evenements\/accueil-desprofessionnelsdelasante\/#breadcrumb","itemListElement":[{"@type":"ListItem","position":1,"name":"Home","item":"https:\/\/greatermiramichisc.ca\/fr\/"},{"@type":"ListItem","position":2,"name":"\u00c9v\u00e9nements","item":"https:\/\/greatermiramichisc.ca\/fr\/evenements\/"},{"@type":"ListItem","position":3,"name":"Accueil des professionnels de la sant\u00e9"}]},{"@type":"WebSite","@id":"https:\/\/greatermiramichisc.ca\/#website","url":"https:\/\/greatermiramichisc.ca\/","name":"Greater Miramichi Service Commission","description":"Welcome to the Miramichi region.","publisher":{"@id":"https:\/\/greatermiramichisc.ca\/#organization"},"alternateName":"GMSC","potentialAction":[{"@type":"SearchAction","target":{"@type":"EntryPoint","urlTemplate":"https:\/\/greatermiramichisc.ca\/?s={search_term_string}"},"query-input":{"@type":"PropertyValueSpecification","valueRequired":true,"valueName":"search_term_string"}}],"inLanguage":"fr-FR"},{"@type":"Organization","@id":"https:\/\/greatermiramichisc.ca\/#organization","name":"Greater Miramichi Service Commission","alternateName":"GMSC","url":"https:\/\/greatermiramichisc.ca\/","logo":{"@type":"ImageObject","inLanguage":"fr-FR","@id":"https:\/\/greatermiramichisc.ca\/#\/schema\/logo\/image\/","url":"https:\/\/greatermiramichisc.ca\/wp-content\/uploads\/2024\/12\/NAV-Logo.png","contentUrl":"https:\/\/greatermiramichisc.ca\/wp-content\/uploads\/2024\/12\/NAV-Logo.png","width":1140,"height":345,"caption":"Greater Miramichi Service Commission"},"image":{"@id":"https:\/\/greatermiramichisc.ca\/#\/schema\/logo\/image\/"}}]}},"_links":{"self":[{"href":"https:\/\/greatermiramichisc.ca\/fr\/wp-json\/wp\/v2\/pages\/5153","targetHints":{"allow":["GET"]}}],"collection":[{"href":"https:\/\/greatermiramichisc.ca\/fr\/wp-json\/wp\/v2\/pages"}],"about":[{"href":"https:\/\/greatermiramichisc.ca\/fr\/wp-json\/wp\/v2\/types\/page"}],"author":[{"embeddable":true,"href":"https:\/\/greatermiramichisc.ca\/fr\/wp-json\/wp\/v2\/users\/2"}],"replies":[{"embeddable":true,"href":"https:\/\/greatermiramichisc.ca\/fr\/wp-json\/wp\/v2\/comments?post=5153"}],"version-history":[{"count":8,"href":"https:\/\/greatermiramichisc.ca\/fr\/wp-json\/wp\/v2\/pages\/5153\/revisions"}],"predecessor-version":[{"id":6645,"href":"https:\/\/greatermiramichisc.ca\/fr\/wp-json\/wp\/v2\/pages\/5153\/revisions\/6645"}],"up":[{"embeddable":true,"href":"https:\/\/greatermiramichisc.ca\/fr\/wp-json\/wp\/v2\/pages\/3080"}],"wp:attachment":[{"href":"https:\/\/greatermiramichisc.ca\/fr\/wp-json\/wp\/v2\/media?parent=5153"}],"curies":[{"name":"wp","href":"https:\/\/api.w.org\/{rel}","templated":true}]}}