{"id":5465,"date":"2025-10-01T12:08:27","date_gmt":"2025-10-01T12:08:27","guid":{"rendered":"https:\/\/greatermiramichisc.ca\/?page_id=5465"},"modified":"2025-10-08T12:33:46","modified_gmt":"2025-10-08T12:33:46","slug":"professionnels-de-sante-formes-a-letranger","status":"publish","type":"page","link":"https:\/\/greatermiramichisc.ca\/fr\/vivez-ici\/professionnels-de-sante-formes-a-letranger\/","title":{"rendered":"Professionnels de sant\u00e9 form\u00e9s \u00e0 l&rsquo;\u00e9tranger"},"content":{"rendered":"\n<h2>\n\t\t<a href=\"https:\/\/greatermiramichisc.ca\/fr\/vivez-ici\/\" title=\"Live Here:\"  target=\"_self\">\n\t\t\tLive Here:\t\t<\/a>\n\t<\/h2>\n\t<nav aria-label=\"breadcrumbs\">\n            <div class=\"breadcrumb-container theme1\">\n                <ol>\n                                    <\/ol>\n            <\/div>\n        <\/nav>    <script type=\"application\/ld+json\">\n        {\n            \"@context\": \"http:\/\/schema.org\",\n            \"@type\": \"BreadcrumbList\",\n            \"itemListElement\": [\n                            ]\n        }\n    <\/script>\n   \n    <script>\n            <\/script>\n\n<h2>\n\t\t\tProfessionnels de sant\u00e9 form\u00e9s \u00e0 l&rsquo;\u00e9tranger\t<\/h2>\n<h2>\n\t\t\tProfessionnels de sant\u00e9 form\u00e9s \u00e0 l&rsquo;\u00e9tranger\t<\/h2>\n\t<p>New Brunswick has resources available for you.<\/p>\n\t\t\t\t\t<a href=\"#\"  id=\"fl-accordion--label-0\" tabindex=\"0\" aria-controls=\"fl-accordion--panel-0\">M\u00e9decins<\/a>\n\t\t\t\t\t\t\t\t\t\t\t<a href=\"#\" id=\"fl-accordion--icon-0\"  tabindex=\"0\"><i title=\"D\u00e9plier\">D\u00e9plier<\/i><\/a>\n\t\t\t\t\t<p><a href=\"https:\/\/nbhealthjobs.com\/internationally-educated-health-professionals\/physicians\/\">Emplois dans le secteur de la sant\u00e9 au Nouveau-Brunswick M\u00e9decins<\/a><\/p>\n<p>Le <b>service de navigation IEHP du Nouveau-Brunswick<\/b> offre un soutien gratuit, adapt\u00e9 \u00e0 chaque profession et centr\u00e9 sur le client aux professionnels de la sant\u00e9 form\u00e9s \u00e0 l&rsquo;\u00e9tranger. On partage <a href=\"https:\/\/www.deepl.com\/en\/translator\">ici<\/a> les derni\u00e8res infos sur les nouveaux programmes, les changements en mati\u00e8re d&rsquo;autorisation d&rsquo;exercer et les opportunit\u00e9s actuelles pour les m\u00e9decins autoris\u00e9s \u00e0 exercer.<\/p>\n<p>Pour exercer au Nouveau-Brunswick, v\u00e9rifiez votre admissibilit\u00e9 aupr\u00e8s du <a href=\"https:\/\/www.deepl.com\/en\/translator\">Coll\u00e8ge des m\u00e9decins et chirurgiens du Nouveau-Brunswick<\/a>. D&rsquo;autres voies d&rsquo;acc\u00e8s peuvent \u00eatre disponibles en fonction de votre sp\u00e9cialit\u00e9, notamment l&rsquo;<a href=\"https:\/\/www.deepl.com\/en\/translator\">\u00e9valuation de l&rsquo;aptitude \u00e0 exercer (PRA)<\/a> et le <a href=\"https:\/\/www.deepl.com\/en\/translator\">r\u00f4le d&rsquo;assistant clinique<\/a>.<\/p>\n<p>Pour plus de d\u00e9tails, consultez le <a href=\"https:\/\/www.deepl.com\/en\/translator\">PDF sur les voies d&rsquo;acc\u00e8s \u00e0 l&rsquo;inscription<\/a>. Si vous avez des questions, veuillez contacter notre \u00e9quipe IEHP \u00e0 l&rsquo;aide de <a href=\"https:\/\/www.deepl.com\/en\/translator\">ce court formulaire<\/a>.<\/p>\n\t\t\t\t\t<a href=\"#\"  id=\"fl-accordion--label-1\" tabindex=\"0\" aria-controls=\"fl-accordion--panel-1\">Infirmi\u00e8res<\/a>\n\t\t\t\t\t\t\t\t\t\t\t<a href=\"#\" id=\"fl-accordion--icon-1\"  tabindex=\"0\"><i title=\"D\u00e9plier\">D\u00e9plier<\/i><\/a>\n\t\t\t\t\t\n<p><a href=\"https:\/\/nbhealthjobs.ca\/internationally-educated-health-professionals\/nurses\/?_gl=1*d1ekm9*_gcl_au*MTIxMjYxOTg1MC4xNzU4MDM1NjQ1*_ga*MjE3NDIzNzEuMTc1ODAzNTY0Ng..*_ga_KZHPH1X4X7*czE3NTgwMzU2NDUkbzEkZzEkdDE3NTgwMzU2ODYkajE5JGwwJGgw\">Emplois dans le secteur de la sant\u00e9 au Nouveau-Brunswick : infirmi\u00e8res<\/a><\/p>\n<p>Le <b>service de navigation IEHP du Nouveau-Brunswick<\/b> offre un soutien gratuit, adapt\u00e9 \u00e0 la profession et centr\u00e9 sur le client aux infirmi\u00e8res form\u00e9es \u00e0 l&rsquo;\u00e9tranger (IFE). On aide les candidats \u00e0 s&rsquo;y retrouver avec le <a href=\"https:\/\/www.deepl.com\/en\/translator\">Service national d&rsquo;\u00e9valuation des infirmi\u00e8res et infirmiers (SNEI)<\/a>, les \u00e9valuations provinciales des comp\u00e9tences pour l&rsquo;acc\u00e8s \u00e0 la profession, les programmes de transition locaux et les <a href=\"https:\/\/www.deepl.com\/en\/translator\">organismes de r\u00e9glementation<\/a>.<\/p>\n<p>En juin 2023, la province a lanc\u00e9 une initiative de cinq ans pour r\u00e9duire les obstacles financiers pour les IEN. Pour \u00eatre admissibles, les candidats doivent :<\/p>\n<ul>\n<li>\u00eatre accept\u00e9s pour immigrer au Nouveau-Brunswick,<\/li>\n<li>avoir une offre d&#8217;emploi (ou d\u00e9j\u00e0 travailler) dans le domaine des soins de sant\u00e9,<\/li>\n<li>\u00eatre titulaires d&rsquo;un permis d&rsquo;infirmier dans leur pays d&rsquo;origine,<\/li>\n<li>\u00eatre en train d&rsquo;obtenir un permis\/une inscription au Nouveau-Brunswick.<\/li>\n<\/ul>\n<p><b>Remarque :<\/b> Les candidats form\u00e9s dans les pays de la <a href=\"https:\/\/www.deepl.com\/en\/translator\">zone 3<\/a> ou de la <a href=\"https:\/\/www.deepl.com\/en\/translator\">zone 4<\/a> doivent fournir une lettre de soutien d&rsquo;un employeur du secteur de la sant\u00e9 du Nouveau-Brunswick attestant de 600 heures d&rsquo;exp\u00e9rience clinique supervis\u00e9e.<\/p>\n<p>Si vous travaillez d\u00e9j\u00e0 avec notre \u00e9quipe IEHP, veuillez la contacter directement. Sinon, contactez-nous via <a href=\"https:\/\/www.deepl.com\/en\/translator\">ce court formulaire<\/a>.<\/p>\n<p>Pour plus de d\u00e9tails, consultez les voies d&rsquo;acc\u00e8s \u00e0 l&rsquo;inscription pour :<\/p>\n<ul>\n<li><a href=\"https:\/\/www.deepl.com\/en\/translator\">Infirmi\u00e8res auxiliaires autoris\u00e9es (PDF)<\/a><\/li>\n<li><a href=\"https:\/\/www.deepl.com\/en\/translator\">Infirmi\u00e8res autoris\u00e9es (PDF)<\/a><\/li>\n<\/ul>\n\t\t\t\t\t<a href=\"#\"  id=\"fl-accordion--label-2\" tabindex=\"0\" aria-controls=\"fl-accordion--panel-2\">Professionnels alli\u00e9s de la sant\u00e9<\/a>\n\t\t\t\t\t\t\t\t\t\t\t<a href=\"#\" id=\"fl-accordion--icon-2\"  tabindex=\"0\"><i title=\"D\u00e9plier\">D\u00e9plier<\/i><\/a>\n\t\t\t\t\t<p><a href=\"https:\/\/nbhealthjobs.ca\/internationally-educated-health-professionals\/allied-health\/\">Emplois dans le domaine de la sant\u00e9 au Nouveau-Brunswick Professionnels alli\u00e9s de la sant\u00e9<\/a><\/p>\n<p>Les professionnels alli\u00e9s de la sant\u00e9 form\u00e9s \u00e0 l&rsquo;\u00e9tranger jouent un r\u00f4le super important dans le syst\u00e8me de sant\u00e9 du Nouveau-Brunswick, avec des opportunit\u00e9s dans plein de domaines. Tu peux voir les opportunit\u00e9s actuelles <a href=\"https:\/\/www.deepl.com\/en\/translator\">ici<\/a>.<\/p>\n<p>On t&rsquo;aide \u00e0 faire reconna\u00eetre tes dipl\u00f4mes et \u00e0 r\u00e9duire les obstacles gr\u00e2ce \u00e0 la collaboration avec les parties prenantes et \u00e0 la cr\u00e9ation de programmes d&rsquo;int\u00e9gration.<\/p>\n<p>Pour plus de d\u00e9tails sur les voies d&rsquo;acc\u00e8s \u00e0 l&rsquo;inscription, consulte les PDF suivants :<\/p>\n<ul>\n<li><a href=\"https:\/\/www.deepl.com\/en\/translator\">Tehnicien en \u00e9chographie diagnostique<\/a><\/li>\n<li><a href=\"https:\/\/www.deepl.com\/en\/translator\">Di\u00e9t\u00e9ticien<\/a><\/li>\n<li><a href=\"https:\/\/www.deepl.com\/en\/translator\">Technologue de laboratoire m\u00e9dical<\/a><\/li>\n<li><a href=\"https:\/\/www.deepl.com\/en\/translator\">Technologue en radiation m\u00e9dicale<\/a><\/li>\n<li><a href=\"https:\/\/www.deepl.com\/en\/translator\">Ergoth\u00e9rapeute<\/a><\/li>\n<li><a href=\"https:\/\/www.deepl.com\/en\/translator\">Ambulancier param\u00e9dical<\/a><\/li>\n<li><a href=\"https:\/\/www.deepl.com\/en\/translator\">Pharmacien<\/a><\/li>\n<li><a href=\"https:\/\/www.deepl.com\/en\/translator\">Physioth\u00e9rapeute<\/a><\/li>\n<li><a href=\"https:\/\/www.deepl.com\/en\/translator\">Psychologue<\/a><\/li>\n<li><a href=\"https:\/\/www.deepl.com\/en\/translator\">Inhaloth\u00e9rapeute<\/a><\/li>\n<li><a href=\"https:\/\/www.deepl.com\/en\/translator\">Travailleur social<\/a><\/li>\n<li><a href=\"https:\/\/www.deepl.com\/en\/translator\">Orthophoniste et audiologiste<\/a><\/li>\n<\/ul>\n<p>Si tu as des questions, contacte notre \u00e9quipe IEHP \u00e0 l&rsquo;aide de <a href=\"https:\/\/www.deepl.com\/en\/translator\">ce court formulaire<\/a>.<\/p>\n\n\t\t\t\t<img decoding=\"async\" src=\"https:\/\/greatermiramichisc.ca\/wp-content\/uploads\/2025\/07\/Abdelmalak-Fam-Miramichi-Sign-2560x1707-2.png\" alt=\"Abdelmalak-Fam-Miramichi-Sign-2560x1707\" itemprop=\"image\" height=\"1707\" width=\"2560\" title=\"Abdelmalak-Fam-Miramichi-Sign-2560x1707\" onerror=\"this.style.display='none'\" loading=\"lazy\" \/>\n\n","protected":false},"excerpt":{"rendered":"<p>Live Here: Professionnels de sant\u00e9 form\u00e9s \u00e0 l&rsquo;\u00e9tranger Professionnels de sant\u00e9 form\u00e9s \u00e0 l&rsquo;\u00e9tranger New Brunswick has resources available for you. M\u00e9decins D\u00e9plier Emplois dans le secteur de la sant\u00e9&hellip;<\/p>\n","protected":false},"author":2,"featured_media":0,"parent":3096,"menu_order":0,"comment_status":"closed","ping_status":"closed","template":"","meta":{"_acf_changed":false,"footnotes":""},"class_list":["post-5465","page","type-page","status-publish","hentry"],"acf":[],"yoast_head":"<!-- This site is optimized with the Yoast SEO plugin v27.4 - https:\/\/yoast.com\/product\/yoast-seo-wordpress\/ -->\n<title>Professionnels de sant\u00e9 form\u00e9s \u00e0 l&#039;\u00e9tranger | Greater Miramichi Service Commission<\/title>\n<meta name=\"description\" content=\"Want to learn more about the Greater Miramichi Service Commission? Visit our Professionnels de sant\u00e9 form\u00e9s \u00e0 l&#039;\u00e9tranger page to learn more!\" \/>\n<meta name=\"robots\" content=\"index, follow, max-snippet:-1, max-image-preview:large, max-video-preview:-1\" \/>\n<link rel=\"canonical\" href=\"https:\/\/greatermiramichisc.ca\/fr\/vivez-ici\/professionnels-de-sante-formes-a-letranger\/\" \/>\n<meta property=\"og:locale\" content=\"fr_FR\" \/>\n<meta property=\"og:type\" content=\"article\" \/>\n<meta property=\"og:title\" content=\"Professionnels de sant\u00e9 form\u00e9s \u00e0 l&#039;\u00e9tranger | Greater Miramichi Service Commission\" \/>\n<meta property=\"og:description\" content=\"Want to learn more about the Greater Miramichi Service Commission? Visit our Professionnels de sant\u00e9 form\u00e9s \u00e0 l&#039;\u00e9tranger page to learn more!\" \/>\n<meta property=\"og:url\" content=\"https:\/\/greatermiramichisc.ca\/fr\/vivez-ici\/professionnels-de-sante-formes-a-letranger\/\" \/>\n<meta property=\"og:site_name\" content=\"Greater Miramichi Service Commission\" \/>\n<meta property=\"article:modified_time\" content=\"2025-10-08T12:33:46+00:00\" \/>\n<meta property=\"og:image\" content=\"https:\/\/greatermiramichisc.ca\/wp-content\/uploads\/2025\/07\/Abdelmalak-Fam-Miramichi-Sign-2560x1707-2.png\" \/>\n<meta name=\"twitter:card\" content=\"summary_large_image\" \/>\n<meta name=\"twitter:label1\" content=\"Dur\u00e9e de lecture estim\u00e9e\" \/>\n\t<meta name=\"twitter:data1\" content=\"3 minutes\" \/>\n<script type=\"application\/ld+json\" class=\"yoast-schema-graph\">{\"@context\":\"https:\\\/\\\/schema.org\",\"@graph\":[{\"@type\":\"WebPage\",\"@id\":\"https:\\\/\\\/greatermiramichisc.ca\\\/fr\\\/vivez-ici\\\/professionnels-de-sante-formes-a-letranger\\\/\",\"url\":\"https:\\\/\\\/greatermiramichisc.ca\\\/fr\\\/vivez-ici\\\/professionnels-de-sante-formes-a-letranger\\\/\",\"name\":\"Professionnels de sant\u00e9 form\u00e9s \u00e0 l'\u00e9tranger | Greater Miramichi Service Commission\",\"isPartOf\":{\"@id\":\"https:\\\/\\\/greatermiramichisc.ca\\\/#website\"},\"primaryImageOfPage\":{\"@id\":\"https:\\\/\\\/greatermiramichisc.ca\\\/fr\\\/vivez-ici\\\/professionnels-de-sante-formes-a-letranger\\\/#primaryimage\"},\"image\":{\"@id\":\"https:\\\/\\\/greatermiramichisc.ca\\\/fr\\\/vivez-ici\\\/professionnels-de-sante-formes-a-letranger\\\/#primaryimage\"},\"thumbnailUrl\":\"https:\\\/\\\/greatermiramichisc.ca\\\/wp-content\\\/uploads\\\/2025\\\/07\\\/Abdelmalak-Fam-Miramichi-Sign-2560x1707-2.png\",\"datePublished\":\"2025-10-01T12:08:27+00:00\",\"dateModified\":\"2025-10-08T12:33:46+00:00\",\"description\":\"Want to learn more about the Greater Miramichi Service Commission? Visit our Professionnels de sant\u00e9 form\u00e9s \u00e0 l'\u00e9tranger page to learn more!\",\"breadcrumb\":{\"@id\":\"https:\\\/\\\/greatermiramichisc.ca\\\/fr\\\/vivez-ici\\\/professionnels-de-sante-formes-a-letranger\\\/#breadcrumb\"},\"inLanguage\":\"fr-FR\",\"potentialAction\":[{\"@type\":\"ReadAction\",\"target\":[\"https:\\\/\\\/greatermiramichisc.ca\\\/fr\\\/vivez-ici\\\/professionnels-de-sante-formes-a-letranger\\\/\"]}]},{\"@type\":\"ImageObject\",\"inLanguage\":\"fr-FR\",\"@id\":\"https:\\\/\\\/greatermiramichisc.ca\\\/fr\\\/vivez-ici\\\/professionnels-de-sante-formes-a-letranger\\\/#primaryimage\",\"url\":\"https:\\\/\\\/greatermiramichisc.ca\\\/wp-content\\\/uploads\\\/2025\\\/07\\\/Abdelmalak-Fam-Miramichi-Sign-2560x1707-2.png\",\"contentUrl\":\"https:\\\/\\\/greatermiramichisc.ca\\\/wp-content\\\/uploads\\\/2025\\\/07\\\/Abdelmalak-Fam-Miramichi-Sign-2560x1707-2.png\"},{\"@type\":\"BreadcrumbList\",\"@id\":\"https:\\\/\\\/greatermiramichisc.ca\\\/fr\\\/vivez-ici\\\/professionnels-de-sante-formes-a-letranger\\\/#breadcrumb\",\"itemListElement\":[{\"@type\":\"ListItem\",\"position\":1,\"name\":\"Home\",\"item\":\"https:\\\/\\\/greatermiramichisc.ca\\\/fr\\\/\"},{\"@type\":\"ListItem\",\"position\":2,\"name\":\"Vivez ici\",\"item\":\"https:\\\/\\\/greatermiramichisc.ca\\\/fr\\\/vivez-ici\\\/\"},{\"@type\":\"ListItem\",\"position\":3,\"name\":\"Professionnels de sant\u00e9 form\u00e9s \u00e0 l&#8217;\u00e9tranger\"}]},{\"@type\":\"WebSite\",\"@id\":\"https:\\\/\\\/greatermiramichisc.ca\\\/#website\",\"url\":\"https:\\\/\\\/greatermiramichisc.ca\\\/\",\"name\":\"Greater Miramichi Service Commission\",\"description\":\"Welcome to the Miramichi region.\",\"publisher\":{\"@id\":\"https:\\\/\\\/greatermiramichisc.ca\\\/#organization\"},\"alternateName\":\"GMSC\",\"potentialAction\":[{\"@type\":\"SearchAction\",\"target\":{\"@type\":\"EntryPoint\",\"urlTemplate\":\"https:\\\/\\\/greatermiramichisc.ca\\\/?s={search_term_string}\"},\"query-input\":{\"@type\":\"PropertyValueSpecification\",\"valueRequired\":true,\"valueName\":\"search_term_string\"}}],\"inLanguage\":\"fr-FR\"},{\"@type\":\"Organization\",\"@id\":\"https:\\\/\\\/greatermiramichisc.ca\\\/#organization\",\"name\":\"Greater Miramichi Service Commission\",\"alternateName\":\"GMSC\",\"url\":\"https:\\\/\\\/greatermiramichisc.ca\\\/\",\"logo\":{\"@type\":\"ImageObject\",\"inLanguage\":\"fr-FR\",\"@id\":\"https:\\\/\\\/greatermiramichisc.ca\\\/#\\\/schema\\\/logo\\\/image\\\/\",\"url\":\"https:\\\/\\\/greatermiramichisc.ca\\\/wp-content\\\/uploads\\\/2024\\\/12\\\/NAV-Logo.png\",\"contentUrl\":\"https:\\\/\\\/greatermiramichisc.ca\\\/wp-content\\\/uploads\\\/2024\\\/12\\\/NAV-Logo.png\",\"width\":1140,\"height\":345,\"caption\":\"Greater Miramichi Service Commission\"},\"image\":{\"@id\":\"https:\\\/\\\/greatermiramichisc.ca\\\/#\\\/schema\\\/logo\\\/image\\\/\"}}]}<\/script>\n<!-- \/ Yoast SEO plugin. -->","yoast_head_json":{"title":"Professionnels de sant\u00e9 form\u00e9s \u00e0 l'\u00e9tranger | Greater Miramichi Service Commission","description":"Want to learn more about the Greater Miramichi Service Commission? Visit our Professionnels de sant\u00e9 form\u00e9s \u00e0 l'\u00e9tranger page to learn more!","robots":{"index":"index","follow":"follow","max-snippet":"max-snippet:-1","max-image-preview":"max-image-preview:large","max-video-preview":"max-video-preview:-1"},"canonical":"https:\/\/greatermiramichisc.ca\/fr\/vivez-ici\/professionnels-de-sante-formes-a-letranger\/","og_locale":"fr_FR","og_type":"article","og_title":"Professionnels de sant\u00e9 form\u00e9s \u00e0 l'\u00e9tranger | Greater Miramichi Service Commission","og_description":"Want to learn more about the Greater Miramichi Service Commission? Visit our Professionnels de sant\u00e9 form\u00e9s \u00e0 l'\u00e9tranger page to learn more!","og_url":"https:\/\/greatermiramichisc.ca\/fr\/vivez-ici\/professionnels-de-sante-formes-a-letranger\/","og_site_name":"Greater Miramichi Service Commission","article_modified_time":"2025-10-08T12:33:46+00:00","og_image":[{"url":"https:\/\/greatermiramichisc.ca\/wp-content\/uploads\/2025\/07\/Abdelmalak-Fam-Miramichi-Sign-2560x1707-2.png","type":"","width":"","height":""}],"twitter_card":"summary_large_image","twitter_misc":{"Dur\u00e9e de lecture estim\u00e9e":"3 minutes"},"schema":{"@context":"https:\/\/schema.org","@graph":[{"@type":"WebPage","@id":"https:\/\/greatermiramichisc.ca\/fr\/vivez-ici\/professionnels-de-sante-formes-a-letranger\/","url":"https:\/\/greatermiramichisc.ca\/fr\/vivez-ici\/professionnels-de-sante-formes-a-letranger\/","name":"Professionnels de sant\u00e9 form\u00e9s \u00e0 l'\u00e9tranger | Greater Miramichi Service Commission","isPartOf":{"@id":"https:\/\/greatermiramichisc.ca\/#website"},"primaryImageOfPage":{"@id":"https:\/\/greatermiramichisc.ca\/fr\/vivez-ici\/professionnels-de-sante-formes-a-letranger\/#primaryimage"},"image":{"@id":"https:\/\/greatermiramichisc.ca\/fr\/vivez-ici\/professionnels-de-sante-formes-a-letranger\/#primaryimage"},"thumbnailUrl":"https:\/\/greatermiramichisc.ca\/wp-content\/uploads\/2025\/07\/Abdelmalak-Fam-Miramichi-Sign-2560x1707-2.png","datePublished":"2025-10-01T12:08:27+00:00","dateModified":"2025-10-08T12:33:46+00:00","description":"Want to learn more about the Greater Miramichi Service Commission? Visit our Professionnels de sant\u00e9 form\u00e9s \u00e0 l'\u00e9tranger page to learn more!","breadcrumb":{"@id":"https:\/\/greatermiramichisc.ca\/fr\/vivez-ici\/professionnels-de-sante-formes-a-letranger\/#breadcrumb"},"inLanguage":"fr-FR","potentialAction":[{"@type":"ReadAction","target":["https:\/\/greatermiramichisc.ca\/fr\/vivez-ici\/professionnels-de-sante-formes-a-letranger\/"]}]},{"@type":"ImageObject","inLanguage":"fr-FR","@id":"https:\/\/greatermiramichisc.ca\/fr\/vivez-ici\/professionnels-de-sante-formes-a-letranger\/#primaryimage","url":"https:\/\/greatermiramichisc.ca\/wp-content\/uploads\/2025\/07\/Abdelmalak-Fam-Miramichi-Sign-2560x1707-2.png","contentUrl":"https:\/\/greatermiramichisc.ca\/wp-content\/uploads\/2025\/07\/Abdelmalak-Fam-Miramichi-Sign-2560x1707-2.png"},{"@type":"BreadcrumbList","@id":"https:\/\/greatermiramichisc.ca\/fr\/vivez-ici\/professionnels-de-sante-formes-a-letranger\/#breadcrumb","itemListElement":[{"@type":"ListItem","position":1,"name":"Home","item":"https:\/\/greatermiramichisc.ca\/fr\/"},{"@type":"ListItem","position":2,"name":"Vivez ici","item":"https:\/\/greatermiramichisc.ca\/fr\/vivez-ici\/"},{"@type":"ListItem","position":3,"name":"Professionnels de sant\u00e9 form\u00e9s \u00e0 l&#8217;\u00e9tranger"}]},{"@type":"WebSite","@id":"https:\/\/greatermiramichisc.ca\/#website","url":"https:\/\/greatermiramichisc.ca\/","name":"Greater Miramichi Service Commission","description":"Welcome to the Miramichi region.","publisher":{"@id":"https:\/\/greatermiramichisc.ca\/#organization"},"alternateName":"GMSC","potentialAction":[{"@type":"SearchAction","target":{"@type":"EntryPoint","urlTemplate":"https:\/\/greatermiramichisc.ca\/?s={search_term_string}"},"query-input":{"@type":"PropertyValueSpecification","valueRequired":true,"valueName":"search_term_string"}}],"inLanguage":"fr-FR"},{"@type":"Organization","@id":"https:\/\/greatermiramichisc.ca\/#organization","name":"Greater Miramichi Service Commission","alternateName":"GMSC","url":"https:\/\/greatermiramichisc.ca\/","logo":{"@type":"ImageObject","inLanguage":"fr-FR","@id":"https:\/\/greatermiramichisc.ca\/#\/schema\/logo\/image\/","url":"https:\/\/greatermiramichisc.ca\/wp-content\/uploads\/2024\/12\/NAV-Logo.png","contentUrl":"https:\/\/greatermiramichisc.ca\/wp-content\/uploads\/2024\/12\/NAV-Logo.png","width":1140,"height":345,"caption":"Greater Miramichi Service Commission"},"image":{"@id":"https:\/\/greatermiramichisc.ca\/#\/schema\/logo\/image\/"}}]}},"_links":{"self":[{"href":"https:\/\/greatermiramichisc.ca\/fr\/wp-json\/wp\/v2\/pages\/5465","targetHints":{"allow":["GET"]}}],"collection":[{"href":"https:\/\/greatermiramichisc.ca\/fr\/wp-json\/wp\/v2\/pages"}],"about":[{"href":"https:\/\/greatermiramichisc.ca\/fr\/wp-json\/wp\/v2\/types\/page"}],"author":[{"embeddable":true,"href":"https:\/\/greatermiramichisc.ca\/fr\/wp-json\/wp\/v2\/users\/2"}],"replies":[{"embeddable":true,"href":"https:\/\/greatermiramichisc.ca\/fr\/wp-json\/wp\/v2\/comments?post=5465"}],"version-history":[{"count":6,"href":"https:\/\/greatermiramichisc.ca\/fr\/wp-json\/wp\/v2\/pages\/5465\/revisions"}],"predecessor-version":[{"id":5670,"href":"https:\/\/greatermiramichisc.ca\/fr\/wp-json\/wp\/v2\/pages\/5465\/revisions\/5670"}],"up":[{"embeddable":true,"href":"https:\/\/greatermiramichisc.ca\/fr\/wp-json\/wp\/v2\/pages\/3096"}],"wp:attachment":[{"href":"https:\/\/greatermiramichisc.ca\/fr\/wp-json\/wp\/v2\/media?parent=5465"}],"curies":[{"name":"wp","href":"https:\/\/api.w.org\/{rel}","templated":true}]}}