{"id":7761,"date":"2026-03-20T13:54:44","date_gmt":"2026-03-20T13:54:44","guid":{"rendered":"https:\/\/greatermiramichisc.ca\/?page_id=7761"},"modified":"2026-03-23T11:58:21","modified_gmt":"2026-03-23T11:58:21","slug":"securite-publique","status":"publish","type":"page","link":"https:\/\/greatermiramichisc.ca\/fr\/developpement-communautaire\/securite-publique\/","title":{"rendered":"S\u00e9curit\u00e9 publique"},"content":{"rendered":"\n<h2>\n\t\t<a href=\"https:\/\/greatermiramichisc.ca\/fr\/services-damenagement\/\" title=\"D\u00e9veloppement Communautaire:\"  target=\"_self\">\n\t\t\tD\u00e9veloppement Communautaire:\t\t<\/a>\n\t<\/h2>\n\t<nav aria-label=\"breadcrumbs\">\n            <div class=\"breadcrumb-container theme1\">\n                <ol>\n                                    <\/ol>\n            <\/div>\n        <\/nav>    <script type=\"application\/ld+json\">\n        {\n            \"@context\": \"http:\/\/schema.org\",\n            \"@type\": \"BreadcrumbList\",\n            \"itemListElement\": [\n                            ]\n        }\n    <\/script>\n   \n    <script>\n            <\/script>\n\n<h2>\n\t\t\tS\u00e9curit\u00e9 publique\t<\/h2>\n\t<p>La Commission de services du Grand Miramichi s&rsquo;est associ\u00e9e au <a href=\"https:\/\/ccfsc-cccs.ca\/fr\/\"><strong>Centre canadien pour des communaut\u00e9s<\/strong><\/a> plus s\u00fbres afin d&rsquo;\u00e9laborer un Plan de s\u00e9curit\u00e9 et de bien-\u00eatre communautaires (SBEC). Ce plan a pour objectif de rassembler les principaux acteurs et organismes de la communaut\u00e9 afin d&rsquo;identifier les pr\u00e9occupations et les d\u00e9fis li\u00e9s \u00e0 la s\u00e9curit\u00e9, puis de mettre en place des approches proactives pour y r\u00e9pondre.<\/p>\n<p>Le Plan SBEC du Grand Miramichi permettra de cerner les enjeux locaux en mati\u00e8re de s\u00e9curit\u00e9, d&rsquo;\u00e9tablir les priorit\u00e9s d&rsquo;action et de d\u00e9finir des strat\u00e9gies visant \u00e0 am\u00e9liorer la s\u00e9curit\u00e9 et le bien-\u00eatre de l&rsquo;ensemble de la communaut\u00e9.<\/p>\n\t\t\t\t\t<a role=\"heading\" aria-level=\"2\" tabindex=\"-1\"  id=\"fl-accordion--label-0\">Quel est l&rsquo;objectif d&rsquo;un Plan de s\u00e9curit\u00e9 et de bien-\u00eatre communautaires?<\/a>\n\t\t\t\t\t\t\t\t\t\t\t<button type=\"button\" id=\"fl-accordion--icon-0\" aria-expanded=\"false\" aria-controls=\"fl-accordion--panel-0\"><i>D\u00e9plier<\/i><\/button>\n\t\t\t\t\t<p>Le Plan de s\u00e9curit\u00e9 et de bien-\u00eatre communautaires du Grand Miramichi vise \u00e0 mobiliser les partenaires cl\u00e9s, les organisations locales ainsi que les r\u00e9sident\u00b7es afin de co-cr\u00e9er une vision commune et un plan d&rsquo;action pour r\u00e9pondre aux enjeux de s\u00e9curit\u00e9 auxquels la r\u00e9gion fait face. Le plan sera \u00e9labor\u00e9 au cours des 18 prochains mois gr\u00e2ce \u00e0 un processus collaboratif et \u00e0 un engagement communautaire soutenu. Une fois finalis\u00e9, il permettra de mieux comprendre et d&rsquo;aborder les facteurs de risque et de protection qui influencent la criminalit\u00e9, la vuln\u00e9rabilit\u00e9 et les situations de pr\u00e9judice dans la r\u00e9gion.<\/p>\n<p>Le Plan SBEC mettra en lumi\u00e8re des occasions pour les municipalit\u00e9s, les organismes locaux et la population de jouer un r\u00f4le de leadership dans l&rsquo;am\u00e9lioration de la s\u00e9curit\u00e9 et du bien-\u00eatre pour tous\u00b7tes. Il sera ax\u00e9 sur les solutions et adoptera une approche intentionnelle, \u00e9quilibr\u00e9e et concr\u00e8te de la s\u00e9curit\u00e9 et du bien-\u00eatre communautaires. Cela exige une mobilisation collective autour de multiples enjeux complexes, notamment l&rsquo;augmentation des d\u00e9fis sociaux, l&rsquo;insuffisance de logements et l&rsquo;itin\u00e9rance, la pauvret\u00e9, les in\u00e9galit\u00e9s, les d\u00e9pendances, les probl\u00e8mes de sant\u00e9 mentale et physique, l&rsquo;activit\u00e9 criminelle, la victimisation et d&rsquo;autres facteurs.<\/p>\n<p>Bien que les plans de s\u00e9curit\u00e9 et de bien-\u00eatre communautaires soient tourn\u00e9s vers l&rsquo;avenir et porteurs d&rsquo;ambitions, ils \u00e9tablissent \u00e9galement des objectifs concrets et visent \u00e0 remettre en question le statu quo pour d\u00e9passer les obstacles \u00e0 des solutions communautaires plus efficaces. Un \u00e9l\u00e9ment essentiel du plan sera la mesure des r\u00e9sultats et l&rsquo;ajustement des actions au besoin. Une communication continue avec le public \u00e0 propos des progr\u00e8s<\/p>\n<p>r\u00e9alis\u00e9s contribuera \u00e0 renforcer la confiance et \u00e0 recentrer l&rsquo;attention collective sur la pr\u00e9vention.<\/p>\n\t\t\t\t\t<a role=\"heading\" aria-level=\"2\" tabindex=\"-1\"  id=\"fl-accordion--label-1\">Quel est le r\u00f4le du Comit\u00e9 consultatif dans le soutien au Plan de s\u00e9curit\u00e9 et de bien-\u00eatre communautaires\u202f?<\/a>\n\t\t\t\t\t\t\t\t\t\t\t<button type=\"button\" id=\"fl-accordion--icon-1\" aria-expanded=\"false\" aria-controls=\"fl-accordion--panel-1\"><i>D\u00e9plier<\/i><\/button>\n\t\t\t\t\t<p>Le Comit\u00e9 consultatif a pour mission de soutenir l&rsquo;\u00e9quipe de projet tout au long des diff\u00e9rentes phases d&rsquo;\u00e9laboration du plan SBEC. Il est compos\u00e9 de membres issus d&rsquo;organisations partenaires cl\u00e9s et de groupes communautaires, repr\u00e9sentant un large \u00e9ventail de communaut\u00e9s de la r\u00e9gion. Cette diversit\u00e9 permet d&rsquo;apporter des points de vue vari\u00e9s, fond\u00e9s sur leur connaissance des principaux domaines du plan et enrichis par leurs exp\u00e9riences de vie et parcours d\u00e9mographiques. Le Comit\u00e9 constitue un moyen d&rsquo;engagement essentiel pour recueillir des contributions significatives de la communaut\u00e9 et guider l&rsquo;\u00e9laboration du plan.<\/p>\n<p><strong>Le r\u00f4le du Comit\u00e9 consultatif consiste \u00e0\u202f:<\/strong><\/p>\n<p>\u00b7 Apporter des perspectives essentielles de la communaut\u00e9 sur des domaines tels que la pr\u00e9vention et la r\u00e9duction de la criminalit\u00e9, la sant\u00e9 et le bien-\u00eatre communautaire, la s\u00e9curit\u00e9 publique et le maintien de l&rsquo;ordre, la vitalit\u00e9 et la prosp\u00e9rit\u00e9 communautaires, ainsi que les savoirs et pratiques autochtones\u202f;<\/p>\n<p>\u00b7 Fournir des contributions ax\u00e9es sur les solutions pour orienter les objectifs et les r\u00e9sultats souhait\u00e9s du plan SBEC, les approches et indicateurs fond\u00e9s sur les donn\u00e9es probantes, et guider la mise en \u0153uvre future\u202f;<\/p>\n<p>\u00b7 Partager des informations et des donn\u00e9es pertinentes, telles que des sondages, rapports et statistiques, afin d&rsquo;enrichir la base de connaissances du projet\u202f;<\/p>\n<p>\u00b7 Examiner et fournir des commentaires sur le plan de mobilisation propos\u00e9 pour l&rsquo;analyse des besoins, y compris les documents et activit\u00e9s associ\u00e9s\u202f;<\/p>\n<p>\u00b7 Participer \u00e0 certaines activit\u00e9s d&rsquo;engagement pour orienter le processus du plan SBEC\u202f;<\/p>\n<p>\u00b7 Aider \u00e0 identifier et \u00e0 mettre en relation l&rsquo;\u00e9quipe de projet avec des parties prenantes cl\u00e9s gr\u00e2ce \u00e0 leurs r\u00e9seaux personnels ou professionnels, selon les besoins\u202f;<\/p>\n<p>\u00b7 Contribuer \u00e0 informer la communaut\u00e9 sur le processus de planification du plan SBEC et encourager la participation d&rsquo;une diversit\u00e9 de membres de la communaut\u00e9.<\/p>\n\t\t\t\t\t<a role=\"heading\" aria-level=\"2\" tabindex=\"-1\"  id=\"fl-accordion--label-2\">Comment le Plan de s\u00e9curit\u00e9 et de bien-\u00eatre communautaires sera-t-il \u00e9labor\u00e9?<\/a>\n\t\t\t\t\t\t\t\t\t\t\t<button type=\"button\" id=\"fl-accordion--icon-2\" aria-expanded=\"false\" aria-controls=\"fl-accordion--panel-2\"><i>D\u00e9plier<\/i><\/button>\n\t\t\t\t\t<p>L&rsquo;\u00e9laboration du plan SBEC du Grand Miramichi suivra une approche compl\u00e8te et structur\u00e9e, comprenant les phases et activit\u00e9s suivantes au cours de la prochaine ann\u00e9e :<\/p>\n<p>\u00b7 Phase 1 : Pr\u00e9paration et examen des travaux existants (d\u00e9cembre 2025 &#8211; f\u00e9vrier 2026)<\/p>\n<p>\u00b7 Phase 2 : Analyse des besoins &#8211; Donn\u00e9es quantitatives (mars &#8211; juillet 2026)<\/p>\n<p>\u00b7 Phase 3 : Analyse des besoins &#8211; Engagement communautaire (ao\u00fbt 2026 &#8211; janvier 2027)<\/p>\n<p>\u00b7 Phase 4 : \u00c9laboration du plan SBEC et production du rapport (f\u00e9vrier &#8211; mai 2027)<\/p>\n\t\t\t\t\t<a role=\"heading\" aria-level=\"2\" tabindex=\"-1\"  id=\"fl-accordion--label-3\">Quel est le r\u00f4le du Centre canadien pour des collectivit\u00e9s plus s\u00fbres (CCCS)?<\/a>\n\t\t\t\t\t\t\t\t\t\t\t<button type=\"button\" id=\"fl-accordion--icon-3\" aria-expanded=\"false\" aria-controls=\"fl-accordion--panel-3\"><i>D\u00e9plier<\/i><\/button>\n\t\t\t\t\t<p>Le CCCS est un organisme \u00e0 but non lucratif repr\u00e9sentant plus de 120 communaut\u00e9s et pr\u00e8s de 50 % de la population canadienne. Il rassemble des communaut\u00e9s urbaines, rurales et autochtones pour promouvoir la s\u00e9curit\u00e9 et le bien-\u00eatre communautaires gr\u00e2ce \u00e0 la formation, \u00e0 la recherche et au partage de connaissances.<\/p>\n<p>Dans le cadre de ce projet, le CCCS agit comme consultant et facilite les activit\u00e9s de planification en collaboration avec la communaut\u00e9 du Grand Miramichi. Cela comprend la tenue des r\u00e9unions du comit\u00e9 consultatif, le soutien \u00e0 la collecte et \u00e0 l&rsquo;analyse des donn\u00e9es, l&rsquo;identification des th\u00e8mes prioritaires, des actions et des recommandations, ainsi que la r\u00e9daction du plan. Fort de son exp\u00e9rience et de son expertise en mati\u00e8re de s\u00e9curit\u00e9 communautaire, le CCCS adaptera ses approches aux besoins et aux r\u00e9alit\u00e9s propres au Grand Miramichi, guid\u00e9 par les contributions de la communaut\u00e9.<\/p>\n<p>Le CCCS apporte \u00e9galement une perspective nationale, lui permettant de partager des connaissances et des le\u00e7ons tir\u00e9es de son travail de planification dans diverses municipalit\u00e9s partout au pays.<\/p>\n\t\t\t\t\t<a role=\"heading\" aria-level=\"2\" tabindex=\"-1\"  id=\"fl-accordion--label-4\">Que sont les causes profondes et les facteurs de risque?<\/a>\n\t\t\t\t\t\t\t\t\t\t\t<button type=\"button\" id=\"fl-accordion--icon-4\" aria-expanded=\"false\" aria-controls=\"fl-accordion--panel-4\"><i>D\u00e9plier<\/i><\/button>\n\t\t\t\t\t<p>La plupart des plans de s\u00e9curit\u00e9 et de bien-\u00eatre communautaires visent \u00e0 s&rsquo;attaquer aux causes profondes et aux facteurs de risque afin de pr\u00e9venir les pr\u00e9judices avant qu&rsquo;ils ne surviennent.<\/p>\n<p>Les causes profondes d\u00e9signent les conditions familiales, communautaires ou soci\u00e9tales qui peuvent rendre certaines personnes plus vuln\u00e9rables. Elles incluent, par exemple, la pauvret\u00e9, le manque d&rsquo;acc\u00e8s \u00e0 l&rsquo;\u00e9ducation ou le ch\u00f4mage.<\/p>\n<p>Les facteurs de risque sont des influences n\u00e9gatives dans la vie d&rsquo;une personne ou d&rsquo;une communaut\u00e9 qui peuvent accro\u00eetre la probabilit\u00e9 de pr\u00e9judices, de victimisation ou de sentiment d&rsquo;ins\u00e9curit\u00e9. Ils peuvent appara\u00eetre \u00e0 diff\u00e9rents niveaux : individuel, familial ou social (amis\/pairs), communautaire, scolaire ou organisationnel, et soci\u00e9tal.<\/p>\n\t\t\t\t\t<a role=\"heading\" aria-level=\"2\" tabindex=\"-1\"  id=\"fl-accordion--label-5\">Qu&rsquo;est-ce que la communaut\u00e9 peut s&rsquo;attendre \u00e0 voir \u00e9merger d&rsquo;un Plan de s\u00e9curit\u00e9 et de bien-\u00eatre communautaires?<\/a>\n\t\t\t\t\t\t\t\t\t\t\t<button type=\"button\" id=\"fl-accordion--icon-5\" aria-expanded=\"false\" aria-controls=\"fl-accordion--panel-5\"><i>D\u00e9plier<\/i><\/button>\n\t\t\t\t\t<p>Id\u00e9alement, la communaut\u00e9 peut s&rsquo;attendre aux retomb\u00e9es suivantes :<\/p>\n<p>\u00b7 S\u00e9curit\u00e9 accrue : En s&rsquo;attaquant aux causes profondes des enjeux de s\u00e9curit\u00e9, le plan SBEC contribuera \u00e0 pr\u00e9venir les probl\u00e8mes avant qu&rsquo;ils ne surviennent ou ne s&rsquo;aggravent, cr\u00e9ant ainsi un milieu plus s\u00e9curitaire pour l&rsquo;ensemble de la population.<\/p>\n<p>\u00b7 Collaboration renforc\u00e9e : Le plan SBEC encouragera une collaboration plus \u00e9troite entre diff\u00e9rents secteurs. En unissant leurs ressources, leurs expertises et leurs donn\u00e9es, ces partenaires pourront offrir une r\u00e9ponse plus coh\u00e9rente, coordonn\u00e9e et efficace aux enjeux de s\u00e9curit\u00e9 et de bien-\u00eatre.<\/p>\n<p>\u00b7 D\u00e9cisions \u00e9clair\u00e9es par les donn\u00e9es : Le plan SBEC reposera sur des donn\u00e9es fiables et sur des approches fond\u00e9es sur des donn\u00e9es probantes pour cerner les priorit\u00e9s et orienter l&rsquo;allocation des ressources. Cela permettra de concentrer les efforts l\u00e0 o\u00f9 ils auront le plus d&rsquo;impact.<\/p>\n<p>\u00b7 Engagement et autonomisation de la communaut\u00e9 : Le plan favorisera la participation active des r\u00e9sident\u00b7es et leur donnera une voix dans l&rsquo;identification des priorit\u00e9s et des solutions. Cette approche contribuera \u00e0 cr\u00e9er des interventions plus inclusives, adapt\u00e9es et durables.<\/p>\n<p>\u00b7 Diminution de la pression sur les services : En abordant les probl\u00e8mes en amont et en am\u00e9liorant la coordination entre les services, le plan SBEC aidera \u00e0 r\u00e9duire la charge sur les services d&rsquo;urgence, les h\u00f4pitaux et les autres syst\u00e8mes de soutien.<\/p>\n<p>\u00b7 Soutien durable \u00e0 long terme : Le plan SBEC offrira un cadre permettant le suivi continu, l&rsquo;\u00e9valuation et l&rsquo;ajustement des actions. Cela assurera que la s\u00e9curit\u00e9 et le bien-\u00eatre demeurent au c\u0153ur des priorit\u00e9s communautaires et s&rsquo;am\u00e9liorent de fa\u00e7on durable au fil du temps.<\/p>\n\n","protected":false},"excerpt":{"rendered":"<p>D\u00e9veloppement Communautaire: S\u00e9curit\u00e9 publique La Commission de services du Grand Miramichi s&rsquo;est associ\u00e9e au Centre canadien pour des communaut\u00e9s plus s\u00fbres afin d&rsquo;\u00e9laborer un Plan de s\u00e9curit\u00e9 et de bien-\u00eatre&hellip;<\/p>\n","protected":false},"author":1,"featured_media":0,"parent":3034,"menu_order":0,"comment_status":"closed","ping_status":"closed","template":"","meta":{"_acf_changed":false,"footnotes":""},"class_list":["post-7761","page","type-page","status-publish","hentry"],"acf":[],"yoast_head":"<!-- This site is optimized with the Yoast SEO plugin v27.5 - https:\/\/yoast.com\/product\/yoast-seo-wordpress\/ -->\n<title>S\u00e9curit\u00e9 publique | Greater Miramichi Service Commission<\/title>\n<meta name=\"description\" content=\"Want to learn more about the Greater Miramichi Service Commission? Visit our S\u00e9curit\u00e9 publique page to learn more!\" \/>\n<meta name=\"robots\" content=\"index, follow, max-snippet:-1, max-image-preview:large, max-video-preview:-1\" \/>\n<link rel=\"canonical\" href=\"https:\/\/greatermiramichisc.ca\/fr\/developpement-communautaire\/securite-publique\/\" \/>\n<meta property=\"og:locale\" content=\"fr_FR\" \/>\n<meta property=\"og:type\" content=\"article\" \/>\n<meta property=\"og:title\" content=\"S\u00e9curit\u00e9 publique | Greater Miramichi Service Commission\" \/>\n<meta property=\"og:description\" content=\"Want to learn more about the Greater Miramichi Service Commission? Visit our S\u00e9curit\u00e9 publique page to learn more!\" \/>\n<meta property=\"og:url\" content=\"https:\/\/greatermiramichisc.ca\/fr\/developpement-communautaire\/securite-publique\/\" \/>\n<meta property=\"og:site_name\" content=\"Greater Miramichi Service Commission\" \/>\n<meta property=\"article:modified_time\" content=\"2026-03-23T11:58:21+00:00\" \/>\n<meta property=\"og:image\" content=\"https:\/\/greatermiramichisc.ca\/wp-content\/uploads\/2025\/04\/RegionalStrategyVid.png\" \/>\n\t<meta property=\"og:image:width\" content=\"1020\" \/>\n\t<meta property=\"og:image:height\" content=\"574\" \/>\n\t<meta property=\"og:image:type\" content=\"image\/png\" \/>\n<meta name=\"twitter:card\" content=\"summary_large_image\" \/>\n<meta name=\"twitter:label1\" content=\"Dur\u00e9e de lecture estim\u00e9e\" \/>\n\t<meta name=\"twitter:data1\" content=\"8 minutes\" \/>\n<script type=\"application\/ld+json\" class=\"yoast-schema-graph\">{\"@context\":\"https:\\\/\\\/schema.org\",\"@graph\":[{\"@type\":\"WebPage\",\"@id\":\"https:\\\/\\\/greatermiramichisc.ca\\\/fr\\\/developpement-communautaire\\\/securite-publique\\\/\",\"url\":\"https:\\\/\\\/greatermiramichisc.ca\\\/fr\\\/developpement-communautaire\\\/securite-publique\\\/\",\"name\":\"S\u00e9curit\u00e9 publique | Greater Miramichi Service Commission\",\"isPartOf\":{\"@id\":\"https:\\\/\\\/greatermiramichisc.ca\\\/#website\"},\"datePublished\":\"2026-03-20T13:54:44+00:00\",\"dateModified\":\"2026-03-23T11:58:21+00:00\",\"description\":\"Want to learn more about the Greater Miramichi Service Commission? Visit our S\u00e9curit\u00e9 publique page to learn more!\",\"breadcrumb\":{\"@id\":\"https:\\\/\\\/greatermiramichisc.ca\\\/fr\\\/developpement-communautaire\\\/securite-publique\\\/#breadcrumb\"},\"inLanguage\":\"fr-FR\",\"potentialAction\":[{\"@type\":\"ReadAction\",\"target\":[\"https:\\\/\\\/greatermiramichisc.ca\\\/fr\\\/developpement-communautaire\\\/securite-publique\\\/\"]}]},{\"@type\":\"BreadcrumbList\",\"@id\":\"https:\\\/\\\/greatermiramichisc.ca\\\/fr\\\/developpement-communautaire\\\/securite-publique\\\/#breadcrumb\",\"itemListElement\":[{\"@type\":\"ListItem\",\"position\":1,\"name\":\"Home\",\"item\":\"https:\\\/\\\/greatermiramichisc.ca\\\/fr\\\/\"},{\"@type\":\"ListItem\",\"position\":2,\"name\":\"D\u00e9veloppement Communautaire\",\"item\":\"https:\\\/\\\/greatermiramichisc.ca\\\/fr\\\/developpement-communautaire\\\/\"},{\"@type\":\"ListItem\",\"position\":3,\"name\":\"S\u00e9curit\u00e9 publique\"}]},{\"@type\":\"WebSite\",\"@id\":\"https:\\\/\\\/greatermiramichisc.ca\\\/#website\",\"url\":\"https:\\\/\\\/greatermiramichisc.ca\\\/\",\"name\":\"Greater Miramichi Service Commission\",\"description\":\"Welcome to the Miramichi region.\",\"publisher\":{\"@id\":\"https:\\\/\\\/greatermiramichisc.ca\\\/#organization\"},\"alternateName\":\"GMSC\",\"potentialAction\":[{\"@type\":\"SearchAction\",\"target\":{\"@type\":\"EntryPoint\",\"urlTemplate\":\"https:\\\/\\\/greatermiramichisc.ca\\\/?s={search_term_string}\"},\"query-input\":{\"@type\":\"PropertyValueSpecification\",\"valueRequired\":true,\"valueName\":\"search_term_string\"}}],\"inLanguage\":\"fr-FR\"},{\"@type\":\"Organization\",\"@id\":\"https:\\\/\\\/greatermiramichisc.ca\\\/#organization\",\"name\":\"Greater Miramichi Service Commission\",\"alternateName\":\"GMSC\",\"url\":\"https:\\\/\\\/greatermiramichisc.ca\\\/\",\"logo\":{\"@type\":\"ImageObject\",\"inLanguage\":\"fr-FR\",\"@id\":\"https:\\\/\\\/greatermiramichisc.ca\\\/#\\\/schema\\\/logo\\\/image\\\/\",\"url\":\"https:\\\/\\\/greatermiramichisc.ca\\\/wp-content\\\/uploads\\\/2024\\\/12\\\/NAV-Logo.png\",\"contentUrl\":\"https:\\\/\\\/greatermiramichisc.ca\\\/wp-content\\\/uploads\\\/2024\\\/12\\\/NAV-Logo.png\",\"width\":1140,\"height\":345,\"caption\":\"Greater Miramichi Service Commission\"},\"image\":{\"@id\":\"https:\\\/\\\/greatermiramichisc.ca\\\/#\\\/schema\\\/logo\\\/image\\\/\"}}]}<\/script>\n<!-- \/ Yoast SEO plugin. -->","yoast_head_json":{"title":"S\u00e9curit\u00e9 publique | Greater Miramichi Service Commission","description":"Want to learn more about the Greater Miramichi Service Commission? Visit our S\u00e9curit\u00e9 publique page to learn more!","robots":{"index":"index","follow":"follow","max-snippet":"max-snippet:-1","max-image-preview":"max-image-preview:large","max-video-preview":"max-video-preview:-1"},"canonical":"https:\/\/greatermiramichisc.ca\/fr\/developpement-communautaire\/securite-publique\/","og_locale":"fr_FR","og_type":"article","og_title":"S\u00e9curit\u00e9 publique | Greater Miramichi Service Commission","og_description":"Want to learn more about the Greater Miramichi Service Commission? Visit our S\u00e9curit\u00e9 publique page to learn more!","og_url":"https:\/\/greatermiramichisc.ca\/fr\/developpement-communautaire\/securite-publique\/","og_site_name":"Greater Miramichi Service Commission","article_modified_time":"2026-03-23T11:58:21+00:00","og_image":[{"width":1020,"height":574,"url":"https:\/\/greatermiramichisc.ca\/wp-content\/uploads\/2025\/04\/RegionalStrategyVid.png","type":"image\/png"}],"twitter_card":"summary_large_image","twitter_misc":{"Dur\u00e9e de lecture estim\u00e9e":"8 minutes"},"schema":{"@context":"https:\/\/schema.org","@graph":[{"@type":"WebPage","@id":"https:\/\/greatermiramichisc.ca\/fr\/developpement-communautaire\/securite-publique\/","url":"https:\/\/greatermiramichisc.ca\/fr\/developpement-communautaire\/securite-publique\/","name":"S\u00e9curit\u00e9 publique | Greater Miramichi Service Commission","isPartOf":{"@id":"https:\/\/greatermiramichisc.ca\/#website"},"datePublished":"2026-03-20T13:54:44+00:00","dateModified":"2026-03-23T11:58:21+00:00","description":"Want to learn more about the Greater Miramichi Service Commission? Visit our S\u00e9curit\u00e9 publique page to learn more!","breadcrumb":{"@id":"https:\/\/greatermiramichisc.ca\/fr\/developpement-communautaire\/securite-publique\/#breadcrumb"},"inLanguage":"fr-FR","potentialAction":[{"@type":"ReadAction","target":["https:\/\/greatermiramichisc.ca\/fr\/developpement-communautaire\/securite-publique\/"]}]},{"@type":"BreadcrumbList","@id":"https:\/\/greatermiramichisc.ca\/fr\/developpement-communautaire\/securite-publique\/#breadcrumb","itemListElement":[{"@type":"ListItem","position":1,"name":"Home","item":"https:\/\/greatermiramichisc.ca\/fr\/"},{"@type":"ListItem","position":2,"name":"D\u00e9veloppement Communautaire","item":"https:\/\/greatermiramichisc.ca\/fr\/developpement-communautaire\/"},{"@type":"ListItem","position":3,"name":"S\u00e9curit\u00e9 publique"}]},{"@type":"WebSite","@id":"https:\/\/greatermiramichisc.ca\/#website","url":"https:\/\/greatermiramichisc.ca\/","name":"Greater Miramichi Service Commission","description":"Welcome to the Miramichi region.","publisher":{"@id":"https:\/\/greatermiramichisc.ca\/#organization"},"alternateName":"GMSC","potentialAction":[{"@type":"SearchAction","target":{"@type":"EntryPoint","urlTemplate":"https:\/\/greatermiramichisc.ca\/?s={search_term_string}"},"query-input":{"@type":"PropertyValueSpecification","valueRequired":true,"valueName":"search_term_string"}}],"inLanguage":"fr-FR"},{"@type":"Organization","@id":"https:\/\/greatermiramichisc.ca\/#organization","name":"Greater Miramichi Service Commission","alternateName":"GMSC","url":"https:\/\/greatermiramichisc.ca\/","logo":{"@type":"ImageObject","inLanguage":"fr-FR","@id":"https:\/\/greatermiramichisc.ca\/#\/schema\/logo\/image\/","url":"https:\/\/greatermiramichisc.ca\/wp-content\/uploads\/2024\/12\/NAV-Logo.png","contentUrl":"https:\/\/greatermiramichisc.ca\/wp-content\/uploads\/2024\/12\/NAV-Logo.png","width":1140,"height":345,"caption":"Greater Miramichi Service Commission"},"image":{"@id":"https:\/\/greatermiramichisc.ca\/#\/schema\/logo\/image\/"}}]}},"_links":{"self":[{"href":"https:\/\/greatermiramichisc.ca\/fr\/wp-json\/wp\/v2\/pages\/7761","targetHints":{"allow":["GET"]}}],"collection":[{"href":"https:\/\/greatermiramichisc.ca\/fr\/wp-json\/wp\/v2\/pages"}],"about":[{"href":"https:\/\/greatermiramichisc.ca\/fr\/wp-json\/wp\/v2\/types\/page"}],"author":[{"embeddable":true,"href":"https:\/\/greatermiramichisc.ca\/fr\/wp-json\/wp\/v2\/users\/1"}],"replies":[{"embeddable":true,"href":"https:\/\/greatermiramichisc.ca\/fr\/wp-json\/wp\/v2\/comments?post=7761"}],"version-history":[{"count":3,"href":"https:\/\/greatermiramichisc.ca\/fr\/wp-json\/wp\/v2\/pages\/7761\/revisions"}],"predecessor-version":[{"id":7771,"href":"https:\/\/greatermiramichisc.ca\/fr\/wp-json\/wp\/v2\/pages\/7761\/revisions\/7771"}],"up":[{"embeddable":true,"href":"https:\/\/greatermiramichisc.ca\/fr\/wp-json\/wp\/v2\/pages\/3034"}],"wp:attachment":[{"href":"https:\/\/greatermiramichisc.ca\/fr\/wp-json\/wp\/v2\/media?parent=7761"}],"curies":[{"name":"wp","href":"https:\/\/api.w.org\/{rel}","templated":true}]}}